{"id":6,"date":"2012-02-02T16:43:27","date_gmt":"2012-02-02T16:43:27","guid":{"rendered":"http:\/\/semmelweis-egyetem.hu\/idegsebeszet\/?page_id=6"},"modified":"2025-11-26T15:14:23","modified_gmt":"2025-11-26T14:14:23","slug":"a-tanszek-tortenete","status":"publish","type":"page","link":"https:\/\/semmelweis.hu\/idegsebeszet\/a-tanszek-tortenete\/","title":{"rendered":"A Tansz\u00e9k tev\u00e9kenys\u00e9ge \u00e9s t\u00f6rt\u00e9nete"},"content":{"rendered":"<p style=\"text-align: justify\"><a href=\"https:\/\/semmelweis.hu\/idegsebeszet\/files\/2020\/09\/epulet2.jpg\"><img loading=\"lazy\" decoding=\"async\" class=\"alignnone size-large wp-image-610\" src=\"https:\/\/semmelweis.hu\/idegsebeszet\/files\/2020\/09\/epulet2-1024x336.jpg\" alt=\"\" width=\"753\" height=\"247\" srcset=\"https:\/\/semmelweis.hu\/idegsebeszet\/files\/2020\/09\/epulet2-1024x336.jpg 1024w, https:\/\/semmelweis.hu\/idegsebeszet\/files\/2020\/09\/epulet2-300x98.jpg 300w, https:\/\/semmelweis.hu\/idegsebeszet\/files\/2020\/09\/epulet2-768x252.jpg 768w, https:\/\/semmelweis.hu\/idegsebeszet\/files\/2020\/09\/epulet2-580x190.jpg 580w, https:\/\/semmelweis.hu\/idegsebeszet\/files\/2020\/09\/epulet2.jpg 1280w\" sizes=\"auto, (max-width: 753px) 100vw, 753px\" \/><\/a><\/p>\n<p style=\"text-align: justify\">A Semmelweis Egyetem Idegseb\u00e9szeti Tansz\u00e9k\u00e9nek els\u0151dleges feladata az egyetemi gradu\u00e1lis, a posztgradu\u00e1lis \u00e9s a PhD k\u00e9pz\u00e9s szervez\u00e9se, amely mag\u00e1ban foglalja az egyetemi hallgat\u00f3k tudom\u00e1nyos di\u00e1kk\u00f6ri munk\u00e1j\u00e1nak koordin\u00e1l\u00e1s\u00e1t, a szakorvosk\u00e9pz\u00e9st \u00e9s orvostov\u00e1bbk\u00e9pz\u00e9st.<\/p>\n<p style=\"text-align: justify\">Tansz\u00e9k\u00fcnk feladatai k\u00f6z\u00f6tt az oktat\u00e1s, a tudom\u00e1nyos c\u00e9l\u00fa kutat\u00e1s, a tudom\u00e1nyszervez\u00e9s \u00e9s a betegell\u00e1t\u00e1s egym\u00e1sba kapcsol\u00f3d\u00f3, egys\u00e9get k\u00e9pez\u0151 tev\u00e9kenys\u00e9g. C\u00e9lunk a h\u00e1rom feladatk\u00f6r egyidej\u0171, sikeres megold\u00e1sa, \u00f6sszehangol\u00e1sa, tov\u00e1bb\u00e1 az Idegseb\u00e9szeti Tansz\u00e9k hat\u00e1rokon t\u00falny\u00fal\u00f3 region\u00e1lis oktat\u00f3-kutat\u00f3 centrum szerep\u00e9nek kialak\u00edt\u00e1sa \u00e9s folyamatos fejleszt\u00e9se. Ezen t\u00falmen\u0151en fontos az orsz\u00e1gos int\u00e9zet b\u00e1zis\u00e1n t\u00f6rt\u00e9n\u0151 hagyom\u00e1nyosan magas szint\u0171 betegell\u00e1t\u00f3 tev\u00e9kenys\u00e9g fenntart\u00e1sa \u00e9s fejleszt\u00e9se.<\/p>\n<p style=\"text-align: justify\">A tansz\u00e9k az 1953-ban Zolt\u00e1n L\u00e1szl\u00f3 vezet\u00e9s\u00e9vel megalakult <a href=\"https:\/\/semmelweis.hu\/amerikaiut\/\" target=\"_blank\" rel=\"noopener noreferrer\">Orsz\u00e1gos Idegseb\u00e9szeti Tudom\u00e1nyos Int\u00e9zetben<\/a> 1977-ben l\u00e9tes\u00fclt. Els\u0151 professzora 1977-t\u0151l 1994-ig P\u00e1sztor Emil egyetemi tan\u00e1r volt. A Tansz\u00e9ket ezt k\u00f6vet\u0151en Ny\u00e1ry Istv\u00e1n professzor vezette. 2012-t\u0151l a Semmelweis Egyetem Idegseb\u00e9szeti Tansz\u00e9k\u00e9nek vezet\u0151je <a href=\"https:\/\/gerincsebesz.hu\/\" target=\"_blank\" rel=\"noopener noreferrer\">Banczerowski P\u00e9ter <\/a>professzor.<\/p>\n","protected":false},"excerpt":{"rendered":"<p>A Semmelweis Egyetem Idegseb\u00e9szeti Tansz\u00e9k\u00e9nek els\u0151dleges feladata az egyetemi gradu\u00e1lis, a posztgradu\u00e1lis \u00e9s a PhD k\u00e9pz\u00e9s szervez\u00e9se, amely mag\u00e1ban foglalja az egyetemi hallgat\u00f3k tudom\u00e1nyos di\u00e1kk\u00f6ri munk\u00e1j\u00e1nak koordin\u00e1l\u00e1s\u00e1t, a szakorvosk\u00e9pz\u00e9st \u00e9s orvostov\u00e1bbk\u00e9pz\u00e9st. A Tansz\u00e9k feladatai k\u00f6z\u00f6tt az oktat\u00e1s, a tudom\u00e1nyos c\u00e9l\u00fa kutat\u00e1s, a tudom\u00e1nyszervez\u00e9s \u00e9s a betegell\u00e1t\u00e1s egym\u00e1sba kapcsol\u00f3d\u00f3, egys\u00e9get k\u00e9pez\u0151 tev\u00e9kenys\u00e9g<\/p>\n","protected":false},"author":102,"featured_media":609,"parent":0,"menu_order":0,"comment_status":"closed","ping_status":"closed","template":"","meta":{"_acf_changed":false,"footnotes":""},"categories":[],"tags":[],"class_list":["post-6","page","type-page","status-publish","has-post-thumbnail","hentry"],"acf":[],"_links":{"self":[{"href":"https:\/\/semmelweis.hu\/idegsebeszet\/wp-json\/wp\/v2\/pages\/6","targetHints":{"allow":["GET"]}}],"collection":[{"href":"https:\/\/semmelweis.hu\/idegsebeszet\/wp-json\/wp\/v2\/pages"}],"about":[{"href":"https:\/\/semmelweis.hu\/idegsebeszet\/wp-json\/wp\/v2\/types\/page"}],"author":[{"embeddable":true,"href":"https:\/\/semmelweis.hu\/idegsebeszet\/wp-json\/wp\/v2\/users\/102"}],"replies":[{"embeddable":true,"href":"https:\/\/semmelweis.hu\/idegsebeszet\/wp-json\/wp\/v2\/comments?post=6"}],"version-history":[{"count":10,"href":"https:\/\/semmelweis.hu\/idegsebeszet\/wp-json\/wp\/v2\/pages\/6\/revisions"}],"predecessor-version":[{"id":891,"href":"https:\/\/semmelweis.hu\/idegsebeszet\/wp-json\/wp\/v2\/pages\/6\/revisions\/891"}],"wp:featuredmedia":[{"embeddable":true,"href":"https:\/\/semmelweis.hu\/idegsebeszet\/wp-json\/wp\/v2\/media\/609"}],"wp:attachment":[{"href":"https:\/\/semmelweis.hu\/idegsebeszet\/wp-json\/wp\/v2\/media?parent=6"}],"wp:term":[{"taxonomy":"category","embeddable":true,"href":"https:\/\/semmelweis.hu\/idegsebeszet\/wp-json\/wp\/v2\/categories?post=6"},{"taxonomy":"post_tag","embeddable":true,"href":"https:\/\/semmelweis.hu\/idegsebeszet\/wp-json\/wp\/v2\/tags?post=6"}],"curies":[{"name":"wp","href":"https:\/\/api.w.org\/{rel}","templated":true}]}}