{"id":52,"date":"2013-02-25T11:26:39","date_gmt":"2013-02-25T10:26:39","guid":{"rendered":"http:\/\/semmelweis-egyetem.hu\/idegsebeszet\/?page_id=52"},"modified":"2024-01-26T08:15:27","modified_gmt":"2024-01-26T07:15:27","slug":"szakdolgozat-temak","status":"publish","type":"page","link":"https:\/\/semmelweis.hu\/idegsebeszet\/oktatas\/szakdolgozat-temak\/","title":{"rendered":"Szakdolgozat t\u00e9m\u00e1k"},"content":{"rendered":"<p><strong>Tansz\u00e9k\u00fcnk\u00f6n az idegseb\u00e9szet k\u00f6zel teljes spektrum\u00e1ban lehet\u0151s\u00e9g van szakdolgozat \u00edr\u00e1s\u00e1ra \u00e9rdekl\u0151d\u00e9s, szem\u00e9lyes preferencia alapj\u00e1n, vagy a ki\u00edrt TDK t\u00e9m\u00e1k felhaszn\u00e1l\u00e1s\u00e1val.<\/strong><\/p>\n<p><strong>Az elm\u00falt tan\u00e9vekben az al\u00e1bbi szakdolgozati t\u00e9m\u00e1kra jelentkeztek:<\/strong><\/p>\n<p><strong>2022\/2023 tan\u00e9v:\u00a0<\/strong><\/p>\n<ol>\n<li>\n<p>M\u00e9lyagyi stimul\u00e1ci\u00f3 traktogr\u00e1fia alap\u00fa c\u00e9lz\u00e1ssal Esszenci\u00e1lis tremor ter\u00e1pi\u00e1j\u00e1ban<br \/>\n<span style=\"font-size: 1rem\">Konzulens: Prof. Dr. Banczerowski P\u00e9ter, Dr. Hal\u00e1sz L\u00e1szl\u00f3<\/span><\/p>\n<\/li>\n<li>\n<p>Die Relevanz der auf Aminos\u00e4uren basierten Positron- Emissions-Tomographie in der Diagnostik und der weiterf\u00fchrenden Therapie beim intrakraniellen Glioblastom<br \/>\n<span style=\"font-size: 1rem\">Konzulens: Dr. Nagy D\u00e1vid Gerg\u0151<\/span><\/p>\n<\/li>\n<\/ol>\n<p><strong>2021\/2022 tan\u00e9v:\u00a0<\/strong><\/p>\n<ol>\n<li>Sikeres thrombectomia klinikai eredm\u00e9ny\u00e9nek prediktorai &#8211; az automatiz\u00e1lt k\u00e9palkot\u00f3 vizsg\u00e1lat ki\u00e9rt\u00e9kel\u00e9s\u00e9nek lehets\u00e9ges szerepe<br \/>\nKonzulens: Dr. Kiss Bal\u00e1zs, Dr. Szikora Istv\u00e1n<\/li>\n<li>Nagy\u00e9r-occlusio okozta akut ishaemias stroke endovascularis \u00e9s kombin\u00e1lt ell\u00e1t\u00e1s\u00e1nak \u00f6sszehasonl\u00edt\u00e1sa a klinikai kimenetellel v\u00e9rz\u00e9ses sz\u00f6v\u0151dm\u00e9nyek \u00e9s k\u00f3rh\u00e1zi tart\u00f3zkod\u00e1s szempontjai alapj\u00e1n<br \/>\nKonzulens: Dr. Kiss Bal\u00e1zs, Dr. Szikora Istv\u00e1n<\/li>\n<\/ol>\n<p><strong>2020\/2021 tan\u00e9v:<\/strong><\/p>\n<ol>\n<li>Feln\u0151ttkori spondylodiscitis \u00e9s sz\u00f6v\u0151dm\u00e9nyes form\u00e1inak klinikai vizsg\u00e1lata<br \/>\nKonzulens: Prof. Dr. Banczerowski P\u00e9ter, Dr. Benk\u0151 Zsolt\u00a0<\/li>\n<li>Gerincf\u00e1jdalommal \u00e9l\u0151 betegek \u00e9letmin\u0151s\u00e9g\u00e9t felm\u00e9r\u0151 hagyom\u00e1nyos tesztek \u00e9s a PROMIS-29 korrel\u00e1ci\u00f3j\u00e1nak meghat\u00e1roz\u00e1sa, a PROMIs-29 vizsg\u00e1lata\u00a0<br \/>\nKonzulens: Prof. Dr. Banczerowski P\u00e9ter, Dr. Nagy Zolt\u00e1n<\/li>\n<li>Epilepszi\u00e1t okoz\u00f3 cavernomak multimodalis kezel\u00e9se<br \/>\nKonzulens: Dr. Nagy G\u00e1bor, Dr. Er\u0151ss Lor\u00e1nd<\/li>\n<li>Der Eintluss der modernen bildgebenden Verfahren auf das strategische denken in der Neurochirurgie<br \/>\nKonzulens: Prof. Dr. Ny\u00e1ry Istv\u00e1n\u00a0<\/li>\n<li>The role of diffusion tensor imaging and fiber tractography in deep brain stimulation surgery<br \/>\nKonzulens: Dr. Er\u0151ss Lor\u00e1nd<\/li>\n<\/ol>\n<p><strong>2019\/2020 tan\u00e9v:\u00a0<\/strong><\/p>\n<ol>\n<li>Feln\u0151ttkori szupratentori\u00e1lis primer agytumorok okozta szimpt\u00f3m\u00e1s epilepszia valpro\u00e1t kezel\u00e9s\u00e9nek hat\u00e1sa a t\u00fal\u00e9l\u00e9sre <br \/>\nKonzulens: Prof. Dr. Banczerowski P\u00e9ter, Dr. Mezei Tam\u00e1s<\/li>\n<li>Az agyt\u00e1lyogok epidemiol\u00f3gi\u00e1ja, diagnosztik\u00e1ja \u00e9s ter\u00e1pi\u00e1ja<br \/>\nKonzulens: Prof. Dr. Banczerowski P\u00e9ter, Dr. Misik Ferenc<\/li>\n<li>Spinalis epiduralis abscessusok kezel\u00e9s\u00e9t \u00e9s progn\u00f3zis\u00e1t meghat\u00e1roz\u00f3 t\u00e9nyez\u0151k<br \/>\nKonzulens: Prof. Dr. Banczerowski P\u00e9ter, Dr. Misik Ferenc<\/li>\n<li>Akut ischaemi\u00e1s stroke endovaszkul\u00e1ris ell\u00e1t\u00e1s\u00e1t k\u00f6vet\u0151 intracranialis sz\u00f6v\u0151dm\u00e9nyeket befoly\u00e1sol\u00f3 t\u00e9nyez\u0151k<br \/>\nKonzulens: Dr. Szikora Istv\u00e1n, Dr. Kis Bal\u00e1zs<\/li>\n<li>Neuromodulation of the trigeminal ganglion in neuropathic facial pain<br \/>\nKonzulens: Dr. Er\u0151ss Lor\u00e1nd, Dr. Hal\u00e1sz L\u00e1szl\u00f3<\/li>\n<\/ol>\n<p><strong>2018\/2019 tan\u00e9v:\u00a0<\/strong><\/p>\n<ol>\n<li>Komplex gyullad\u00e1sos spondylopathi\u00e1k incidenci\u00e1ja \u00e9s klinikai kimenetel\u00e9nek vizsg\u00e1lata feln\u0151ttekben<br \/>\nKonzulens: Prof. Dr. Banczerowski P\u00e9ter, Dr. Czigl\u00e9czki G\u00e1bor<\/li>\n<li>Long term clinical outcome of large vessel occlusion stroke victims following mechanical thrombectomy<br \/>\nKonzulens: Dr. Szikora Istv\u00e1n<\/li>\n<li>Invasive Neuromodulation Therapy in Drug Resistant Epilepsy<br \/>\nKonzulens: Dr. Er\u0151ss Lor\u00e1nd<\/li>\n<li>WHO II. \u00e9s III. gr\u00e1dus\u00fa gliom\u00e1k restrospekt\u00edv vizsg\u00e1lata<br \/>\nKonzulens: Dr. Bag\u00f3 Attila<\/li>\n<li>Az agyi arteriovenosus malformatiok multimodalis kezel\u00e9se<br \/>\nKonzulens: Dr. Nagy G\u00e1bor<\/li>\n<li>Az occipitocervicalis juncti\u00f3ra lokaliz\u00e1l\u00f3d\u00f3 osteoblastom\u00e1k kezel\u00e9si strat\u00e9gi\u00e1ja<br \/>\nKonzulens: Prof. Dr. Banczerowski P\u00e9ter, Dr. Czigl\u00e9czki G\u00e1bor<\/li>\n<li>Agytumorok morfol\u00f3giai \u00e9s funkcion\u00e1lis k\u00e9palkot\u00f3 diagnosztik\u00e1ja<br \/>\nKonzulens: Dr. V\u00e1rallyay P\u00e9ter<\/li>\n<li>T\u00fcnetk\u00e9pz\u0151 art\u00e9ria carotis interna aneurizm\u00e1k invaz\u00edv kezel\u00e9se<br \/>\nKonzulens: Dr. Szikora Istv\u00e1n<\/li>\n<li>Spont\u00e1n intracrani\u00e1lis hypotensio<br \/>\nKonzulens: Dr. Nagy G\u00e1bor<\/li>\n<li>Gyullad\u00e1s \u00e9s emelkedett testh\u0151m\u00e9rs\u00e9klet, mint a kimenetelt befoly\u00e1sol\u00f3 t\u00e9nyez\u0151k akut ischaemi\u00e1s stroke-ban<br \/>\nKonzulens: Prof. Dr. Kamondi Anita<\/li>\n<\/ol>\n<p><strong>2017\/2018 tan\u00e9v:<\/strong><\/p>\n<ol>\n<li>Spinalis meningeoma miatt m\u0171t\u00e9ti kezel\u00e9sen \u00e1tesett betegek retrospekt\u00edv vizsg\u00e1lata<br \/>\nKonzulens: Prof. Dr. Banczerowski P\u00e9ter, Dr. Czigl\u00e9czki G\u00e1bor<\/li>\n<li>Gerincmetaszt\u00e1zisok kezel\u00e9si lehet\u0151s\u00e9gei a progn\u00f3zist j\u00f3sl\u00f3 rendszerek f\u00e9ny\u00e9ben<br \/>\nKonzulens: Prof. Dr. Banczerowski P\u00e9ter, Dr. Czigl\u00e9czki G\u00e1bor<\/li>\n<li>A hypophysis macroadenom\u00e1k transzphenodi\u00e1lis m\u0171t\u00e9ti kezel\u00e9se az OKITI beteganyag\u00e1ban<br \/>\nKonzulens: Prof. Dr. Banczerowski P\u00e9ter<\/li>\n<li>Tapasztalatok a k\u00f6zponti idegrendszeri cavernom\u00e1k kezel\u00e9s\u00e9ben az Orsz\u00e1gos Klinikai Idegtudom\u00e1nyi Int\u00e9zetben\u00a0<br \/>\nKonzulens: Prof. Dr. Banczerowski P\u00e9ter, Dr. Misik Ferenc<\/li>\n<li>Az epilepszia-m\u0171t\u00e9tek epileptol\u00f3giai kimenetel\u00e9nek vizsg\u00e1lata 10 \u00e9v t\u00e1vlat\u00e1ban<br \/>\nKonzulens: Dr. Fab\u00f3 D\u00e1niel<\/li>\n<li>Analyzing Brain MR Scans with Deep Learning Approaches<br \/>\nKonzulens: Dr. Balogh Attila<\/li>\n<li>Spinal cord cavernomas<br \/>\nProf. Dr. Banczerowski P\u00e9ter, Dr. Misik Ferenc<\/li>\n<li>Lumbar disectomy- Minimal invasive vs. open approches<br \/>\nKonzulens: Prof. Dr. Banczerowski P\u00e9ter, Dr. Czigl\u00e9czki G\u00e1bor<\/li>\n<\/ol>\n<p><strong>2016\/2017 tan\u00e9v:<\/strong><\/p>\n<ol>\n<li>Nyaki porckorong prot\u00e9zissel szerzett tapasztalataink<br \/>\nKonzulens: Prof. Dr. Banczerowski P\u00e9ter<\/li>\n<li>Clinical aspects of subarachnoid hemorrhage &#8211; Management and prognosis of poor-grade patients<br \/>\nKonzulens:\u00a0Prof. Dr. Banczerowski P\u00e9ter<\/li>\n<li>Minimally invasive techniques in the treatment of disc hernation<br \/>\nKonzulens:\u00a0Prof. Dr. Banczerowski P\u00e9ter<\/li>\n<\/ol>\n<p><strong>2015\/2016 tan\u00e9v: <\/strong><\/p>\n<ol>\n<li>Current and multidisciplinar management of glioblastoma <br \/>\nKonzulens: Dr. Bag\u00f3 Attila<\/li>\n<li>Glioblastoma hossz\u00fa &#8211; illetve r\u00f6vidt\u00e1v\u00fa t\u00fal\u00e9l\u0151inek \u00f6sszehasonl\u00edt\u00e1sa <br \/>\nKonzulens: Dr. Bag\u00f3 Attila<\/li>\n<li>Intrakrani\u00e1lis aneurizm\u00e1k k\u00f3reredete, k\u00f3rlefoly\u00e1sa \u00e9s minim\u00e1lisan invaz\u00edv kezel\u00e9se bels\u0151 \u00e1raml\u00e1sm\u00f3dos\u00edt\u00e1ssal<br \/>\nKonzulens: Dr. Szikora Istv\u00e1n<\/li>\n<\/ol>\n<p><strong>2014\/2015 tan\u00e9v:<\/strong><\/p>\n<ol>\n<li>\u00daj\u00edt\u00e1sok a gerincseb\u00e9szetben a XXI. sz\u00e1zadban: A minim\u00e1lisan invaz\u00edv gerincseb\u00e9szeti technik\u00e1k oszt\u00e1lyoz\u00e1si rendszere <br \/>\nKonzulens: Prof.Dr. Banczerowski P\u00e9ter<\/li>\n<li>A cranioplastica szerepe a mindennapi idegseb\u00e9szeti gyakorlatban\/ Use of cranioplasty in every day neurosurgical practice <br \/>\nKonzulens: Dr. Vitanovics Dusan<\/li>\n<li>Dekompressz\u00edv craniectomia\/ Decompressive craniectomy <br \/>\nKonzulens: Dr. Vitanovics Dusan<\/li>\n<li>Az IVF mint a cerebr\u00e1lis paresis kock\u00e1zati t\u00e9nyez\u0151je <br \/>\nKonzulens: Dr. Kelemen Anna<\/li>\n<li>Struktur\u00e1lis \u00e9s funkcion\u00e1lis MR adatok fuzzy halmazelm\u00e9leten alapul\u00f3 feldolgoz\u00e1sa Konzulens: Dr. Er\u0151ss Lor\u00e1nd, Dr. Koz\u00e1k Lajos Rudolf<\/li>\n<li>Basiscarcinom\u00e1k seb\u00e9szi kezel\u00e9se <br \/>\nKonzulens: Dr. Orbay P\u00e9ter<\/li>\n<li>A DBS elektr\u00f3d\u00e1k poz\u00edci\u00f3j\u00e1nak meghat\u00e1roz\u00e1sa modern k\u00e9palkot\u00f3k seg\u00edts\u00e9g\u00e9vel, mozg\u00e1szavarokban <br \/>\nKonzulens: Dr. Er\u0151ss Lor\u00e1nd, Dr. Entz L\u00e1szl\u00f3<\/li>\n<\/ol>\n<p><strong>2013\/2014 tan\u00e9v:<\/strong><\/p>\n<ol>\n<li>A degenerat\u00edv spondylolisthesis seb\u00e9szi kezel\u00e9se \u00e9s az \u00e9letm\u00f3d v\u00e1ltoz\u00e1sa <br \/>\nKonzulens: Prof.Dr. Banczerowski P\u00e9ter<\/li>\n<li>Microvascularis compresszi\u00f3s szindr\u00f3m\u00e1k \u00e9s idegseb\u00e9szeti kezel\u00e9s\u00fck <br \/>\nKonzulens: Prof.Dr. Ny\u00e1ry Istv\u00e1n<\/li>\n<li>A gy\u00f3gyszerrezisztens trigeminus neuralgia modern idegseb\u00e9szeti kezel\u00e9se <br \/>\nKonzulens: Dr. Er\u0151ss Lor\u00e1nd<\/li>\n<li><span style=\"line-height: 19.200000762939453px\">Feln\u0151ttkori glioblastoma multiforme komplex kezel\u00e9se az OITI anyag\u00e1ban<br \/>\n<\/span><span style=\"line-height: 19.200000762939453px\">Konzulens: Dr. Sipos L\u00e1szl\u00f3<\/span><\/li>\n<li>A gy\u00f3gyszerrezisztens epilepszi\u00e1k neuromodul\u00e1ci\u00f3s kezel\u00e9se <br \/>\nKonzulens: Dr. Er\u0151ss Lor\u00e1nd, Dr. Fab\u00f3 D\u00e1niel<\/li>\n<li>M\u00e9ly agyi stimul\u00e1ci\u00f3 mozg\u00e1szavarokban <br \/>\nKonzulens: Dr. Er\u0151ss Lor\u00e1nd<\/li>\n<\/ol>\n<p>&nbsp;<\/p>\n","protected":false},"excerpt":{"rendered":"<p>Tansz\u00e9k\u00fcnk\u00f6n az idegseb\u00e9szet k\u00f6zel teljes spektrum\u00e1ban lehet\u0151s\u00e9g van szakdolgozat \u00edr\u00e1s\u00e1ra \u00e9rdekl\u0151d\u00e9s, szem\u00e9lyes preferencia alapj\u00e1n, vagy a ki\u00edrt TDK t\u00e9m\u00e1k felhaszn\u00e1l\u00e1s\u00e1val. Az elm\u00falt tan\u00e9vekben az al\u00e1bbi szakdolgozati t\u00e9m\u00e1kra jelentkeztek: 2022\/2023 tan\u00e9v:\u00a0 M\u00e9lyagyi stimul\u00e1ci\u00f3 traktogr\u00e1fia alap\u00fa c\u00e9lz\u00e1ssal Esszenci\u00e1lis tremor ter\u00e1pi\u00e1j\u00e1ban Konzulens: Prof. Dr. Banczerowski P\u00e9ter, Dr. Hal\u00e1sz L\u00e1szl\u00f3 Die Relevanz der auf Aminos\u00e4uren basierten Positron- Emissions-Tomographie in &hellip;<\/p>\n","protected":false},"author":102,"featured_media":0,"parent":8,"menu_order":2,"comment_status":"closed","ping_status":"closed","template":"","meta":{"_acf_changed":false,"footnotes":""},"categories":[],"tags":[],"class_list":["post-52","page","type-page","status-publish","hentry"],"acf":[],"_links":{"self":[{"href":"https:\/\/semmelweis.hu\/idegsebeszet\/wp-json\/wp\/v2\/pages\/52","targetHints":{"allow":["GET"]}}],"collection":[{"href":"https:\/\/semmelweis.hu\/idegsebeszet\/wp-json\/wp\/v2\/pages"}],"about":[{"href":"https:\/\/semmelweis.hu\/idegsebeszet\/wp-json\/wp\/v2\/types\/page"}],"author":[{"embeddable":true,"href":"https:\/\/semmelweis.hu\/idegsebeszet\/wp-json\/wp\/v2\/users\/102"}],"replies":[{"embeddable":true,"href":"https:\/\/semmelweis.hu\/idegsebeszet\/wp-json\/wp\/v2\/comments?post=52"}],"version-history":[{"count":10,"href":"https:\/\/semmelweis.hu\/idegsebeszet\/wp-json\/wp\/v2\/pages\/52\/revisions"}],"predecessor-version":[{"id":805,"href":"https:\/\/semmelweis.hu\/idegsebeszet\/wp-json\/wp\/v2\/pages\/52\/revisions\/805"}],"up":[{"embeddable":true,"href":"https:\/\/semmelweis.hu\/idegsebeszet\/wp-json\/wp\/v2\/pages\/8"}],"wp:attachment":[{"href":"https:\/\/semmelweis.hu\/idegsebeszet\/wp-json\/wp\/v2\/media?parent=52"}],"wp:term":[{"taxonomy":"category","embeddable":true,"href":"https:\/\/semmelweis.hu\/idegsebeszet\/wp-json\/wp\/v2\/categories?post=52"},{"taxonomy":"post_tag","embeddable":true,"href":"https:\/\/semmelweis.hu\/idegsebeszet\/wp-json\/wp\/v2\/tags?post=52"}],"curies":[{"name":"wp","href":"https:\/\/api.w.org\/{rel}","templated":true}]}}