{"id":508,"date":"2019-10-15T12:05:47","date_gmt":"2019-10-15T10:05:47","guid":{"rendered":"http:\/\/semmelweis.hu\/idegsebeszet\/?page_id=508"},"modified":"2024-05-23T11:02:20","modified_gmt":"2024-05-23T09:02:20","slug":"education","status":"publish","type":"page","link":"https:\/\/semmelweis.hu\/idegsebeszet\/english\/education\/","title":{"rendered":"Education"},"content":{"rendered":"<p><b>Graduate Student Course in Neurosurgery <\/b><\/p>\n<p>English Language Program at Semmelweis University:<\/p>\n<p><strong>Program Locations:<\/strong>\u00a0 \u00a0Department of Neurosurgery\u00a0 &amp; National Institute of Mental Health, Neurology and Neurosurgery (1145 Bp. Amerikai \u00fat 57.)<\/p>\n<p><strong>Target audience:<\/strong> 4,th 5th year medical students<\/p>\n<p><strong>Course title:<\/strong> Introduction to neurosurgery with case presentations and operating room visit.<\/p>\n<p><strong>Objectives of the subject, its place in the medical curriculum:<\/strong> <strong>\u00a0<\/strong><\/p>\n<p style=\"text-align: justify\">Neurosurgery is a medical specialty concerned with the prevention, diagnosis and treatment of complex neurological disorders. Neurosurgeons deal with pathologies of the central and peripheral nervous system.<\/p>\n<p style=\"text-align: justify\">There are several subspecialities in neurosurgery. In neurotraumatology, cranial and spinal injuries caused by an external mechnical forces are treated. Neuro-oncology is an important and developing field in neursciences, that primarily deals with diagnosis and treatment of both primary central nervous system tumours and complications of systemic cancer. Vascular neurosurgery involves the treatment of abnormalities of blood vessels of the brain and spinal cord. Neurological spine surgeons treat several degenerative, neoplatic and vascular pathologies involving the bony spine or the nerual structures. Neurological spine surgeons rather use minimally invasive operative techniques in order to minimaze hospital stay and tissue damage. Functional neurosurgery involves the restoration of neurological condition and function. Pediatric neurosurgery is also a subspeciality and it aims to treat children with operable disorders of the nervous system.<\/p>\n<p style=\"text-align: justify\">In our institute students can experience the various clinical presentations of central and peripheral nervous system abnormalities. We are able to introduce the diagnostic algorithm and special operative techniques with which they gain practical knowledge about neurology and neurosurgery.<\/p>\n<p><strong>Program:<\/strong><\/p>\n<ol>\n<li>Introduction to neurosurgery: history of neurosurgery.<\/li>\n<li>Basics of micro-neurosurgical anatomy.<\/li>\n<li>Neurological investigation of the neurosurgical patient.<\/li>\n<li>Increased intracranial pressure. Hydrocephalus.<\/li>\n<li>Head and injury and neurotrauma basics.<\/li>\n<li>Spine and spinal cord injuries.<\/li>\n<li>Spinal tumors.<\/li>\n<li>Brain tumors, neurooncology.<\/li>\n<li>Vascular malformations of CNS.<\/li>\n<li>Degenerative spine diseases.<\/li>\n<li>Epilepsy surgery and investigations.<\/li>\n<li>Functional neurosurgery and stereotactic procedures.<\/li>\n<li>Radiosurgery.<\/li>\n<li>Visiting the operating theatre and examination.<\/li>\n<\/ol>\n<p><strong>Requirements for signature:<\/strong>To gain knowledge from the lectures and write an essey or test written exam.<\/p>\n<p><strong>Type of examination: <\/strong>written essay and\/or written test<\/p>\n<p><strong>Method and type of evaluation:<br \/>\n<\/strong>The students will be graded from 1 to 5.<br \/>\nOffered mark: the students have opportunity to get offered mark, if they write an essay the end of the semester (until a predetermined deadline). Written multiple choise test: written test comprises 15 multiple choice quiz questions.<\/p>\n<p><strong>Printed, electronic and online notes, textbooks, guides and literature:<\/strong><\/p>\n<p>&#8211; Moodle system<br \/>\n&#8211; Schmidek &amp; Sweet\u2019s operative neurosurgical techniques \/ Alfredo Quinones-Hinojosa &#8211;<br \/>\n62. publishing (Notes: I1\/412 \u00e9s I1\/413)<\/p>\n<p><strong>Presentations 2023\/2024 semester:<\/strong><br \/>\n&#8211; <a href=\"https:\/\/semmelweis.hu\/idegsebeszet\/files\/2024\/05\/Intoduction-to-neurosurgery-2024.pdf\">Introduction to neurosurgery<\/a><span style=\"color: #000000\"><br \/>\n<\/span><span style=\"color: #000000\">&#8211; <\/span><a href=\"https:\/\/semmelweis.hu\/idegsebeszet\/files\/2024\/05\/Vascular-malformations-of-CNS-2024.pdf\" target=\"_blank\" rel=\"noopener\">Vascular malformations of CNS<\/a><br \/>\n<a href=\"https:\/\/semmelweis.hu\/idegsebeszet\/files\/2022\/05\/Increased-intracranial-pressure-hydrocephalus-2022.04.pdf\"><span style=\"color: #000000\">&#8211; <\/span><\/a><a href=\"https:\/\/semmelweis.hu\/idegsebeszet\/files\/2024\/05\/Increased-intracranial-pressure-hydrocephalus-2024.pdf\"><span style=\"color: #000000\">Increased intracranial pressure<\/span><\/a><br \/>\n&#8211;<a href=\"https:\/\/semmelweis.hu\/idegsebeszet\/files\/2024\/05\/Radiosurgery2024_GN.pdf\"> Radiosurgery<\/a><br \/>\n<span style=\"color: #000000\">&#8211; <a href=\"https:\/\/semmelweis.hu\/idegsebeszet\/files\/2024\/05\/Neurotraumatology.pdf\">Head and injury and neurotrauma basics<\/a><\/span><br \/>\n<span style=\"color: #000000\">&#8211; <a href=\"https:\/\/semmelweis.hu\/idegsebeszet\/files\/2018\/06\/Spine-and-spinal-cord-injury.pdf\">Spine and spinal cord injuries<\/a><\/span><br \/>\n<span style=\"color: #000000\">&#8211; <a href=\"https:\/\/semmelweis.hu\/idegsebeszet\/files\/2024\/05\/Spine-tumor_2024.04.pdf\">Spinal tumors<\/a><br \/>\n<\/span><span style=\"color: #000000\">&#8211; <a href=\"https:\/\/semmelweis.hu\/idegsebeszet\/files\/2024\/05\/Brain-tumors_2024.pdf\">Brain tumors, neurooncology<\/a><br \/>\n<\/span><span style=\"color: #000000\">&#8211; <a href=\"https:\/\/semmelweis.hu\/idegsebeszet\/files\/2018\/05\/Degenerative-Spine-Diseases.pdf\">Degenerative spine diseases<\/a>\u00a0<br \/>\n&#8211;<a href=\"https:\/\/semmelweis.hu\/idegsebeszet\/files\/2024\/05\/Epilepsy-surgery-pdf-SE-2024.pdf\"> Epilespy surgery and investigation<\/a><br \/>\n&#8211; <a href=\"https:\/\/semmelweis.hu\/idegsebeszet\/files\/2024\/05\/SE_Functional-Neurosurgery_2024-compressed.pdf\">Functional neurosurgery and stereotactic procedure<\/a><\/span><\/p>\n<p><b>Thematik des neurochirurgischen Kurses<\/b><\/p>\n<ol>\n<li>Einleitung: Geschichte der Neurochirurgie, fundamentale Neuroanatomie, Grundlagen der Untersuchung des neurochirurgischen Patienten<\/li>\n<li>Grundlagen der bild-darstellenden Diagnostik (neuroimaging), sowohl morphologische als auch funktionelle Diagnostik<\/li>\n<li>Diagnostik und chirurgische Behandlung des Hydrocephalus und des erh\u00f6hten intrakraniellen Druckes<\/li>\n<li>Diagnostik und chirurgische Behandlung von Hirn(Sch\u00e4del)- und R\u00fcckenmark-(Wirbels\u00e4ule)Trauma<\/li>\n<li>Diagnostik und chirurgische Behandlung von gutm\u00fctigen Hirn Tumoren<\/li>\n<li>Diagnostik und chirurgische Behandlung von R\u00fcckenmark Tumoren<\/li>\n<li>Diagnostik und chirurgische Behandlung degenerativer Wirbels\u00e4ule-Krankheiten<\/li>\n<li>Diagnostik und chirurgische Behandlung von Hirnschlag<\/li>\n<li>Diagnostik und operative (mikrochirurgische und\/oder endovaskul\u00e4re) Behandlung von intrazerebralen vaskul\u00e4ren Mi\u00dfbildungen<\/li>\n<li>Pediatrische Neurochirurgie<\/li>\n<li>Neurochirurgische Behandlung von Schmerzzust\u00e4nden, erh\u00f6hte Spastizit\u00e4t, pathologische Bewegungsformen<\/li>\n<li>Chirurgische Behandlung der Epilepsie<\/li>\n<li>Diagnostik und chirurgische Behandlung der peripheren Nerven, und infekzi\u00f6ser Zust\u00e4nden<\/li>\n<li>Schriftliche Pr\u00fcfung<\/li>\n<\/ol>\n","protected":false},"excerpt":{"rendered":"<p>Graduate Student Course in Neurosurgery English Language Program at Semmelweis University: Program Locations:\u00a0 \u00a0Department of Neurosurgery\u00a0 &amp; National Institute of Mental Health, Neurology and Neurosurgery (1145 Bp. Amerikai \u00fat 57.) Target audience: 4,th 5th year medical students Course title: Introduction to neurosurgery with case presentations and operating room visit. Objectives of the subject, its place &hellip;<\/p>\n","protected":false},"author":12,"featured_media":0,"parent":506,"menu_order":0,"comment_status":"closed","ping_status":"closed","template":"","meta":{"_acf_changed":false,"footnotes":""},"categories":[],"tags":[],"class_list":["post-508","page","type-page","status-publish","hentry"],"acf":[],"_links":{"self":[{"href":"https:\/\/semmelweis.hu\/idegsebeszet\/wp-json\/wp\/v2\/pages\/508","targetHints":{"allow":["GET"]}}],"collection":[{"href":"https:\/\/semmelweis.hu\/idegsebeszet\/wp-json\/wp\/v2\/pages"}],"about":[{"href":"https:\/\/semmelweis.hu\/idegsebeszet\/wp-json\/wp\/v2\/types\/page"}],"author":[{"embeddable":true,"href":"https:\/\/semmelweis.hu\/idegsebeszet\/wp-json\/wp\/v2\/users\/12"}],"replies":[{"embeddable":true,"href":"https:\/\/semmelweis.hu\/idegsebeszet\/wp-json\/wp\/v2\/comments?post=508"}],"version-history":[{"count":10,"href":"https:\/\/semmelweis.hu\/idegsebeszet\/wp-json\/wp\/v2\/pages\/508\/revisions"}],"predecessor-version":[{"id":845,"href":"https:\/\/semmelweis.hu\/idegsebeszet\/wp-json\/wp\/v2\/pages\/508\/revisions\/845"}],"up":[{"embeddable":true,"href":"https:\/\/semmelweis.hu\/idegsebeszet\/wp-json\/wp\/v2\/pages\/506"}],"wp:attachment":[{"href":"https:\/\/semmelweis.hu\/idegsebeszet\/wp-json\/wp\/v2\/media?parent=508"}],"wp:term":[{"taxonomy":"category","embeddable":true,"href":"https:\/\/semmelweis.hu\/idegsebeszet\/wp-json\/wp\/v2\/categories?post=508"},{"taxonomy":"post_tag","embeddable":true,"href":"https:\/\/semmelweis.hu\/idegsebeszet\/wp-json\/wp\/v2\/tags?post=508"}],"curies":[{"name":"wp","href":"https:\/\/api.w.org\/{rel}","templated":true}]}}