{"id":50,"date":"2013-02-25T11:24:43","date_gmt":"2013-02-25T10:24:43","guid":{"rendered":"http:\/\/semmelweis-egyetem.hu\/idegsebeszet\/?page_id=50"},"modified":"2022-12-12T12:16:01","modified_gmt":"2022-12-12T11:16:01","slug":"posztgradualis-oktatas-2","status":"publish","type":"page","link":"https:\/\/semmelweis.hu\/idegsebeszet\/oktatas\/posztgradualis-oktatas-2\/","title":{"rendered":"Posztgradu\u00e1lis oktat\u00e1s"},"content":{"rendered":"<p>A Idegseb\u00e9szeti Tansz\u00e9k koordin\u00e1lja a r\u00e9gi\u00f3 idegseb\u00e9szeti szakorvosk\u00e9pz\u00e9s\u00e9t, valamint k\u00f6telez\u0151 \u00e9s k\u00f6telez\u0151en v\u00e1laszthat\u00f3 tanfolyamokat.<\/p>\n<p style=\"text-align: justify\">Az idegseb\u00e9szeti szakk\u00e9pz\u00e9st a <strong>22\/2012. (IX.14.) EMMI az \u201eAz eg\u00e9szs\u00e9g\u00fcgyi fels\u0151fok\u00fa szakir\u00e1ny\u00fa szakk\u00e9pes\u00edt\u00e9s megszerz\u00e9s\u00e9r\u0151l\u201d<\/strong> sz\u00f3l\u00f3 rendelete szab\u00e1lyozza. Az idegseb\u00e9szeti szakk\u00e9pz\u00e9s 6 \u00e9ves id\u0151tartam\u00fa, amelyb\u0151l az els\u0151 24 h\u00f3nap az alapk\u00e9pz\u00e9st, majd 48 h\u00f3nap a speci\u00e1lis idegseb\u00e9szeti szakk\u00e9pz\u00e9st szolg\u00e1lja. A szakk\u00e9pz\u00e9s teljes munkaidej\u0171, munk\u00e1ra ir\u00e1nyul\u00f3 jogviszonyban t\u00f6ltend\u0151 el.<\/p>\n<p style=\"text-align: justify\"><strong>Fontos!<\/strong> 2022.09.01-i hat\u00e1llyal az idegseb\u00e9szeti szakk\u00e9pz\u00e9s k\u00f6vetelm\u00e9nyrendszere m\u00f3dosult, \u00faj kompetencia alap\u00fa szakk\u00e9pz\u00e9si rendszer bevezet\u00e9s\u00e9re ker\u00fclt sor.<\/p>\n<p>\u00daj elemk\u00e9nt jelenik meg az alapk\u00e9pz\u00e9st lez\u00e1r\u00f3 1. r\u00e9szvizsga, valamint az 1-3 \u00e9ves id\u0151szakot lez\u00e1r\u00f3 r\u00e9szvizsga programba iktat\u00e1sa. A rezidens az alapvizsga let\u00e9tel\u00e9re a 24 h\u00f3napos alapk\u00e9pz\u00e9s lez\u00e1r\u00e1sa el\u0151tt k\u00e9t h\u00f3nappal k\u00f6teles jelentkezni a ter\u00fcletileg illet\u00e9kes szakk\u00e9pz\u00e9si gr\u00e9mium eln\u00f6kn\u00e9l. A rezidens csak sikeres alapvizsga eset\u00e9n kaphat enged\u00e9lyt a szakk\u00e9pz\u00e9s\u00a0 folytat\u00e1s\u00e1ra, a 48 h\u00f3napos szakk\u00e9pz\u00e9s megkezd\u00e9s\u00e9re.<\/p>\n<p style=\"text-align: justify\">R\u00e9szletes inform\u00e1ci\u00f3: 22\/2012. (IX.14.) EMMI az \u201eAz eg\u00e9szs\u00e9g\u00fcgyi fels\u0151fok\u00fa szakir\u00e1ny\u00fa szakk\u00e9pes\u00edt\u00e9s megszerz\u00e9s\u00e9r\u0151l\u201d sz\u00f3l\u00f3 rendeletben.<br \/>\n<a href=\"https:\/\/net.jogtar.hu\/jogszabaly?docid=a1200022.emm\">https:\/\/net.jogtar.hu\/jogszabaly?docid=a1200022.emm<\/a><\/p>\n<p><strong>2022.09.01. el\u0151tt megkezdett szakk\u00e9pz\u00e9s eset\u00e9n a 24 h\u00f3napos t\u00f6rzsk\u00e9pz\u00e9s k\u00f6telez\u0151 elemei:<\/strong><\/p>\n<ul>\n<li>1,5 h\u00f3nap \u00e1ltal\u00e1nos intenz\u00edv oszt\u00e1lyos gyakorlat<\/li>\n<li>3 h\u00f3nap gyakorlat II. v. III. progresszivit\u00e1si szint\u0171 egyetemi vagy oktat\u00f3 k\u00f3rh\u00e1zi<br \/>\ns\u00fcrg\u0151ss\u00e9gi betegell\u00e1t\u00f3 oszt\u00e1lyon<\/li>\n<li>1 h\u00f3nap OMSZ ment\u0151gyakorlat<\/li>\n<li>2 h\u00e9t transzf\u00fazi\u00f3s gyakorlat<\/li>\n<li>1 h\u00f3nap t\u00f6rzsk\u00e9pz\u00e9si tanfolyam<\/li>\n<li>6 h\u00f3nap neuroanat\u00f3mia \u00e9s neurol\u00f3gia gyakorlat<\/li>\n<li>3 h\u00f3nap neuropatol\u00f3gia \u00e9s neuroonkol\u00f3gia gyakorlat<\/li>\n<li>3 h\u00f3nap neuroradiol\u00f3giai diagnosztika \u00e9s neurointervenci\u00f3s gyakorlat<\/li>\n<li>2 h\u00f3nap neurointenz\u00edv gyakorlat<\/li>\n<li>1 h\u00f3nap seb\u00e9szeti skill tr\u00e9ning<\/li>\n<li>2 h\u00f3nap idegseb\u00e9szeti alapgyakorlat<\/li>\n<\/ul>\n<p style=\"text-align: justify\">A speci\u00e1lis k\u00e9pz\u00e9s minim\u00e1lis id\u0151tartama 4 \u00e9v, amelyet az egyes elsaj\u00e1t\u00edtand\u00f3 t\u00e9mak\u00f6r\u00f6k akkredit\u00e1lt k\u00e9pz\u0151helyein kell teljes\u00edteni. Az aj\u00e1nlott program \u00e9s az egyes r\u00e9szk\u00e9pz\u00e9si elemek id\u0151tartama az al\u00e1bbiak:<\/p>\n<ul>\n<li>12 h\u00f3nap \u2013 koponya- \u00e9s gerincs\u00e9r\u00fcl\u00e9sek kezel\u00e9se, degenerat\u00edv gerincbetegs\u00e9gek<br \/>\nseb\u00e9szete<\/li>\n<li>12 h\u00f3nap \u2013 agydaganatok, liquorkering\u00e9si zavarok seb\u00e9szete, gyermekidegseb\u00e9szet.<\/li>\n<li>12 h\u00f3nap \u2013 v\u00e9rz\u00e9ses agyi \u00e9s spin\u00e1lis k\u00f3rk\u00e9pek \u00e9s seb\u00e9szeti kezel\u00e9s\u00fck<\/li>\n<li>12 h\u00f3nap \u2013 funkcion\u00e1lis idegseb\u00e9szeti elj\u00e1r\u00e1sok (seb\u00e9szeti f\u00e1jdalomcsillap\u00edt\u00e1s, a mozg\u00e1szavarok seb\u00e9szete, epilepsiaseb\u00e9szet, endokrin seb\u00e9szet).<\/li>\n<\/ul>\n<p><strong>2022.09.01. ut\u00e1n megkezdett szakk\u00e9pz\u00e9s eset\u00e9n:<\/strong><br \/>\nAz alapk\u00e9pz\u00e9s k\u00f6telez\u0151 elemei:<\/p>\n<ul>\n<li>2 h\u00f3 SBO s\u00fcrg\u0151ss\u00e9gi gyakorlat<\/li>\n<li>1 h\u00f3 multidiszciplin\u00e1lis intenz\u00edv ter\u00e1pi\u00e1s oszt\u00e1lyos gyakorlat<\/li>\n<li>2 h\u00e9t ment\u0151gyakorlat<\/li>\n<li>2 h\u00f3 neuro-intenz\u00edv gyakorlat<\/li>\n<li>4 h\u00f3 neuro-anat\u00f3miai \u00e9s neurol\u00f3giai alap-gyakorlat<\/li>\n<li>2 h\u00f3 neuro-patol\u00f3giai \u00e9s neuro-onkol\u00f3giai gyakorlat<\/li>\n<li>3 h\u00f3 neuro-radiol\u00f3giai diagnosztika \u00e9s neuro-intervenci\u00f3<\/li>\n<li>1 h\u00f3 Idegseb\u00e9szeti skill tr\u00e9ning (endoszk\u00f3pos tanfolyammal)<\/li>\n<li>9 h\u00f3 idegseb\u00e9szeti alapgyakorlat<\/li>\n<\/ul>\n<p>Szakgyakorlati k\u00e9pz\u00e9s: 48 h\u00f3<\/p>\n<ul>\n<li>12 h\u00f3 koponya- \u00e9s gerincs\u00e9r\u00fcltek kezel\u00e9se degenerat\u00edv gerincbetegs\u00e9gek seb\u00e9szete<\/li>\n<li>12 h\u00f3 agydaganatok seb\u00e9szete, liquor-kering\u00e9si zavarok seb\u00e9szete, gyermek-<br \/>\nidegseb\u00e9szet<\/li>\n<li>12 h\u00f3 v\u00e9rz\u00e9ses agyi \u00e9s spin\u00e1lis k\u00f3rk\u00e9pek, \u00e9s idegseb\u00e9szeti kezel\u00e9s\u00fck<\/li>\n<li>12 h\u00f3 funkcion\u00e1lis idegseb\u00e9szeti elj\u00e1r\u00e1sok (seb\u00e9szi f\u00e1jdalom-csillap\u00edt\u00e1s, a<br \/>\nmozg\u00e1szavarok seb\u00e9szete, epilepszia-seb\u00e9szet, endokrin seb\u00e9szet<\/li>\n<\/ul>\n<p style=\"text-align: justify\">A szakvizsg\u00e1ra bocs\u00e1t\u00e1s tov\u00e1bbi felt\u00e9tele a gyakorlatok \u00e9s r\u00e9szvizsg\u00e1k teljes\u00edt\u00e9s\u00e9n t\u00fal meghat\u00e1rozott m\u0171t\u00e9ti sz\u00e1m teljes\u00edt\u00e9se, a szakvizsga el\u0151k\u00e9sz\u00edt\u0151 tanfolyamon t\u00f6rt\u00e9n\u0151 r\u00e9szv\u00e9tel, minim\u00e1lisan 1 tudom\u00e1nyos k\u00f6zlem\u00e9ny publik\u00e1l\u00e1sa hazai vagy nemzetk\u00f6zi szakmai foly\u00f3iratban, \u00e9s legal\u00e1bb 1 kongresszusi el\u0151ad\u00e1s tart\u00e1sa, poszter bemutat\u00e1sa hazai vagy nemzetk\u00f6zi kongresszuson, valamint aj\u00e1nlott a European Association of Neurosurgical Societies \u00edr\u00e1sbeli vizsg\u00e1j\u00e1nak sikeres teljes\u00edt\u00e9se.<\/p>\n<p>A szakvizsg\u00e1ra t\u00f6rt\u00e9n\u0151 jelentkez\u00e9sr\u0151l a <strong>Nemzeti Vizsgabizotts\u00e1g<\/strong> oldal\u00e1n t\u00e1j\u00e9koz\u00f3dhat:<\/p>\n<p><a href=\"https:\/\/www.enkk.hu\/index.php\/hun\/nemzeti-vizsgabizottsag-2\/ogyfk-vizsganaptar\">https:\/\/www.enkk.hu\/index.php\/hun\/nemzeti-vizsgabizottsag-2\/ogyfk-vizsganaptar<\/a><br \/>\n<a href=\"https:\/\/nvb.okfo.gov.hu\/\">https:\/\/nvb.okfo.gov.hu\/<\/a><\/p>\n<p>A szakk\u00e9pz\u00e9shez kapcsol\u00f3d\u00f3 \u00e1ltal\u00e1nos inform\u00e1ci\u00f3kat a Szak-\u00e9s Tov\u00e1bbk\u00e9pz\u00e9si K\u00f6zpont oldal\u00e1n al\u00e1bbi linkre kattintva tal\u00e1lj\u00e1k:<\/p>\n<ul>\n<li><a href=\"https:\/\/semmelweis.hu\/szak-es-tovabbkepzes\/aok\/elso-alap-szakkepzes\/\">T\u00e1j\u00e9koztat\u00f3 szakk\u00e9pz\u00e9s megkezd\u00e9s\u00e9hez<\/a><\/li>\n<\/ul>\n<p>&nbsp;<\/p>\n","protected":false},"excerpt":{"rendered":"<p>A Idegseb\u00e9szeti Tansz\u00e9k koordin\u00e1lja a r\u00e9gi\u00f3 idegseb\u00e9szeti szakorvosk\u00e9pz\u00e9s\u00e9t, valamint k\u00f6telez\u0151 \u00e9s k\u00f6telez\u0151en v\u00e1laszthat\u00f3 tanfolyamokat. Az idegseb\u00e9szeti szakk\u00e9pz\u00e9st a 22\/2012. (IX.14.) EMMI az \u201eAz eg\u00e9szs\u00e9g\u00fcgyi fels\u0151fok\u00fa szakir\u00e1ny\u00fa szakk\u00e9pes\u00edt\u00e9s megszerz\u00e9s\u00e9r\u0151l\u201d sz\u00f3l\u00f3 rendelete szab\u00e1lyozza. Az idegseb\u00e9szeti szakk\u00e9pz\u00e9s 6 \u00e9ves id\u0151tartam\u00fa, amelyb\u0151l az els\u0151 24 h\u00f3nap az alapk\u00e9pz\u00e9st, majd 48 h\u00f3nap a speci\u00e1lis idegseb\u00e9szeti szakk\u00e9pz\u00e9st szolg\u00e1lja. A szakk\u00e9pz\u00e9s teljes &hellip;<\/p>\n","protected":false},"author":102,"featured_media":0,"parent":8,"menu_order":5,"comment_status":"closed","ping_status":"closed","template":"","meta":{"_acf_changed":false,"footnotes":""},"categories":[],"tags":[],"class_list":["post-50","page","type-page","status-publish","hentry"],"acf":[],"_links":{"self":[{"href":"https:\/\/semmelweis.hu\/idegsebeszet\/wp-json\/wp\/v2\/pages\/50","targetHints":{"allow":["GET"]}}],"collection":[{"href":"https:\/\/semmelweis.hu\/idegsebeszet\/wp-json\/wp\/v2\/pages"}],"about":[{"href":"https:\/\/semmelweis.hu\/idegsebeszet\/wp-json\/wp\/v2\/types\/page"}],"author":[{"embeddable":true,"href":"https:\/\/semmelweis.hu\/idegsebeszet\/wp-json\/wp\/v2\/users\/102"}],"replies":[{"embeddable":true,"href":"https:\/\/semmelweis.hu\/idegsebeszet\/wp-json\/wp\/v2\/comments?post=50"}],"version-history":[{"count":10,"href":"https:\/\/semmelweis.hu\/idegsebeszet\/wp-json\/wp\/v2\/pages\/50\/revisions"}],"predecessor-version":[{"id":739,"href":"https:\/\/semmelweis.hu\/idegsebeszet\/wp-json\/wp\/v2\/pages\/50\/revisions\/739"}],"up":[{"embeddable":true,"href":"https:\/\/semmelweis.hu\/idegsebeszet\/wp-json\/wp\/v2\/pages\/8"}],"wp:attachment":[{"href":"https:\/\/semmelweis.hu\/idegsebeszet\/wp-json\/wp\/v2\/media?parent=50"}],"wp:term":[{"taxonomy":"category","embeddable":true,"href":"https:\/\/semmelweis.hu\/idegsebeszet\/wp-json\/wp\/v2\/categories?post=50"},{"taxonomy":"post_tag","embeddable":true,"href":"https:\/\/semmelweis.hu\/idegsebeszet\/wp-json\/wp\/v2\/tags?post=50"}],"curies":[{"name":"wp","href":"https:\/\/api.w.org\/{rel}","templated":true}]}}