{"id":5,"date":"2012-02-02T16:42:29","date_gmt":"2012-02-02T15:42:29","guid":{"rendered":"http:\/\/semmelweis-egyetem.hu\/idegsebeszet\/?page_id=5"},"modified":"2024-12-02T09:37:47","modified_gmt":"2024-12-02T08:37:47","slug":"elerhetoseg","status":"publish","type":"page","link":"https:\/\/semmelweis.hu\/idegsebeszet\/elerhetoseg\/","title":{"rendered":"El\u00e9rhet\u0151s\u00e9g"},"content":{"rendered":"<p><strong>Idegseb\u00e9szeti Tansz\u00e9k<\/strong><br \/>\nSemmelweis Egyetem, \u00c1ltal\u00e1nos Orvostudom\u00e1nyi Kar<\/p>\n<p><strong>Tansz\u00e9kvezet\u0151:<\/strong> Prof. Dr. Banczerowski P\u00e9ter egyetemi tan\u00e1r, az MTA doktora<\/p>\n<p>c\u00edm: 1145 Budapest, XIV. Amerikai \u00fat 57.<br \/>\ntelefon: +36-1-467-9325, +36-1-251-2999\/325<br \/>\nFAX: +36-1-220-6471<br \/>\nTitk\u00e1rs\u00e1gvezet\u0151: Jankus Katalin<br \/>\ne-mail: <a href=\"mailto:jankus.katalin@med.semmelweis-univ.hu\">jankus.katalin@semmelweis.hu<\/a><\/p>\n\n<!-- iframe plugin v.4.9 wordpress.org\/plugins\/iframe\/ -->\n<iframe loading=\"lazy\" style=\"border: 0;\" src=\"https:\/\/www.google.com\/maps\/embed?pb=!1m18!1m12!1m3!1d2694.5475653307617!2d19.096044615627434!3d47.518201679178986!2m3!1f0!2f0!3f0!3m2!1i1024!2i768!4f13.1!3m3!1m2!1s0x4741db78e1e41a6b%3A0x8c868693d3777032!2sBudapest%2C%20Amerikai%20%C3%BAt%2057%2C%201145!5e0!3m2!1shu!2shu!4v1571130698447!5m2!1shu!2shu\" width=\"100%\" height=\"450\" frameborder=\"0\" allowfullscreen=\"allowfullscreen\" scrolling=\"yes\" class=\"iframe-class\"><\/iframe>\n\n","protected":false},"excerpt":{"rendered":"<p>Idegseb\u00e9szeti Tansz\u00e9k<br \/>\nSemmelweis Egyetem, \u00c1ltal\u00e1nos Orvostudom\u00e1nyi Kar<br \/>\nTansz\u00e9kvezet\u0151: Prof. Dr. Banczerowski P\u00e9ter egyetemi tan\u00e1r, az MTA doktora<br \/>\nc\u00edm: 1145 Budapest, XIV. Amerikai \u00fat 57.<br \/>\ntelefon: +36-1-467-9325, +36-1-251-2999\/325<br \/>\nFAX: +36-1-220-6471<br \/>\nTitk\u00e1rs\u00e1gvezet\u0151: Jankus Katalin<br \/>\ne-mail: <a href=\"mailto:jankus.katalin@med.semmelweis-univ.hu\">jankus.katalin@semmelweis.hu<\/a><\/p>\n","protected":false},"author":102,"featured_media":0,"parent":0,"menu_order":9,"comment_status":"open","ping_status":"closed","template":"","meta":{"_acf_changed":false,"footnotes":""},"categories":[],"tags":[],"class_list":["post-5","page","type-page","status-publish","hentry"],"acf":[],"_links":{"self":[{"href":"https:\/\/semmelweis.hu\/idegsebeszet\/wp-json\/wp\/v2\/pages\/5","targetHints":{"allow":["GET"]}}],"collection":[{"href":"https:\/\/semmelweis.hu\/idegsebeszet\/wp-json\/wp\/v2\/pages"}],"about":[{"href":"https:\/\/semmelweis.hu\/idegsebeszet\/wp-json\/wp\/v2\/types\/page"}],"author":[{"embeddable":true,"href":"https:\/\/semmelweis.hu\/idegsebeszet\/wp-json\/wp\/v2\/users\/102"}],"replies":[{"embeddable":true,"href":"https:\/\/semmelweis.hu\/idegsebeszet\/wp-json\/wp\/v2\/comments?post=5"}],"version-history":[{"count":10,"href":"https:\/\/semmelweis.hu\/idegsebeszet\/wp-json\/wp\/v2\/pages\/5\/revisions"}],"predecessor-version":[{"id":879,"href":"https:\/\/semmelweis.hu\/idegsebeszet\/wp-json\/wp\/v2\/pages\/5\/revisions\/879"}],"wp:attachment":[{"href":"https:\/\/semmelweis.hu\/idegsebeszet\/wp-json\/wp\/v2\/media?parent=5"}],"wp:term":[{"taxonomy":"category","embeddable":true,"href":"https:\/\/semmelweis.hu\/idegsebeszet\/wp-json\/wp\/v2\/categories?post=5"},{"taxonomy":"post_tag","embeddable":true,"href":"https:\/\/semmelweis.hu\/idegsebeszet\/wp-json\/wp\/v2\/tags?post=5"}],"curies":[{"name":"wp","href":"https:\/\/api.w.org\/{rel}","templated":true}]}}