{"id":42,"date":"2013-02-25T11:19:49","date_gmt":"2013-02-25T10:19:49","guid":{"rendered":"http:\/\/semmelweis-egyetem.hu\/idegsebeszet\/?page_id=42"},"modified":"2024-01-29T13:49:06","modified_gmt":"2024-01-29T12:49:06","slug":"phd-kepzes","status":"publish","type":"page","link":"https:\/\/semmelweis.hu\/idegsebeszet\/oktatas\/phd-kepzes\/","title":{"rendered":"PhD-k\u00e9pz\u00e9s"},"content":{"rendered":"<p style=\"text-align: justify\">Az Idegseb\u00e9szeti Tansz\u00e9k a Doktori Iskola PhD k\u00e9pz\u00e9si programjaiba t\u00f6bb experiment\u00e1lis \u00e9s klinikai t\u00e9m\u00e1val csatlakozik egy\u00e9ni felk\u00e9sz\u00fcl\u00e9s\u0171 \u00e9s \u00f6szt\u00f6nd\u00edjas PhD k\u00e9pz\u00e9s keretein bel\u00fcl.\u00a0<\/p>\n<p>Kutat\u00e1si programok:<\/p>\n<p><strong>Semmelweis Egyetem, <a href=\"https:\/\/semmelweis.hu\/phd\/doktori-iskolak\/szentagothai-janos-idegtudomanyi-di-multidiszciplinaris-orvostudomanyok\/\">Szent\u00e1gothai J\u00e1nos Idegtudom\u00e1nyi Tagozat<\/a>, klinikai neurol\u00f3giai kutat\u00e1sok program (6\/5) (t\u00e9mavezet\u0151: Prof. Dr. Banczerowski P\u00e9ter):<\/strong><\/p>\n<p><strong><br \/>\n<\/strong>T\u00e9mak\u00f6r\u00f6k:<\/p>\n<p>1. Modern idegseb\u00e9szeti kezel\u00e9si lehet\u0151s\u00e9gek a k\u00f6zponti idegrendszert \u00e9rint\u0151 k\u00f3rfolyamatokban.<\/p>\n<p style=\"padding-left: 40px\">a, A minim\u00e1l invaz\u00edv idegseb\u00e9szet.<br \/>\nb, Low grade glioma (Astrocytoma II) kombin\u00e1lt \u00e9s nem seb\u00e9szi kezel\u00e9se.<br \/>\nc, 4 dimenzi\u00f3s interakt\u00edv fotorekonstrukci\u00f3s elj\u00e1r\u00e1s.<\/p>\n<p>2. Mikroseb\u00e9szeti elj\u00e1r\u00e1sok interakt\u00edv t\u00e9rhat\u00e1s\u00fa megjelen\u00edt\u00e9se, m\u0171t\u00e9ti szimul\u00e1torok fejleszt\u00e9se, k\u00fcl\u00f6n\u00f6s tekintettel a k\u00f6zponti \u00e9s perif\u00e9ri\u00e1s idegrendszerre.<\/p>\n<p>3. Gerincmetaszt\u00e1zisok prognosztikai faktorainak \u00e1tfog\u00f3 vizsg\u00e1lata<\/p>\n<p>4. Degenerat\u00edv gerincbetegs\u00e9gek \u00e9letmin\u0151s\u00e9gre gyakorolt hat\u00e1s\u00e1nak vizsg\u00e1lata\u00a0<\/p>\n<p><strong>\u00c9rdekl\u0151d\u00e9s szerint egy\u00e9b t\u00e9mak\u00f6r\u00f6kben is lehets\u00e9ges PhD munka v\u00e9gz\u00e9se.<\/strong><\/p>\n<p><strong>V\u00e9gzett PhD hallgat\u00f3k:\u00a0<\/strong><\/p>\n<p>Dr. Vitanovic Dusan\u00a0<br \/>\nC\u00edm: Feln\u0151ttkori supratentorialis agyi astrocytom\u00e1k nem seb\u00e9szi kezel\u00e9se (glioblastoma multiforme, anaplasztikus astrocytoma, low grade glioma) &#8211; 2016<br \/>\nT\u00e9mavezet\u0151: Prof. Dr. Banczerowski P\u00e9ter\u00a0<\/p>\n<p>Dr. Balogh Attila\u00a0<br \/>\nC\u00edm: Szimul\u00e1lt idegseb\u00e9szeti elj\u00e1r\u00e1sok interakt\u00edv t\u00e9rhat\u00e1s\u00fa megjelen\u00edt\u00e9se &#8211; 2016<br \/>\nT\u00e9mavezet\u0151: Prof. Dr. Banczerowski P\u00e9ter\u00a0<\/p>\n<p>Dr. Czigl\u00e9czki G\u00e1bor\u00a0<br \/>\nC\u00edm: A gerincet \u00e9rint\u0151 metaszt\u00e1zissal kezelt betegek progn\u00f3zis\u00e1t meghat\u00e1roz\u00f3 faktorok vizsg\u00e1lata, valamint a gerinc daganatok minim\u00e1lisan invaz\u00edv kezel\u00e9si lehet\u0151s\u00e9gei &#8211; 2019<br \/>\nT\u00e9mavezet\u0151: Prof. Dr. Banczerowski P\u00e9ter\u00a0<\/p>\n<p>Dr. Fekete Tam\u00e1s F\u00fcl\u00f6p\u00a0<br \/>\nC\u00edm: Degenerat\u00edv \u00e1gy\u00e9ki gerinc elv\u00e1ltoz\u00e1sok seb\u00e9szi kezel\u00e9s\u00e9nek eredm\u00e9nyei, \u00f6sszpontos\u00edtva a betegek \u00e9rt\u00e9kel\u00e9seire &#8211; 2021<br \/>\nT\u00e9mavezet\u0151: Prof. Dr. Banczerowski P\u00e9ter, Dr. Jeszenszky Dezs\u0151<\/p>\n<p>Dr. Mezei Tam\u00e1s<br \/>\nC\u00edm: Gerinc\u00e1tt\u00e9tes betegek progn\u00f3zist j\u00f3sl\u00f3 rendszereinek \u00e1tfog\u00f3 vizsg\u00e1lata, \u00faj rizik\u00f3kalkul\u00e1tor fejleszt\u00e9se &#8211; 2022<br \/>\nT\u00e9mavezet\u0151: Prof. Dr. Banczerowski P\u00e9ter, Dr. Pollner P\u00e9ter<\/p>\n<p><strong>Folyamatban l\u00e9v\u0151 PhD k\u00e9pz\u00e9s:\u00a0<br \/>\n<\/strong><\/p>\n<p>Dr. Nagy Zolt\u00e1n<br \/>\nT\u00e9mavezet\u0151: Prof. Dr. Banczerowski P\u00e9ter<\/p>\n","protected":false},"excerpt":{"rendered":"<p>Az Idegseb\u00e9szeti Tansz\u00e9k a Doktori Iskola PhD k\u00e9pz\u00e9si programjaiba t\u00f6bb experiment\u00e1lis \u00e9s klinikai t\u00e9m\u00e1val csatlakozik egy\u00e9ni felk\u00e9sz\u00fcl\u00e9s\u0171 \u00e9s \u00f6szt\u00f6nd\u00edjas PhD k\u00e9pz\u00e9s keretein bel\u00fcl.\u00a0 Kutat\u00e1si programok: Semmelweis Egyetem, <a href=\"https:\/\/semmelweis.hu\/phd\/doktori-iskolak\/szentagothai-janos-idegtudomanyi-di-multidiszciplinaris-orvostudomanyok\/\">Szent\u00e1gothai J\u00e1nos Idegtudom\u00e1nyi Tagozat<\/a> , klinikai neurol\u00f3giai kutat\u00e1sok program (6\/5) (t\u00e9mavezet\u0151: Prof. Dr. Banczerowski P\u00e9ter): T\u00e9mak\u00f6r\u00f6k: 1. Modern idegseb\u00e9szeti kezel\u00e9si lehet\u0151s\u00e9gek a k\u00f6zponti idegrendszert \u00e9rint\u0151 k\u00f3rfolyamatokban. a, A minim\u00e1l invaz\u00edv idegseb\u00e9szet. b, &hellip;<\/p>\n","protected":false},"author":102,"featured_media":0,"parent":8,"menu_order":4,"comment_status":"closed","ping_status":"closed","template":"","meta":{"_acf_changed":false,"footnotes":""},"categories":[],"tags":[],"class_list":["post-42","page","type-page","status-publish","hentry"],"acf":[],"_links":{"self":[{"href":"https:\/\/semmelweis.hu\/idegsebeszet\/wp-json\/wp\/v2\/pages\/42","targetHints":{"allow":["GET"]}}],"collection":[{"href":"https:\/\/semmelweis.hu\/idegsebeszet\/wp-json\/wp\/v2\/pages"}],"about":[{"href":"https:\/\/semmelweis.hu\/idegsebeszet\/wp-json\/wp\/v2\/types\/page"}],"author":[{"embeddable":true,"href":"https:\/\/semmelweis.hu\/idegsebeszet\/wp-json\/wp\/v2\/users\/102"}],"replies":[{"embeddable":true,"href":"https:\/\/semmelweis.hu\/idegsebeszet\/wp-json\/wp\/v2\/comments?post=42"}],"version-history":[{"count":10,"href":"https:\/\/semmelweis.hu\/idegsebeszet\/wp-json\/wp\/v2\/pages\/42\/revisions"}],"predecessor-version":[{"id":816,"href":"https:\/\/semmelweis.hu\/idegsebeszet\/wp-json\/wp\/v2\/pages\/42\/revisions\/816"}],"up":[{"embeddable":true,"href":"https:\/\/semmelweis.hu\/idegsebeszet\/wp-json\/wp\/v2\/pages\/8"}],"wp:attachment":[{"href":"https:\/\/semmelweis.hu\/idegsebeszet\/wp-json\/wp\/v2\/media?parent=42"}],"wp:term":[{"taxonomy":"category","embeddable":true,"href":"https:\/\/semmelweis.hu\/idegsebeszet\/wp-json\/wp\/v2\/categories?post=42"},{"taxonomy":"post_tag","embeddable":true,"href":"https:\/\/semmelweis.hu\/idegsebeszet\/wp-json\/wp\/v2\/tags?post=42"}],"curies":[{"name":"wp","href":"https:\/\/api.w.org\/{rel}","templated":true}]}}