{"id":41,"date":"2013-02-25T11:18:29","date_gmt":"2013-02-25T11:18:29","guid":{"rendered":"http:\/\/semmelweis-egyetem.hu\/idegsebeszet\/?page_id=41"},"modified":"2025-12-02T11:45:54","modified_gmt":"2025-12-02T10:45:54","slug":"gradualis-oktatas","status":"publish","type":"page","link":"https:\/\/semmelweis.hu\/idegsebeszet\/oktatas\/gradualis-oktatas\/","title":{"rendered":"Gradu\u00e1lis oktat\u00e1s &#8211; Idegseb\u00e9szet"},"content":{"rendered":"<p>Az Idegseb\u00e9szet az V. \u00e9vfolyamon k\u00f6telez\u0151en v\u00e1laszthat\u00f3 tant\u00e1rgy (2 kredit).<\/p>\n<p><strong>Tant\u00e1rgyfelel\u0151s:<\/strong> Prof. Dr. Banczerowski P\u00e9ter<\/p>\n<p><strong>Helysz\u00edn:<\/strong> 1145 Bp., Amerikai \u00fat 57.\u00a0<\/p>\n<p><strong>K\u00f6vetelm\u00e9nyrendszer 2023\/2024 tan\u00e9v:<\/strong> <a href=\"https:\/\/semmelweis.hu\/idegsebeszet\/files\/2024\/01\/Tantargyi-kovetelmenyrendszer-Formanyomtatvany-magyar_Idegsebeszet_2023.pdf\">ide kattintva<\/a> olvashat\u00f3 (pdf)<\/p>\n<div class=\"responsive-tabs\">\n<h2 class=\"tabtitle\">T\u00e1rgyle\u00edr\u00e1s<\/h2>\n<div class=\"tabcontent\">\n\n<p><b>T\u00e1rgyle\u00edr\u00e1s:<\/b><\/p>\n<p style=\"text-align: justify\">Az idegseb\u00e9szet az orvostudom\u00e1nynak az az \u00e1ga, amely a k\u00f6zponti, a perif\u00e9ri\u00e1s \u00e9s az auton\u00f3m idegrendszer, tov\u00e1bb\u00e1 azok t\u00e1maszt\u00f3 strukt\u00far\u00e1i, a koponya, a gerinc valamint az idegrendszer v\u00e9rell\u00e1t\u00e1s\u00e1ban r\u00e9sztvev\u0151 \u00e9rrendszer betegs\u00e9geinek diagnosztik\u00e1j\u00e1val \u00e9s kezel\u00e9s\u00e9vel foglalkozik. Ezen t\u00falmen\u0151en az idegrendszer m\u0171k\u00f6d\u00e9s\u00e9t k\u00e1ros\u00edt\u00f3, vagy aktivit\u00e1s\u00e1t m\u00f3dos\u00edt\u00f3 k\u00f3rfolyamatok diagnosztik\u00e1j\u00e1t \u00e9s kezel\u00e9s\u00e9t egyar\u00e1nt mag\u00e1ban foglalja. Az idegseb\u00e9szet mindazon seb\u00e9szi beavatkoz\u00e1sokat \u00e9s nem seb\u00e9szi elj\u00e1r\u00e1sokat tartalmazza, amelyek az idegrendszert \u00e9rint\u0151 k\u00f3rfolyamatok diagnosztik\u00e1ja, kezel\u00e9se, illetve betegek rehabilit\u00e1ci\u00f3ja sor\u00e1n sz\u00fcks\u00e9gess\u00e9 v\u00e1lnak.<\/p>\n<p style=\"text-align: justify\">F\u0151bb ter\u00fcletei: neurotraumatol\u00f3gia (az idegrendszert \u00e9s t\u00e1maszt\u00f3 strukt\u00far\u00e1it \u00e9rint\u0151 baleseti k\u00e1rosod\u00e1sok), neuroonkol\u00f3gia (a k\u00f6zponti \u00e9s a perif\u00e9ri\u00e1s idegrendszer daganatos megbeteged\u00e9sei), vascul\u00e1ris idegseb\u00e9szet (a k\u00f6zponti idegrendszer \u00e9reredet\u0171 b\u00e1ntalmai),\u00a0 gerincseb\u00e9szet (a \u00a0gerinc szerkezeti elemeit \u00e9rint\u0151 k\u00f3rfolyamatok), funkcion\u00e1lis idegseb\u00e9szet (f\u00e1jdalom, epilepsia, mozg\u00e1szavarok befoly\u00e1sol\u00e1si lehet\u0151s\u00e9gei), illetve\u00a0 gyermekidegseb\u00e9szet.<\/p>\n<p style=\"text-align: justify\">Az idegseb\u00e9szet t\u00e1rgy keret\u00e9ben bemutat\u00e1sra ker\u00fclnek azon k\u00f3rk\u00e9pek, amelyek a k\u00f6zponti \u00e9s a perif\u00e9ri\u00e1s idegrendszer k\u00e1rosod\u00e1s\u00e1val j\u00e1rnak \u00e9s m\u0171t\u00e9ti \u00faton kezelhet\u0151k. A hallgat\u00f3k megismerkednek az idegseb\u00e9szeti m\u0171t\u00e9ti elj\u00e1r\u00e1sokkal \u00e9s diagnosztikai m\u00f3dszerekkel. A t\u00e1rgy keret\u00e9ben bemutat\u00e1sra ker\u00fclnek mindazon hat\u00e1rter\u00fcleti probl\u00e9m\u00e1k, amelyek az idegseb\u00e9szeti beteg diagnosztiz\u00e1l\u00e1sa, kivizsg\u00e1l\u00e1sa, kezel\u00e9se sor\u00e1n felmer\u00fclhetnek.<\/p>\n<p style=\"text-align: justify\">A kurzus lehet\u0151v\u00e9 teszi a hallgat\u00f3k sz\u00e1m\u00e1ra, hogy megismerj\u00e9k a m\u0171t\u00e9t el\u0151tti kivizsg\u00e1l\u00e1si folyamatokat, az \u00f6sszetett kezel\u00e9si m\u00f3dszereket, az idegseb\u00e9szeti betegek m\u0171t\u00e9t ut\u00e1ni ell\u00e1t\u00e1s\u00e1t \u00e9s a betegek k\u00f6vet\u00e9s\u00e9t.<\/p>\n<p><strong>Oktat\u00e1s m\u00f3dja:<\/strong> tantermi el\u0151ad\u00e1s<\/p>\n\n<\/div><h2 class=\"tabtitle\">Tematika, k\u00f6vetlem\u00e9nyek<\/h2>\n<div class=\"tabcontent\">\n\n<p><strong>Magyar nyelv\u0171 el\u0151ad\u00e1s tematika:<\/strong><\/p>\n<ol>\n<li>Bevezet\u00e9s. Az idegseb\u00e9szet t\u00e1rgya \u00e9s t\u00f6rt\u00e9nete\u00a0<\/li>\n<li>Neuroanat\u00f3miai\u00a0 \u2013 mikroseb\u00e9szeti-anat\u00f3miai alapok.<\/li>\n<li>A k\u00f6zponti idegrendszer \u00e9r-megbeteged\u00e9sei.<\/li>\n<li>A koponya\u0171ri nyom\u00e1sfokz\u00f3d\u00e1s. Hydrocephalusok.<\/li>\n<li>Gyermekidegseb\u00e9szet<\/li>\n<li>Agydaganatok.<\/li>\n<li>Gerincdaganatok<\/li>\n<li>Gerinc- \u00e9s gerincvel\u0151 s\u00e9r\u00fcl\u00e9sek.<\/li>\n<li>A neurotraumatol\u00f3gia alapjai, koponyas\u00e9r\u00fcl\u00e9sek \u00e9s kezel\u00e9s\u00fck<\/li>\n<li>A gerinc degenerat\u00edv megbeteged\u00e9sei<\/li>\n<li>Epilepszia seb\u00e9szet \u00e9s kivizsg\u00e1l\u00e1s.<\/li>\n<li>Funkcion\u00e1lis idegseb\u00e9szet \u00e9s c\u00e9lzott beavatkoz\u00e1sok.<\/li>\n<li>Sug\u00e1rseb\u00e9szet<\/li>\n<li>Koponyaalap seb\u00e9szete<\/li>\n<\/ol>\n<p><strong>K\u00f6vetelm\u00e9nyek:<\/strong><br \/>\n&#8211; el\u0151ad\u00e1sokon elhangzott tud\u00e1sanyag elsaj\u00e1t\u00edt\u00e1sa, a\u00a0f\u00e9l\u00e9v tananyag\u00e1nak sz\u00e1monk\u00e9r\u00e9se, a tematik\u00e1ban szerepl\u0151 t\u00e9mak\u00f6r\u00f6k k\u00f6r\u00e9 csoportos\u00edtva.\u00a0<br \/>\n&#8211; a megaj\u00e1nlott jegy felt\u00e9teleinek sikeres teljes\u00edt\u00e9se (beadand\u00f3 dolgozat \u00edr\u00e1sa) \u00e9s\/ vagy tesztvizsga<\/p>\n<p><strong>Sz\u00e1monk\u00e9r\u00e9s m\u00f3dja:<br \/>\n<\/strong>A beadand\u00f3 dolgozat \u00e9s\/vagy a tesztvizsg\u00e1n megszerezett jegy alapj\u00e1n, \u00f6tfokozat\u00fa sk\u00e1la alapj\u00e1n.<\/p>\n<p><strong>A tananyag elsaj\u00e1t\u00edt\u00e1s\u00e1t seg\u00edt\u0151 dokumentumok:<\/strong><\/p>\n<p>Banczerowski &#8211; Vajda: Az idegseb\u00e9szet alapjai (2022)<\/p>\n<p>P\u00e1sztor \u2013 Vajda: Idegseb\u00e9szet (Medicina 1995)<\/p>\n<p>Ny\u00e1ry Istv\u00e1n: A k\u00f6zponti idegrendszer seb\u00e9szete; Ga\u00e1l Csaba (szerk.): Seb\u00e9szet, 6.kiad\u00e1s; Medicina K\u00f6nyvkiad\u00f3 Zrt. Budapest, 2007. 424-456<\/p>\n<p>Schmidek &amp; Sweet&#8217;s operative neurosurgical techniques \/ Alfredo Quinones-Hinojosa -62. kiad\u00e1s c\u00edm\u0171 tank\u00f6nyv is (Jelzetek: I1\/412 \u00e9s I1\/413)<\/p>\n<p>Moodle rendszerben el\u00e9rhet\u0151 el\u0151ad\u00e1sok anyagai<\/p>\n\n<\/div><h2 class=\"tabtitle\">El\u0151ad\u00e1sok<\/h2>\n<div class=\"tabcontent\">\n\n<p><span style=\"font-size: 14pt\"><strong>El\u0151ad\u00e1sok anyagai:<\/strong><\/span><\/p>\n<ul>\n<li><a href=\"https:\/\/semmelweis.hu\/idegsebeszet\/files\/2023\/12\/Az-idegsebeszet-targya-es-tortenete-2023.pdf\">Bevezet\u00e9s. Az idegseb\u00e9szet t\u00e1rgya \u00e9s t\u00f6rt\u00e9nete<\/a><\/li>\n<li><a href=\"https:\/\/semmelweis.hu\/idegsebeszet\/files\/2023\/12\/Koponyauri-nyomasfokozodas-hydrocephalus-2023.pdf\">A koponya\u0171ri nyom\u00e1sfokz\u00f3d\u00e1s. Hydrocephalusok<\/a><\/li>\n<li><a href=\"https:\/\/semmelweis.hu\/idegsebeszet\/files\/2023\/12\/Neurotraumatologia-koponyserulesek-23.pdf\">A neurotraumatol\u00f3gia alapjai, koponyas\u00e9r\u00fcl\u00e9sek \u00e9s kezel\u00e9s\u00fck<\/a><\/li>\n<li><a href=\"https:\/\/semmelweis.hu\/idegsebeszet\/files\/2023\/12\/Gerinc-es-gerincvelo-serulesek_23.pdf\">Gerinc -\u00e9s gerincvel\u0151 s\u00e9r\u00fcl\u00e9sek<\/a><\/li>\n<li><a href=\"https:\/\/semmelweis.hu\/idegsebeszet\/files\/2025\/01\/2024_Agydaganatok_MAGYAR.pdf\" target=\"_blank\" rel=\"noopener\">Agydaganatok<\/a><\/li>\n<li><a href=\"https:\/\/semmelweis.hu\/idegsebeszet\/files\/2023\/12\/A-kozponti-idegrendszer-er-megbetegedesei-20231129.pdf\">A k\u00f6zponti idegrendszer \u00e9r-megbeteged\u00e9sei<\/a><\/li>\n<li><a href=\"https:\/\/semmelweis.hu\/idegsebeszet\/files\/2023\/12\/Gerincdaganatok-sebeszi-kezelese.pdf\">Gerincdaganatok<br \/>\n<\/a><\/li>\n<li><a href=\"https:\/\/semmelweis.hu\/idegsebeszet\/files\/2023\/12\/A-gerinc-degenerativ-megbetegedesei.pdf\">A gerinc degenerat\u00edv megbeteged\u00e9sei<\/a><\/li>\n<li><a href=\"https:\/\/semmelweis.hu\/idegsebeszet\/files\/2023\/12\/Epilepszia-sebeszetPPT.pdf\">Epilepszia seb\u00e9szet \u00e9s kivizsg\u00e1l\u00e1s<\/a><\/li>\n<li><a href=\"https:\/\/semmelweis.hu\/idegsebeszet\/files\/2023\/12\/SOTE-HU-FunkcIdegsebPPT.pdf\">Funkcion\u00e1lis idegseb\u00e9szet \u00e9s c\u00e9lzott beavatkoz\u00e1sok<\/a><\/li>\n<li><a href=\"https:\/\/semmelweis.hu\/idegsebeszet\/files\/2023\/12\/Sugarsebeszet2023_NG.pdf\">Sug\u00e1rseb\u00e9szet<\/a><\/li>\n<li><a href=\"https:\/\/semmelweis.hu\/idegsebeszet\/files\/2023\/12\/Koponyaalap2023_NG.pdf\">Koponyaalap seb\u00e9szete<\/a><\/li>\n<\/ul>\n<\/div><\/div>\n<p>&nbsp;<\/p>\n","protected":false},"excerpt":{"rendered":"<p>Az Idegseb\u00e9szet az V. \u00e9vfolyamon k\u00f6telez\u0151en v\u00e1laszthat\u00f3 tant\u00e1rgy (2 kredit). Tant\u00e1rgyfelel\u0151s: Prof. Dr. Banczerowski P\u00e9ter Helysz\u00edn: 1145 Bp., Amerikai \u00fat 57.\u00a0 K\u00f6vetelm\u00e9nyrendszer 2023\/2024 tan\u00e9v: <a href=\"https:\/\/semmelweis.hu\/idegsebeszet\/files\/2024\/01\/Tantargyi-kovetelmenyrendszer-Formanyomtatvany-magyar_Idegsebeszet_2023.pdf\">ide kattintva<\/a> olvashat\u00f3 (pdf) T\u00e1rgyle\u00edr\u00e1s: Az idegseb\u00e9szet az orvostudom\u00e1nynak az az \u00e1ga, amely a k\u00f6zponti, a perif\u00e9ri\u00e1s \u00e9s az auton\u00f3m idegrendszer, tov\u00e1bb\u00e1 azok t\u00e1maszt\u00f3 strukt\u00far\u00e1i, a koponya, a gerinc valamint az idegrendszer v\u00e9rell\u00e1t\u00e1s\u00e1ban &hellip;<\/p>\n","protected":false},"author":102,"featured_media":0,"parent":8,"menu_order":0,"comment_status":"closed","ping_status":"closed","template":"","meta":{"_acf_changed":false,"footnotes":""},"categories":[],"tags":[],"class_list":["post-41","page","type-page","status-publish","hentry"],"acf":[],"_links":{"self":[{"href":"https:\/\/semmelweis.hu\/idegsebeszet\/wp-json\/wp\/v2\/pages\/41","targetHints":{"allow":["GET"]}}],"collection":[{"href":"https:\/\/semmelweis.hu\/idegsebeszet\/wp-json\/wp\/v2\/pages"}],"about":[{"href":"https:\/\/semmelweis.hu\/idegsebeszet\/wp-json\/wp\/v2\/types\/page"}],"author":[{"embeddable":true,"href":"https:\/\/semmelweis.hu\/idegsebeszet\/wp-json\/wp\/v2\/users\/102"}],"replies":[{"embeddable":true,"href":"https:\/\/semmelweis.hu\/idegsebeszet\/wp-json\/wp\/v2\/comments?post=41"}],"version-history":[{"count":10,"href":"https:\/\/semmelweis.hu\/idegsebeszet\/wp-json\/wp\/v2\/pages\/41\/revisions"}],"predecessor-version":[{"id":883,"href":"https:\/\/semmelweis.hu\/idegsebeszet\/wp-json\/wp\/v2\/pages\/41\/revisions\/883"}],"up":[{"embeddable":true,"href":"https:\/\/semmelweis.hu\/idegsebeszet\/wp-json\/wp\/v2\/pages\/8"}],"wp:attachment":[{"href":"https:\/\/semmelweis.hu\/idegsebeszet\/wp-json\/wp\/v2\/media?parent=41"}],"wp:term":[{"taxonomy":"category","embeddable":true,"href":"https:\/\/semmelweis.hu\/idegsebeszet\/wp-json\/wp\/v2\/categories?post=41"},{"taxonomy":"post_tag","embeddable":true,"href":"https:\/\/semmelweis.hu\/idegsebeszet\/wp-json\/wp\/v2\/tags?post=41"}],"curies":[{"name":"wp","href":"https:\/\/api.w.org\/{rel}","templated":true}]}}