{"id":32,"date":"2013-02-25T10:51:06","date_gmt":"2013-02-25T09:51:06","guid":{"rendered":"http:\/\/semmelweis-egyetem.hu\/idegsebeszet\/?page_id=32"},"modified":"2024-09-18T15:40:13","modified_gmt":"2024-09-18T13:40:13","slug":"tdk","status":"publish","type":"page","link":"https:\/\/semmelweis.hu\/idegsebeszet\/kutatasi-teruletek\/tdk\/","title":{"rendered":"TDK"},"content":{"rendered":"<p><strong>A meghirdetett t\u00e9mak\u00f6r\u00f6k\u00f6n k\u00edv\u00fcl \u00e9rdekl\u0151d\u00e9s\u00a0szerint\u00a0egy\u00e9b idegseb\u00e9szeti t\u00e9m\u00e1k is v\u00e1laszthat\u00f3ak.<\/strong><\/p>\n<p><strong>Meghirdetett TDK t\u00e9m\u00e1k 2024\/2025 tan\u00e9vre:\u00a0<\/p>\n<p><\/strong> \u00daj minim\u00e1lisan invaz\u00edv gerincseb\u00e9szeti elj\u00e1r\u00e1sok <br \/>\nProf. Dr. Banczerowski P\u00e9ter <\/p>\n<p>Az idegseb\u00e9szeti k\u00f3rfolyamatok vizsg\u00e1lata <br \/>\nProf. Dr. Banczerowski P\u00e9ter<\/p>\n<p>3D modellez\u00e9s az idegseb\u00e9szetben<br \/>\nProf. Dr. Banczerowski P\u00e9ter<\/p>\n<p>Gerinctumorok vizsg\u00e1lata, ut\u00e1nk\u00f6vet\u00e9se<br \/>\nProf. Dr. Banczerowski P\u00e9ter<\/p>\n<p>Prognosztikai rendszer kialak\u00edt\u00e1sa \u00e1tt\u00e9tes gerincdaganattal rendelkez\u0151 betegek sz\u00e1m\u00e1ra<br \/>\nProf. Dr. Banczerowski P\u00e9ter, Dr. Mezei Tam\u00e1s<\/p>\n<p>Feln\u0151ttkori primer agytumorok okozta szimpt\u00f3mi\u00e1s epilepszia valpro\u00e1t ter\u00e1pi\u00e1j\u00e1nak hat\u00e1sa a t\u00fal\u00e9l\u00e9sre<br \/>\nProf. Dr. Banczerowski P\u00e9ter, Dr. Mezei Tam\u00e1s<\/p>\n<p>Primer malignus k\u00f6zponti idegrendszeri daganattal rendelkez\u0151 gyermekek szem\u00e9lyre szabott valpro\u00e1t ter\u00e1pi\u00e1j\u00e1nak vizsg\u00e1lata<br \/>\nProf. Dr. Banczerowski P\u00e9ter, Dr. Markia Bal\u00e1zs,\u00a0 Dr. Mezei Tam\u00e1s<\/p>\n<p>Porckorong prot\u00e9zisek szerepe a gerinc degenerat\u00edv megbeteged\u00e9seiben<br \/>\nProf. Dr. Banczerowski P\u00e9ter, Dr. Misik Ferenc<\/p>\n<p>Gerinc gyullad\u00e1sos megbeteged\u00e9seinek kezel\u00e9se <br \/>\nProf. Dr. Banczerowski P\u00e9ter, Dr. Pad\u00e1nyi Csaba <\/p>\n<p>4D anat\u00f3miai atlasz \u2013 \u00faj oktat\u00e1si lehet\u0151s\u00e9g az idegseb\u00e9szetben <br \/>\nDr. Balogh Attila, Prof. Dr. Banczerowski P\u00e9ter <\/p>\n<p>Koponya rekonstrukci\u00f3s elj\u00e1r\u00e1sok az idegseb\u00e9szetben <br \/>\nDr. Vitanovics Dus\u00e1n, Prof. Dr. Banczerowski P\u00e9ter<\/p>\n<p>Gerincdaganatok seb\u00e9szi kezel\u00e9si lehet\u0151s\u00e9gei <br \/>\nProf. Dr. Banczerowski P\u00e9ter <\/p>\n<p>A gerinc\u00a0k\u00fcl\u00f6nb\u00f6z\u0151 etiol\u00f3gi\u00e1j\u00fa megbeteged\u00e9seinek bels\u0151 r\u00f6gz\u00edt\u00e9ssel j\u00e1r\u00f3 kezel\u00e9se, a betegek \u00e9letmin\u0151s\u00e9g\u00e9nek v\u00e1ltoz\u00e1sa <br \/>\nDr. Papp Zolt\u00e1n, Prof. Dr. Banczerowski P\u00e9ter<\/p>\n<p>A gerinc degenerat\u00edv elv\u00e1ltoz\u00e1sainak m\u0171t\u00e9ti kezel\u00e9se<br \/>\nProf. Dr. Banczerowski P\u00e9ter<\/p>\n<p>Idegseb\u00e9szeti vonatkoz\u00e1ssal rendelkez\u0151 genetikai szindr\u00f3m\u00e1k vizsg\u00e1lata<br \/>\nProf. Dr. Banczerowski P\u00e9ter, Dr. Czigl\u00e9czki G\u00e1bor<\/p>\n<p>Agyalapi daganatok minim\u00e1linvaz\u00edv ell\u00e1t\u00e1sa <br \/>\nProf. Dr. Ny\u00e1ry Istv\u00e1n<\/p>\n<p>F\u00e1jdalom-szindr\u00f3m\u00e1k idegseb\u00e9szeti kezel\u00e9s\u00e9nek retrospekt\u00edv vizsg\u00e1lata <br \/>\nProf. Dr. Ny\u00e1ry Istv\u00e1n <\/p>\n<p>B\u00e1zisk\u00f6zeli k\u00f3rfolyamatok kezel\u00e9se <br \/>\nDr. Orbay P\u00e9ter <\/p>\n<p>A koponyab\u00e1zis seb\u00e9szi felt\u00e1r\u00e1sa <br \/>\nDr. Orbay P\u00e9ter <\/p>\n<p>Basiscarcinom\u00e1k seb\u00e9szi kezel\u00e9se<br \/>\nDr. Orbay P\u00e9ter <\/p>\n<p>Glioblastoma hossz\u00fat\u00e1v\u00fa t\u00fal\u00e9l\u00e9se <br \/>\nDr. Bag\u00f3 Attila<\/p>\n<p>Malignus gliomak kezel\u00e9si elvei<br \/>\nDr. Bag\u00f3 Attila <\/p>\n<p>Intracranialis vascularis k\u00f3rk\u00e9pek kezel\u00e9se <br \/>\nDr. V\u00e1rady P\u00e9ter <\/p>\n<p>Csecsm\u0151kori hydrocefalusok kezel\u00e9se <br \/>\nDr. Markia Bal\u00e1zs <\/p>\n<p>Gyermekkori h\u00e1ts\u00f3 sk\u00e1lai agydaganatok prognosztikai faktorai <br \/>\nDr. Markia Bal\u00e1zs <\/p>\n<p>Feln\u0151ttkori ependymom\u00e1k komplex kezel\u00e9se<br \/>\nDr. Sipos L\u00e1szl\u00f3 <\/p>\n<p>Glioblastoma multiforme korszer\u0171 kezel\u00e9se az Orsz\u00e1gos Idegtudom\u00e1nyi Int\u00e9zet adatb\u00e1zis\u00e1t felhaszn\u00e1lva<br \/>\nDr. Sipos L\u00e1szl\u00f3 <\/p>\n<p>Invaz\u00edv elektr\u00f3d\u00e1kkal v\u00e9gzett m\u0171t\u00e9t el\u0151tti kivizsg\u00e1l\u00e1sra ker\u00fcl\u0151 epilepsziaseb\u00e9szeti betegek intraoperat\u00edv \u00e9s extraoperat\u00edv elektrofiziol\u00f3giai vizsg\u00e1lata <br \/>\nDr.Er\u0151ss Lor\u00e1nd-Dr. Fab\u00f3 D\u00e1niel <\/p>\n<p>Fiziol\u00f3gi\u00e1s \u00e9s patol\u00f3gi\u00e1s oszcill\u00e1ci\u00f3k vizsg\u00e1lata idegseb\u00e9szeti ell\u00e1t\u00e1sra ker\u00fcl\u0151 betegek agyk\u00e9rg\u00e9ben in vitro <br \/>\nDr. Er\u0151ss Lor\u00e1nd -Wittner Lucia <\/p>\n<p>Epilepsziaseb\u00e9szeti ell\u00e1t\u00e1sra ker\u00fclt betegek rohamkimenetel\u00e9nek \u00e9s \u00e9letmin\u0151s\u00e9gnek vizsg\u00e1lata Dr. Er\u0151ss Lor\u00e1nd- Dr. Entz L\u00e1szl\u00f3 <\/p>\n<p>Invaz\u00edv f\u00e1jdalomcsillap\u00edt\u00e1si m\u00f3dszerek klinikai kimenetel\u00e9nek prospekt\u00edv \u00e9s retrospekt\u00edv vizsg\u00e1lata <br \/>\nDr. Er\u0151ss Lor\u00e1nd<\/p>\n<p>Programozhat\u00f3 gy\u00f3gyszerpump\u00e1val adagolt intrathecalis Baclofen kezel\u00e9sben r\u00e9szes\u00fcl\u0151 spaszticus betegek ut\u00e1nk\u00f6vet\u00e9se, a gy\u00f3gyszeradagol\u00e1si m\u00f3dok hat\u00e1sa a klinikai \u00e1llapotra. Dr. Er\u0151ss Lor\u00e1nd -Dr. Entz L\u00e1szl\u00f3<\/p>\n<p>M\u00e9ly agyi stimul\u00e1tor be\u00fcltet\u00e9sen \u00e1tesett Parkinson k\u00f3ros betegek elektr\u00f3da poz\u00edci\u00f3j\u00e1nak posztoperativ vizsg\u00e1lata <br \/>\nDr. Er\u0151ss Lor\u00e1nd<\/p>\n<p>M\u00e9ly agyi stimul\u00e1ci\u00f3 hat\u00e1sa a rohamkimenetelre \u00e9s a ter\u00e1pia optimaliz\u00e1l\u00e1s\u00e1nak lehet\u0151s\u00e9gei a ter\u00e1pia rezisztens epilepszi\u00e1s betegekn\u00e9l <br \/>\nDr. Er\u0151ss Lor\u00e1nd- Dr. Entz L\u00e1szl\u00f3<\/p>\n<p>M\u00e9ly agyi stimul\u00e1tor be\u00fcltet\u00e9sen \u00e1tesett dystoni\u00e1s \u00e9s esszenci\u00e1lis tremoros betegek \u00e9letmin\u0151s\u00e9g\u00e9nek \u00e9s klinikai kimenetel\u00e9nek prospekt\u00edv vizsg\u00e1lata <br \/>\nDr. Er\u0151ss Lor\u00e1nd- Dr.Tam\u00e1s <\/p>\n<p>Intraoperat\u00edv neuromonitoroz\u00e1s lehet\u0151s\u00e9gei \u00e9s hat\u00e1sa a m\u0171t\u00e9ti kimenetelre <br \/>\nDr. Er\u0151ss Lor\u00e1nd -Dr. Fab\u00f3 D\u00e1niel<\/p>\n<p>M\u00e9ly agyi stimul\u00e1ci\u00f3 hat\u00e1sa mozg\u00e1szavarokban<br \/>\nDr. Er\u0151ss Lor\u00e1nd -Dr. Tam\u00e1s <\/p>\n<p>Malignus gliom\u00e1k epidemiol\u00f3giai vizsg\u00e1lata <br \/>\nDr. Fedorcs\u00e1k Imre <\/p>\n<p>Multiplex metaszt\u00e1zisok kezel\u00e9si algoritmus\u00e1nak kidolgoz\u00e1sa<br \/>\nDr. Fedorcs\u00e1k Imre<\/p>\n<p>Agydaganatok genetikai vizsg\u00e1lata <br \/>\nDr. Fedorcs\u00e1k Imre <\/p>\n<p>Az intracerebralis cavernom\u00e1k term\u00e9szetes k\u00f3rlefoly\u00e1sa \u00e9s kezel\u00e9se <br \/>\nDr. Nagy G\u00e1bor<\/p>\n<p>Az intraduralis benignus koponyaalapi daganatok minim\u00e1lisan invaz\u00edv kezel\u00e9se <br \/>\nDr. Nagy G\u00e1bor, Dr. Czirj\u00e1k S\u00e1ndor, Dr. Fedorcs\u00e1k Imre<\/p>\n<p>Sella k\u00f6rny\u00e9ki k\u00f3rfolyamatok kezel\u00e9se <br \/>\nDr. Czirj\u00e1k S\u00e1ndor<\/p>\n<p>A koponyaalapot \u00e9rint\u0151 malignus mell\u00e9k\u00fcregdaganatok multidiciplin\u00e1ris kezel\u00e9se <br \/>\nDr. Nagy G\u00e1bor, Dr. Czirj\u00e1k S\u00e1ndor <\/p>\n<p>Glioblastoma multiforme t\u00fal\u00e9l\u00e9st befoly\u00e1sol\u00f3 klinikai \u00e9s genetikus faktorok<br \/>\nDr. Nagy G\u00e1bor, Dr. Fedorcs\u00e1k Imre <\/p>\n<p>Agyi aneurysm\u00e1k 3D angiogr\u00e1fi\u00e1s felv\u00e9teleken alapul\u00f3 modellez\u00e9se<br \/>\nDr.Szikora Istv\u00e1n, Dr. Marosf\u0151i Mikl\u00f3s <\/p>\n<p>Agytumorok morfol\u00f3giai \u00e9s funkcion\u00e1lis k\u00e9palkot\u00f3 diagnosztik\u00e1ja<br \/>\n(Eg\u00e9szs\u00e9gtudom\u00e1nyi Kar hallgat\u00f3i sz\u00e1m\u00e1ra is)<br \/>\nDr. V\u00e1rallyay P\u00e9ter, Dr. Martos J\u00e1nos<\/p>\n<p>Gerinc degenerat\u00edv megbeteged\u00e9seinek k\u00e9palkot\u00f3 vizsg\u00e1lata<br \/>\n(Eg\u00e9szs\u00e9gtudom\u00e1nyi Kar hallgat\u00f3i sz\u00e1m\u00e1ra is)<br \/>\nDr. Martos J\u00e1nos<\/p>\n","protected":false},"excerpt":{"rendered":"<p>A meghirdetett t\u00e9mak\u00f6r\u00f6k\u00f6n k\u00edv\u00fcl \u00e9rdekl\u0151d\u00e9s\u00a0szerint\u00a0egy\u00e9b idegseb\u00e9szeti t\u00e9m\u00e1k is v\u00e1laszthat\u00f3ak. Meghirdetett TDK t\u00e9m\u00e1k 2024\/2025 tan\u00e9vre:\u00a0 \u00daj minim\u00e1lisan invaz\u00edv gerincseb\u00e9szeti elj\u00e1r\u00e1sok Prof. Dr. Banczerowski P\u00e9ter Az idegseb\u00e9szeti k\u00f3rfolyamatok vizsg\u00e1lata Prof. Dr. Banczerowski P\u00e9ter 3D modellez\u00e9s az idegseb\u00e9szetben Prof. Dr. Banczerowski P\u00e9ter Gerinctumorok vizsg\u00e1lata, ut\u00e1nk\u00f6vet\u00e9se Prof. Dr. Banczerowski P\u00e9ter Prognosztikai rendszer kialak\u00edt\u00e1sa \u00e1tt\u00e9tes gerincdaganattal rendelkez\u0151 betegek sz\u00e1m\u00e1ra Prof. &hellip;<\/p>\n","protected":false},"author":102,"featured_media":0,"parent":9,"menu_order":1,"comment_status":"closed","ping_status":"closed","template":"","meta":{"_acf_changed":false,"footnotes":""},"categories":[],"tags":[],"class_list":["post-32","page","type-page","status-publish","hentry"],"acf":[],"_links":{"self":[{"href":"https:\/\/semmelweis.hu\/idegsebeszet\/wp-json\/wp\/v2\/pages\/32","targetHints":{"allow":["GET"]}}],"collection":[{"href":"https:\/\/semmelweis.hu\/idegsebeszet\/wp-json\/wp\/v2\/pages"}],"about":[{"href":"https:\/\/semmelweis.hu\/idegsebeszet\/wp-json\/wp\/v2\/types\/page"}],"author":[{"embeddable":true,"href":"https:\/\/semmelweis.hu\/idegsebeszet\/wp-json\/wp\/v2\/users\/102"}],"replies":[{"embeddable":true,"href":"https:\/\/semmelweis.hu\/idegsebeszet\/wp-json\/wp\/v2\/comments?post=32"}],"version-history":[{"count":10,"href":"https:\/\/semmelweis.hu\/idegsebeszet\/wp-json\/wp\/v2\/pages\/32\/revisions"}],"predecessor-version":[{"id":875,"href":"https:\/\/semmelweis.hu\/idegsebeszet\/wp-json\/wp\/v2\/pages\/32\/revisions\/875"}],"up":[{"embeddable":true,"href":"https:\/\/semmelweis.hu\/idegsebeszet\/wp-json\/wp\/v2\/pages\/9"}],"wp:attachment":[{"href":"https:\/\/semmelweis.hu\/idegsebeszet\/wp-json\/wp\/v2\/media?parent=32"}],"wp:term":[{"taxonomy":"category","embeddable":true,"href":"https:\/\/semmelweis.hu\/idegsebeszet\/wp-json\/wp\/v2\/categories?post=32"},{"taxonomy":"post_tag","embeddable":true,"href":"https:\/\/semmelweis.hu\/idegsebeszet\/wp-json\/wp\/v2\/tags?post=32"}],"curies":[{"name":"wp","href":"https:\/\/api.w.org\/{rel}","templated":true}]}}