{"id":305,"date":"2016-10-11T09:19:57","date_gmt":"2016-10-11T07:19:57","guid":{"rendered":"http:\/\/semmelweis.hu\/idegsebeszet\/?page_id=305"},"modified":"2019-10-17T11:39:21","modified_gmt":"2019-10-17T09:39:21","slug":"rektori-palyamunka","status":"publish","type":"page","link":"https:\/\/semmelweis.hu\/idegsebeszet\/oktatas\/rektori-palyamunka\/","title":{"rendered":"Rektori p\u00e1lyamunka"},"content":{"rendered":"<p><strong>Rektori p\u00e1lyamunka a 2019\/2020 \u00e9s a 2018\/2019 tan\u00e9vben:<\/strong><\/p>\n<p>Syringomyelia \u00e9s syringobulbia idegseb\u00e9szeti kezel\u00e9si lehet\u0151s\u00e9gei\u00a0<br \/>\nT\u00e9mavezet\u0151: Dr. Papp Zolt\u00e1n, Dr. Mezei Tam\u00e1s, Prof. Dr. Banczerowski P\u00e9ter<\/p>\n<p>Feln\u0151ttkori szupratentori\u00e1lis primer agytumorok okozta szimpt\u00f3m\u00e1s epilepszia valpro\u00e1t kezel\u00e9s\u00e9nek hat\u00e1sa a t\u00fal\u00e9l\u00e9sre <br \/>\nT\u00e9mavezet\u0151: Prof. Dr. Banczerowski P\u00e9ter, Dr. Mezei Tam\u00e1s<\/p>\n<p>Akut ischaemi\u00e1s stroke endovaszkul\u00e1ris ell\u00e1t\u00e1s\u00e1t k\u00f6vet\u0151 intracranialis v\u00e9rz\u00e9ses sz\u00f6v\u0151dm\u00e9nyek<br \/>\nT\u00e9mavezet\u0151: Dr. Szikora Istv\u00e1n<\/p>\n<p><strong>Rektori p\u00e1lyamunka a 2017\/2018 tan\u00e9vben:<\/strong><\/p>\n<p>Komplex gyullad\u00e1sos spondylopathi\u00e1k incidenci\u00e1ja \u00e9s klinikai kimenetel\u00e9nek vizsg\u00e1lata feln\u0151ttekben<br \/>\nT\u00e9mavezet\u0151: Prof. Dr. Banczerowski P\u00e9ter, Dr. Czigl\u00e9czki G\u00e1bor<\/p>\n<p>Gyullad\u00e1s \u00e9s emelkedett testh\u0151m\u00e9rs\u00e9klet, mint a kimenetelt befoly\u00e1sol\u00f3 t\u00e9nyez\u0151k akut ischaemi\u00e1s stroke-ban<br \/>\nT\u00e9mavezet\u0151: Prof. Dr. Kamondi Anita<\/p>\n<p><strong>Rektori p\u00e1lyamunka a 2016\/2017 tan\u00e9vben:<\/strong><\/p>\n<p>\u00c1tt\u00e9tes gerincdaganatok vizsg\u00e1lata, ut\u00e1nk\u00f6vet\u00e9se, k\u00fcl\u00f6n\u00f6s tekintettel a p\u00e1ciensek t\u00fal\u00e9l\u00e9s\u00e9re \u00e9s a m\u0171t\u00e9ti ell\u00e1t\u00e1s sor\u00e1n ad\u00f3d\u00f3 sz\u00f6v\u0151dm\u00e9nyekre.<br \/>\nT\u00e9mavezet\u0151: Prof. Dr. Banczerowski P\u00e9ter<\/p>\n<p>Az occipitocervicalis juncti\u00f3ra lokaliz\u00e1l\u00f3d\u00f3 osteoblastom\u00e1k kezel\u00e9si strat\u00e9gi\u00e1ja<br \/>\nT\u00e9mavezet\u0151: Prof. Dr. Banczerowski P\u00e9ter<\/p>\n<p>3. Spinalis meningeom\u00e1k seb\u00e9szi kezel\u00e9se \u00e9s kimenetele<br \/>\nT\u00e9mavezet\u0151: Prof. Dr. Banczerowski P\u00e9ter<\/p>\n<p>&nbsp;<\/p>\n<p>&nbsp;<\/p>\n","protected":false},"excerpt":{"rendered":"<p>Rektori p\u00e1lyamunka a 2019\/2020 \u00e9s a 2018\/2019 tan\u00e9vben: Syringomyelia \u00e9s syringobulbia idegseb\u00e9szeti kezel\u00e9si lehet\u0151s\u00e9gei\u00a0 T\u00e9mavezet\u0151: Dr. Papp Zolt\u00e1n, Dr. Mezei Tam\u00e1s, Prof. Dr. Banczerowski P\u00e9ter Feln\u0151ttkori szupratentori\u00e1lis primer agytumorok okozta szimpt\u00f3m\u00e1s epilepszia valpro\u00e1t kezel\u00e9s\u00e9nek hat\u00e1sa a t\u00fal\u00e9l\u00e9sre T\u00e9mavezet\u0151: Prof. Dr. Banczerowski P\u00e9ter, Dr. Mezei Tam\u00e1s Akut ischaemi\u00e1s stroke endovaszkul\u00e1ris ell\u00e1t\u00e1s\u00e1t k\u00f6vet\u0151 intracranialis v\u00e9rz\u00e9ses sz\u00f6v\u0151dm\u00e9nyek T\u00e9mavezet\u0151: &hellip;<\/p>\n","protected":false},"author":102,"featured_media":0,"parent":8,"menu_order":3,"comment_status":"closed","ping_status":"closed","template":"","meta":{"_acf_changed":false,"footnotes":""},"categories":[],"tags":[],"class_list":["post-305","page","type-page","status-publish","hentry"],"acf":[],"_links":{"self":[{"href":"https:\/\/semmelweis.hu\/idegsebeszet\/wp-json\/wp\/v2\/pages\/305","targetHints":{"allow":["GET"]}}],"collection":[{"href":"https:\/\/semmelweis.hu\/idegsebeszet\/wp-json\/wp\/v2\/pages"}],"about":[{"href":"https:\/\/semmelweis.hu\/idegsebeszet\/wp-json\/wp\/v2\/types\/page"}],"author":[{"embeddable":true,"href":"https:\/\/semmelweis.hu\/idegsebeszet\/wp-json\/wp\/v2\/users\/102"}],"replies":[{"embeddable":true,"href":"https:\/\/semmelweis.hu\/idegsebeszet\/wp-json\/wp\/v2\/comments?post=305"}],"version-history":[{"count":10,"href":"https:\/\/semmelweis.hu\/idegsebeszet\/wp-json\/wp\/v2\/pages\/305\/revisions"}],"predecessor-version":[{"id":536,"href":"https:\/\/semmelweis.hu\/idegsebeszet\/wp-json\/wp\/v2\/pages\/305\/revisions\/536"}],"up":[{"embeddable":true,"href":"https:\/\/semmelweis.hu\/idegsebeszet\/wp-json\/wp\/v2\/pages\/8"}],"wp:attachment":[{"href":"https:\/\/semmelweis.hu\/idegsebeszet\/wp-json\/wp\/v2\/media?parent=305"}],"wp:term":[{"taxonomy":"category","embeddable":true,"href":"https:\/\/semmelweis.hu\/idegsebeszet\/wp-json\/wp\/v2\/categories?post=305"},{"taxonomy":"post_tag","embeddable":true,"href":"https:\/\/semmelweis.hu\/idegsebeszet\/wp-json\/wp\/v2\/tags?post=305"}],"curies":[{"name":"wp","href":"https:\/\/api.w.org\/{rel}","templated":true}]}}