{"id":260,"date":"2015-02-09T15:28:04","date_gmt":"2015-02-09T14:28:04","guid":{"rendered":"http:\/\/semmelweis.hu\/idegsebeszet\/?page_id=260"},"modified":"2022-08-16T09:36:05","modified_gmt":"2022-08-16T07:36:05","slug":"szakirodalom","status":"publish","type":"page","link":"https:\/\/semmelweis.hu\/idegsebeszet\/oktatas\/szakirodalom\/","title":{"rendered":"Szakirodalom"},"content":{"rendered":"<p>&nbsp;<\/p>\n<h3>Megjelent Banczerowski P\u00e9ter- Vajda J\u00e1nos szerkeszt\u00e9s\u00e9ben &#8222;Az idegseb\u00e9szet alapjai&#8221; c\u00edm\u0171 k\u00f6nyv<\/h3>\n<p>&nbsp;<\/p>\n<p style=\"text-align: justify\"><a href=\"https:\/\/www.medicina-kiado.hu\/kiadvanyaink\/szak-es-tankonyvek\/neurologia\/az-idegsebeszet-alapjai\/\"><img loading=\"lazy\" decoding=\"async\" class=\"alignright\" src=\"https:\/\/semmelweis.hu\/idegsebeszet\/files\/2022\/08\/1655563331-Idegseb-k.jpg\" alt=\"\" width=\"278\" height=\"394\" \/><\/a><span style=\"font-size: 1rem\">Egy tank\u00f6nyv sz\u00fcks\u00e9gszer\u0171en kett\u0151s arc\u00fa, egyszerre ny\u00fajt el\u0151re- \u00e9s h\u00e1tratekint\u00e9st. A P\u00e1sztor\u2013Vajda: Idegseb\u00e9szet c\u00edm\u0171 k\u00f6nyv megjelen\u00e9se \u00f3ta eltelt t\u00f6bb mint 25 \u00e9v jelent\u0151s v\u00e1ltoz\u00e1sokat hozott az idegseb\u00e9szet ter\u00fclet\u00e9n.<br \/>\n<\/span><span style=\"font-size: 1rem\">A nagym\u00e9rv\u0171 fejl\u0151d\u00e9s sz\u00fcks\u00e9gess\u00e9 tette, hogy a kor\u00e1bbi kiad\u00e1s alapj\u00e1n \u00e1ll\u00f3, ugyanakkor \u00fajabb ismeretekkel b\u0151v\u00edtett k\u00f6nyv sz\u00fclessen a szakm\u00e1t tanul\u00f3k \u00e9s m\u0171vel\u0151k sz\u00e1m\u00e1ra. Felv\u00e1zolja a j\u00f6v\u0151 \u00fatjait, ez\u00e1ltal seg\u00edtve a gyakorl\u00f3 koll\u00e9g\u00e1k t\u00e1j\u00e9koz\u00f3d\u00e1s\u00e1t, megalapozva alkalmazkod\u00e1sukat a folyamatosan v\u00e1ltoz\u00f3 \u00e9s fejl\u0151d\u0151 szakm\u00e1nkban. Ugyanakkor fontos, hogy a k\u00f6nyv ismeretanyaga a mindennapi gyakorlatban kell\u0151en tanulhat\u00f3 \u00e9s hasznos\u00edthat\u00f3 inform\u00e1ci\u00f3kat tartalmazzon a betegek gy\u00f3gyul\u00e1sa \u00e9rdek\u00e9ben. <\/span><span style=\"font-size: 1rem\">Az elm\u00falt id\u0151szakban alapvet\u0151 szeml\u00e9leti v\u00e1ltoz\u00e1sok t\u00f6rt\u00e9ntek a diagnosztikai protokollok tekintet\u00e9ben, valamint a sz\u00e1mos beavatkoz\u00e1s tervez\u00e9s\u00e9vel \u00e9s kivitelez\u00e9s\u00e9vel kapcsolatos elvekre vonatkoz\u00f3an.\u00a0<\/span><\/p>\n<div id=\"proddescription\">\n<div class=\"details\">\n<p style=\"text-align: justify\">Diagnosztikai lehet\u0151s\u00e9geink egyre ink\u00e1bb fejl\u0151dnek, amelyek mindennapos alkalmaz\u00e1sa tov\u00e1bbi adatokat szolg\u00e1ltat a m\u0171t\u00e9ti javallatok \u00e9s strat\u00e9gia pontosabb fel\u00e1ll\u00edt\u00e1s\u00e1hoz. Az idegseb\u00e9szet ter\u00fclet\u00e9n is teret nyernek a minim\u00e1lisan invaz\u00edv technik\u00e1k, amelyek ir\u00e1nti ig\u00e9ny er\u0151s\u00f6dik mind a szakma, mind a betegek r\u00e9sz\u00e9r\u0151l. A negyedsz\u00e1zada alkalmazott endovascularis \u00e9s sug\u00e1rseb\u00e9szet \u00f3ri\u00e1si fejl\u0151d\u00e9se m\u00e1ra megv\u00e1ltoztatta sz\u00e1mos idegseb\u00e9szeti betegs\u00e9g ell\u00e1t\u00e1si protokollj\u00e1t is.<\/p>\n<p style=\"text-align: justify\">A fejl\u0151d\u00e9s nyom\u00e1n folyamatosan \u00faj modalit\u00e1sok jelennek meg, ugyanakkor r\u00e9gi tudom\u00e1ny\u00e1gak m\u00f3dosul\u00e1s\u00e1nak vagy megsz\u0171n\u00e9s\u00e9nek lehet\u00fcnk tan\u00fai. Mindezek miatt kiemelten fontos meghat\u00e1rozni, hogy mely k\u00f3rk\u00e9pek milyen jelleg\u0171 idegseb\u00e9szeti ell\u00e1t\u00e1st ig\u00e9nyelnek a tudom\u00e1nyos evidenci\u00e1k figyelembev\u00e9tel\u00e9vel. Napjainkban mind a k\u00e9pz\u00e9s\u00e9rt k\u00fczd\u0151 hallgat\u00f3, mind a szakember az aktu\u00e1lis inform\u00e1ci\u00f3t az azonnal el\u00e9rhet\u0151 interneten keresi, amely bizonytalan is lehet. Ez\u00e9rt a Gutenberg-korszak alkony\u00e1n is egyel\u0151re indokoltnak l\u00e1tszik a t\u00f6bbszerz\u0151s, hagyom\u00e1nyos, nyomtatott k\u00e9zik\u00f6nyv kiad\u00e1sa.<\/p>\n<p style=\"text-align: justify\">Jelen kiad\u00e1st a hajdani Orsz\u00e1gos Idegseb\u00e9szeti Tudom\u00e1nyos Int\u00e9zet, a jelenlegi Orsz\u00e1gos Ment\u00e1lis, Ideggy\u00f3gy\u00e1szati \u00e9s Idegseb\u00e9szeti Int\u00e9zet munkat\u00e1rsai \u00edrt\u00e1k \u00e9s \u00e1ll\u00edtott\u00e1k \u00f6ssze. C\u00e9lul t\u0171zt\u00fck ki, hogy a t\u00f6bb mint \u00f6t \u00e9ven kereszt\u00fcl jav\u00edtgatott k\u00f6nyvben a kor sz\u00ednvonal\u00e1t t\u00fckr\u00f6z\u0151 elm\u00e9leti \u00e9s gyakorlati tud\u00e1sanyagot hozzunk l\u00e9tre mind a gradu\u00e1lis, mind a posztgradu\u00e1lis idegseb\u00e9szeti oktat\u00e1sban r\u00e9sztvev\u0151k sz\u00e1m\u00e1ra, egy\u00fattal ny\u00fajtson seg\u00edts\u00e9get a k\u00f6tet a szakvizsg\u00e1ra val\u00f3 felk\u00e9sz\u00fcl\u00e9s sor\u00e1n is. B\u00edzunk benne, hogy a k\u00f6nyvet a t\u00e1rsszakm\u00e1kban dolgoz\u00f3 orvosok is el\u0151szeretettel haszn\u00e1lj\u00e1k majd, ha betegeik ell\u00e1t\u00e1sa sor\u00e1n idegseb\u00e9szeti k\u00e9rd\u00e9sek mer\u00fclnek fel.<\/p>\n<p>A kiadv\u00e1ny megv\u00e1s\u00e1rolhat\u00f3 a Medicina Kiad\u00f3 k\u00f6nyvesboltjaiban, illetve megrendelhet\u0151 a <a href=\"https:\/\/www.medicina-kiado.hu\/kiadvanyaink\/szak-es-tankonyvek\/neurologia\/az-idegsebeszet-alapjai\/\">Kiad\u00f3 honlapj\u00e1r\u00f3l<\/a>:\u00a0<br \/>\nhttps:\/\/www.medicina-kiado.hu\/kiadvanyaink\/szak-es-tankonyvek\/neurologia\/az-idegsebeszet-alapjai\/<\/p>\n<\/div>\n<\/div>\n<p>&nbsp;<\/p>\n<p><a href=\"https:\/\/semmelweis.hu\/idegsebeszet\/files\/2015\/02\/neuro_webre_1.jpg\"><img loading=\"lazy\" decoding=\"async\" class=\" wp-image-226 alignright\" src=\"https:\/\/semmelweis.hu\/idegsebeszet\/files\/2015\/02\/neuro_webre_1-296x300.jpg\" alt=\"neuro_webre_1\" width=\"273\" height=\"277\" srcset=\"https:\/\/semmelweis.hu\/idegsebeszet\/files\/2015\/02\/neuro_webre_1-296x300.jpg 296w, https:\/\/semmelweis.hu\/idegsebeszet\/files\/2015\/02\/neuro_webre_1-1011x1024.jpg 1011w, https:\/\/semmelweis.hu\/idegsebeszet\/files\/2015\/02\/neuro_webre_1-90x90.jpg 90w, https:\/\/semmelweis.hu\/idegsebeszet\/files\/2015\/02\/neuro_webre_1.jpg 1654w\" sizes=\"auto, (max-width: 273px) 100vw, 273px\" \/><\/a><\/p>\n<p>Megjelent B\u00fcki Andr\u00e1s \u00e9s Szeifert Gy\u00f6rgy szerkeszt\u00e9s\u00e9ben &#8222;A neurotraumatol\u00f3gia alapvonalai&#8221; c\u00edm\u0171 k\u00f6nyv<\/p>\n<ul>\n<li>Az els\u0151 magyar nyelv\u0171 neurotraumatol\u00f3giai szakk\u00f6nyv<\/li>\n<li>A hazai ell\u00e1t\u00e1sban legnagyobb gyakorlatot szerzett kiv\u00e1l\u00f3 szakemberek t\u00e1rgyalj\u00e1k a letisztult \u00e9s a leg\u00fajabb neurotraumatol\u00f3giai ismereteket<\/li>\n<li>\u00a0<\/li>\n<li>Hi\u00e1nyp\u00f3tl\u00f3 m\u0171 a magyar szakirodalomban<\/li>\n<li>A szakk\u00e9pz\u00e9si program s a tov\u00e1bbk\u00e9pz\u00e9s sz\u00e1m\u00e1ra olyan \u00f6sszefoglal\u00f3 ismeretanyagot biztos\u00edt, \u00a0 \u00a0mely seg\u00edt meghat\u00e1rozni a szerz\u0151k \u00e1ltal a c\u00edmben megjel\u00f6lt &#8222;alapvonalakat&#8221;<\/li>\n<\/ul>\n<p>A kiadv\u00e1ny megv\u00e1s\u00e1rolhat\u00f3 a Legendus \u00e9s az EOK k\u00f6nyvesboltokban, vagy megrendelhet\u0151 a <strong><a href=\"http:\/\/www.semmelweiskiado.hu\" target=\"_blank\" rel=\"noopener noreferrer\">Semmelweis Kiad\u00f3 honlapj\u00e1r\u00f3l.<\/a> <\/strong>(E-mail:\u00a0info@semmelweiskiado.hu)<\/p>\n<table style=\"width: 100%;border-collapse: collapse\">\n<tbody>\n<tr>\n<td style=\"width: 50%\">\n<p><strong>Legendus K\u00f6nyvesbolt <\/strong>\u00a0 1089 Budapest, Nagyv\u00e1rad t\u00e9r 4.<br \/>\nTel.: 210-4408, 459-1500\/56141<br \/>\nNyitva tart\u00e1s: H-P: 9-16 \u00f3ra\u00a0<\/p>\n<\/td>\n<td style=\"width: 50%\">\n<p><strong>EOK K\u00f6nyvesbolt<br \/>\n<\/strong>1094 Budapest, T\u0171zolt\u00f3 utca 37-47.<br \/>\nTel.: 459-1500\/60475<br \/>\nNyitva tart\u00e1s: H: 13-15 \u00f3ra, K-P: 9-13 \u00f3ra<\/p>\n<\/td>\n<\/tr>\n<\/tbody>\n<\/table>\n<p>\u00a0Tov\u00e1bbi inform\u00e1ci\u00f3 \u00a0a k\u00f6nyvr\u0151l:<br \/>\n<a href=\"http:\/\/www.semmelweiskiado.hu\/konyvek\/?itemid=1247\" target=\"_blank\" rel=\"noopener noreferrer\">http:\/\/www.semmelweiskiado.hu\/konyvek\/?itemid=1247<\/a><\/p>\n","protected":false},"excerpt":{"rendered":"<p>&nbsp; Megjelent Banczerowski P\u00e9ter- Vajda J\u00e1nos szerkeszt\u00e9s\u00e9ben &#8222;Az idegseb\u00e9szet alapjai&#8221; c\u00edm\u0171 k\u00f6nyv &nbsp; <a href=\"https:\/\/www.medicina-kiado.hu\/kiadvanyaink\/szak-es-tankonyvek\/neurologia\/az-idegsebeszet-alapjai\/\"><\/a> Egy tank\u00f6nyv sz\u00fcks\u00e9gszer\u0171en kett\u0151s arc\u00fa, egyszerre ny\u00fajt el\u0151re- \u00e9s h\u00e1tratekint\u00e9st. A P\u00e1sztor\u2013Vajda: Idegseb\u00e9szet c\u00edm\u0171 k\u00f6nyv megjelen\u00e9se \u00f3ta eltelt t\u00f6bb mint 25 \u00e9v jelent\u0151s v\u00e1ltoz\u00e1sokat hozott az idegseb\u00e9szet ter\u00fclet\u00e9n. A nagym\u00e9rv\u0171 fejl\u0151d\u00e9s sz\u00fcks\u00e9gess\u00e9 tette, hogy a kor\u00e1bbi kiad\u00e1s alapj\u00e1n \u00e1ll\u00f3, ugyanakkor \u00fajabb ismeretekkel &hellip;<\/p>\n","protected":false},"author":102,"featured_media":0,"parent":8,"menu_order":1,"comment_status":"open","ping_status":"closed","template":"","meta":{"_acf_changed":false,"footnotes":""},"categories":[],"tags":[],"class_list":["post-260","page","type-page","status-publish","hentry"],"acf":[],"_links":{"self":[{"href":"https:\/\/semmelweis.hu\/idegsebeszet\/wp-json\/wp\/v2\/pages\/260","targetHints":{"allow":["GET"]}}],"collection":[{"href":"https:\/\/semmelweis.hu\/idegsebeszet\/wp-json\/wp\/v2\/pages"}],"about":[{"href":"https:\/\/semmelweis.hu\/idegsebeszet\/wp-json\/wp\/v2\/types\/page"}],"author":[{"embeddable":true,"href":"https:\/\/semmelweis.hu\/idegsebeszet\/wp-json\/wp\/v2\/users\/102"}],"replies":[{"embeddable":true,"href":"https:\/\/semmelweis.hu\/idegsebeszet\/wp-json\/wp\/v2\/comments?post=260"}],"version-history":[{"count":10,"href":"https:\/\/semmelweis.hu\/idegsebeszet\/wp-json\/wp\/v2\/pages\/260\/revisions"}],"predecessor-version":[{"id":725,"href":"https:\/\/semmelweis.hu\/idegsebeszet\/wp-json\/wp\/v2\/pages\/260\/revisions\/725"}],"up":[{"embeddable":true,"href":"https:\/\/semmelweis.hu\/idegsebeszet\/wp-json\/wp\/v2\/pages\/8"}],"wp:attachment":[{"href":"https:\/\/semmelweis.hu\/idegsebeszet\/wp-json\/wp\/v2\/media?parent=260"}],"wp:term":[{"taxonomy":"category","embeddable":true,"href":"https:\/\/semmelweis.hu\/idegsebeszet\/wp-json\/wp\/v2\/categories?post=260"},{"taxonomy":"post_tag","embeddable":true,"href":"https:\/\/semmelweis.hu\/idegsebeszet\/wp-json\/wp\/v2\/tags?post=260"}],"curies":[{"name":"wp","href":"https:\/\/api.w.org\/{rel}","templated":true}]}}