{"id":99270,"date":"2023-08-21T17:38:31","date_gmt":"2023-08-21T15:38:31","guid":{"rendered":"https:\/\/semmelweis.hu\/human\/?page_id=99270"},"modified":"2023-09-19T10:07:45","modified_gmt":"2023-09-19T08:07:45","slug":"a-vezetes-alapjai-trening","status":"publish","type":"page","link":"https:\/\/semmelweis.hu\/human\/a-vezetes-alapjai-trening\/","title":{"rendered":"A Vezet\u00e9s Alapjai Tr\u00e9ning"},"content":{"rendered":"<div class=\"keretes w-100\">\n<p style=\"text-align: left\"><img loading=\"lazy\" decoding=\"async\" class=\" wp-image-99299 alignleft\" src=\"https:\/\/semmelweis.hu\/human\/files\/2023\/08\/Coaching-400x269.jpg\" alt=\"\" width=\"256\" height=\"172\" srcset=\"https:\/\/semmelweis.hu\/human\/files\/2023\/08\/Coaching-400x269.jpg 400w, https:\/\/semmelweis.hu\/human\/files\/2023\/08\/Coaching-1024x690.jpg 1024w, https:\/\/semmelweis.hu\/human\/files\/2023\/08\/Coaching-768x517.jpg 768w, https:\/\/semmelweis.hu\/human\/files\/2023\/08\/Coaching-1536x1034.jpg 1536w, https:\/\/semmelweis.hu\/human\/files\/2023\/08\/Coaching-753x507.jpg 753w, https:\/\/semmelweis.hu\/human\/files\/2023\/08\/Coaching-203x135.jpg 203w, https:\/\/semmelweis.hu\/human\/files\/2023\/08\/Coaching.jpg 1920w\" sizes=\"auto, (max-width: 256px) 100vw, 256px\" \/><strong>Mi a vezet\u00e9s?<\/strong> A vezet\u00e9s egy komplex fogalom, melyre a vezet\u00e9selm\u00e9lettel foglalkoz\u00f3 szakma sz\u00e1mos defin\u00edci\u00f3t dolgozott ki. Ez is jelzi, hogy komoly \u00e9s \u00f6sszetett kih\u00edv\u00e1s vezet\u0151nek lenni. Dr Paul Hersey szerint &#8222;a vezet\u00e9s egy\u00e9nek vagy csoportok viselked\u00e9s\u00e9nek befoly\u00e1sol\u00e1sa a c\u00e9lok el\u00e9r\u00e9se \u00e9rdek\u00e9ben.&#8221;<br \/>\n<span style=\"font-size: 1rem\">Egy\u00e1ltal\u00e1n nem mindegy azonban, hogy ezt a &#8222;befoly\u00e1sol\u00e1st&#8221; milyen eszk\u00f6z\u00f6kkel \u00e9rj\u00fck el.<\/span><\/p>\n<\/div>\n<div class=\"w-100\">\n<p style=\"text-align: left\"><span style=\"font-size: 1rem;background-color: #ffffff\">Sokszor gondoljuk azt, hogy a sikeres vezet\u0151k a vezet\u00e9s tudom\u00e1ny\u00e1val a v\u00e9r\u00fckben sz\u00fclettek, alapvet\u0151en karizmatikusak, k\u00f6nnyed\u00e9n, stresszmentesen kezelik a v\u00e1ltoz\u00e1sokat \u00e9s mindig el\u00e9rik amit akarnak. Ugyan l\u00e9tezhetnek ilyen vezet\u0151k, de a gyakorlat azt mutatja, hogy az emberek vezet\u00e9se egy tanulhat\u00f3 tudom\u00e1ny, melynek elsaj\u00e1t\u00edt\u00e1sa hasonl\u00f3an m\u0171k\u00f6dik, mint egy szakma fog\u00e1sai elsaj\u00e1t\u00edt\u00e1s\u00e1nak folyamata.\u00a0<\/span><\/p>\n<\/div>\n<p><span style=\"font-size: 1rem\">Att\u00f3l, hogy valaki kiemelked\u0151 szakember, vagy a koll\u00e9g\u00e1k \u00e1ltal nagyra tartott szem\u00e9lyis\u00e9g, m\u00e9g egy\u00e1ltal\u00e1n nem biztos, hogy sikeres, a kih\u00edv\u00e1sokkal k\u00f6nnyed\u00e9n megbirk\u00f3z\u00f3 vezet\u0151 v\u00e1lik bel\u0151le.<\/span><\/p>\n<p><span style=\"font-size: 1rem\">K\u00e9pz\u00e9s\u00fcnket azon vezet\u0151knek aj\u00e1nljuk, akik m\u00e9g r\u00f6vid ideje t\u00f6ltik be a posztjukat, vagy a sz\u00e1mtalan operat\u00edv feladatuknak k\u00f6sz\u00f6nhet\u0151en nincs idej\u00fck a vezet\u0151i k\u00e9szs\u00e9geik fejleszt\u00e9s\u00e9re.<\/span><\/p>\n<div class=\"fontos_div\">\n<p style=\"text-align: left\">Ha \u00f6n vezet\u0151, k\u00e9rem v\u00e1laszoljon az al\u00e1bbi k\u00e9rd\u00e9sekre!<\/p>\n<\/div>\n<p>Szeretn\u00e9, hogy \u00d6n vagy az \u00d6n vezet\u0151 poz\u00edci\u00f3j\u00fa beosztottja:<\/p>\n<ul>\n<li>er\u0151teljesebben tiszt\u00e1ba ker\u00fclj\u00f6n a vezet\u0151i alapt\u00edpusokkal \u00e9s azok m\u0171k\u00f6d\u00e9si saj\u00e1toss\u00e1gaival, el\u0151nyeivel, h\u00e1tr\u00e1nyaival?<\/li>\n<li>tudatosabban \u00e9szlelje saj\u00e1t vezet\u0151i er\u0151ss\u00e9geit \u00e9s fejl\u0151d\u00e9si potenci\u00e1ljait?<\/li>\n<li>tudatosabban \u00e9p\u00edtsen vezet\u0151i er\u0151ss\u00e9geire?\u00a0<\/li>\n<li>magabiztosabban deleg\u00e1lja feladatait, j\u00f3l \u00e1tl\u00e1tva a deleg\u00e1l\u00e1sban mint munkat\u00e1rs fejleszt\u00e9sben rejl\u0151 potenci\u00e1lt?<\/li>\n<li>fejl\u0151dj\u00f6n a beosztottak motiv\u00e1ci\u00f3ja, inspir\u00e1ci\u00f3ja ter\u00fclet\u00e9n?<\/li>\n<\/ul>\n<p style=\"text-align: left\">Ha legal\u00e1bb h\u00e1rom k\u00e9rd\u00e9sre igennel v\u00e1laszolt, akkor \u00d6nnek, vagy az \u00d6n vezet\u0151 beoszt\u00e1s\u00fa koll\u00e9g\u00e1inak j\u00f3 sz\u00edvvel aj\u00e1nljuk a Vezet\u00e9s Alapjai tr\u00e9ning\u00fcnket.<\/p>\n<p>Ide\u00e1lis l\u00e9tsz\u00e1m: 4-12 f\u0151\u00a0 \u00a0 Aj\u00e1nlott id\u0151tartam: <span style=\"font-size: 14pt\">4&#215;3,5 vagy 2&#215;7 \u00f3ra\u00a0 \u00a0 \u00a0 \u00a0 \u00a0 \u00a0 \u00a0 \u00a0 \u00a0 \u00a0 \u00a0 \u00a0 \u00a0 \u00a0 \u00a0 \u00a0<\/span><span style=\"font-size: 14pt\">\u00a0 \u00a0 \u00a0<\/span><img decoding=\"async\" style=\"font-size: 14pt\" src=\"tr\u00e9ning\" alt=\"\" \/><\/p>\n","protected":false},"excerpt":{"rendered":"<p>Mi a vezet\u00e9s? A vezet\u00e9s egy komplex fogalom, melyre a vezet\u00e9selm\u00e9lettel foglalkoz\u00f3 szakma sz\u00e1mos defin\u00edci\u00f3t dolgozott ki. Ez is jelzi, hogy komoly \u00e9s \u00f6sszetett kih\u00edv\u00e1s vezet\u0151nek lenni. Dr Paul Hersey szerint &#8222;a vezet\u00e9s egy\u00e9nek vagy csoportok viselked\u00e9s\u00e9nek befoly\u00e1sol\u00e1sa a c\u00e9lok el\u00e9r\u00e9se \u00e9rdek\u00e9ben.&#8221; Egy\u00e1ltal\u00e1n nem mindegy azonban, hogy ezt a &#8222;befoly\u00e1sol\u00e1st&#8221; milyen eszk\u00f6z\u00f6kkel \u00e9rj\u00fck el. Sokszor &hellip;<\/p>\n","protected":false},"author":102243,"featured_media":0,"parent":0,"menu_order":0,"comment_status":"closed","ping_status":"closed","template":"template-fullwidth.php","meta":{"_acf_changed":false,"footnotes":""},"categories":[1],"tags":[235,234,236,232,237],"class_list":["post-99270","page","type-page","status-publish","hentry","category-humanhirek","tag-coaching","tag-kepzes","tag-szupervizio","tag-trening","tag-workshop"],"acf":[],"_links":{"self":[{"href":"https:\/\/semmelweis.hu\/human\/wp-json\/wp\/v2\/pages\/99270","targetHints":{"allow":["GET"]}}],"collection":[{"href":"https:\/\/semmelweis.hu\/human\/wp-json\/wp\/v2\/pages"}],"about":[{"href":"https:\/\/semmelweis.hu\/human\/wp-json\/wp\/v2\/types\/page"}],"author":[{"embeddable":true,"href":"https:\/\/semmelweis.hu\/human\/wp-json\/wp\/v2\/users\/102243"}],"replies":[{"embeddable":true,"href":"https:\/\/semmelweis.hu\/human\/wp-json\/wp\/v2\/comments?post=99270"}],"version-history":[{"count":10,"href":"https:\/\/semmelweis.hu\/human\/wp-json\/wp\/v2\/pages\/99270\/revisions"}],"predecessor-version":[{"id":99961,"href":"https:\/\/semmelweis.hu\/human\/wp-json\/wp\/v2\/pages\/99270\/revisions\/99961"}],"wp:attachment":[{"href":"https:\/\/semmelweis.hu\/human\/wp-json\/wp\/v2\/media?parent=99270"}],"wp:term":[{"taxonomy":"category","embeddable":true,"href":"https:\/\/semmelweis.hu\/human\/wp-json\/wp\/v2\/categories?post=99270"},{"taxonomy":"post_tag","embeddable":true,"href":"https:\/\/semmelweis.hu\/human\/wp-json\/wp\/v2\/tags?post=99270"}],"curies":[{"name":"wp","href":"https:\/\/api.w.org\/{rel}","templated":true}]}}