{"id":99244,"date":"2023-09-19T12:57:53","date_gmt":"2023-09-19T10:57:53","guid":{"rendered":"https:\/\/semmelweis.hu\/human\/?page_id=99244"},"modified":"2023-09-19T14:34:59","modified_gmt":"2023-09-19T12:34:59","slug":"egyuttmukodes-fejlesztes-trening","status":"publish","type":"page","link":"https:\/\/semmelweis.hu\/human\/egyuttmukodes-fejlesztes-trening\/","title":{"rendered":"Egy\u00fcttm\u0171k\u00f6d\u00e9s-fejleszt\u00e9s Tr\u00e9ning"},"content":{"rendered":"<div class=\"fontos_div\">\n<p><span style=\"font-size: 14pt\"><strong><img loading=\"lazy\" decoding=\"async\" class=\" wp-image-99312 alignleft\" src=\"https:\/\/semmelweis.hu\/human\/files\/2023\/08\/Tohjasok-400x267.jpg\" alt=\"\" width=\"308\" height=\"205\" srcset=\"https:\/\/semmelweis.hu\/human\/files\/2023\/08\/Tohjasok-400x267.jpg 400w, https:\/\/semmelweis.hu\/human\/files\/2023\/08\/Tohjasok-203x135.jpg 203w, https:\/\/semmelweis.hu\/human\/files\/2023\/08\/Tohjasok.jpg 640w\" sizes=\"auto, (max-width: 308px) 100vw, 308px\" \/>Milyen c\u00e9lt szolg\u00e1l az egy\u00fcttm\u0171k\u00f6d\u00e9s-fejleszt\u0151 tr\u00e9ning?<\/strong>\u00a0 Egy szervezet siker\u00e9nek kritikus pontja a munkat\u00e1rsak egy\u00fcttm\u0171k\u00f6d\u00e9si k\u00e9szs\u00e9ge, kapcsolatrendszer\u00e9nek min\u0151s\u00e9ge. A csapatmunka fejleszt\u00e9se nagyban megk\u00f6nny\u00edti a beilleszked\u00e9st, a tapasztalatcser\u00e9t, a munkafolyamatokban val\u00f3 elakad\u00e1sok felt\u00e1r\u00e1s\u00e1t, mik\u00f6zben kiel\u00e9g\u00edti a szoci\u00e1lis ig\u00e9nyeket \u00e9s \u00f6szt\u00f6nz\u0151leg hat a koll\u00e9g\u00e1kra. A megoldand\u00f3 probl\u00e9m\u00e1kkal val\u00f3 tudatos megk\u00fczd\u00e9s a csoport szinergi\u00e1j\u00e1nak fejl\u0151d\u00e9s\u00e9t is eredm\u00e9nyezi.<\/span><\/p>\n<\/div>\n<p><strong>Miben m\u00e1s, miben t\u00f6bb az egy\u00fcttm\u0171k\u00f6d\u00e9s-fejleszt\u00e9s a csapat\u00e9p\u00edt\u00e9sn\u00e9l?<\/strong> A v\u00e1lasz a c\u00e9lkit\u0171z\u00e9sben rejlik. M\u00edg a csapat\u00e9p\u00edt\u00e9s sor\u00e1n els\u0151sorban \u00e9lm\u00e9ny alapon fejlesztj\u00fck a csoport bels\u0151 er\u0151forr\u00e1sait, addig az egy\u00fcttm\u0171k\u00f6d\u00e9s-fejleszt\u00e9sben a k\u00fcl\u00f6nb\u00f6z\u0151 csoportszerepekre koncentr\u00e1lva t\u00e1rjuk fel a csapatban rejl\u0151 potenci\u00e1lokat.<br \/>\nA tr\u00e9ning folyam\u00e1n a csapat \u00e1ltal megoldott feladatokat elemezve jutunk el a konkl\u00fazi\u00f3khoz. A tr\u00e9ning v\u00e9g\u00e9re a r\u00e9sztvev\u0151k m\u00e9lyebben tudatos\u00edtj\u00e1k a csapatban val\u00f3 hely\u00fcket \u00e9s szerep\u00fcket, \u00e9s a t\u00e1rsaik szerep\u00e9t is \u00e9rtik \u00e9s \u00e1tl\u00e1tj\u00e1k.<\/p>\n<p>Ha \u00d6n vezet\u0151, k\u00e9rem v\u00e1laszoljon az al\u00e1bbi k\u00e9rd\u00e9sekre?<\/p>\n<ul>\n<li>Szeretn\u00e9, ha koll\u00e9g\u00e1i jobban meg\u00e9rten\u00e9k a hely\u00fcket \u00e9s szerep\u00fcket a csapaton bel\u00fcl?<\/li>\n<li>Szeretn\u00e9, hogy a csapaton bel\u00fcli toleranciaszint emelkedjen \u00e9s ennek k\u00f6sz\u00f6nhet\u0151en jobban elfogadj\u00e1k a koll\u00e9g\u00e1k egym\u00e1st?<\/li>\n<li>Szeretn\u00e9, hogy a kevesebb szerepkonfliktusnak k\u00f6sz\u00f6nhet\u0151en n\u0151j\u00f6n a csapat hat\u00e9konys\u00e1ga?<\/li>\n<li>Szeretn\u00e9 ha a koll\u00e9g\u00e1i m\u00e9lyebben megismern\u00e9k egym\u00e1s er\u0151forr\u00e1sait?<\/li>\n<li>Szeretn\u00e9, ha egy dinamikusabb, jobb hangulat\u00fa csapatnak lenne a vezet\u0151je?<\/li>\n<\/ul>\n<p>Ha legal\u00e1bb h\u00e1rom igen v\u00e1laszt adott, akkor az <strong>Egy\u00fcttm\u0171k\u00f6d\u00e9s Fejleszt\u00e9s Tr\u00e9ning<\/strong>\u00fcnket \u00d6nnek \u00e9s csapat\u00e1nak tal\u00e1ltuk ki!<\/p>\n<p>Ide\u00e1lis l\u00e9tsz\u00e1m: 6-18 f\u0151 Aj\u00e1nlott id\u0151tartam 4&#215;3,5 vagy 2&#215;7 \u00f3ra.<\/p>\n","protected":false},"excerpt":{"rendered":"<p>Milyen c\u00e9lt szolg\u00e1l az egy\u00fcttm\u0171k\u00f6d\u00e9s-fejleszt\u0151 tr\u00e9ning?\u00a0 Egy szervezet siker\u00e9nek kritikus pontja a munkat\u00e1rsak egy\u00fcttm\u0171k\u00f6d\u00e9si k\u00e9szs\u00e9ge, kapcsolatrendszer\u00e9nek min\u0151s\u00e9ge. A csapatmunka fejleszt\u00e9se nagyban megk\u00f6nny\u00edti a beilleszked\u00e9st, a tapasztalatcser\u00e9t, a munkafolyamatokban val\u00f3 elakad\u00e1sok felt\u00e1r\u00e1s\u00e1t, mik\u00f6zben kiel\u00e9g\u00edti a szoci\u00e1lis ig\u00e9nyeket \u00e9s \u00f6szt\u00f6nz\u0151leg hat a koll\u00e9g\u00e1kra. A megoldand\u00f3 probl\u00e9m\u00e1kkal val\u00f3 tudatos megk\u00fczd\u00e9s a csoport szinergi\u00e1j\u00e1nak fejl\u0151d\u00e9s\u00e9t is eredm\u00e9nyezi. Miben m\u00e1s, &hellip;<\/p>\n","protected":false},"author":102243,"featured_media":0,"parent":0,"menu_order":0,"comment_status":"closed","ping_status":"closed","template":"template-fullwidth.php","meta":{"_acf_changed":false,"footnotes":""},"categories":[1],"tags":[235,234,236,232,237],"class_list":["post-99244","page","type-page","status-publish","hentry","category-humanhirek","tag-coaching","tag-kepzes","tag-szupervizio","tag-trening","tag-workshop"],"acf":[],"_links":{"self":[{"href":"https:\/\/semmelweis.hu\/human\/wp-json\/wp\/v2\/pages\/99244","targetHints":{"allow":["GET"]}}],"collection":[{"href":"https:\/\/semmelweis.hu\/human\/wp-json\/wp\/v2\/pages"}],"about":[{"href":"https:\/\/semmelweis.hu\/human\/wp-json\/wp\/v2\/types\/page"}],"author":[{"embeddable":true,"href":"https:\/\/semmelweis.hu\/human\/wp-json\/wp\/v2\/users\/102243"}],"replies":[{"embeddable":true,"href":"https:\/\/semmelweis.hu\/human\/wp-json\/wp\/v2\/comments?post=99244"}],"version-history":[{"count":4,"href":"https:\/\/semmelweis.hu\/human\/wp-json\/wp\/v2\/pages\/99244\/revisions"}],"predecessor-version":[{"id":99986,"href":"https:\/\/semmelweis.hu\/human\/wp-json\/wp\/v2\/pages\/99244\/revisions\/99986"}],"wp:attachment":[{"href":"https:\/\/semmelweis.hu\/human\/wp-json\/wp\/v2\/media?parent=99244"}],"wp:term":[{"taxonomy":"category","embeddable":true,"href":"https:\/\/semmelweis.hu\/human\/wp-json\/wp\/v2\/categories?post=99244"},{"taxonomy":"post_tag","embeddable":true,"href":"https:\/\/semmelweis.hu\/human\/wp-json\/wp\/v2\/tags?post=99244"}],"curies":[{"name":"wp","href":"https:\/\/api.w.org\/{rel}","templated":true}]}}