{"id":99242,"date":"2023-09-19T10:01:32","date_gmt":"2023-09-19T08:01:32","guid":{"rendered":"https:\/\/semmelweis.hu\/human\/?page_id=99242"},"modified":"2023-09-19T10:01:32","modified_gmt":"2023-09-19T08:01:32","slug":"csapatepito-trening","status":"publish","type":"page","link":"https:\/\/semmelweis.hu\/human\/csapatepito-trening\/","title":{"rendered":"Csapat\u00e9p\u00edt\u0151 Tr\u00e9ning"},"content":{"rendered":"<div class=\"keretes\"><strong><img loading=\"lazy\" decoding=\"async\" class=\"wp-image-99301 alignleft\" src=\"https:\/\/semmelweis.hu\/human\/files\/2023\/08\/Csapatepites-400x267.jpg\" alt=\"\" width=\"205\" height=\"136\" srcset=\"https:\/\/semmelweis.hu\/human\/files\/2023\/08\/Csapatepites-400x267.jpg 400w, https:\/\/semmelweis.hu\/human\/files\/2023\/08\/Csapatepites-1024x683.jpg 1024w, https:\/\/semmelweis.hu\/human\/files\/2023\/08\/Csapatepites-768x512.jpg 768w, https:\/\/semmelweis.hu\/human\/files\/2023\/08\/Csapatepites-1536x1024.jpg 1536w, https:\/\/semmelweis.hu\/human\/files\/2023\/08\/Csapatepites-753x502.jpg 753w, https:\/\/semmelweis.hu\/human\/files\/2023\/08\/Csapatepites-203x135.jpg 203w, https:\/\/semmelweis.hu\/human\/files\/2023\/08\/Csapatepites.jpg 1920w\" sizes=\"auto, (max-width: 205px) 100vw, 205px\" \/>Mi a csapat?<\/strong> K\u00f6z\u00f6s c\u00e9llal rendelkez\u0151 csoport, amelynek tagjai a hat\u00e9kony egy\u00fcttm\u0171k\u00f6d\u00e9s \u00e9rdek\u00e9ben j\u00f3l ismerik ezt a c\u00e9lt, annak ir\u00e1ny\u00e1ba mutat az egy\u00e9ni sz\u00e1nd\u00e9kuk, \u00e9s szoros egy\u00fcttm\u0171k\u00f6d\u00e9sben azon szorgoskodnak, hogy el\u00e9rj\u00e9k azt.<\/div>\n<div class=\"w-100\">Csapat\u00e9p\u00edt\u0151 tr\u00e9ning\u00fcnk kiv\u00e1l\u00f3an alkalmas arra, hogy felr\u00e1zzuk a f\u00e1sult koll\u00e9g\u00e1kat, a n\u00e9mileg elf\u00e1radt viszonyokat dinamiz\u00e1ljuk \u00e9s k\u00f6zelebb hozzuk egym\u00e1shoz a csapatban l\u00e9v\u0151 egy\u00e9neket. A tr\u00e9ning sor\u00e1n j\u00e1t\u00e9kos tr\u00e9ning gyakorlatokat v\u00e9grehajtva, a h\u00e9tk\u00f6znapi helyzetekb\u0151l kil\u00e9pve, \u00faj, eddig kev\u00e9sb\u00e9 ismert oldalukr\u00f3l ismerik meg egym\u00e1st a koll\u00e9g\u00e1k \u00e9s fedezik fel egym\u00e1sban az eddig kev\u00e9sb\u00e9 kiakn\u00e1zott potenci\u00e1lokat.<\/div>\n<div>\u00a0<\/div>\n<div>Ha \u00d6n vezet\u0151, k\u00e9rj\u00fck v\u00e1laszoljon az al\u00e1bbi k\u00e9rd\u00e9sekre?<\/div>\n<div>\u00a0<\/div>\n<ul>\n<li>Szeretn\u00e9, hogy a kicsit f\u00e1sul\u00f3 csapattagok ism\u00e9t akt\u00edvabbak legyenek?<\/li>\n<li>Szeretn\u00e9, hogy legal\u00e1bb egy napra letegye a csapata a mindennapi terheit?<\/li>\n<li>Szeretn\u00e9, hogy k\u00f6zelebb ker\u00fcljenek egym\u00e1shoz a koll\u00e9g\u00e1i?<\/li>\n<li>Szeretn\u00e9, hogy a csapat r\u00e9sztvev\u0151i meg\u00e9rezz\u00e9k az egy\u00fcttm\u0171k\u00f6d\u00e9sben rejl\u0151 szinergia j\u00f3t\u00e9kony hat\u00e1s\u00e1t?<\/li>\n<li>Szeretn\u00e9, hogy a koll\u00e9g\u00e1i a tr\u00e9ning m\u00e1snapj\u00e1n nevetve ossz\u00e1k meg a programon meg\u00e9lt \u00e9lm\u00e9nyeiket?<\/li>\n<\/ul>\n<p>Ha legal\u00e1bb h\u00e1rom igent v\u00e1laszolt, akkor v\u00e1rjuk szeretettel \u00d6nt \u00e9s koll\u00e9g\u00e1it <strong>Csapat\u00e9p\u00edt\u0151 Tr\u00e9ning<\/strong>\u00fcnk\u00f6n!<\/p>\n<p>Aj\u00e1nlott id\u0151tartam: 1&#215;7 \u00f3ra<br \/>\nIde\u00e1lis l\u00e9tsz\u00e1m: 6-18 f\u0151<\/p>\n<div>\u00a0<\/div>\n<p>&nbsp;<\/p>\n","protected":false},"excerpt":{"rendered":"<p>Mi a csapat? K\u00f6z\u00f6s c\u00e9llal rendelkez\u0151 csoport, amelynek tagjai a hat\u00e9kony egy\u00fcttm\u0171k\u00f6d\u00e9s \u00e9rdek\u00e9ben j\u00f3l ismerik ezt a c\u00e9lt, annak ir\u00e1ny\u00e1ba mutat az egy\u00e9ni sz\u00e1nd\u00e9kuk, \u00e9s szoros egy\u00fcttm\u0171k\u00f6d\u00e9sben azon szorgoskodnak, hogy el\u00e9rj\u00e9k azt. Csapat\u00e9p\u00edt\u0151 tr\u00e9ning\u00fcnk kiv\u00e1l\u00f3an alkalmas arra, hogy felr\u00e1zzuk a f\u00e1sult koll\u00e9g\u00e1kat, a n\u00e9mileg elf\u00e1radt viszonyokat dinamiz\u00e1ljuk \u00e9s k\u00f6zelebb hozzuk egym\u00e1shoz a csapatban l\u00e9v\u0151 egy\u00e9neket. &hellip;<\/p>\n","protected":false},"author":102243,"featured_media":0,"parent":0,"menu_order":0,"comment_status":"closed","ping_status":"closed","template":"template-fullwidth.php","meta":{"_acf_changed":false,"footnotes":""},"categories":[1],"tags":[235,234,236,232,237],"class_list":["post-99242","page","type-page","status-publish","hentry","category-humanhirek","tag-coaching","tag-kepzes","tag-szupervizio","tag-trening","tag-workshop"],"acf":[],"_links":{"self":[{"href":"https:\/\/semmelweis.hu\/human\/wp-json\/wp\/v2\/pages\/99242","targetHints":{"allow":["GET"]}}],"collection":[{"href":"https:\/\/semmelweis.hu\/human\/wp-json\/wp\/v2\/pages"}],"about":[{"href":"https:\/\/semmelweis.hu\/human\/wp-json\/wp\/v2\/types\/page"}],"author":[{"embeddable":true,"href":"https:\/\/semmelweis.hu\/human\/wp-json\/wp\/v2\/users\/102243"}],"replies":[{"embeddable":true,"href":"https:\/\/semmelweis.hu\/human\/wp-json\/wp\/v2\/comments?post=99242"}],"version-history":[{"count":4,"href":"https:\/\/semmelweis.hu\/human\/wp-json\/wp\/v2\/pages\/99242\/revisions"}],"predecessor-version":[{"id":99959,"href":"https:\/\/semmelweis.hu\/human\/wp-json\/wp\/v2\/pages\/99242\/revisions\/99959"}],"wp:attachment":[{"href":"https:\/\/semmelweis.hu\/human\/wp-json\/wp\/v2\/media?parent=99242"}],"wp:term":[{"taxonomy":"category","embeddable":true,"href":"https:\/\/semmelweis.hu\/human\/wp-json\/wp\/v2\/categories?post=99242"},{"taxonomy":"post_tag","embeddable":true,"href":"https:\/\/semmelweis.hu\/human\/wp-json\/wp\/v2\/tags?post=99242"}],"curies":[{"name":"wp","href":"https:\/\/api.w.org\/{rel}","templated":true}]}}