{"id":99028,"date":"2023-09-19T13:08:22","date_gmt":"2023-09-19T11:08:22","guid":{"rendered":"https:\/\/semmelweis.hu\/human\/?page_id=99028"},"modified":"2023-09-19T13:08:22","modified_gmt":"2023-09-19T11:08:22","slug":"executive-felsovezetoi-coaching","status":"publish","type":"page","link":"https:\/\/semmelweis.hu\/human\/executive-felsovezetoi-coaching\/","title":{"rendered":"Executive\/fels\u0151vezet\u0151i coaching"},"content":{"rendered":"<div class=\"w-100\">\n<div class=\"fontos_div\">\n<p><img loading=\"lazy\" decoding=\"async\" class=\"wp-image-99478 alignleft\" src=\"https:\/\/semmelweis.hu\/human\/files\/2023\/08\/jeshoots-com-fzOITuS1DIQ-unsplash-400x267.jpg\" alt=\"\" width=\"283\" height=\"189\" srcset=\"https:\/\/semmelweis.hu\/human\/files\/2023\/08\/jeshoots-com-fzOITuS1DIQ-unsplash-400x267.jpg 400w, https:\/\/semmelweis.hu\/human\/files\/2023\/08\/jeshoots-com-fzOITuS1DIQ-unsplash-1024x683.jpg 1024w, https:\/\/semmelweis.hu\/human\/files\/2023\/08\/jeshoots-com-fzOITuS1DIQ-unsplash-768x512.jpg 768w, https:\/\/semmelweis.hu\/human\/files\/2023\/08\/jeshoots-com-fzOITuS1DIQ-unsplash-1536x1024.jpg 1536w, https:\/\/semmelweis.hu\/human\/files\/2023\/08\/jeshoots-com-fzOITuS1DIQ-unsplash-753x502.jpg 753w, https:\/\/semmelweis.hu\/human\/files\/2023\/08\/jeshoots-com-fzOITuS1DIQ-unsplash-203x135.jpg 203w, https:\/\/semmelweis.hu\/human\/files\/2023\/08\/jeshoots-com-fzOITuS1DIQ-unsplash.jpg 1920w\" sizes=\"auto, (max-width: 283px) 100vw, 283px\" \/><strong>Vezet\u0151nek, f\u0151leg fels\u0151vezet\u0151nek lenni, \u00e1ltal\u00e1ban mag\u00e1nyos szerep.<\/strong> Kev\u00e9s az \u0151szinte visszajelz\u00e9s, kev\u00e9s a hiteles inform\u00e1ci\u00f3, nagy a felel\u0151ss\u00e9g.\u00a0 Az executive\/fels\u0151vezet\u0151i coaching a kit\u0171z\u00f6tt c\u00e9l alapj\u00e1n a vezet\u0151 k\u00e9szs\u00e9geit (probl\u00e9mamegold\u00f3-, konfliktuskezel\u0151-, kommunik\u00e1ci\u00f3s-, folyamatszervez\u00e9si, id\u0151gazd\u00e1lkod\u00e1si, t\u00e1rgyal\u00e1si, el\u0151ad\u00f3i k\u00e9szs\u00e9g stb.) fejleszti, mik\u00f6zben a vezet\u0151i mag\u00e1nyoss\u00e1g \u00e9rz\u00e9se is oldhat\u00f3.<\/p>\n<\/div>\n<\/div>\n<p>Az egyetem fels\u0151vezet\u0151jek\u00e9nt<strong>\u00a0ig\u00e9nyeljen<\/strong> executive\/fels\u0151vezet\u0151i coaching-ot, <strong>ha<\/strong>:<\/p>\n<ul>\n<li>munkahelyi probl\u00e9m\u00e1it k\u00edv\u00e1nja megoldani,<\/li>\n<li>\u00faj munkahelyi kih\u00edv\u00e1s el\u0151tt \u00e1ll,<\/li>\n<li>jobb vezet\u0151 akar lenni,<\/li>\n<li>beosztottjai ir\u00e1ny\u00edt\u00e1s\u00e1val, motiv\u00e1l\u00e1s\u00e1val, ellen\u0151rz\u00e9s\u00e9vel neh\u00e9zs\u00e9gei vannak,<\/li>\n<li>munk\u00e1j\u00e1t \u00e9s mag\u00e1n\u00e9let\u00e9t szeretn\u00e9 \u00f6sszhangba hozni.<\/li>\n<\/ul>\n","protected":false},"excerpt":{"rendered":"<p>Vezet\u0151nek, f\u0151leg fels\u0151vezet\u0151nek lenni, \u00e1ltal\u00e1ban mag\u00e1nyos szerep. Kev\u00e9s az \u0151szinte visszajelz\u00e9s, kev\u00e9s a hiteles inform\u00e1ci\u00f3, nagy a felel\u0151ss\u00e9g.\u00a0 Az executive\/fels\u0151vezet\u0151i coaching a kit\u0171z\u00f6tt c\u00e9l alapj\u00e1n a vezet\u0151 k\u00e9szs\u00e9geit (probl\u00e9mamegold\u00f3-, konfliktuskezel\u0151-, kommunik\u00e1ci\u00f3s-, folyamatszervez\u00e9si, id\u0151gazd\u00e1lkod\u00e1si, t\u00e1rgyal\u00e1si, el\u0151ad\u00f3i k\u00e9szs\u00e9g stb.) fejleszti, mik\u00f6zben a vezet\u0151i mag\u00e1nyoss\u00e1g \u00e9rz\u00e9se is oldhat\u00f3. Az egyetem fels\u0151vezet\u0151jek\u00e9nt\u00a0ig\u00e9nyeljen executive\/fels\u0151vezet\u0151i coaching-ot, ha: munkahelyi probl\u00e9m\u00e1it k\u00edv\u00e1nja megoldani, &hellip;<\/p>\n","protected":false},"author":102246,"featured_media":0,"parent":0,"menu_order":0,"comment_status":"closed","ping_status":"closed","template":"template-fullwidth.php","meta":{"_acf_changed":false,"footnotes":""},"categories":[1],"tags":[235,246,245],"class_list":["post-99028","page","type-page","status-publish","hentry","category-humanhirek","tag-coaching","tag-vezeto","tag-vezetokepzes"],"acf":[],"_links":{"self":[{"href":"https:\/\/semmelweis.hu\/human\/wp-json\/wp\/v2\/pages\/99028","targetHints":{"allow":["GET"]}}],"collection":[{"href":"https:\/\/semmelweis.hu\/human\/wp-json\/wp\/v2\/pages"}],"about":[{"href":"https:\/\/semmelweis.hu\/human\/wp-json\/wp\/v2\/types\/page"}],"author":[{"embeddable":true,"href":"https:\/\/semmelweis.hu\/human\/wp-json\/wp\/v2\/users\/102246"}],"replies":[{"embeddable":true,"href":"https:\/\/semmelweis.hu\/human\/wp-json\/wp\/v2\/comments?post=99028"}],"version-history":[{"count":10,"href":"https:\/\/semmelweis.hu\/human\/wp-json\/wp\/v2\/pages\/99028\/revisions"}],"predecessor-version":[{"id":99974,"href":"https:\/\/semmelweis.hu\/human\/wp-json\/wp\/v2\/pages\/99028\/revisions\/99974"}],"wp:attachment":[{"href":"https:\/\/semmelweis.hu\/human\/wp-json\/wp\/v2\/media?parent=99028"}],"wp:term":[{"taxonomy":"category","embeddable":true,"href":"https:\/\/semmelweis.hu\/human\/wp-json\/wp\/v2\/categories?post=99028"},{"taxonomy":"post_tag","embeddable":true,"href":"https:\/\/semmelweis.hu\/human\/wp-json\/wp\/v2\/tags?post=99028"}],"curies":[{"name":"wp","href":"https:\/\/api.w.org\/{rel}","templated":true}]}}