{"id":97407,"date":"2023-03-22T12:35:44","date_gmt":"2023-03-22T11:35:44","guid":{"rendered":"https:\/\/semmelweis.hu\/human\/?page_id=97407"},"modified":"2023-03-22T12:39:51","modified_gmt":"2023-03-22T11:39:51","slug":"hro-gyik","status":"publish","type":"page","link":"https:\/\/semmelweis.hu\/human\/hro-gyik\/","title":{"rendered":"HRO GYIK"},"content":{"rendered":"<p><strong>Bel\u00e9p\u00e9ssel kapcsolatos k\u00e9rd\u00e9sek<\/strong><\/p>\n            <div class=\"qae-faqs-container qae-faqs-toggle-container\">\n\t\t\t\t\t\t\t<ul class=\"qe-faqs-filters-container\">\n\t\t\t\t<li class=\"active\"><a class=\"qe-faqs-filter all-faqs\" href=\"#\" data-filter=\"*\">All<\/a><\/li>\n\t\t\t\t<li><a class=\"qe-faqs-filter\" href=\"#belepessel_kapcsolatos_kerdesek\" data-filter=\".belepessel_kapcsolatos_kerdesek\">Bel\u00e9p\u00e9ssel kapcsolatos k\u00e9rd\u00e9sek<\/a><\/li>\t\t\t<\/ul>\n\t\t\t\t\t<div id=\"qaef-97406\" class=\"qe-faq-toggle belepessel_kapcsolatos_kerdesek\">\n\t\t\t<div class=\"qe-toggle-title\">\n\t\t\t\t<h4>\n\t\t\t\t\t<i class=\"fa fa-minus-circle\"><\/i> Ki gyakorolja a munk\u00e1ltat\u00f3i jogot az egyetemi tan\u00e1r felett?\t\t\t\t<\/h4>\n\t\t\t<\/div>\n\t\t\t<div class=\"qe-toggle-content\">\n\t\t\t\t<p>Az egyetemi tan\u00e1r felett a kar d\u00e9k\u00e1nja gyakorolja az els\u0151dleges munk\u00e1ltat\u00f3i jogot, az int\u00e9zetigazgat\u00f3 (klinikaigazgat\u00f3) gyakorolja a m\u00e1sodlagos munk\u00e1ltat\u00f3i jogot.\u00a0<\/p>\n\t\t\t<\/div>\n\t\t<\/div>\n\t\t            <\/div>\n\t\t\n<p>&nbsp;<\/p>\n<p>&nbsp;<\/p>\n<p><strong>\u00dcgybek\u00fcld\u00e9ssel kapcsolatos k\u00e9rd\u00e9sek<\/strong><\/p>\n            <div class=\"qae-faqs-container qae-faqs-toggle-container\">\n\t\t\t\t\t\t\t<ul class=\"qe-faqs-filters-container\">\n\t\t\t\t<li class=\"active\"><a class=\"qe-faqs-filter all-faqs\" href=\"#\" data-filter=\"*\">All<\/a><\/li>\n\t\t\t\t<li><a class=\"qe-faqs-filter\" href=\"#ugybekuldessel_kapcsolatos_kerdesek\" data-filter=\".ugybekuldessel_kapcsolatos_kerdesek\">\u00dcgybek\u00fcld\u00e9ssel kapcsolatos k\u00e9rd\u00e9sek<\/a><\/li>\t\t\t<\/ul>\n\t\t\t\t\t<div id=\"qaef-97412\" class=\"qe-faq-toggle ugybekuldessel_kapcsolatos_kerdesek\">\n\t\t\t<div class=\"qe-toggle-title\">\n\t\t\t\t<h4>\n\t\t\t\t\t<i class=\"fa fa-minus-circle\"><\/i> Ki tud bek\u00fcldeni \u00fcgyet?\t\t\t\t<\/h4>\n\t\t\t<\/div>\n\t\t\t<div class=\"qe-toggle-content\">\n\t\t\t\t<p>Minden szervezeti egys\u00e9g HR \u00fcgyint\u00e9z\u0151je.\u00a0<\/p>\n\t\t\t<\/div>\n\t\t<\/div>\n\t\t            <\/div>\n\t\t\n","protected":false},"excerpt":{"rendered":"<p>Minden szervezeti egys\u00e9g HR \u00fcgyint\u00e9z\u0151je.\u00a0<\/p>\n","protected":false},"author":342,"featured_media":0,"parent":0,"menu_order":0,"comment_status":"closed","ping_status":"closed","template":"","meta":{"_acf_changed":false,"footnotes":""},"categories":[],"tags":[],"class_list":["post-97407","page","type-page","status-publish","hentry"],"acf":[],"_links":{"self":[{"href":"https:\/\/semmelweis.hu\/human\/wp-json\/wp\/v2\/pages\/97407","targetHints":{"allow":["GET"]}}],"collection":[{"href":"https:\/\/semmelweis.hu\/human\/wp-json\/wp\/v2\/pages"}],"about":[{"href":"https:\/\/semmelweis.hu\/human\/wp-json\/wp\/v2\/types\/page"}],"author":[{"embeddable":true,"href":"https:\/\/semmelweis.hu\/human\/wp-json\/wp\/v2\/users\/342"}],"replies":[{"embeddable":true,"href":"https:\/\/semmelweis.hu\/human\/wp-json\/wp\/v2\/comments?post=97407"}],"version-history":[{"count":3,"href":"https:\/\/semmelweis.hu\/human\/wp-json\/wp\/v2\/pages\/97407\/revisions"}],"predecessor-version":[{"id":97411,"href":"https:\/\/semmelweis.hu\/human\/wp-json\/wp\/v2\/pages\/97407\/revisions\/97411"}],"wp:attachment":[{"href":"https:\/\/semmelweis.hu\/human\/wp-json\/wp\/v2\/media?parent=97407"}],"wp:term":[{"taxonomy":"category","embeddable":true,"href":"https:\/\/semmelweis.hu\/human\/wp-json\/wp\/v2\/categories?post=97407"},{"taxonomy":"post_tag","embeddable":true,"href":"https:\/\/semmelweis.hu\/human\/wp-json\/wp\/v2\/tags?post=97407"}],"curies":[{"name":"wp","href":"https:\/\/api.w.org\/{rel}","templated":true}]}}