{"id":97377,"date":"2023-03-22T07:56:10","date_gmt":"2023-03-22T06:56:10","guid":{"rendered":"https:\/\/semmelweis.hu\/human\/?page_id=97377"},"modified":"2023-08-21T18:11:29","modified_gmt":"2023-08-21T16:11:29","slug":"gyakran-ismetelt-kerdesek-szabadsag-kiadasa","status":"publish","type":"page","link":"https:\/\/semmelweis.hu\/human\/gyakran-ismetelt-kerdesek-szabadsag-kiadasa\/","title":{"rendered":"Szabads\u00e1g tervez\u00e9se, kiad\u00e1sa"},"content":{"rendered":"            <div class=\"qae-faqs-container qae-faqs-toggle-container\">\n\t\t\t\t\t\t\t<ul class=\"qe-faqs-filters-container\">\n\t\t\t\t<li class=\"active\"><a class=\"qe-faqs-filter all-faqs\" href=\"#\" data-filter=\"*\">All<\/a><\/li>\n\t\t\t\t<li><a class=\"qe-faqs-filter\" href=\"# szabadsag-tervezese-kiadasa\" data-filter=\". szabadsag-tervezese-kiadasa\">Szabads\u00e1g tervez\u00e9se, kiad\u00e1sa<\/a><\/li>\t\t\t<\/ul>\n\t\t\t\t\t<div id=\"qaef-97389\" class=\"qe-faq-toggle szabadsag-tervezese-kiadasa\">\n\t\t\t<div class=\"qe-toggle-title\">\n\t\t\t\t<h4>\n\t\t\t\t\t<i class=\"fa fa-minus-circle\"><\/i> Mi a teend\u0151, ha nem kaptam meg a szabads\u00e1gtervemet?\t\t\t\t<\/h4>\n\t\t\t<\/div>\n\t\t\t<div class=\"qe-toggle-content\">\n\t\t\t\t<p>Az EGFI minden munkav\u00e1llal\u00f3nak az egyetemi e-mail c\u00edm\u00e9re, tov\u00e1bb\u00e1 a szervezeti egys\u00e9g gazdas\u00e1gi irod\u00e1ja r\u00e9sz\u00e9re is kik\u00fcldte a 2023. \u00e9vi szabads\u00e1gol\u00e1si tervet, ez\u00e9rt k\u00e9rj\u00fck, ha az\u00a0valamilyen okn\u00e1l fogva nem \u00e9rkezett meg, akkor a gazdas\u00e1gi irod\u00e1t\u00f3l k\u00e9rje a szabads\u00e1gterv hozz\u00e1f\u00e9rhet\u0151v\u00e9 t\u00e9tel\u00e9t.<\/p>\n\t\t\t<\/div>\n\t\t<\/div>\n\t\t\t\t<div id=\"qaef-97388\" class=\"qe-faq-toggle szabadsag-tervezese-kiadasa\">\n\t\t\t<div class=\"qe-toggle-title\">\n\t\t\t\t<h4>\n\t\t\t\t\t<i class=\"fa fa-minus-circle\"><\/i> Mi\u00e9rt nem szerepel a p\u00f3tszabads\u00e1gom a szabads\u00e1gtervemben?\t\t\t\t<\/h4>\n\t\t\t<\/div>\n\t\t\t<div class=\"qe-toggle-content\">\n\t\t\t\t<p>Ha valamely p\u00f3tszabads\u00e1gkeret a munkav\u00e1llal\u00f3 nyilatkozata alapj\u00e1n ker\u00fcl meg\u00e1llap\u00edt\u00e1sra (pl. gyermekek ut\u00e1ni p\u00f3tszabads\u00e1g) akkor az egy\u00e9ni szabads\u00e1gtervben ezek a p\u00f3tszabads\u00e1gok akkor ker\u00fcltek felt\u00fcntet\u00e9sre, ha a munkav\u00e1llal\u00f3\u00a0nyilatkozata be\u00e9rkezett hozz\u00e1nk. Ha m\u00e9g nem k\u00fcldte be k\u00e9rj\u00fck k\u00fcldje be a p\u00f3tszabads\u00e1gra jogos\u00edt\u00f3 nyilatkozatot, mely alapj\u00e1n a m\u00f3dos\u00edtott szabads\u00e1gtervet megk\u00fcldj\u00fck \u00d6nnek.<\/p>\n\t\t\t<\/div>\n\t\t<\/div>\n\t\t\t\t<div id=\"qaef-97387\" class=\"qe-faq-toggle szabadsag-tervezese-kiadasa\">\n\t\t\t<div class=\"qe-toggle-title\">\n\t\t\t\t<h4>\n\t\t\t\t\t<i class=\"fa fa-minus-circle\"><\/i> Hogyan kapj\u00e1k meg a szabads\u00e1gtervet az \u00faj bel\u00e9p\u0151k?\t\t\t\t<\/h4>\n\t\t\t<\/div>\n\t\t\t<div class=\"qe-toggle-content\">\n\t\t\t\t<p>\u00daj bel\u00e9p\u0151k eset\u00e9ben a szabads\u00e1gterv a munkaszerz\u0151d\u00e9ssel \u00e9s felv\u00e9teli adatlappal egy\u00fctt az Emberier\u0151forr\u00e1s-gazd\u00e1lkod\u00e1si F\u0151igazgat\u00f3s\u00e1g \u00e1ltal ker\u00fcl kik\u00fcld\u00e9sre a szervezeti egys\u00e9g gazdas\u00e1gi irod\u00e1j\u00e1ra.<\/p>\n\t\t\t<\/div>\n\t\t<\/div>\n\t\t\t\t<div id=\"qaef-97378\" class=\"qe-faq-toggle szabadsag-tervezese-kiadasa\">\n\t\t\t<div class=\"qe-toggle-title\">\n\t\t\t\t<h4>\n\t\t\t\t\t<i class=\"fa fa-minus-circle\"><\/i> Kinek k\u00fcldjem meg a szabads\u00e1gtervemet?\t\t\t\t<\/h4>\n\t\t\t<\/div>\n\t\t\t<div class=\"qe-toggle-content\">\n\t\t\t\t<p>\u201eAz <a href=\"https:\/\/semmelweis.hu\/human\/2023\/03\/07\/utasitas-a-szabadsag-kiadasanak-rendjerol\/\">RKE\/3\/2023. (III. 06.) sz. rektori-kancell\u00e1ri-Klinikai K\u00f6zpont eln\u00f6ki utas\u00edt\u00e1s\u00a0<\/a>\u00e9rtelem\u00e9ben:\u00a0<em>&#8222;A munkav\u00e1llal\u00f3 2023. m\u00e1rcius 31. napj\u00e1ig az 1. mell\u00e9klet szerinti form\u00e1ban k\u00f6teles elk\u00e9sz\u00edteni \u00e9s a munk\u00e1ltat\u00f3i jogk\u00f6r gyakorl\u00f3j\u00e1val \u00edr\u00e1sban k\u00f6z\u00f6lni a 2023. \u00e9vi szabads\u00e1gol\u00e1si tervre vonatkoz\u00f3 javaslat\u00e1t&#8221;<\/em>.\u00a0<\/p>\n<p>Erre tekintettel k\u00e9rj\u00fck, hogy a kit\u00f6lt\u00f6tt szabads\u00e1gol\u00e1si tervet ne az Emberier\u0151forr\u00e1s-gazd\u00e1lkod\u00e1si F\u0151igazgat\u00f3s\u00e1gnak, hanem az \u00d6n felett <strong>m\u00e1sodlagos munk\u00e1ltat\u00f3i jogk\u00f6rt gyakorl\u00f3 vezet\u0151nek (k\u00f6zvetlen munkair\u00e1ny\u00edt\u00f3nak) k\u00fcldje meg lehet\u0151leg elektronikus \u00faton.<\/strong> Az \u00d6n k\u00f6zvetlen munkair\u00e1ny\u00edt\u00f3ja az <a href=\"https:\/\/semmelweis.hu\/jogigfoig\/2023\/02\/13\/rke-2-2023-ii-10-sz-rektori-kancellari-klinikai-kozpont-elnoki-utasitas-a-munkaltatoi-jogok-gyakorlasanak-rendjerol\/\">RKE\/2\/2023. (II.10.) sz. rektori-kancell\u00e1ri-Klinikai K\u00f6zpont eln\u00f6ki utas\u00edt\u00e1sban<\/a> meghat\u00e1rozott szem\u00e9ly.\u201d<\/p>\n\t\t\t<\/div>\n\t\t<\/div>\n\t\t            <\/div>\n\t\t\n","protected":false},"excerpt":{"rendered":"<p>\u201eAz <a href=\"https:\/\/semmelweis.hu\/human\/2023\/03\/07\/utasitas-a-szabadsag-kiadasanak-rendjerol\/\">RKE\/3\/2023. (III. 06.) sz. rektori-kancell\u00e1ri-Klinikai K\u00f6zpont eln\u00f6ki utas\u00edt\u00e1s\u00a0<\/a> \u00e9rtelem\u00e9ben:\u00a0&#8222;A munkav\u00e1llal\u00f3 2023. m\u00e1rcius 31. napj\u00e1ig az 1. mell\u00e9klet szerinti form\u00e1ban k\u00f6teles elk\u00e9sz\u00edteni \u00e9s a munk\u00e1ltat\u00f3i jogk\u00f6r gyakorl\u00f3j\u00e1val \u00edr\u00e1sban k\u00f6z\u00f6lni a 2023. \u00e9vi szabads\u00e1gol\u00e1si tervre vonatkoz\u00f3 javaslat\u00e1t&#8221;.\u00a0 Erre tekintettel k\u00e9rj\u00fck, hogy a kit\u00f6lt\u00f6tt szabads\u00e1gol\u00e1si tervet ne az Emberier\u0151forr\u00e1s-gazd\u00e1lkod\u00e1si F\u0151igazgat\u00f3s\u00e1gnak, hanem az \u00d6n felett m\u00e1sodlagos munk\u00e1ltat\u00f3i jogk\u00f6rt gyakorl\u00f3 vezet\u0151nek (k\u00f6zvetlen munkair\u00e1ny\u00edt\u00f3nak) k\u00fcldje meg lehet\u0151leg elektronikus &hellip;<\/p>\n","protected":false},"author":101175,"featured_media":0,"parent":0,"menu_order":0,"comment_status":"closed","ping_status":"closed","template":"","meta":{"_acf_changed":false,"footnotes":""},"categories":[],"tags":[],"class_list":["post-97377","page","type-page","status-publish","hentry"],"acf":[],"_links":{"self":[{"href":"https:\/\/semmelweis.hu\/human\/wp-json\/wp\/v2\/pages\/97377","targetHints":{"allow":["GET"]}}],"collection":[{"href":"https:\/\/semmelweis.hu\/human\/wp-json\/wp\/v2\/pages"}],"about":[{"href":"https:\/\/semmelweis.hu\/human\/wp-json\/wp\/v2\/types\/page"}],"author":[{"embeddable":true,"href":"https:\/\/semmelweis.hu\/human\/wp-json\/wp\/v2\/users\/101175"}],"replies":[{"embeddable":true,"href":"https:\/\/semmelweis.hu\/human\/wp-json\/wp\/v2\/comments?post=97377"}],"version-history":[{"count":7,"href":"https:\/\/semmelweis.hu\/human\/wp-json\/wp\/v2\/pages\/97377\/revisions"}],"predecessor-version":[{"id":99450,"href":"https:\/\/semmelweis.hu\/human\/wp-json\/wp\/v2\/pages\/97377\/revisions\/99450"}],"wp:attachment":[{"href":"https:\/\/semmelweis.hu\/human\/wp-json\/wp\/v2\/media?parent=97377"}],"wp:term":[{"taxonomy":"category","embeddable":true,"href":"https:\/\/semmelweis.hu\/human\/wp-json\/wp\/v2\/categories?post=97377"},{"taxonomy":"post_tag","embeddable":true,"href":"https:\/\/semmelweis.hu\/human\/wp-json\/wp\/v2\/tags?post=97377"}],"curies":[{"name":"wp","href":"https:\/\/api.w.org\/{rel}","templated":true}]}}