{"id":96675,"date":"2022-12-12T12:29:31","date_gmt":"2022-12-12T11:29:31","guid":{"rendered":"https:\/\/semmelweis.hu\/human\/?page_id=96675"},"modified":"2025-05-16T08:40:55","modified_gmt":"2025-05-16T06:40:55","slug":"urlapok","status":"publish","type":"page","link":"https:\/\/semmelweis.hu\/human\/digitalis-hr\/hronline\/urlapok\/","title":{"rendered":"Elektronikus \u0171rlapok"},"content":{"rendered":"<p><a href=\"https:\/\/semmelweis.hu\/human\/nyomtatvanyok\/belepeskilepes\/\">Bel\u00e9p\u00e9s\/Kil\u00e9p\u00e9s<\/a><\/p>\n<p><a href=\"https:\/\/semmelweis.hu\/human\/beren-kivuli-juttatas-bkj\/\">B\u00e9ren k\u00edv\u00fcli juttat\u00e1s (BKJ)<\/a><\/p>\n<p><a href=\"https:\/\/semmelweis.hu\/human\/nyomtatvanyok\/szabadsag\/\">Szabads\u00e1gokkal kapcsolatos dokumentumok<\/a><\/p>\n<p><a href=\"https:\/\/semmelweis.hu\/human\/nyomtatvanyok\/tavollet-es-mozgober-valtozasok-urlapok\/\">T\u00e1voll\u00e9t \u00e9s mozg\u00f3b\u00e9r v\u00e1ltoz\u00e1sok bejelent\u00e9se<\/a><\/p>\n<p><a href=\"https:\/\/semmelweis.hu\/human\/nyomtatvanyok\/munkaba-jaras-utikoltseg-elszamolas\/\">Munk\u00e1ba j\u00e1r\u00e1s \u2013 \u00fatik\u00f6lts\u00e9g elsz\u00e1mol\u00e1s<\/a><\/p>\n<p><a href=\"https:\/\/semmelweis.hu\/human\/nyomtatvanyok\/igazolas\/\">Igazol\u00e1sok kiad\u00e1sa<\/a><\/p>\n<p><a href=\"https:\/\/semmelweis.hu\/human\/nyomtatvanyok\/munkabertartozas\/\">Munkab\u00e9rtartoz\u00e1s<\/a><\/p>\n<p><a href=\"https:\/\/semmelweis.hu\/human\/nyomtatvanyok\/jovedelemkiegeszites-igenylese\/\">J\u00f6vedelemkieg\u00e9sz\u00edt\u00e9s ig\u00e9nyl\u00e9se<\/a><\/p>\n<p><a href=\"https:\/\/semmelweis.hu\/human\/nyomtatvanyok\/palyazat\/\">\u00c1ll\u00e1sp\u00e1ly\u00e1zatok ki\u00edr\u00e1sa<\/a><\/p>\n<p><a href=\"https:\/\/semmelweis.hu\/human\/nyomtatvanyok\/megbizasi-keretszerzodes-rezidenssel-ugyeleti-feladat-ellatasara\/\">Megb\u00edz\u00e1si keretszerz\u0151d\u00e9s rezidenssel \u00fcgyeleti feladat ell\u00e1t\u00e1s\u00e1ra<\/a><\/p>\n<p><a href=\"https:\/\/semmelweis.hu\/human\/nyomtatvanyok\/vagyonnyilatkozatok\/\">Vagyonnyilatkozat-t\u00e9tel<\/a><\/p>\n<p><a href=\"https:\/\/semmelweis.hu\/human\/nyomtatvanyok\/kituntetesek\/\">Egyetemi kit\u00fcntet\u00e9sek<\/a><\/p>\n<p><a href=\"https:\/\/semmelweis.hu\/human\/nyomtatvanyok\/allami-es-miniszteri-kituntetesek-javaslati-urlapjai\/\">\u00c1llami \u00e9s miniszteri kit\u00fcntet\u00e9sek<\/a><\/p>\n<p><a href=\"https:\/\/semmelweis.hu\/human\/nyomtatvanyok\/egyetem-altal-adomanyozhato-cim\/\">Egyetem \u00e1ltal adom\u00e1nyozhat\u00f3 c\u00edmek<\/a><\/p>\n<p><a href=\"https:\/\/semmelweis.hu\/human\/nyomtatvanyok\/onkentes-segitoi-szerzodes\/\">\u00d6nk\u00e9ntes seg\u00edt\u0151i szerz\u0151d\u00e9s<\/a><\/p>\n","protected":false},"excerpt":{"rendered":"<p><a href=\"https:\/\/semmelweis.hu\/human\/nyomtatvanyok\/belepeskilepes\/\">Bel\u00e9p\u00e9s\/Kil\u00e9p\u00e9s<\/a><br \/>\n<a href=\"https:\/\/semmelweis.hu\/human\/beren-kivuli-juttatas-bkj\/\">B\u00e9ren k\u00edv\u00fcli juttat\u00e1s (BKJ)<\/a><br \/>\n<a href=\"https:\/\/semmelweis.hu\/human\/nyomtatvanyok\/szabadsag\/\">Szabads\u00e1gokkal kapcsolatos dokumentumok<\/a><br \/>\n<a href=\"https:\/\/semmelweis.hu\/human\/nyomtatvanyok\/tavollet-es-mozgober-valtozasok-urlapok\/\">T\u00e1voll\u00e9t \u00e9s mozg\u00f3b\u00e9r v\u00e1ltoz\u00e1sok bejelent\u00e9se<\/a><br \/>\n<a href=\"https:\/\/semmelweis.hu\/human\/nyomtatvanyok\/munkaba-jaras-utikoltseg-elszamolas\/\">Munk\u00e1ba j\u00e1r\u00e1s \u2013 \u00fatik\u00f6lts\u00e9g elsz\u00e1mol\u00e1s<\/a><br \/>\n<a href=\"https:\/\/semmelweis.hu\/human\/nyomtatvanyok\/igazolas\/\">Igazol\u00e1sok kiad\u00e1sa<\/a><br \/>\n<a href=\"https:\/\/semmelweis.hu\/human\/nyomtatvanyok\/munkabertartozas\/\">Munkab\u00e9rtartoz\u00e1s<\/a><br \/>\n<a href=\"https:\/\/semmelweis.hu\/human\/nyomtatvanyok\/jovedelemkiegeszites-igenylese\/\">J\u00f6vedelemkieg\u00e9sz\u00edt\u00e9s ig\u00e9nyl\u00e9se<\/a><br \/>\n<a href=\"https:\/\/semmelweis.hu\/human\/nyomtatvanyok\/palyazat\/\">\u00c1ll\u00e1sp\u00e1ly\u00e1zatok ki\u00edr\u00e1sa<\/a><br \/>\n<a href=\"https:\/\/semmelweis.hu\/human\/nyomtatvanyok\/megbizasi-keretszerzodes-rezidenssel-ugyeleti-feladat-ellatasara\/\">Megb\u00edz\u00e1si keretszerz\u0151d\u00e9s rezidenssel \u00fcgyeleti feladat ell\u00e1t\u00e1s\u00e1ra<\/a><br \/>\n<a href=\"https:\/\/semmelweis.hu\/human\/nyomtatvanyok\/vagyonnyilatkozatok\/\">Vagyonnyilatkozat-t\u00e9tel<\/a><br \/>\n<a href=\"https:\/\/semmelweis.hu\/human\/nyomtatvanyok\/kituntetesek\/\">Egyetemi kit\u00fcntet\u00e9sek<\/a><br \/>\n<a href=\"https:\/\/semmelweis.hu\/human\/nyomtatvanyok\/allami-es-miniszteri-kituntetesek-javaslati-urlapjai\/\">\u00c1llami \u00e9s miniszteri kit\u00fcntet\u00e9sek<\/a><br \/>\n<a href=\"https:\/\/semmelweis.hu\/human\/nyomtatvanyok\/egyetem-altal-adomanyozhato-cim\/\">Egyetem \u00e1ltal adom\u00e1nyozhat\u00f3 c\u00edmek<\/a><br \/>\n<a href=\"https:\/\/semmelweis.hu\/human\/nyomtatvanyok\/onkentes-segitoi-szerzodes\/\">\u00d6nk\u00e9ntes seg\u00edt\u0151i szerz\u0151d\u00e9s<\/a><\/p>\n","protected":false},"author":101175,"featured_media":0,"parent":96670,"menu_order":3,"comment_status":"closed","ping_status":"closed","template":"","meta":{"_acf_changed":false,"footnotes":""},"categories":[],"tags":[],"class_list":["post-96675","page","type-page","status-publish","hentry"],"acf":[],"_links":{"self":[{"href":"https:\/\/semmelweis.hu\/human\/wp-json\/wp\/v2\/pages\/96675","targetHints":{"allow":["GET"]}}],"collection":[{"href":"https:\/\/semmelweis.hu\/human\/wp-json\/wp\/v2\/pages"}],"about":[{"href":"https:\/\/semmelweis.hu\/human\/wp-json\/wp\/v2\/types\/page"}],"author":[{"embeddable":true,"href":"https:\/\/semmelweis.hu\/human\/wp-json\/wp\/v2\/users\/101175"}],"replies":[{"embeddable":true,"href":"https:\/\/semmelweis.hu\/human\/wp-json\/wp\/v2\/comments?post=96675"}],"version-history":[{"count":5,"href":"https:\/\/semmelweis.hu\/human\/wp-json\/wp\/v2\/pages\/96675\/revisions"}],"predecessor-version":[{"id":105581,"href":"https:\/\/semmelweis.hu\/human\/wp-json\/wp\/v2\/pages\/96675\/revisions\/105581"}],"up":[{"embeddable":true,"href":"https:\/\/semmelweis.hu\/human\/wp-json\/wp\/v2\/pages\/96670"}],"wp:attachment":[{"href":"https:\/\/semmelweis.hu\/human\/wp-json\/wp\/v2\/media?parent=96675"}],"wp:term":[{"taxonomy":"category","embeddable":true,"href":"https:\/\/semmelweis.hu\/human\/wp-json\/wp\/v2\/categories?post=96675"},{"taxonomy":"post_tag","embeddable":true,"href":"https:\/\/semmelweis.hu\/human\/wp-json\/wp\/v2\/tags?post=96675"}],"curies":[{"name":"wp","href":"https:\/\/api.w.org\/{rel}","templated":true}]}}