{"id":96673,"date":"2022-12-12T12:29:19","date_gmt":"2022-12-12T11:29:19","guid":{"rendered":"https:\/\/semmelweis.hu\/human\/?page_id=96673"},"modified":"2025-12-19T07:22:42","modified_gmt":"2025-12-19T06:22:42","slug":"folyamatleirasok","status":"publish","type":"page","link":"https:\/\/semmelweis.hu\/human\/kozerdeku-informaciok\/folyamatleirasok\/","title":{"rendered":"HR-t\u00e1j\u00e9koztat\u00f3k, folyamatle\u00edr\u00e1sok"},"content":{"rendered":"<div class=\"fontos_div\">\n<p><strong>B\u00e9rsz\u00e1mfejt\u00e9shez kapcsol\u00f3d\u00f3 hat\u00e1rid\u0151k<\/strong><br \/>\n<a href=\"https:\/\/semmelweis.hu\/human\/files\/2025\/03\/Tajekoztato-a-havi-berszamfejtessel-osszefuggo-2025.-evi-hataridokrol.pdf\">T\u00e1j\u00e9koztat\u00f3 2025. \u00e9vre<\/a><\/p>\n<p><a href=\"https:\/\/semmelweis.hu\/human\/files\/2025\/12\/Tajekoztato-a-havi-berszamfejtessel-osszefuggo-2026.-evi-hataridokrol.pdf\">T\u00e1j\u00e9koztat\u00f3 2026. \u00e9vre<\/a><\/p>\n<\/div>\n<p>&nbsp;<\/p>\n<div class=\"fontos_div\">\n<p><strong>Szabads\u00e1g kiad\u00e1s\u00e1ra vonatkoz\u00f3 szab\u00e1lyok<\/strong><br \/>\n<a href=\"https:\/\/semmelweis.hu\/human\/2025\/12\/19\/a-szabadsag-kiadasara-vonatkozo-2026-evi-szabalyok\/\">T\u00e1j\u00e9koztat\u00f3<\/a><br \/>\n<a href=\"https:\/\/semmelweis.hu\/human\/2024\/08\/13\/rekreacios-szabadnap\/\">Rekre\u00e1ci\u00f3s szabadnapra vonatkoz\u00f3 inform\u00e1ci\u00f3k<\/a><\/p>\n<p><a href=\"https:\/\/semmelweis.hu\/human\/gyakran-ismetelt-kerdesek\/\">GYIK<\/a><\/p>\n<\/div>\n<p>&nbsp;<\/p>\n","protected":false},"excerpt":{"rendered":"<p>B\u00e9rsz\u00e1mfejt\u00e9shez kapcsol\u00f3d\u00f3 hat\u00e1rid\u0151k<br \/>\n<a href=\"https:\/\/semmelweis.hu\/human\/files\/2025\/03\/Tajekoztato-a-havi-berszamfejtessel-osszefuggo-2025.-evi-hataridokrol.pdf\">T\u00e1j\u00e9koztat\u00f3 2025. \u00e9vre<\/a><br \/>\n<a href=\"https:\/\/semmelweis.hu\/human\/files\/2025\/12\/Tajekoztato-a-havi-berszamfejtessel-osszefuggo-2026.-evi-hataridokrol.pdf\">T\u00e1j\u00e9koztat\u00f3 2026. \u00e9vre<\/a><\/p>\n<p>&nbsp;<\/p>\n<p>Szabads\u00e1g kiad\u00e1s\u00e1ra vonatkoz\u00f3 szab\u00e1lyok<br \/>\n<a href=\"https:\/\/semmelweis.hu\/human\/2025\/12\/19\/a-szabadsag-kiadasara-vonatkozo-2026-evi-szabalyok\/\">T\u00e1j\u00e9koztat\u00f3<\/a><br \/>\n<a href=\"https:\/\/semmelweis.hu\/human\/2024\/08\/13\/rekreacios-szabadnap\/\">Rekre\u00e1ci\u00f3s szabadnapra vonatkoz\u00f3 inform\u00e1ci\u00f3k<\/a><br \/>\n<a href=\"https:\/\/semmelweis.hu\/human\/gyakran-ismetelt-kerdesek\/\">GYIK<\/a><\/p>\n<p>&nbsp;<\/p>\n","protected":false},"author":101175,"featured_media":0,"parent":87240,"menu_order":5,"comment_status":"closed","ping_status":"closed","template":"template-fullwidth.php","meta":{"_acf_changed":false,"footnotes":""},"categories":[],"tags":[],"class_list":["post-96673","page","type-page","status-publish","hentry"],"acf":[],"_links":{"self":[{"href":"https:\/\/semmelweis.hu\/human\/wp-json\/wp\/v2\/pages\/96673","targetHints":{"allow":["GET"]}}],"collection":[{"href":"https:\/\/semmelweis.hu\/human\/wp-json\/wp\/v2\/pages"}],"about":[{"href":"https:\/\/semmelweis.hu\/human\/wp-json\/wp\/v2\/types\/page"}],"author":[{"embeddable":true,"href":"https:\/\/semmelweis.hu\/human\/wp-json\/wp\/v2\/users\/101175"}],"replies":[{"embeddable":true,"href":"https:\/\/semmelweis.hu\/human\/wp-json\/wp\/v2\/comments?post=96673"}],"version-history":[{"count":11,"href":"https:\/\/semmelweis.hu\/human\/wp-json\/wp\/v2\/pages\/96673\/revisions"}],"predecessor-version":[{"id":107514,"href":"https:\/\/semmelweis.hu\/human\/wp-json\/wp\/v2\/pages\/96673\/revisions\/107514"}],"up":[{"embeddable":true,"href":"https:\/\/semmelweis.hu\/human\/wp-json\/wp\/v2\/pages\/87240"}],"wp:attachment":[{"href":"https:\/\/semmelweis.hu\/human\/wp-json\/wp\/v2\/media?parent=96673"}],"wp:term":[{"taxonomy":"category","embeddable":true,"href":"https:\/\/semmelweis.hu\/human\/wp-json\/wp\/v2\/categories?post=96673"},{"taxonomy":"post_tag","embeddable":true,"href":"https:\/\/semmelweis.hu\/human\/wp-json\/wp\/v2\/tags?post=96673"}],"curies":[{"name":"wp","href":"https:\/\/api.w.org\/{rel}","templated":true}]}}