{"id":94608,"date":"2023-03-28T17:18:16","date_gmt":"2023-03-28T15:18:16","guid":{"rendered":"https:\/\/semmelweis.hu\/human\/?page_id=94608"},"modified":"2025-12-19T08:04:56","modified_gmt":"2025-12-19T07:04:56","slug":"az-emberieroforras-gazdalkodasi-foigazgatosag-adatkezelese","status":"publish","type":"page","link":"https:\/\/semmelweis.hu\/human\/kozerdeku-informaciok\/az-emberieroforras-gazdalkodasi-foigazgatosag-adatkezelese\/","title":{"rendered":"Adatv\u00e9delem"},"content":{"rendered":"<p><strong>ADATKEZEL\u00c9SSEL KAPCSOLATOS INFORM\u00c1CI\u00d3K EL\u00c9RHET\u0150S\u00c9GE<\/strong><\/p>\n<p>Emberier\u0151forr\u00e1s-gazd\u00e1lkod\u00e1si F\u0151igazgat\u00f3s\u00e1g \u2013 <a href=\"https:\/\/semmelweis.hu\/human\/files\/2025\/04\/8502-4-KEEGF-2025-Adatkezelesi-tajekoztato_.pdf\">Adatkezel\u00e9si t\u00e1j\u00e9koztat\u00f3<\/a><\/p>\n<ul>\n<li>Az adatkezel\u0151 <strong>b\u00e9r- \u00e9s TB <\/strong>\u00fcgyint\u00e9z\u00e9s feladataival <strong>\u00a0<\/strong>\u00f6sszef\u00fcgg\u0151 adatkezel\u00e9sekkel kapcsolatos inform\u00e1ci\u00f3k el\u00e9rhet\u0151s\u00e9ge: <a href=\"https:\/\/semmelweis.hu\/human\/files\/2025\/12\/Adatkezelesi-nyilvantartas-ber-TB-2025_12.pdf\">link<\/a> (2025.12.19-t\u0151l), <em><a href=\"https:\/\/semmelweis.hu\/human\/files\/2025\/03\/OK_8502-5_KEEGF_2025-Adatkezelesi-nyilvantartas-EEGFI-Ber-es-TB-ugyintezes-2025-uj.pdf\">link <\/a><\/em>(2025.12.18-ig)<\/li>\n<li>Az adatkezel\u0151 <strong>munka\u00fcgyi <\/strong>feladataival \u00f6sszef\u00fcgg\u0151 adatkezel\u00e9sekkel kapcsolatos inform\u00e1ci\u00f3k el\u00e9rhet\u0151s\u00e9ge: <a href=\"https:\/\/semmelweis.hu\/human\/files\/2025\/03\/OK_8502-6_KEEGF_2025_-Adatkezelesi-nyilvantartas-EEGFI-Munkaugy-2025-uj.pdf\"><em>link<\/em><\/a><\/li>\n<li>Az adatkezel\u0151 <strong>Karriermenedzsment Oszt\u00e1ly <\/strong>feladataival \u00f6sszef\u00fcgg\u0151 adatkezel\u00e9sekkel kapcsolatos inform\u00e1ci\u00f3k el\u00e9rhet\u0151s\u00e9ge:\u00a0<em><a href=\"https:\/\/semmelweis.hu\/human\/files\/2025\/09\/8502-20_KEEGF_2025_Adatkezelesi-nyilvantartas-EEGFI-Karriermenedzsment-Osztaly-20250901.pdf\">link<\/a>\u00a0<\/em>(2025.09.01-t\u0151l), <a href=\"https:\/\/semmelweis.hu\/human\/files\/2025\/03\/OK_8502-7_KEEGF_2025_Adatkezelesi-nyilvantartas-EEGFI-Karriermenedzsment-Osztaly-2025-uj.pdf\"><em>link <\/em><\/a>(2025.08.31-ig)<\/li>\n<\/ul>\n","protected":false},"excerpt":{"rendered":"<p>ADATKEZEL\u00c9SSEL KAPCSOLATOS INFORM\u00c1CI\u00d3K EL\u00c9RHET\u0150S\u00c9GE<br \/>\nEmberier\u0151forr\u00e1s-gazd\u00e1lkod\u00e1si F\u0151igazgat\u00f3s\u00e1g \u2013 <a href=\"https:\/\/semmelweis.hu\/human\/files\/2025\/04\/8502-4-KEEGF-2025-Adatkezelesi-tajekoztato_.pdf\">Adatkezel\u00e9si t\u00e1j\u00e9koztat\u00f3<\/a><\/p>\n<p>Az adatkezel\u0151 b\u00e9r- \u00e9s TB \u00fcgyint\u00e9z\u00e9s feladataival \u00a0\u00f6sszef\u00fcgg\u0151 adatkezel\u00e9sekkel kapcsolatos inform\u00e1ci\u00f3k el\u00e9rhet\u0151s\u00e9ge: <a href=\"https:\/\/semmelweis.hu\/human\/files\/2025\/12\/Adatkezelesi-nyilvantartas-ber-TB-2025_12.pdf\">link<\/a> (2025.12.19-t\u0151l), <a href=\"https:\/\/semmelweis.hu\/human\/files\/2025\/03\/OK_8502-5_KEEGF_2025-Adatkezelesi-nyilvantartas-EEGFI-Ber-es-TB-ugyintezes-2025-uj.pdf\">link <\/a>(2025.12.18-ig)<br \/>\nAz adatkezel\u0151 munka\u00fcgyi feladataival \u00f6sszef\u00fcgg\u0151 adatkezel\u00e9sekkel kapcsolatos inform\u00e1ci\u00f3k el\u00e9rhet\u0151s\u00e9ge: <a href=\"https:\/\/semmelweis.hu\/human\/files\/2025\/03\/OK_8502-6_KEEGF_2025_-Adatkezelesi-nyilvantartas-EEGFI-Munkaugy-2025-uj.pdf\">link<\/a><br \/>\nAz adatkezel\u0151 Karriermenedzsment Oszt\u00e1ly feladataival \u00f6sszef\u00fcgg\u0151 adatkezel\u00e9sekkel kapcsolatos inform\u00e1ci\u00f3k el\u00e9rhet\u0151s\u00e9ge:\u00a0<a href=\"https:\/\/semmelweis.hu\/human\/files\/2025\/09\/8502-20_KEEGF_2025_Adatkezelesi-nyilvantartas-EEGFI-Karriermenedzsment-Osztaly-20250901.pdf\">link<\/a>\u00a0(2025.09.01-t\u0151l), <a href=\"https:\/\/semmelweis.hu\/human\/files\/2025\/03\/OK_8502-7_KEEGF_2025_Adatkezelesi-nyilvantartas-EEGFI-Karriermenedzsment-Osztaly-2025-uj.pdf\">link <\/a>(2025.08.31-ig)<\/p>\n","protected":false},"author":101175,"featured_media":0,"parent":87240,"menu_order":7,"comment_status":"closed","ping_status":"closed","template":"","meta":{"_acf_changed":false,"footnotes":""},"categories":[],"tags":[],"class_list":["post-94608","page","type-page","status-publish","hentry"],"acf":[],"_links":{"self":[{"href":"https:\/\/semmelweis.hu\/human\/wp-json\/wp\/v2\/pages\/94608","targetHints":{"allow":["GET"]}}],"collection":[{"href":"https:\/\/semmelweis.hu\/human\/wp-json\/wp\/v2\/pages"}],"about":[{"href":"https:\/\/semmelweis.hu\/human\/wp-json\/wp\/v2\/types\/page"}],"author":[{"embeddable":true,"href":"https:\/\/semmelweis.hu\/human\/wp-json\/wp\/v2\/users\/101175"}],"replies":[{"embeddable":true,"href":"https:\/\/semmelweis.hu\/human\/wp-json\/wp\/v2\/comments?post=94608"}],"version-history":[{"count":10,"href":"https:\/\/semmelweis.hu\/human\/wp-json\/wp\/v2\/pages\/94608\/revisions"}],"predecessor-version":[{"id":107517,"href":"https:\/\/semmelweis.hu\/human\/wp-json\/wp\/v2\/pages\/94608\/revisions\/107517"}],"up":[{"embeddable":true,"href":"https:\/\/semmelweis.hu\/human\/wp-json\/wp\/v2\/pages\/87240"}],"wp:attachment":[{"href":"https:\/\/semmelweis.hu\/human\/wp-json\/wp\/v2\/media?parent=94608"}],"wp:term":[{"taxonomy":"category","embeddable":true,"href":"https:\/\/semmelweis.hu\/human\/wp-json\/wp\/v2\/categories?post=94608"},{"taxonomy":"post_tag","embeddable":true,"href":"https:\/\/semmelweis.hu\/human\/wp-json\/wp\/v2\/tags?post=94608"}],"curies":[{"name":"wp","href":"https:\/\/api.w.org\/{rel}","templated":true}]}}