{"id":89250,"date":"2021-02-19T12:26:15","date_gmt":"2021-02-19T11:26:15","guid":{"rendered":"https:\/\/semmelweis.hu\/human\/?page_id=89250"},"modified":"2026-03-04T06:20:51","modified_gmt":"2026-03-04T05:20:51","slug":"egeszsegugyi-szolgalati-jogviszony","status":"publish","type":"page","link":"https:\/\/semmelweis.hu\/human\/egeszsegugyi-szolgalati-jogviszony\/","title":{"rendered":"Eg\u00e9szs\u00e9g\u00fcgyi szolg\u00e1lati jogviszony"},"content":{"rendered":"<p>SZEM\u00c9LYES K\u00d6ZREM\u0170K\u00d6D\u0150I JOGVISZONY ENGED\u00c9LYEZ\u00c9SE<\/p>\n<p><a href=\"https:\/\/semmelweis.hu\/human\/2021\/03\/23\/a-munkaido-rogzites-rendjenek-valtozasa-az-egeszsegugyi-szolgalati-jogviszonyhoz-kapcsolodoan\/\">A MUNKAID\u0150-R\u00d6GZ\u00cdT\u00c9S RENDJ\u00c9NEK V\u00c1LTOZ\u00c1SA AZ EG\u00c9SZS\u00c9G\u00dcGYI SZOLG\u00c1LATI JOGVISZONYHOZ KAPCSOL\u00d3D\u00d3AN<\/a><\/p>\n<p><a href=\"https:\/\/semmelweis.hu\/human\/egeszsegugyi-szolgalati-jogviszony\/eljarasrend-es-kitoltesi-utmutato-a-semmelweis-egyetem-egeszsegugyi-szolgalati-jogviszonyban-allo-szemely-munkavegzesere-iranyulo-tovabbi-jogviszonyanak-engedelyezese-iranti-kerelem-benyujtasahoz_\"><strong>MUNKAV\u00c9GZ\u00c9SRE IR\u00c1NYUL\u00d3 TOV\u00c1BBI JOGVISZONYOK ENGED\u00c9LYEZ\u00c9SE<\/strong><\/a><\/p>\n<p><a href=\"https:\/\/semmelweis.hu\/human\/2021\/03\/16\/89527\/\">IRATMINT\u00c1K EG\u00c9SZS\u00c9G\u00dcGYI SZOLG\u00c1LATI JOGVISZONYBAN MEG\u00c1LLAP\u00cdTOTT ILLETM\u00c9NYKIEG\u00c9SZ\u00cdT\u00c9SHEZ<\/a><\/p>\n<p><a href=\"https:\/\/semmelweis.hu\/human\/files\/2021\/02\/E_2_2021_II_18_rektori-kancellari_utasitas.pdf\">REKTORI-KANCELL\u00c1RI UTAS\u00cdT\u00c1S A KLINIKAI K\u00d6ZPONT SZERVEZETI EGYS\u00c9GEIBEN EG\u00c9SZS\u00c9G\u00dcGYI SZOLG\u00c1LATI JOGVISZONYBAN FOGLALKOZTATOTT EG\u00c9SZS\u00c9G\u00dcGYI DOLGOZ\u00d3K ILLETM\u00c9NYEN FEL\u00dcLI JUTTAT\u00c1SAIR\u00d3L \u00c9S T\u00c1MOGAT\u00c1SAIR\u00d3L<\/a><\/p>\n<p><a href=\"https:\/\/semmelweis.hu\/human\/2021\/02\/24\/klinikai-kozpont-elnoki-kancellari-korlevel-az-egeszsegugyi-szolgalati-jogviszonyhoz-kapcsolodo-fizetesi-besorolas-soran-figyelembe-vett-szolgalati-jogviszonyban-toltott-idorol\/\">A DOKTORI K\u00c9PZ\u00c9S IDEJ\u00c9NEK BESZ\u00c1M\u00cdT\u00c1SA AZ EG\u00c9SZS\u00c9G\u00dcGYI SZOLG\u00c1LATI JOGVISZONYBAN T\u00d6LT\u00d6TT ID\u0150BE<\/a><\/p>\n<p><a href=\"https:\/\/semmelweis.hu\/human\/2021\/02\/01\/rektori-kancellari-klinikai-kozpont-elnoki-korlevel-az-egeszsegugyi-dolgozok-kozalkalmazotti-jogviszonyanak-egeszsegugyi-szolgalati-jogviszonyra-torteno-atalakulasaval-kapcsolatban\/\">REKTORI \u2013 KANCELL\u00c1RI \u2013 KLINIKAI K\u00d6ZPONT ELN\u00d6KI K\u00d6RLEV\u00c9L AZ EG\u00c9SZS\u00c9G\u00dcGYI DOLGOZ\u00d3K K\u00d6ZALKALMAZOTTI JOGVISZONY\u00c1NAK EG\u00c9SZS\u00c9G\u00dcGYI SZOLG\u00c1LATI JOGVISZONYRA T\u00d6RT\u00c9N\u0150 \u00c1TALAKUL\u00c1S\u00c1VAL KAPCSOLATBAN<\/a><\/p>\n<p><a href=\"https:\/\/semmelweis.hu\/human\/2020\/12\/28\/rektori-kancellari-utasitas-a-semmelweis-egyetemen-oktatoi-vagy-tudomanyos-kutatoi-munkakorben-foglalkoztatott-egeszsegugyi-dolgozok-egyeni-teljesitmenyertekelesevel-kapcsolatos-eljarasrendrol\/\">REKTORI-KANCELL\u00c1RI UTAS\u00cdT\u00c1S A SEMMELWEIS EGYETEMEN OKTAT\u00d3I VAGY TUDOM\u00c1NYOS KUTAT\u00d3I MUNKAK\u00d6RBEN FOGLALKOZTATOTT EG\u00c9SZS\u00c9G\u00dcGYI DOLGOZ\u00d3K EGY\u00c9NI TELJES\u00cdTM\u00c9NY\u00c9RT\u00c9KEL\u00c9S\u00c9VEL KAPCSOLATOS ELJ\u00c1R\u00c1SRENDR\u0150L<\/a><\/p>\n<p><a href=\"https:\/\/semmelweis.hu\/human\/2020\/12\/28\/az-egeszsegugyi-szolgalati-jogviszonyra-attereshez-szukseges-elokeszito-feladatokrol-szolo-rektori-kancellari-elnoki-utasitas\/\">AZ EG\u00c9SZS\u00c9G\u00dcGYI SZOLG\u00c1LATI JOGVISZONYRA \u00c1TT\u00c9R\u00c9SHEZ SZ\u00dcKS\u00c9GES EL\u0150K\u00c9SZ\u00cdT\u0150 FELADATOKR\u00d3L SZ\u00d3L\u00d3 REKTORI-KANCELL\u00c1RI-ELN\u00d6KI UTAS\u00cdT\u00c1S<\/a><\/p>\n<p><a href=\"https:\/\/semmelweis.hu\/human\/2020\/12\/08\/tajekoztato-az-egeszsegugyi-szolgalati-jogviszonyrol-a-semmelweis-egyetem-munkatarsai-reszere\/\">T\u00c1J\u00c9KOZTAT\u00d3 AZ EG\u00c9SZS\u00c9G\u00dcGYI SZOLG\u00c1LATI JOGVISZONYR\u00d3L<\/a><\/p>\n<p>&nbsp;<\/p>\n","protected":false},"excerpt":{"rendered":"<p>SZEM\u00c9LYES K\u00d6ZREM\u0170K\u00d6D\u0150I JOGVISZONY ENGED\u00c9LYEZ\u00c9SE<br \/>\n<a href=\"https:\/\/semmelweis.hu\/human\/2021\/03\/23\/a-munkaido-rogzites-rendjenek-valtozasa-az-egeszsegugyi-szolgalati-jogviszonyhoz-kapcsolodoan\/\">A MUNKAID\u0150-R\u00d6GZ\u00cdT\u00c9S RENDJ\u00c9NEK V\u00c1LTOZ\u00c1SA AZ EG\u00c9SZS\u00c9G\u00dcGYI SZOLG\u00c1LATI JOGVISZONYHOZ KAPCSOL\u00d3D\u00d3AN<\/a><br \/>\n<a href=\"https:\/\/semmelweis.hu\/human\/egeszsegugyi-szolgalati-jogviszony\/eljarasrend-es-kitoltesi-utmutato-a-semmelweis-egyetem-egeszsegugyi-szolgalati-jogviszonyban-allo-szemely-munkavegzesere-iranyulo-tovabbi-jogviszonyanak-engedelyezese-iranti-kerelem-benyujtasahoz_\">MUNKAV\u00c9GZ\u00c9SRE IR\u00c1NYUL\u00d3 TOV\u00c1BBI JOGVISZONYOK ENGED\u00c9LYEZ\u00c9SE<\/a><br \/>\n<a href=\"https:\/\/semmelweis.hu\/human\/2021\/03\/16\/89527\/\">IRATMINT\u00c1K EG\u00c9SZS\u00c9G\u00dcGYI SZOLG\u00c1LATI JOGVISZONYBAN MEG\u00c1LLAP\u00cdTOTT ILLETM\u00c9NYKIEG\u00c9SZ\u00cdT\u00c9SHEZ<\/a><br \/>\n<a href=\"https:\/\/semmelweis.hu\/human\/files\/2021\/02\/E_2_2021_II_18_rektori-kancellari_utasitas.pdf\">REKTORI-KANCELL\u00c1RI UTAS\u00cdT\u00c1S A KLINIKAI K\u00d6ZPONT SZERVEZETI EGYS\u00c9GEIBEN EG\u00c9SZS\u00c9G\u00dcGYI SZOLG\u00c1LATI JOGVISZONYBAN FOGLALKOZTATOTT EG\u00c9SZS\u00c9G\u00dcGYI DOLGOZ\u00d3K ILLETM\u00c9NYEN FEL\u00dcLI JUTTAT\u00c1SAIR\u00d3L \u00c9S T\u00c1MOGAT\u00c1SAIR\u00d3L<\/a><br \/>\n<a href=\"https:\/\/semmelweis.hu\/human\/2021\/02\/24\/klinikai-kozpont-elnoki-kancellari-korlevel-az-egeszsegugyi-szolgalati-jogviszonyhoz-kapcsolodo-fizetesi-besorolas-soran-figyelembe-vett-szolgalati-jogviszonyban-toltott-idorol\/\">A DOKTORI K\u00c9PZ\u00c9S IDEJ\u00c9NEK BESZ\u00c1M\u00cdT\u00c1SA AZ EG\u00c9SZS\u00c9G\u00dcGYI SZOLG\u00c1LATI JOGVISZONYBAN T\u00d6LT\u00d6TT ID\u0150BE<\/a><br \/>\n<a href=\"https:\/\/semmelweis.hu\/human\/2021\/02\/01\/rektori-kancellari-klinikai-kozpont-elnoki-korlevel-az-egeszsegugyi-dolgozok-kozalkalmazotti-jogviszonyanak-egeszsegugyi-szolgalati-jogviszonyra-torteno-atalakulasaval-kapcsolatban\/\">REKTORI \u2013 KANCELL\u00c1RI \u2013 KLINIKAI K\u00d6ZPONT ELN\u00d6KI K\u00d6RLEV\u00c9L AZ EG\u00c9SZS\u00c9G\u00dcGYI DOLGOZ\u00d3K K\u00d6ZALKALMAZOTTI JOGVISZONY\u00c1NAK EG\u00c9SZS\u00c9G\u00dcGYI SZOLG\u00c1LATI JOGVISZONYRA T\u00d6RT\u00c9N\u0150 \u00c1TALAKUL\u00c1S\u00c1VAL KAPCSOLATBAN<\/a><br \/>\n<a href=\"https:\/\/semmelweis.hu\/human\/2020\/12\/28\/rektori-kancellari-utasitas-a-semmelweis-egyetemen-oktatoi-vagy-tudomanyos-kutatoi-munkakorben-foglalkoztatott-egeszsegugyi-dolgozok-egyeni-teljesitmenyertekelesevel-kapcsolatos-eljarasrendrol\/\">REKTORI-KANCELL\u00c1RI UTAS\u00cdT\u00c1S A SEMMELWEIS EGYETEMEN OKTAT\u00d3I VAGY TUDOM\u00c1NYOS KUTAT\u00d3I MUNKAK\u00d6RBEN FOGLALKOZTATOTT EG\u00c9SZS\u00c9G\u00dcGYI DOLGOZ\u00d3K EGY\u00c9NI TELJES\u00cdTM\u00c9NY\u00c9RT\u00c9KEL\u00c9S\u00c9VEL KAPCSOLATOS ELJ\u00c1R\u00c1SRENDR\u0150L<\/a><br \/>\n<a href=\"https:\/\/semmelweis.hu\/human\/2020\/12\/28\/az-egeszsegugyi-szolgalati-jogviszonyra-attereshez-szukseges-elokeszito-feladatokrol-szolo-rektori-kancellari-elnoki-utasitas\/\">AZ EG\u00c9SZS\u00c9G\u00dcGYI SZOLG\u00c1LATI JOGVISZONYRA \u00c1TT\u00c9R\u00c9SHEZ SZ\u00dcKS\u00c9GES EL\u0150K\u00c9SZ\u00cdT\u0150 FELADATOKR\u00d3L SZ\u00d3L\u00d3 REKTORI-KANCELL\u00c1RI-ELN\u00d6KI UTAS\u00cdT\u00c1S<\/a><br \/>\n<a href=\"https:\/\/semmelweis.hu\/human\/2020\/12\/08\/tajekoztato-az-egeszsegugyi-szolgalati-jogviszonyrol-a-semmelweis-egyetem-munkatarsai-reszere\/\">T\u00c1J\u00c9KOZTAT\u00d3 AZ EG\u00c9SZS\u00c9G\u00dcGYI SZOLG\u00c1LATI JOGVISZONYR\u00d3L<\/a><br \/>\n&nbsp;<\/p>\n","protected":false},"author":101175,"featured_media":0,"parent":0,"menu_order":8,"comment_status":"closed","ping_status":"closed","template":"","meta":{"_acf_changed":false,"footnotes":""},"categories":[],"tags":[],"class_list":["post-89250","page","type-page","status-publish","hentry"],"acf":[],"_links":{"self":[{"href":"https:\/\/semmelweis.hu\/human\/wp-json\/wp\/v2\/pages\/89250","targetHints":{"allow":["GET"]}}],"collection":[{"href":"https:\/\/semmelweis.hu\/human\/wp-json\/wp\/v2\/pages"}],"about":[{"href":"https:\/\/semmelweis.hu\/human\/wp-json\/wp\/v2\/types\/page"}],"author":[{"embeddable":true,"href":"https:\/\/semmelweis.hu\/human\/wp-json\/wp\/v2\/users\/101175"}],"replies":[{"embeddable":true,"href":"https:\/\/semmelweis.hu\/human\/wp-json\/wp\/v2\/comments?post=89250"}],"version-history":[{"count":10,"href":"https:\/\/semmelweis.hu\/human\/wp-json\/wp\/v2\/pages\/89250\/revisions"}],"predecessor-version":[{"id":108068,"href":"https:\/\/semmelweis.hu\/human\/wp-json\/wp\/v2\/pages\/89250\/revisions\/108068"}],"wp:attachment":[{"href":"https:\/\/semmelweis.hu\/human\/wp-json\/wp\/v2\/media?parent=89250"}],"wp:term":[{"taxonomy":"category","embeddable":true,"href":"https:\/\/semmelweis.hu\/human\/wp-json\/wp\/v2\/categories?post=89250"},{"taxonomy":"post_tag","embeddable":true,"href":"https:\/\/semmelweis.hu\/human\/wp-json\/wp\/v2\/tags?post=89250"}],"curies":[{"name":"wp","href":"https:\/\/api.w.org\/{rel}","templated":true}]}}