{"id":88496,"date":"2020-12-15T10:30:18","date_gmt":"2020-12-15T09:30:18","guid":{"rendered":"https:\/\/semmelweis.hu\/human\/?page_id=88496"},"modified":"2024-08-05T11:25:46","modified_gmt":"2024-08-05T09:25:46","slug":"onkentes-segitoi-szerzodes","status":"publish","type":"page","link":"https:\/\/semmelweis.hu\/human\/nyomtatvanyok\/onkentes-segitoi-szerzodes\/","title":{"rendered":"\u00d6nk\u00e9ntes seg\u00edt\u0151i szerz\u0151d\u00e9s"},"content":{"rendered":"<p><a href=\"https:\/\/semmelweis.hu\/human\/files\/2024\/08\/onkentes-segitoi-szerzodes_minta-2023_rp.doc\">Let\u00f6lthet\u0151 \u00f6nk\u00e9ntes seg\u00edt\u0151i szerz\u0151d\u00e9s &#8211; minta<\/a><\/p>\n","protected":false},"excerpt":{"rendered":"<p><a href=\"https:\/\/semmelweis.hu\/human\/files\/2024\/08\/onkentes-segitoi-szerzodes_minta-2023_rp.doc\">Let\u00f6lthet\u0151 \u00f6nk\u00e9ntes seg\u00edt\u0151i szerz\u0151d\u00e9s &#8211; minta<\/a><\/p>\n","protected":false},"author":101174,"featured_media":0,"parent":12,"menu_order":20,"comment_status":"closed","ping_status":"closed","template":"","meta":{"_acf_changed":false,"footnotes":""},"categories":[],"tags":[],"class_list":["post-88496","page","type-page","status-publish","hentry"],"acf":[],"_links":{"self":[{"href":"https:\/\/semmelweis.hu\/human\/wp-json\/wp\/v2\/pages\/88496","targetHints":{"allow":["GET"]}}],"collection":[{"href":"https:\/\/semmelweis.hu\/human\/wp-json\/wp\/v2\/pages"}],"about":[{"href":"https:\/\/semmelweis.hu\/human\/wp-json\/wp\/v2\/types\/page"}],"author":[{"embeddable":true,"href":"https:\/\/semmelweis.hu\/human\/wp-json\/wp\/v2\/users\/101174"}],"replies":[{"embeddable":true,"href":"https:\/\/semmelweis.hu\/human\/wp-json\/wp\/v2\/comments?post=88496"}],"version-history":[{"count":10,"href":"https:\/\/semmelweis.hu\/human\/wp-json\/wp\/v2\/pages\/88496\/revisions"}],"predecessor-version":[{"id":103098,"href":"https:\/\/semmelweis.hu\/human\/wp-json\/wp\/v2\/pages\/88496\/revisions\/103098"}],"up":[{"embeddable":true,"href":"https:\/\/semmelweis.hu\/human\/wp-json\/wp\/v2\/pages\/12"}],"wp:attachment":[{"href":"https:\/\/semmelweis.hu\/human\/wp-json\/wp\/v2\/media?parent=88496"}],"wp:term":[{"taxonomy":"category","embeddable":true,"href":"https:\/\/semmelweis.hu\/human\/wp-json\/wp\/v2\/categories?post=88496"},{"taxonomy":"post_tag","embeddable":true,"href":"https:\/\/semmelweis.hu\/human\/wp-json\/wp\/v2\/tags?post=88496"}],"curies":[{"name":"wp","href":"https:\/\/api.w.org\/{rel}","templated":true}]}}