{"id":85584,"date":"2020-05-20T13:49:06","date_gmt":"2020-05-20T11:49:06","guid":{"rendered":"https:\/\/semmelweis.hu\/human\/?page_id=85584"},"modified":"2025-06-11T19:59:32","modified_gmt":"2025-06-11T17:59:32","slug":"allami-es-miniszteri-kituntetesek-javaslati-urlapjai","status":"publish","type":"page","link":"https:\/\/semmelweis.hu\/human\/nyomtatvanyok\/allami-es-miniszteri-kituntetesek-javaslati-urlapjai\/","title":{"rendered":"\u00c1llami \u00e9s miniszteri kit\u00fcntet\u00e9sek"},"content":{"rendered":"<p><a href=\"https:\/\/semmelweis.hu\/human\/2025\/04\/09\/allami-es-a-miniszteri-kituntetesek-2026-evi-adomanyozasara-vonatkozo-javaslatok-megtetelenek-modja-es-hatarideje\/\">T\u00e1j\u00e9koztat\u00f3 \u00e9s nyomtatv\u00e1nyok (2026)<\/a><\/p>\n<p>Kapcsolattart\u00f3: Bereczki-Ott\u00f3 N\u00f3ra (tel: 0620\/6701887)<\/p>\n<p>&nbsp;<\/p>\n<p>&nbsp;<\/p>\n<p>&nbsp;<\/p>\n","protected":false},"excerpt":{"rendered":"<p><a href=\"https:\/\/semmelweis.hu\/human\/2025\/04\/09\/allami-es-a-miniszteri-kituntetesek-2026-evi-adomanyozasara-vonatkozo-javaslatok-megtetelenek-modja-es-hatarideje\/\">T\u00e1j\u00e9koztat\u00f3 \u00e9s nyomtatv\u00e1nyok (2026)<\/a><br \/>\nKapcsolattart\u00f3: Bereczki-Ott\u00f3 N\u00f3ra (tel: 0620\/6701887)<br \/>\n&nbsp;<br \/>\n&nbsp;<br \/>\n&nbsp;<\/p>\n","protected":false},"author":101175,"featured_media":0,"parent":12,"menu_order":14,"comment_status":"closed","ping_status":"closed","template":"","meta":{"_acf_changed":false,"footnotes":""},"categories":[],"tags":[],"class_list":["post-85584","page","type-page","status-publish","hentry"],"acf":[],"_links":{"self":[{"href":"https:\/\/semmelweis.hu\/human\/wp-json\/wp\/v2\/pages\/85584","targetHints":{"allow":["GET"]}}],"collection":[{"href":"https:\/\/semmelweis.hu\/human\/wp-json\/wp\/v2\/pages"}],"about":[{"href":"https:\/\/semmelweis.hu\/human\/wp-json\/wp\/v2\/types\/page"}],"author":[{"embeddable":true,"href":"https:\/\/semmelweis.hu\/human\/wp-json\/wp\/v2\/users\/101175"}],"replies":[{"embeddable":true,"href":"https:\/\/semmelweis.hu\/human\/wp-json\/wp\/v2\/comments?post=85584"}],"version-history":[{"count":10,"href":"https:\/\/semmelweis.hu\/human\/wp-json\/wp\/v2\/pages\/85584\/revisions"}],"predecessor-version":[{"id":105949,"href":"https:\/\/semmelweis.hu\/human\/wp-json\/wp\/v2\/pages\/85584\/revisions\/105949"}],"up":[{"embeddable":true,"href":"https:\/\/semmelweis.hu\/human\/wp-json\/wp\/v2\/pages\/12"}],"wp:attachment":[{"href":"https:\/\/semmelweis.hu\/human\/wp-json\/wp\/v2\/media?parent=85584"}],"wp:term":[{"taxonomy":"category","embeddable":true,"href":"https:\/\/semmelweis.hu\/human\/wp-json\/wp\/v2\/categories?post=85584"},{"taxonomy":"post_tag","embeddable":true,"href":"https:\/\/semmelweis.hu\/human\/wp-json\/wp\/v2\/tags?post=85584"}],"curies":[{"name":"wp","href":"https:\/\/api.w.org\/{rel}","templated":true}]}}