{"id":84286,"date":"2020-02-25T17:14:45","date_gmt":"2020-02-25T16:14:45","guid":{"rendered":"http:\/\/semmelweis.hu\/human\/?page_id=84286"},"modified":"2023-06-13T14:12:45","modified_gmt":"2023-06-13T12:12:45","slug":"all-you-can-move","status":"publish","type":"page","link":"https:\/\/semmelweis.hu\/human\/all-you-can-move\/","title":{"rendered":"All You Can Move"},"content":{"rendered":"<div class=\"lead\" style=\"text-align: center\"><span style=\"color: #ff0000;font-size: 24pt\"><strong>Archiv\u00e1lt tartalom<\/strong><\/span><\/div>\n<div class=\"lead\" style=\"text-align: center\"><span style=\"font-size: 18pt\"><strong>Aktu\u00e1lis tartalom a tov\u00e1bbiakban a Csal\u00e1dbar\u00e1t Egyetem K\u00f6zpont oldal\u00e1n <a href=\"https:\/\/semmelweis.hu\/csaladbarat\/sportolasi-lehetosegek\/\">itt<\/a> \u00e9rhet\u0151 el<\/strong><\/span><\/div>\n<p>&nbsp;<\/p>\n<p style=\"text-align: center\"><span style=\"font-size: 18pt;color: #808080\"><strong>\u00d6r\u00f6mmel \u00e9rtes\u00edtj\u00fck, hogy 2023-ban is folytat\u00f3dik a Semmelweis Egyetem \u00e9s az AYCM egy\u00fcttm\u0171k\u00f6d\u00e9se<\/strong><\/span><\/p>\n<p style=\"text-align: center\"><span style=\"color: #808080\">Az AYCM SportPass egy multifunkci\u00f3s sportb\u00e9rlet, amivel az ig\u00e9nybevev\u0151 a norm\u00e1l uszoda\/fitnesz\/j\u00f3gab\u00e9rletek t\u00f6red\u00e9k\u00e9\u00e9rt tud rendszeresen \u00e9s v\u00e1ltozatosan sportolni szinte b\u00e1rhol Magyarorsz\u00e1gon.<\/span><\/p>\n<p style=\"text-align: center\"><span style=\"color: #808080\">\u00cdzel\u00edt\u0151 a mozg\u00e1sforma-k\u00edn\u00e1latb\u00f3l: fitness, cardio, sz\u00e1mtalan csoportos \u00f3ra (TRX, zumba, hot iron, gerinctorna, pilates stb.), j\u00f3ga, \u00fasz\u00e1s, t\u00e1nc (hast\u00e1nc, r\u00fadt\u00e1nc, t\u00e1rsas, latin stb.), gy\u00f3gytorna, tenisz, squash, ketrecfoci, ping-pong, evez\u00e9s, k\u00fczd\u0151sportok, golf stb. T\u00e9len s\u00edel\u00e9s, h\u00f3f\u00e1nkoz\u00e1s \u00e9s korcsolya, ny\u00e1ron a strandok (pl. Lupa Beach) \u00e9s balatoni\/velencei-tavi elfogad\u00f3helyek sokas\u00e1ga v\u00e1rja\u2026. K\u00fcl\u00f6nlegess\u00e9gek: trambulinp\u00e1ly\u00e1k, v\u00edz alatti hoki, l\u00f6v\u00e9szet, lovagl\u00e1s, baltadob\u00e1l\u00e1s, szabadul\u00f3 szoba stb.<\/span><\/p>\n<p style=\"text-align: center\"><span style=\"color: #808080\"><em><strong><a href=\"https:\/\/www.aycm.hu\/kiajanlo.php?nev=AYCM_2023_M_3XL\">Elfogad\u00f3helyek list\u00e1ja<\/a><\/strong><\/em><\/span><\/p>\n<p style=\"text-align: center\"><span style=\"color: #808080\">Azon dolgoz\u00f3k vehetik ig\u00e9nybe a program keret\u00e9ben k\u00edn\u00e1lt kedvezm\u00e9nyes \u00e1rakat, akik regisztr\u00e1lnak az AYCM programba, v\u00e1llalj\u00e1k a h\u0171s\u00e9gid\u0151t \u00e9s a munkab\u00e9r\u00fckb\u0151l a SportPass havi d\u00edj\u00e1nak levon\u00e1s\u00e1t.<\/span><\/p>\n<p style=\"text-align: center\"><span style=\"color: #808080\">A Semmelweis Egyetem elk\u00f6telezett a munkat\u00e1rsai eg\u00e9szs\u00e9ges \u00e9letm\u00f3dj\u00e1nak, rekre\u00e1ci\u00f3j\u00e1nak t\u00e1mogat\u00e1s\u00e1ban, \u00edgy a programba regisztr\u00e1lt els\u0151 600 munkav\u00e1llal\u00f3t id\u00e9n m\u00e1r havonta 3000 Ft t\u00e1mogat\u00e1sban r\u00e9szes\u00edti 2023. december v\u00e9g\u00e9ig.<\/span><\/p>\n<p style=\"text-align: center\"><span style=\"color: #808080\">A program r\u00e9szleteir\u0151l \u00e9s a regisztr\u00e1ci\u00f3 folyamat\u00e1r\u00f3l sz\u00f3l\u00f3 t\u00e1j\u00e9koztat\u00f3nk az al\u00e1bbi linkre kattintva \u00e9rhet\u0151 el:<\/span><\/p>\n<p style=\"text-align: center\"><span style=\"color: #808080\"><em><strong><a href=\"https:\/\/semmelweis.hu\/human\/files\/2022\/12\/Tajekoztato-az-AYCM-program-reszleteirol_2023_rp.pdf\">T\u00c1J\u00c9KOZTAT\u00d3 AZ AYCM PROGRAM R\u00c9SZLETEIR\u0150L<\/a> <\/strong><\/em><\/span><\/p>\n<p style=\"text-align: center\"><span style=\"color: #808080\">A regisztr\u00e1ci\u00f3hoz sz\u00fcks\u00e9ges nyilatkozat az al\u00e1bbi linken \u00e9rhet\u0151 el:<\/span><\/p>\n<p style=\"text-align: center\"><span style=\"color: #808080\"><a href=\"https:\/\/semmelweis.hu\/human\/files\/2022\/12\/AYCM-nyilatkozat-2023-2.docx\"><em><strong>K\u00c9RELEM \u00c9S NYILATKOZAT\u00a0 a Semmelweis Egyetem rekre\u00e1ci\u00f3s \u00e9s sportol\u00e1si programj\u00e1ban t\u00f6rt\u00e9n\u0151 r\u00e9szv\u00e9telhez (2023. \u00e9vre)<\/strong><\/em><\/a><\/span><\/p>\n<p style=\"text-align: center\"><span style=\"color: #808080\">***<\/span><\/p>\n<p style=\"text-align: center\"><span style=\"font-size: 18pt;color: #808080\"><strong>\u00d6r\u00f6mmel \u00e9rtes\u00edtj\u00fck, hogy 2022-ben tov\u00e1bbra is el\u00e9rhet\u0151 az AYCM SportPass szolg\u00e1ltat\u00e1sa.<\/strong><\/span><\/p>\n<p style=\"text-align: center\"><span style=\"color: #808080\">Az AYCM SportPass egy multifunkci\u00f3s sportb\u00e9rlet, amivel az ig\u00e9nybevev\u0151 a norm\u00e1l uszoda\/fitnesz\/j\u00f3gab\u00e9rletek t\u00f6red\u00e9k\u00e9\u00e9rt tud rendszeresen \u00e9s v\u00e1ltozatosan sportolni szinte b\u00e1rhol Magyarorsz\u00e1gon.<\/span><\/p>\n<p style=\"text-align: center\"><span style=\"color: #808080\">\u00cdzel\u00edt\u0151 a mozg\u00e1sforma-k\u00edn\u00e1latb\u00f3l: fitness, cardio, sz\u00e1mtalan csoportos \u00f3ra (TRX, zumba, hot iron, gerinctorna, pilates stb.), j\u00f3ga, \u00fasz\u00e1s, t\u00e1nc (hast\u00e1nc, r\u00fadt\u00e1nc, t\u00e1rsas, latin stb.), gy\u00f3gytorna, tenisz, squash, ketrecfoci, ping-pong, evez\u00e9s, k\u00fczd\u0151sportok, golf stb. T\u00e9len s\u00edel\u00e9s, h\u00f3f\u00e1nkoz\u00e1s \u00e9s korcsolya, ny\u00e1ron a strandok (pl. Lupa Beach) \u00e9s balatoni\/velencei-tavi elfogad\u00f3helyek sokas\u00e1ga v\u00e1rja\u2026. K\u00fcl\u00f6nlegess\u00e9gek: trambulinp\u00e1ly\u00e1k, v\u00edz alatti hoki, l\u00f6v\u00e9szet, lovagl\u00e1s, baltadob\u00e1l\u00e1s, szabadul\u00f3 szoba stb.<\/span><\/p>\n<p style=\"text-align: center\"><span style=\"color: #808080\"><a href=\"https:\/\/www.aycm.hu\/kiajanlo.php?nev=AYCM_2022_C_D_XL_XXL\"><strong><em>Elfogad\u00f3helyek list\u00e1ja<\/em><\/strong><\/a><\/span><\/p>\n<p style=\"text-align: center\"><span style=\"color: #808080\">Azon dolgoz\u00f3k vehetik ig\u00e9nybe a program keret\u00e9ben k\u00edn\u00e1lt kedvezm\u00e9nyes \u00e1rakat, akik regisztr\u00e1lnak az AYCM programba \u00e9s v\u00e1llalj\u00e1k a h\u0171s\u00e9gid\u0151t \u00e9s a munkab\u00e9r\u00fckb\u0151l a SportPass havi d\u00edj\u00e1nak levon\u00e1s\u00e1t.<\/span><\/p>\n<p style=\"text-align: center\"><span style=\"color: #808080\">A Semmelweis Egyetem elk\u00f6telezett a munkat\u00e1rsai eg\u00e9szs\u00e9ges \u00e9letm\u00f3dj\u00e1nak, rekre\u00e1ci\u00f3j\u00e1nak t\u00e1mogat\u00e1s\u00e1ban, \u00edgy a programba regisztr\u00e1lt els\u0151 600 munkav\u00e1llal\u00f3t id\u00e9n is havonta 2000 Ft t\u00e1mogat\u00e1sban r\u00e9szes\u00edti 2022. december v\u00e9g\u00e9ig.<\/span><\/p>\n<p style=\"text-align: center\"><span style=\"color: #808080\">A program r\u00e9szleteir\u0151l \u00e9s a regisztr\u00e1ci\u00f3 folyamat\u00e1r\u00f3l sz\u00f3l\u00f3 t\u00e1j\u00e9koztat\u00f3nk az al\u00e1bbi linkre kattintva \u00e9rhet\u0151 el:<\/span><\/p>\n<p style=\"text-align: center\"><span style=\"color: #808080\"><a href=\"https:\/\/semmelweis.hu\/human\/files\/2022\/01\/SE_AYCM_2022_elso-kommunikacio.pdf\"><strong><em>T\u00c1J\u00c9KOZTAT\u00d3 AZ AYCM PROGRAM R\u00c9SZLETEIR\u0150L<\/em><\/strong><\/a>\u00a0<\/span><\/p>\n<p style=\"text-align: center\"><span style=\"color: #808080\">A regisztr\u00e1ci\u00f3hoz sz\u00fcks\u00e9ges nyilatkozat az al\u00e1bbi linken \u00e9rhet\u0151 el:<\/span><\/p>\n<p style=\"text-align: center\"><span style=\"color: #808080\"><a href=\"https:\/\/semmelweis.hu\/human\/files\/2021\/12\/AYCM-nyilatkozat-2022.docx\"><strong><em>K\u00c9RELEM \u00c9S NYILATKOZAT\u00a0 a Semmelweis Egyetem rekre\u00e1ci\u00f3s \u00e9s sportol\u00e1si programj\u00e1ban t\u00f6rt\u00e9n\u0151 r\u00e9szv\u00e9telhez (2022. \u00e9vre)<\/em><\/strong><\/a><\/span><\/p>\n<p>&nbsp;<\/p>\n<p style=\"text-align: center\"><span style=\"color: #808080\">***<\/span><\/p>\n<p style=\"text-align: center\"><span style=\"font-size: 18pt;color: #808080\"><strong>\u00d6r\u00f6mmel \u00e9rtes\u00edtj\u00fck, hogy 2021-ben tov\u00e1bbra is el\u00e9rhet\u0151 az AYCM SportPass szolg\u00e1ltat\u00e1sa.<\/strong><\/span><\/p>\n<p style=\"text-align: center\"><span style=\"color: #808080\">Az AYCM SportPass egy multifunkci\u00f3s sportb\u00e9rlet, amivel az ig\u00e9nybevev\u0151 a norm\u00e1l uszoda\/fitnesz\/j\u00f3gab\u00e9rletek t\u00f6red\u00e9k\u00e9\u00e9rt tud rendszeresen \u00e9s v\u00e1ltozatosan sportolni szinte b\u00e1rhol Magyarorsz\u00e1gon.<\/span><\/p>\n<p style=\"text-align: center\"><span style=\"color: #808080\">\u00cdzel\u00edt\u0151 a mozg\u00e1sforma-k\u00edn\u00e1latb\u00f3l: fitness, cardio, sz\u00e1mtalan csoportos \u00f3ra (TRX, zumba, hot iron, gerinctorna, pilates stb.), j\u00f3ga, \u00fasz\u00e1s, t\u00e1nc (hast\u00e1nc, r\u00fadt\u00e1nc, t\u00e1rsas, latin stb.), gy\u00f3gytorna, tenisz, squash, ketrecfoci, ping-pong, evez\u00e9s, k\u00fczd\u0151sportok, golf stb. T\u00e9len s\u00edel\u00e9s, h\u00f3f\u00e1nkoz\u00e1s \u00e9s korcsolya, ny\u00e1ron a strandok (pl. Lupa Beach) \u00e9s balatoni\/velencei-tavi elfogad\u00f3helyek sokas\u00e1ga v\u00e1rja\u2026. K\u00fcl\u00f6nlegess\u00e9gek: trambulinp\u00e1ly\u00e1k, v\u00edz alatti hoki, l\u00f6v\u00e9szet, lovagl\u00e1s, baltadob\u00e1l\u00e1s, szabadul\u00f3 szoba stb.<\/span><\/p>\n<p style=\"text-align: center\"><span style=\"color: #808080\"><a href=\"https:\/\/www.aycm.hu\/kiajanlo_21.php?nev=AYCM_2021_C_D_XL_XXL\"><strong><em>Elfogad\u00f3helyek list\u00e1ja<\/em><\/strong><\/a><\/span><\/p>\n<p style=\"text-align: center\"><span style=\"color: #808080\">Azon dolgoz\u00f3k vehetik ig\u00e9nybe a program keret\u00e9ben k\u00edn\u00e1lt kedvezm\u00e9nyes \u00e1rakat, akik regisztr\u00e1lnak az AYCM programba \u00e9s v\u00e1llalj\u00e1k a h\u0171s\u00e9gid\u0151t \u00e9s a munkab\u00e9r\u00fckb\u0151l a SportPass havi d\u00edj\u00e1nak levon\u00e1s\u00e1t.<\/span><\/p>\n<p style=\"text-align: center\"><span style=\"color: #808080\">A Semmelweis Egyetem elk\u00f6telezett a munkat\u00e1rsai eg\u00e9szs\u00e9ges \u00e9letm\u00f3dj\u00e1nak, rekre\u00e1ci\u00f3j\u00e1nak t\u00e1mogat\u00e1s\u00e1ban, \u00edgy a programba regisztr\u00e1lt els\u0151 600 munkav\u00e1llal\u00f3t id\u00e9n is havonta 2000 Ft t\u00e1mogat\u00e1sban r\u00e9szes\u00edti 2021. december v\u00e9g\u00e9ig.<\/span><\/p>\n<p style=\"text-align: center\"><span style=\"color: #808080\">A program r\u00e9szleteir\u0151l \u00e9s a regisztr\u00e1ci\u00f3 folyamat\u00e1r\u00f3l sz\u00f3l\u00f3 t\u00e1j\u00e9koztat\u00f3nk az al\u00e1bbi linkre kattintva \u00e9rhet\u0151 el:<\/span><\/p>\n<p style=\"text-align: center\"><span style=\"color: #808080\"><a href=\"https:\/\/semmelweis.hu\/human\/files\/2021\/06\/AYCM-2021-b\u0151vebb-t\u00e1j\u00e9koztat\u00f3-link.pdf\"><strong><em>T\u00c1J\u00c9KOZTAT\u00d3 AZ AYCM PROGRAM R\u00c9SZLETEIR\u0150L<\/em><\/strong><\/a>\u00a0<\/span><\/p>\n<p style=\"text-align: center\"><span style=\"color: #808080\">A regisztr\u00e1ci\u00f3hoz sz\u00fcks\u00e9ges nyilatkozat az al\u00e1bbi linken \u00e9rhet\u0151 el:<\/span><\/p>\n<p style=\"text-align: center\"><span style=\"color: #808080\"><a href=\"https:\/\/semmelweis.hu\/human\/files\/2021\/08\/NYILATKOZAT-AYCM-k\u00e1rty\u00e1val-nem-rendelkez\u0151knek-2021-MT-ESZJ.doc\"><strong><em>K\u00c9RELEM \u00c9S NYILATKOZAT\u00a0 a Semmelweis Egyetem rekre\u00e1ci\u00f3s \u00e9s sportol\u00e1si programj\u00e1ban t\u00f6rt\u00e9n\u0151 r\u00e9szv\u00e9telhez (2021. \u00e9vre)<\/em><\/strong><\/a><\/span><\/p>\n<p>&nbsp;<\/p>\n<p style=\"text-align: center\"><span style=\"color: #808080\">***<\/span><\/p>\n<p>&nbsp;<\/p>\n<p style=\"text-align: center\"><span style=\"color: #808080\"><strong>J\u00e1rv\u00e1ny\u00fcgyi helyzettel kapcsolatos t\u00e1j\u00e9koztat\u00e1s:\u00a0<\/strong><\/span><\/p>\n<p style=\"text-align: center\"><span style=\"color: #808080\">T\u00e1j\u00e9koztatjuk \u00d6n\u00f6ket, hogy a vesz\u00e9lyhelyzet idej\u00e9n alkalmazand\u00f3 v\u00e9delmi int\u00e9zked\u00e9sek m\u00e1sodik \u00fctem\u00e9r\u0151l sz\u00f3l\u00f3 484\/2020 (XI.10.) Korm. rendelet \u00e9rtelm\u00e9ben a szabadid\u0151s l\u00e9tes\u00edtm\u00e9nyek l\u00e1togat\u00e1sa \u2013 a nem versenyszer\u0171en sportol\u00f3k sz\u00e1m\u00e1ra &#8211; \u00a0tilt\u00e1sra ker\u00fclt, ennek k\u00f6vetkezm\u00e9nyek\u00e9nt\u00a0 az All You Can Move\/AYCM SportPass kibocs\u00e1t\u00f3ja\u00a02020. november 11-\u00e9n minden regisztr\u00e1lt felhaszn\u00e1l\u00f3 SportPass-sz\u00e1t automatikusan felf\u00fcggesztette. <\/span><\/p>\n<p style=\"text-align: center\"><span style=\"color: #808080\">\u00c9rtes\u00edtj\u00fck \u00d6n\u00f6ket, hogy az AYCM t\u00e1j\u00e9koztat\u00e1sa szerint a novemberi rendelkez\u00e9sre \u00e1ll\u00e1si d\u00edj a novemberi munkab\u00e9rb\u0151l levon\u00e1sra fog ker\u00fclni, tekintettel arra, hogy a h\u00f3nap r\u00e9szben akt\u00edv id\u0151szakot is tartalmaz. A korl\u00e1toz\u00e1s fennmarad\u00e1sa est\u00e9n a decemberi munkab\u00e9rb\u0151l m\u00e1r nem ker\u00fcl levon\u00e1sra az AYCM SportPass decemberi rendelkez\u00e9sre \u00e1ll\u00e1si d\u00edja. \u00a0<\/span><\/p>\n<p style=\"text-align: center\">\n<span style=\"color: #808080\">Emberier\u0151forr\u00e1s-gazd\u00e1lkod\u00e1si F\u0151igazgat\u00f3s\u00e1g<\/span><\/p>\n<p style=\"text-align: center\"><span style=\"color: #808080\">***<\/span><\/p>\n<p>&nbsp;<\/p>\n<p style=\"text-align: center\"><span style=\"color: #808080\"><strong>Tisztelt Munkat\u00e1rsak!<\/strong><\/span><\/p>\n<p style=\"text-align: center\"><span style=\"color: #808080\">A j\u00e1rv\u00e1ny\u00fcgyi helyzet kedvez\u0151 alakul\u00e1s\u00e1ra tekintettel az <span style=\"font-size: 1rem;text-align: left\">AYCM SportPass elfogad\u00f3helyek ism\u00e9t megnyitott\u00e1k kapuikat, \u00edgy a SportPass-szal ig\u00e9nybe vehet\u0151 szolg\u00e1ltat\u00e1sok valamennyi munkat\u00e1rsunk sz\u00e1m\u00e1ra \u00fajra el\u00e9rhet\u0151ek.<\/span><\/span><\/p>\n<p style=\"text-align: center\"><span style=\"color: #808080\">Amennyiben a SportPass ny\u00fajtotta sportol\u00e1si lehet\u0151s\u00e9g felkeltette \u00e9rdekl\u0151d\u00e9s\u00e9t \u00e9s ennek r\u00e9szleteir\u0151l, valamint a regisztr\u00e1ci\u00f3 menet\u00e9r\u0151l az AYCM csapat\u00e1t\u00f3l szeretne k\u00f6zvetlen\u00fcl inform\u00e1ci\u00f3hoz jutni, <strong>k\u00e9rj\u00fck l\u00e1togasson el a Semmelweis Egyetem Nagyv\u00e1rad t\u00e9ri Elm\u00e9leti T\u00f6mb aul\u00e1j\u00e1ba 2020. j\u00fanius 25-\u00e9n (cs\u00fct\u00f6rt\u00f6k\u00f6n) 11.00 \u00e9s 13.00 \u00f3ra k\u00f6z\u00f6tt.<\/strong>\u00a0<\/span><\/p>\n<p style=\"text-align: center\"><span style=\"color: #808080\">Megjelen\u00e9s\u00e9re sz\u00e1m\u00edtunk!<\/span><\/p>\n<p style=\"text-align: center\"><span style=\"color: #808080\"><strong>Emberier\u0151forr\u00e1s-gazd\u00e1lkod\u00e1si F\u0151igazgat\u00f3s\u00e1g<\/strong><\/span><\/p>\n<p style=\"text-align: center\"><span style=\"color: #808080\">***<\/span><\/p>\n<p>&nbsp;<\/p>\n<p style=\"text-align: center\"><span style=\"color: #808080\"><strong>J\u00e1rv\u00e1ny\u00fcgyi helyzettel kapcsolatos t\u00e1j\u00e9koztat\u00e1s:\u00a0<\/strong><\/span><\/p>\n<p style=\"text-align: center\"><span style=\"color: #808080\">Amint arr\u00f3l munkat\u00e1rsaink m\u00e1r \u00e9rtes\u00fcltek, az All You Can Move SportPass-t \u00fczemeltet\u0151 Klub Rekre\u00e1ci\u00f3 Kft. d\u00f6nt\u00e9se alapj\u00e1n a koronav\u00edrussal kapcsolatban kihirdetett vesz\u00e9lyhelyzetre tekintettel inaktiv\u00e1lhat\u00f3 az AYCM SportPass.\u00a0<\/span><br \/>\n<span style=\"color: #808080\">Aki az inaktiv\u00e1l\u00e1st \u00e1prilis h\u00f3napra vonatkoz\u00f3an m\u00e1r megtette, \u00e9s ezen m\u00e1jus h\u00f3napra vonatkoz\u00f3an sem k\u00edv\u00e1n v\u00e1ltoztatni, k\u00fcl\u00f6n teend\u0151je nincs, az inaktiv\u00e1l\u00e1s automatikusan megt\u00f6rt\u00e9nik. <\/span><\/p>\n<p style=\"text-align: center\"><span style=\"color: #808080\">Az inaktiv\u00e1l\u00e1st munkat\u00e1rsaink a https:\/\/intranet2.aycm.hu\/intranet\/rendelkezesi-nyilatkozat oldalon tudj\u00e1k kezdem\u00e9nyezni. Az inaktiv\u00e1l\u00e1sra az ennek ig\u00e9nyl\u00e9s\u00e9t k\u00f6vet\u0151 napt\u00f3l ker\u00fcl sor. <\/span><\/p>\n<p style=\"text-align: center\"><span style=\"color: #808080\">A havi rendelkez\u00e9sre \u00e1ll\u00e1si d\u00edjat csak abban az esetben nem vonjuk le a munkab\u00e9rb\u0151l, ha a SportPass inaktiv\u00e1l\u00e1sra ker\u00fclt. A Klub Rekre\u00e1ci\u00f3 Kft. d\u00f6nt\u00e9se \u00e9rtelm\u00e9ben aki \u00e1prilis 18-ig nem k\u00e9rte az inaktiv\u00e1l\u00e1st, att\u00f3l az \u00e1prilis havi rendelkez\u00e9sre \u00e1ll\u00e1si d\u00edj levon\u00e1sra ker\u00fcl.\u00a0<\/span><\/p>\n<p style=\"text-align: center\"><span style=\"color: #808080\">Meg\u00e9rt\u00e9s\u00fcket k\u00f6sz\u00f6nj\u00fck!<\/span><\/p>\n<p style=\"text-align: center\"><span style=\"color: #808080\">***<\/span><\/p>\n<p style=\"text-align: center\"><span style=\"color: #808080\"><strong>\u00d6r\u00f6mmel \u00e9rtes\u00edtj\u00fck, hogy a Semmelweis Egyetem <\/strong><\/span><br \/>\n<span style=\"color: #808080\"><strong>az eg\u00e9szs\u00e9ges \u00e9s akt\u00edv \u00e9letm\u00f3d n\u00e9pszer\u0171s\u00edt\u00e9se c\u00e9lj\u00e1b\u00f3l szerz\u0151d\u00e9st k\u00f6t\u00f6tt<\/strong><\/span><br \/>\n<span style=\"color: #808080\"><strong>az All You Can Move\/AYCM SportPass kibocs\u00e1t\u00f3j\u00e1val.<\/strong><\/span><br \/>\n<span style=\"color: #808080\">Az AYCM SportPass egy multifunkci\u00f3s sportb\u00e9rlet, amivel az ig\u00e9nybevev\u0151 a norm\u00e1l uszoda\/fitnesz\/j\u00f3gab\u00e9rletek t\u00f6red\u00e9k\u00e9\u00e9rt tud rendszeresen \u00e9s v\u00e1ltozatosan sportolni szinte b\u00e1rhol Magyarorsz\u00e1gon.<\/span><\/p>\n<p style=\"text-align: center\"><span style=\"color: #808080\">\u00cdzel\u00edt\u0151 a mozg\u00e1sforma-k\u00edn\u00e1latb\u00f3l: fitness, cardio, sz\u00e1mtalan csoportos \u00f3ra (TRX, zumba, hot iron, gerinctorna, pilates stb.), j\u00f3ga, \u00fasz\u00e1s, t\u00e1nc (hast\u00e1nc, r\u00fadt\u00e1nc, t\u00e1rsas, latin stb.), gy\u00f3gytorna, tenisz, squash, ketrecfoci, ping-pong, evez\u00e9s, k\u00fczd\u0151sportok, golf stb. T\u00e9len s\u00edel\u00e9s, h\u00f3f\u00e1nkoz\u00e1s \u00e9s korcsolya, ny\u00e1ron a strandok (pl. Lupa Beach) \u00e9s balatoni\/velencei-tavi elfogad\u00f3helyek sokas\u00e1ga v\u00e1rja\u2026. K\u00fcl\u00f6nlegess\u00e9gek: trambulinp\u00e1ly\u00e1k, v\u00edz alatti hoki, l\u00f6v\u00e9szet, lovagl\u00e1s, baltadob\u00e1l\u00e1s, szabadul\u00f3 szoba stb.<\/span><\/p>\n<p style=\"text-align: center\"><span style=\"color: #808080\">Az orsz\u00e1gos lefedetts\u00e9g miatt ugyanazzal a b\u00e9rlettel Debrecenben, Szegeden vagy a Balaton mellett is, orsz\u00e1gszerte 900 helysz\u00ednen mozoghat.<\/span><\/p>\n<p style=\"text-align: center\"><span style=\"color: #808080\"><strong><a href=\"https:\/\/www.aycm.hu\/kiajanlo.php?nev=AYCM_2020_C_D_XL_XXL\">Elfogad\u00f3helyek list\u00e1ja<\/a><\/strong><\/span><\/p>\n<p style=\"text-align: center\"><span style=\"color: #808080\">Azon dolgoz\u00f3k vehetik ig\u00e9nybe a program keret\u00e9ben k\u00edn\u00e1lt kedvezm\u00e9nyes \u00e1rakat, akik regisztr\u00e1lnak az AYCM programba \u00e9s v\u00e1llalj\u00e1k a h\u0171s\u00e9gid\u0151t \u00e9s a munkab\u00e9r\u00fckb\u0151l a SportPass havi d\u00edj\u00e1nak levon\u00e1s\u00e1t.<\/span><br \/>\n<span style=\"color: #808080\"><strong>A Semmelweis Egyetem elk\u00f6telezett a munkat\u00e1rsai eg\u00e9szs\u00e9ges \u00e9letm\u00f3dj\u00e1nak, rekre\u00e1ci\u00f3j\u00e1nak t\u00e1mogat\u00e1s\u00e1ban, \u00edgy a programba regisztr\u00e1lt els\u0151 600 munkav\u00e1llal\u00f3t havonta 2000 Ft t\u00e1mogat\u00e1sban r\u00e9szes\u00edti 2020. december v\u00e9g\u00e9ig.<\/strong><\/span><\/p>\n<p style=\"text-align: center\"><span style=\"color: #808080\">A program r\u00e9szleteir\u0151l \u00e9s a regisztr\u00e1ci\u00f3 folyamat\u00e1r\u00f3l sz\u00f3l\u00f3 t\u00e1j\u00e9koztat\u00f3nk az al\u00e1bbi linkre kattintva \u00e9rhet\u0151 el:\u00a0<\/span><\/p>\n<p style=\"text-align: center\"><span style=\"color: #808080\"><strong><a href=\"https:\/\/semmelweis.hu\/human\/files\/2020\/03\/Dolgoz\u00f3i-t\u00e1j\u00e9koztat\u00f3-AYCM-programr\u00f3l_rp_20200227-csomag-megfeleltet\u00e9s_4.pdf\">T\u00c1J\u00c9KOZTAT\u00d3 AZ AYCM PROGRAM R\u00c9SZLETEIR\u0150L<\/a><\/strong><\/span><\/p>\n<p style=\"text-align: center\"><span style=\"color: #808080\"><strong>V\u00e1ltoz\u00e1s!<\/strong><\/span><\/p>\n<p style=\"text-align: center\"><span style=\"color: #808080\">A regisztr\u00e1ci\u00f3hoz k\u00e9rj\u00fck t\u00f6ltse le az al\u00e1bbiakban el\u00e9rhet\u0151\u00a0<span style=\"font-size: 1rem\">\u201e<\/span><em style=\"font-size: 1rem\">K\u00c9RELEM \u00c9S NYILATKOZAT <\/em><span style=\"font-size: 1rem\">\u201d t\u00e1rgy\u00fa dokumentumot, majd <strong>szkennelje be \u00e9s k\u00fcldje el a Semmelweis Egyetem kapcsolattart\u00f3j\u00e1nak<\/strong>, K\u00f3kai Dorotty\u00e1nak a <strong>kokai.dorottya@semmelweis-univ.hu<\/strong> email c\u00edmre. <\/span><\/span><\/p>\n<p style=\"text-align: center\"><span style=\"font-size: 1rem;color: #808080\">Ha a kit\u00f6lt\u00e9s sor\u00e1n k\u00e9rd\u00e9se mer\u00fcl fel, kapcsolattart\u00f3nkat a 06-20-825-0915 telefonsz\u00e1mon tudja el\u00e9rni. K\u00e9rj\u00fck, hogy a dokumentumot nyomtatott form\u00e1ban egyetemi bels\u0151 post\u00e1n kereszt\u00fcl is juttassa el az Emberier\u0151forr\u00e1s-gazd\u00e1lkod\u00e1si F\u0151igazgat\u00f3s\u00e1g c\u00edm\u00e9re (1091 Budapest, \u00dcll\u0151i \u00fat 25. 3. emelet 331.). <strong>Szem\u00e9lyes kit\u00f6lt\u00e9s \u00e9rdek\u00e9ben k\u00e9rj\u00fck csak akkor keresse fel kapcsolattart\u00f3nkat, ha ezt felt\u00e9tlen\u00fcl sz\u00fcks\u00e9gesnek tartja.<\/strong><\/span><\/p>\n<p>&nbsp;<\/p>\n<p style=\"text-align: center\"><span style=\"color: #808080\">A regisztr\u00e1ci\u00f3hoz sz\u00fcks\u00e9ges nyilatkozat az al\u00e1bbi linken \u00e9rhet\u0151 el:\u00a0<\/span><\/p>\n<p style=\"text-align: center\"><span style=\"color: #808080\"><a href=\"https:\/\/semmelweis.hu\/human\/files\/2021\/05\/NYILATKOZAT-AYCM-k\u00e1rty\u00e1val-nem-rendelkez\u0151knek-2021.doc\">K\u00c9RELEM \u00c9S NYILATKOZAT\u00a0 a Semmelweis Egyetem rekre\u00e1ci\u00f3s \u00e9s sportol\u00e1si programj\u00e1ban t\u00f6rt\u00e9n\u0151 r\u00e9szv\u00e9telhez (2021. \u00e9vre)<\/a><\/span><\/p>\n<p style=\"text-align: center\">\u00a0<\/p>\n<p style=\"text-align: center\"><span style=\"color: #808080\">Egyetemi kapcsolattart\u00f3nk:\u00a0<\/span><\/p>\n<p style=\"text-align: center\"><span style=\"color: #808080\">K\u00f3kai Dorottya<\/span><\/p>\n<p style=\"text-align: center\"><span style=\"color: #808080\">kokai.dorottya@semmelweis-univ.hu<\/span><\/p>\n<p style=\"text-align: center\"><span style=\"color: #808080\">+36 20 825 0915<\/span><\/p>\n","protected":false},"excerpt":{"rendered":"<p>Archiv\u00e1lt tartalom Aktu\u00e1lis tartalom a tov\u00e1bbiakban a Csal\u00e1dbar\u00e1t Egyetem K\u00f6zpont oldal\u00e1n <a href=\"https:\/\/semmelweis.hu\/csaladbarat\/sportolasi-lehetosegek\/\">itt<\/a> \u00e9rhet\u0151 el &nbsp; \u00d6r\u00f6mmel \u00e9rtes\u00edtj\u00fck, hogy 2023-ban is folytat\u00f3dik a Semmelweis Egyetem \u00e9s az AYCM egy\u00fcttm\u0171k\u00f6d\u00e9se Az AYCM SportPass egy multifunkci\u00f3s sportb\u00e9rlet, amivel az ig\u00e9nybevev\u0151 a norm\u00e1l uszoda\/fitnesz\/j\u00f3gab\u00e9rletek t\u00f6red\u00e9k\u00e9\u00e9rt tud rendszeresen \u00e9s v\u00e1ltozatosan sportolni szinte b\u00e1rhol Magyarorsz\u00e1gon. \u00cdzel\u00edt\u0151 a mozg\u00e1sforma-k\u00edn\u00e1latb\u00f3l: fitness, cardio, sz\u00e1mtalan csoportos &hellip;<\/p>\n","protected":false},"author":101175,"featured_media":0,"parent":0,"menu_order":4,"comment_status":"closed","ping_status":"closed","template":"","meta":{"_acf_changed":false,"footnotes":""},"categories":[],"tags":[],"class_list":["post-84286","page","type-page","status-publish","hentry"],"acf":[],"_links":{"self":[{"href":"https:\/\/semmelweis.hu\/human\/wp-json\/wp\/v2\/pages\/84286","targetHints":{"allow":["GET"]}}],"collection":[{"href":"https:\/\/semmelweis.hu\/human\/wp-json\/wp\/v2\/pages"}],"about":[{"href":"https:\/\/semmelweis.hu\/human\/wp-json\/wp\/v2\/types\/page"}],"author":[{"embeddable":true,"href":"https:\/\/semmelweis.hu\/human\/wp-json\/wp\/v2\/users\/101175"}],"replies":[{"embeddable":true,"href":"https:\/\/semmelweis.hu\/human\/wp-json\/wp\/v2\/comments?post=84286"}],"version-history":[{"count":11,"href":"https:\/\/semmelweis.hu\/human\/wp-json\/wp\/v2\/pages\/84286\/revisions"}],"predecessor-version":[{"id":98309,"href":"https:\/\/semmelweis.hu\/human\/wp-json\/wp\/v2\/pages\/84286\/revisions\/98309"}],"wp:attachment":[{"href":"https:\/\/semmelweis.hu\/human\/wp-json\/wp\/v2\/media?parent=84286"}],"wp:term":[{"taxonomy":"category","embeddable":true,"href":"https:\/\/semmelweis.hu\/human\/wp-json\/wp\/v2\/categories?post=84286"},{"taxonomy":"post_tag","embeddable":true,"href":"https:\/\/semmelweis.hu\/human\/wp-json\/wp\/v2\/tags?post=84286"}],"curies":[{"name":"wp","href":"https:\/\/api.w.org\/{rel}","templated":true}]}}