{"id":52783,"date":"2017-01-23T09:40:52","date_gmt":"2017-01-23T08:40:52","guid":{"rendered":"http:\/\/semmelweis.hu\/human\/?page_id=52783"},"modified":"2024-12-10T07:42:23","modified_gmt":"2024-12-10T06:42:23","slug":"tajekoztatok-ugyintezok-reszere","status":"publish","type":"page","link":"https:\/\/semmelweis.hu\/human\/digitalis-hr\/e-tarhely\/tajekoztatok-ugyintezok-reszere\/","title":{"rendered":"T\u00e1j\u00e9koztat\u00f3k \u00fcgyint\u00e9z\u0151k r\u00e9sz\u00e9re"},"content":{"rendered":"<p><strong>T\u00e1j\u00e9koztat\u00f3k, felhaszn\u00e1l\u00e1si seg\u00e9dletek:<\/strong><\/p>\n<ul>\n<li style=\"list-style-type: none\">\n<ul>\n<li><a href=\"https:\/\/semmelweis.hu\/human\/files\/2020\/02\/E-t\u00e1rhely-2.0-Le\u00edr\u00e1s-Ter\u00fcleti-Menedzser.pdf\">Felhaszn\u00e1l\u00f3i seg\u00e9dlet az e-t\u00e1rhely haszn\u00e1lat\u00e1r\u00f3l ter\u00fcleti menedzserek r\u00e9sz\u00e9re<\/a><\/li>\n<li><a href=\"https:\/\/semmelweis.hu\/human\/e-tarhely\/tajekoztatok-ugyintezok-reszere\/korabbi-tajekoztatok\/\">Kor\u00e1bbi t\u00e1j\u00e9koztat\u00f3k<\/a><\/li>\n<li><a href=\"https:\/\/semmelweis.hu\/human\/files\/2017\/01\/K-2-2017_-KANCELL%C3%81RI-K%C3%96RLEV%C3%89L_az-illetm%C3%A9nysz%C3%A1mfejt%C3%A9st-%C3%A9rint%C5%91-v%C3%A1ltoz%C3%A1sokr%C3%B3l-%C3%A9s-az-elektronikus-b%C3%A9rjegyz%C3%A9k-bevezet%C3%A9s%C3%A9r%C5%91l.pdf\">K\/2\/2017. (I. 17.) KANCELL\u00c1RI K\u00d6RLEV\u00c9L az illetm\u00e9nysz\u00e1mfejt\u00e9st \u00e9rint\u0151 v\u00e1ltoz\u00e1sokr\u00f3l \u00e9s az elektronikus b\u00e9rjegyz\u00e9k bevezet\u00e9s\u00e9r\u0151l<\/a><\/li>\n<li><a href=\"https:\/\/semmelweis.hu\/human\/2017\/01\/26\/tavollet-es-mozgober-valtozasok-bejelentese-az-egfi-reszere\/\">T\u00e1voll\u00e9t \u00e9s mozg\u00f3b\u00e9r v\u00e1ltoz\u00e1sok bejelent\u00e9se az EGFI r\u00e9sz\u00e9re<\/a><\/li>\n<\/ul>\n<\/li>\n<\/ul>\n<p>&nbsp;<\/p>\n","protected":false},"excerpt":{"rendered":"<p>T\u00e1j\u00e9koztat\u00f3k, felhaszn\u00e1l\u00e1si seg\u00e9dletek:<\/p>\n<p><a href=\"https:\/\/semmelweis.hu\/human\/files\/2020\/02\/E-t\u00e1rhely-2.0-Le\u00edr\u00e1s-Ter\u00fcleti-Menedzser.pdf\">Felhaszn\u00e1l\u00f3i seg\u00e9dlet az e-t\u00e1rhely haszn\u00e1lat\u00e1r\u00f3l ter\u00fcleti menedzserek r\u00e9sz\u00e9re<\/a><br \/>\n<a href=\"https:\/\/semmelweis.hu\/human\/e-tarhely\/tajekoztatok-ugyintezok-reszere\/korabbi-tajekoztatok\/\">Kor\u00e1bbi t\u00e1j\u00e9koztat\u00f3k<\/a><br \/>\n<a href=\"https:\/\/semmelweis.hu\/human\/files\/2017\/01\/K-2-2017_-KANCELL%C3%81RI-K%C3%96RLEV%C3%89L_az-illetm%C3%A9nysz%C3%A1mfejt%C3%A9st-%C3%A9rint%C5%91-v%C3%A1ltoz%C3%A1sokr%C3%B3l-%C3%A9s-az-elektronikus-b%C3%A9rjegyz%C3%A9k-bevezet%C3%A9s%C3%A9r%C5%91l.pdf\">K\/2\/2017. (I. 17.) KANCELL\u00c1RI K\u00d6RLEV\u00c9L az illetm\u00e9nysz\u00e1mfejt\u00e9st \u00e9rint\u0151 v\u00e1ltoz\u00e1sokr\u00f3l \u00e9s az elektronikus b\u00e9rjegyz\u00e9k bevezet\u00e9s\u00e9r\u0151l<\/a><br \/>\n<a href=\"https:\/\/semmelweis.hu\/human\/2017\/01\/26\/tavollet-es-mozgober-valtozasok-bejelentese-az-egfi-reszere\/\">T\u00e1voll\u00e9t \u00e9s mozg\u00f3b\u00e9r v\u00e1ltoz\u00e1sok bejelent\u00e9se az EGFI r\u00e9sz\u00e9re<\/a><\/p>\n<p>&nbsp;<\/p>\n","protected":false},"author":342,"featured_media":0,"parent":52621,"menu_order":3,"comment_status":"closed","ping_status":"closed","template":"","meta":{"_acf_changed":false,"footnotes":""},"categories":[],"tags":[],"class_list":["post-52783","page","type-page","status-publish","hentry"],"acf":[],"_links":{"self":[{"href":"https:\/\/semmelweis.hu\/human\/wp-json\/wp\/v2\/pages\/52783","targetHints":{"allow":["GET"]}}],"collection":[{"href":"https:\/\/semmelweis.hu\/human\/wp-json\/wp\/v2\/pages"}],"about":[{"href":"https:\/\/semmelweis.hu\/human\/wp-json\/wp\/v2\/types\/page"}],"author":[{"embeddable":true,"href":"https:\/\/semmelweis.hu\/human\/wp-json\/wp\/v2\/users\/342"}],"replies":[{"embeddable":true,"href":"https:\/\/semmelweis.hu\/human\/wp-json\/wp\/v2\/comments?post=52783"}],"version-history":[{"count":11,"href":"https:\/\/semmelweis.hu\/human\/wp-json\/wp\/v2\/pages\/52783\/revisions"}],"predecessor-version":[{"id":104382,"href":"https:\/\/semmelweis.hu\/human\/wp-json\/wp\/v2\/pages\/52783\/revisions\/104382"}],"up":[{"embeddable":true,"href":"https:\/\/semmelweis.hu\/human\/wp-json\/wp\/v2\/pages\/52621"}],"wp:attachment":[{"href":"https:\/\/semmelweis.hu\/human\/wp-json\/wp\/v2\/media?parent=52783"}],"wp:term":[{"taxonomy":"category","embeddable":true,"href":"https:\/\/semmelweis.hu\/human\/wp-json\/wp\/v2\/categories?post=52783"},{"taxonomy":"post_tag","embeddable":true,"href":"https:\/\/semmelweis.hu\/human\/wp-json\/wp\/v2\/tags?post=52783"}],"curies":[{"name":"wp","href":"https:\/\/api.w.org\/{rel}","templated":true}]}}