{"id":52621,"date":"2017-01-18T16:31:16","date_gmt":"2017-01-18T15:31:16","guid":{"rendered":"http:\/\/semmelweis.hu\/human\/?page_id=52621"},"modified":"2025-07-28T18:06:36","modified_gmt":"2025-07-28T16:06:36","slug":"e-tarhely","status":"publish","type":"page","link":"https:\/\/semmelweis.hu\/human\/digitalis-hr\/e-tarhely\/","title":{"rendered":"E-t\u00e1rhely"},"content":{"rendered":"<p style=\"text-align: justify\">A Semmelweis Egyetem valamennyi munkav\u00e1llal\u00f3ja\u00a0<strong style=\"font-size: 1rem\">b\u00e9rjegyz\u00e9k\u00e9t kiz\u00e1r\u00f3lag elektronikus form\u00e1ban<\/strong><span style=\"font-size: 1rem\">, <strong style=\"font-size: 1rem\">egy t\u00f6bbek k\u00f6z\u00f6tt erre a c\u00e9lra l\u00e9trehozott elektronikus t\u00e1rhelyen (e-t\u00e1rhelyen) <\/strong>kapja meg, a b\u00e9rjegyz\u00e9k nyomtatott form\u00e1ban k\u00f6zpontilag nem ker\u00fcl az egyetemi dolgoz\u00f3k r\u00e9sz\u00e9re megk\u00fcld\u00e9sre.<\/span> <span style=\"font-size: 1rem\">Az e-t\u00e1rhely v\u00e9dett internetes oldalon a Semmelweis Egyetem \u00e1ltal l\u00e9trehozott (nem az SAP nyilv\u00e1ntart\u00e1si rendszer r\u00e9sz\u00e9t k\u00e9pez\u0151) szem\u00e9lyes t\u00e1rhely, amely lehet\u0151s\u00e9get ad a munkat\u00e1rsaknak a b\u00e9rjegyz\u00e9k\u00fck, valamint egy\u00e9b t\u00e1j\u00e9koztat\u00f3k megtekint\u00e9s\u00e9re \u00e9s let\u00f6lt\u00e9s\u00e9re. Minden munkat\u00e1rs r\u00e9sz\u00e9re egyedi szem\u00e9lyes t\u00e1rhely ker\u00fcl kialak\u00edt\u00e1sra, ahov\u00e1 ad\u00f3azonos\u00edt\u00f3 jele \u00e9s saj\u00e1t jelsz\u00f3 haszn\u00e1lat\u00e1val lehet bel\u00e9pni. Az e-t\u00e1rhely biztons\u00e1gi okokb\u00f3l csak bels\u0151 egyetemi h\u00e1l\u00f3zatb\u00f3l \u00e9rhet\u0151 el. A Semmelweis Egyetem munkav\u00e1llal\u00f3inak b\u00e9rjegyz\u00e9ke bel\u00e9p\u00e9s\u00fckt\u0151l (de legkor\u00e1bban 2017. janu\u00e1r 1-j\u00e9t\u0151l) \u00e1ll rendelkez\u00e9sre az e-t\u00e1rhelyen.\u00a0<\/span><\/p>\n<table style=\"width: 100%;height: 136px\">\n<thead>\n<tr>\n<td style=\"width: 50%\">\n<p>Bejelentkez\u00e9s:<\/p>\n<\/td>\n<td style=\"width: 50%\">\n<p>T\u00e1j\u00e9koztat\u00f3k<\/p>\n<\/td>\n<\/tr>\n<\/thead>\n<tbody>\n<tr style=\"height: 103px\">\n<td style=\"width: 50%;height: 103px\">\n<p><a href=\"https:\/\/etarhely.semmelweis.hu\/\">https:\/\/etarhely.semmelweis.hu\/<\/a><\/p>\n<\/td>\n<td style=\"width: 50%;height: 103px\">\n<p><a href=\"https:\/\/semmelweis.hu\/human\/e-tarhely\/e-tarhely-tajekoztatok-es-segedletek\/\">T\u00e1j\u00e9koztat\u00f3k minden munkat\u00e1rsnak<\/a><\/p>\n<p><a href=\"https:\/\/semmelweis.hu\/human\/e-tarhely\/tajekoztatok-ugyintezok-reszere\/\">T\u00e1j\u00e9koztat\u00f3k \u00fcgyint\u00e9z\u0151k r\u00e9sz\u00e9re<\/a><\/p>\n<\/td>\n<\/tr>\n<\/tbody>\n<thead>\n<tr>\n<td style=\"width: 50%\">\n<p>K\u00e9rd\u00e9s eset\u00e9n:<\/p>\n<\/td>\n<td style=\"width: 50%\">GYIK<\/td>\n<\/tr>\n<\/thead>\n<tbody>\n<tr style=\"height: 33px\">\n<td style=\"width: 50%;height: 33px\">\n<p>Haszn\u00e1lattal kapcsolatban:\u00a0<a href=\"mailto:etarhely@semmelweis-univ.hu\"><strong>etarhely@semmelweis.hu<\/strong><\/a><\/p>\n<p>B\u00e9rjegyz\u00e9k tartalm\u00e1val kapcsolatban: <strong><a href=\"mailto:fizetes.human@semmelweis-univ.hu\">fizetes.human@semmelweis.hu<\/a>\u00a0<\/strong><\/p>\n<\/td>\n<td style=\"width: 50%;height: 33px\"><a href=\"https:\/\/semmelweis.hu\/human\/e-tarhely\/gyakran-ismetelt-kerdesek\/\">Gyakran ism\u00e9telt k\u00e9rd\u00e9sek<\/a><\/td>\n<\/tr>\n<\/tbody>\n<\/table>\n<p>&nbsp;<\/p>\n","protected":false},"excerpt":{"rendered":"<p>A Semmelweis Egyetem valamennyi munkav\u00e1llal\u00f3ja\u00a0b\u00e9rjegyz\u00e9k\u00e9t kiz\u00e1r\u00f3lag elektronikus form\u00e1ban, egy t\u00f6bbek k\u00f6z\u00f6tt erre a c\u00e9lra l\u00e9trehozott elektronikus t\u00e1rhelyen (e-t\u00e1rhelyen) kapja meg, a b\u00e9rjegyz\u00e9k nyomtatott form\u00e1ban k\u00f6zpontilag nem ker\u00fcl az egyetemi dolgoz\u00f3k r\u00e9sz\u00e9re megk\u00fcld\u00e9sre. Az e-t\u00e1rhely v\u00e9dett internetes oldalon a Semmelweis Egyetem \u00e1ltal l\u00e9trehozott (nem az SAP nyilv\u00e1ntart\u00e1si rendszer r\u00e9sz\u00e9t k\u00e9pez\u0151) szem\u00e9lyes t\u00e1rhely, amely lehet\u0151s\u00e9get ad a &hellip;<\/p>\n","protected":false},"author":101071,"featured_media":0,"parent":102667,"menu_order":3,"comment_status":"closed","ping_status":"closed","template":"","meta":{"_acf_changed":false,"footnotes":""},"categories":[],"tags":[],"class_list":["post-52621","page","type-page","status-publish","hentry"],"acf":[],"_links":{"self":[{"href":"https:\/\/semmelweis.hu\/human\/wp-json\/wp\/v2\/pages\/52621","targetHints":{"allow":["GET"]}}],"collection":[{"href":"https:\/\/semmelweis.hu\/human\/wp-json\/wp\/v2\/pages"}],"about":[{"href":"https:\/\/semmelweis.hu\/human\/wp-json\/wp\/v2\/types\/page"}],"author":[{"embeddable":true,"href":"https:\/\/semmelweis.hu\/human\/wp-json\/wp\/v2\/users\/101071"}],"replies":[{"embeddable":true,"href":"https:\/\/semmelweis.hu\/human\/wp-json\/wp\/v2\/comments?post=52621"}],"version-history":[{"count":11,"href":"https:\/\/semmelweis.hu\/human\/wp-json\/wp\/v2\/pages\/52621\/revisions"}],"predecessor-version":[{"id":106269,"href":"https:\/\/semmelweis.hu\/human\/wp-json\/wp\/v2\/pages\/52621\/revisions\/106269"}],"up":[{"embeddable":true,"href":"https:\/\/semmelweis.hu\/human\/wp-json\/wp\/v2\/pages\/102667"}],"wp:attachment":[{"href":"https:\/\/semmelweis.hu\/human\/wp-json\/wp\/v2\/media?parent=52621"}],"wp:term":[{"taxonomy":"category","embeddable":true,"href":"https:\/\/semmelweis.hu\/human\/wp-json\/wp\/v2\/categories?post=52621"},{"taxonomy":"post_tag","embeddable":true,"href":"https:\/\/semmelweis.hu\/human\/wp-json\/wp\/v2\/tags?post=52621"}],"curies":[{"name":"wp","href":"https:\/\/api.w.org\/{rel}","templated":true}]}}