{"id":52616,"date":"2017-01-18T16:37:45","date_gmt":"2017-01-18T15:37:45","guid":{"rendered":"http:\/\/semmelweis.hu\/human\/?page_id=52616"},"modified":"2024-12-10T07:40:35","modified_gmt":"2024-12-10T06:40:35","slug":"e-tarhely-tajekoztatok-es-segedletek","status":"publish","type":"page","link":"https:\/\/semmelweis.hu\/human\/digitalis-hr\/e-tarhely\/e-tarhely-tajekoztatok-es-segedletek\/","title":{"rendered":"T\u00e1j\u00e9koztat\u00f3k minden munkat\u00e1rsnak"},"content":{"rendered":"<p><strong>T\u00e1j\u00e9koztat\u00f3k, felhaszn\u00e1l\u00e1si seg\u00e9dletek:<\/strong><\/p>\n<ul>\n<li><a href=\"https:\/\/semmelweis.hu\/human\/files\/2020\/02\/E-t\u00e1rhely-2.0-Le\u00edr\u00e1s.pdf\">Felhaszn\u00e1l\u00f3i seg\u00e9dlet az e-t\u00e1rhely 2.0 fel\u00fclethez<\/a><\/li>\n<li><a href=\"https:\/\/semmelweis.hu\/human\/files\/2017\/02\/T\u00e1j\u00e9koztat\u00f3-az-illetm\u00e9nyek-utal\u00e1s\u00e1val-az-elektronikus-b\u00e9rjegyz\u00e9kkel-valamint-a-KIRA-csatlakoz\u00e1ssal-kapcsolatban.pdf\">T\u00e1j\u00e9koztat\u00f3 az illetm\u00e9nyek utal\u00e1s\u00e1val, az elektronikus b\u00e9rjegyz\u00e9kkel valamint a KIRA csatlakoz\u00e1ssal kapcsolatban<\/a>\u00a0(2017.02.10)<\/li>\n<li><a href=\"https:\/\/semmelweis.hu\/human\/files\/2017\/02\/T\u00e1j\u00e9koztat\u00f3-munkat\u00e1rsak-r\u00e9sz\u00e9re-az-e-b\u00e9rjegyz\u00e9k-bevezet\u00e9s\u00e9r\u0151l.pdf\">T\u00e1j\u00e9koztat\u00f3 munkat\u00e1rsak r\u00e9sz\u00e9re az e-b\u00e9rjegyz\u00e9k bevezet\u00e9s\u00e9r\u0151l<\/a>\u00a0(2017.02.07)<\/li>\n<li><a href=\"https:\/\/semmelweis.hu\/human\/files\/2017\/01\/K-2-2017_-KANCELL\u00c1RI-K\u00d6RLEV\u00c9L_az-illetm\u00e9nysz\u00e1mfejt\u00e9st-\u00e9rint\u0151-v\u00e1ltoz\u00e1sokr\u00f3l-\u00e9s-az-elektronikus-b\u00e9rjegyz\u00e9k-bevezet\u00e9s\u00e9r\u0151l.pdf\">K\/2\/2017. (I. 17.) KANCELL\u00c1RI K\u00d6RLEV\u00c9L az illetm\u00e9nysz\u00e1mfejt\u00e9st \u00e9rint\u0151 v\u00e1ltoz\u00e1sokr\u00f3l \u00e9s az elektronikus b\u00e9rjegyz\u00e9k bevezet\u00e9s\u00e9r\u0151l<\/a><\/li>\n<\/ul>\n<ul>\n<li><a href=\"https:\/\/semmelweis.hu\/human\/files\/2017\/01\/T\u00e1j\u00e9koztat\u00f3-a-KIRA-csatlakoz\u00e1ssal-\u00e9s-a-2017.-janu\u00e1r-havi-illetm\u00e9nysz\u00e1mfejt\u00e9ssel-\u00f6sszef\u00fcgg\u0151-feladatokr\u00f3l-\u00e9s-hat\u00e1rid\u0151kr\u0151l.pdf\">T\u00e1j\u00e9koztat\u00f3 a KIRA csatlakoz\u00e1ssal \u00e9s a 2017. janu\u00e1r havi illetm\u00e9nysz\u00e1mfejt\u00e9ssel \u00f6sszef\u00fcgg\u0151 feladatokr\u00f3l \u00e9s hat\u00e1rid\u0151kr\u0151l<\/a><\/li>\n<\/ul>\n<p>&nbsp;<\/p>\n","protected":false},"excerpt":{"rendered":"<p>T\u00e1j\u00e9koztat\u00f3k, felhaszn\u00e1l\u00e1si seg\u00e9dletek:<\/p>\n<p><a href=\"https:\/\/semmelweis.hu\/human\/files\/2020\/02\/E-t\u00e1rhely-2.0-Le\u00edr\u00e1s.pdf\">Felhaszn\u00e1l\u00f3i seg\u00e9dlet az e-t\u00e1rhely 2.0 fel\u00fclethez<\/a><br \/>\n<a href=\"https:\/\/semmelweis.hu\/human\/files\/2017\/02\/T\u00e1j\u00e9koztat\u00f3-az-illetm\u00e9nyek-utal\u00e1s\u00e1val-az-elektronikus-b\u00e9rjegyz\u00e9kkel-valamint-a-KIRA-csatlakoz\u00e1ssal-kapcsolatban.pdf\">T\u00e1j\u00e9koztat\u00f3 az illetm\u00e9nyek utal\u00e1s\u00e1val, az elektronikus b\u00e9rjegyz\u00e9kkel valamint a KIRA csatlakoz\u00e1ssal kapcsolatban<\/a>\u00a0(2017.02.10)<br \/>\n<a href=\"https:\/\/semmelweis.hu\/human\/files\/2017\/02\/T\u00e1j\u00e9koztat\u00f3-munkat\u00e1rsak-r\u00e9sz\u00e9re-az-e-b\u00e9rjegyz\u00e9k-bevezet\u00e9s\u00e9r\u0151l.pdf\">T\u00e1j\u00e9koztat\u00f3 munkat\u00e1rsak r\u00e9sz\u00e9re az e-b\u00e9rjegyz\u00e9k bevezet\u00e9s\u00e9r\u0151l<\/a>\u00a0(2017.02.07)<br \/>\n<a href=\"https:\/\/semmelweis.hu\/human\/files\/2017\/01\/K-2-2017_-KANCELL\u00c1RI-K\u00d6RLEV\u00c9L_az-illetm\u00e9nysz\u00e1mfejt\u00e9st-\u00e9rint\u0151-v\u00e1ltoz\u00e1sokr\u00f3l-\u00e9s-az-elektronikus-b\u00e9rjegyz\u00e9k-bevezet\u00e9s\u00e9r\u0151l.pdf\">K\/2\/2017. (I. 17.) KANCELL\u00c1RI K\u00d6RLEV\u00c9L az illetm\u00e9nysz\u00e1mfejt\u00e9st \u00e9rint\u0151 v\u00e1ltoz\u00e1sokr\u00f3l \u00e9s az elektronikus b\u00e9rjegyz\u00e9k bevezet\u00e9s\u00e9r\u0151l<\/a><\/p>\n<p><a href=\"https:\/\/semmelweis.hu\/human\/files\/2017\/01\/T\u00e1j\u00e9koztat\u00f3-a-KIRA-csatlakoz\u00e1ssal-\u00e9s-a-2017.-janu\u00e1r-havi-illetm\u00e9nysz\u00e1mfejt\u00e9ssel-\u00f6sszef\u00fcgg\u0151-feladatokr\u00f3l-\u00e9s-hat\u00e1rid\u0151kr\u0151l.pdf\">T\u00e1j\u00e9koztat\u00f3 a KIRA csatlakoz\u00e1ssal \u00e9s a 2017. janu\u00e1r havi illetm\u00e9nysz\u00e1mfejt\u00e9ssel \u00f6sszef\u00fcgg\u0151 feladatokr\u00f3l \u00e9s hat\u00e1rid\u0151kr\u0151l<\/a><\/p>\n<p>&nbsp;<\/p>\n","protected":false},"author":101071,"featured_media":0,"parent":52621,"menu_order":2,"comment_status":"closed","ping_status":"closed","template":"","meta":{"_acf_changed":false,"footnotes":""},"categories":[],"tags":[],"class_list":["post-52616","page","type-page","status-publish","hentry"],"acf":[],"_links":{"self":[{"href":"https:\/\/semmelweis.hu\/human\/wp-json\/wp\/v2\/pages\/52616","targetHints":{"allow":["GET"]}}],"collection":[{"href":"https:\/\/semmelweis.hu\/human\/wp-json\/wp\/v2\/pages"}],"about":[{"href":"https:\/\/semmelweis.hu\/human\/wp-json\/wp\/v2\/types\/page"}],"author":[{"embeddable":true,"href":"https:\/\/semmelweis.hu\/human\/wp-json\/wp\/v2\/users\/101071"}],"replies":[{"embeddable":true,"href":"https:\/\/semmelweis.hu\/human\/wp-json\/wp\/v2\/comments?post=52616"}],"version-history":[{"count":12,"href":"https:\/\/semmelweis.hu\/human\/wp-json\/wp\/v2\/pages\/52616\/revisions"}],"predecessor-version":[{"id":104380,"href":"https:\/\/semmelweis.hu\/human\/wp-json\/wp\/v2\/pages\/52616\/revisions\/104380"}],"up":[{"embeddable":true,"href":"https:\/\/semmelweis.hu\/human\/wp-json\/wp\/v2\/pages\/52621"}],"wp:attachment":[{"href":"https:\/\/semmelweis.hu\/human\/wp-json\/wp\/v2\/media?parent=52616"}],"wp:term":[{"taxonomy":"category","embeddable":true,"href":"https:\/\/semmelweis.hu\/human\/wp-json\/wp\/v2\/categories?post=52616"},{"taxonomy":"post_tag","embeddable":true,"href":"https:\/\/semmelweis.hu\/human\/wp-json\/wp\/v2\/tags?post=52616"}],"curies":[{"name":"wp","href":"https:\/\/api.w.org\/{rel}","templated":true}]}}