{"id":453,"date":"2013-11-29T08:37:26","date_gmt":"2013-11-29T07:37:26","guid":{"rendered":"http:\/\/semmelweis.hu\/human\/?page_id=453"},"modified":"2025-05-16T11:46:12","modified_gmt":"2025-05-16T09:46:12","slug":"ugyfelfogadasi-ido","status":"publish","type":"page","link":"https:\/\/semmelweis.hu\/human\/altalanos-informaciok\/ugyfelfogadasi-ido\/","title":{"rendered":"Elk\u00f6lt\u00f6zt\u00fcnk"},"content":{"rendered":"<p style=\"text-align: justify\">Az Emberier\u0151forr\u00e1s-gazd\u00e1lkod\u00e1si F\u0151igazgat\u00f3s\u00e1g r\u00e9sz\u00e9re <strong>k\u00e9zbes\u00edtend\u0151 leveleket \u00e9s egy\u00e9b dokumentumokat a B52 irodah\u00e1z 5. emelet\u00e9n (1085 Budapest, Baross u. 52.) <\/strong>az al\u00e1bb megjel\u00f6lt id\u0151keretben lehet leadni.<\/p>\n<div class=\"fontos_div\">\n<p>H\u00c9TF\u0150T\u0150L &#8211; CS\u00dcT\u00d6RT\u00d6KIG: 8.00 &#8211; 12.30 \u00f3ra<br \/>\nP\u00c9NTEKEN: 8.00 &#8211; 12.00 \u00f3ra<\/p>\n<\/div>\n","protected":false},"excerpt":{"rendered":"<p>Az Emberier\u0151forr\u00e1s-gazd\u00e1lkod\u00e1si F\u0151igazgat\u00f3s\u00e1g r\u00e9sz\u00e9re k\u00e9zbes\u00edtend\u0151 leveleket \u00e9s egy\u00e9b dokumentumokat a B52 irodah\u00e1z 5. emelet\u00e9n (1085 Budapest, Baross u. 52.) az al\u00e1bb megjel\u00f6lt id\u0151keretben lehet leadni.<\/p>\n<p>H\u00c9TF\u0150T\u0150L &#8211; CS\u00dcT\u00d6RT\u00d6KIG: 8.00 &#8211; 12.30 \u00f3ra<br \/>\nP\u00c9NTEKEN: 8.00 &#8211; 12.00 \u00f3ra<\/p>\n","protected":false},"author":12,"featured_media":0,"parent":6,"menu_order":2,"comment_status":"closed","ping_status":"closed","template":"","meta":{"_acf_changed":false,"footnotes":""},"categories":[],"tags":[],"class_list":["post-453","page","type-page","status-publish","hentry"],"acf":[],"_links":{"self":[{"href":"https:\/\/semmelweis.hu\/human\/wp-json\/wp\/v2\/pages\/453","targetHints":{"allow":["GET"]}}],"collection":[{"href":"https:\/\/semmelweis.hu\/human\/wp-json\/wp\/v2\/pages"}],"about":[{"href":"https:\/\/semmelweis.hu\/human\/wp-json\/wp\/v2\/types\/page"}],"author":[{"embeddable":true,"href":"https:\/\/semmelweis.hu\/human\/wp-json\/wp\/v2\/users\/12"}],"replies":[{"embeddable":true,"href":"https:\/\/semmelweis.hu\/human\/wp-json\/wp\/v2\/comments?post=453"}],"version-history":[{"count":14,"href":"https:\/\/semmelweis.hu\/human\/wp-json\/wp\/v2\/pages\/453\/revisions"}],"predecessor-version":[{"id":105702,"href":"https:\/\/semmelweis.hu\/human\/wp-json\/wp\/v2\/pages\/453\/revisions\/105702"}],"up":[{"embeddable":true,"href":"https:\/\/semmelweis.hu\/human\/wp-json\/wp\/v2\/pages\/6"}],"wp:attachment":[{"href":"https:\/\/semmelweis.hu\/human\/wp-json\/wp\/v2\/media?parent=453"}],"wp:term":[{"taxonomy":"category","embeddable":true,"href":"https:\/\/semmelweis.hu\/human\/wp-json\/wp\/v2\/categories?post=453"},{"taxonomy":"post_tag","embeddable":true,"href":"https:\/\/semmelweis.hu\/human\/wp-json\/wp\/v2\/tags?post=453"}],"curies":[{"name":"wp","href":"https:\/\/api.w.org\/{rel}","templated":true}]}}