{"id":106515,"date":"2025-09-01T10:59:44","date_gmt":"2025-09-01T08:59:44","guid":{"rendered":"https:\/\/semmelweis.hu\/human\/?page_id=106515"},"modified":"2025-09-01T13:47:15","modified_gmt":"2025-09-01T11:47:15","slug":"informatikai-tudnivalok","status":"publish","type":"page","link":"https:\/\/semmelweis.hu\/human\/kozerdeku-informaciok\/uj-belepoknek\/informatikai-tudnivalok\/","title":{"rendered":"Informatikai tudnival\u00f3k"},"content":{"rendered":"<p style=\"text-align: justify\">A Semmelweis Egyetem digit\u00e1lis form\u00e1ban hozz\u00e1f\u00e9rhet\u0151 rendszereinek haszn\u00e1lat\u00e1hoz minden bel\u00e9p\u0151 munkav\u00e1llal\u00f3 <strong>Semmelweis Informatikai Azonos\u00edt\u00f3t (SIA) <\/strong>kap, amelyet a haszn\u00e1lat megkezd\u00e9se el\u0151tt<strong> aktiv\u00e1lni sz\u00fcks\u00e9ges. <\/strong>Munkav\u00e1llal\u00f3ink a SIA haszn\u00e1lat\u00e1val tudj\u00e1k el\u00e9rni t\u00f6bbek k\u00f6z\u00f6tt<\/p>\n<ul>\n<li style=\"text-align: justify\">az SAP SuccessFactors dolgoz\u00f3i \u00f6nkiszolg\u00e1l\u00f3 fel\u00fclet\u00e9t (HR port\u00e1l \u2013 szabads\u00e1gtervez\u0151)<\/li>\n<li style=\"text-align: justify\">a Semmelweis Egyetem k\u00f6zponti informatikai rendszereit (informatikai hibabejelent\u0151 \u00e9s szolg\u00e1ltat\u00e1s-ig\u00e9nyl\u0151 rendszer, Mercatus web\u00e1ruh\u00e1z stb.),<\/li>\n<li>a felh\u0151-szolg\u00e1ltat\u00e1sokat (p\u00e9ld\u00e1ul Outlook-levelez\u00e9s, Teams, Sharepoint),<\/li>\n<li style=\"text-align: justify\">a Semmelweis wifi-h\u00e1l\u00f3zatot,<\/li>\n<li style=\"text-align: justify\">a Semmelweis mobilapplik\u00e1ci\u00f3t.<\/li>\n<\/ul>\n<p>&nbsp;<\/p>\n<p><strong>1) SIA aktiv\u00e1l\u00e1sa<\/strong><\/p>\n<p style=\"text-align: justify\">Az azonos\u00edt\u00f3 mindig <strong>vezet\u00e9kn\u00e9v.keresztn\u00e9v@semmelweis.hu<\/strong> form\u00e1tum\u00fa, amely megegyezik a munkav\u00e1llal\u00f3 egyetemi email c\u00edm\u00e9vel. Ha m\u00e9g nem ismeri saj\u00e1t azonos\u00edt\u00f3j\u00e1t, aktiv\u00e1l\u00e1s el\u0151tt <a href=\"https:\/\/o365portal.semmelweis.hu\/Home\/WhoAmI\">ide kattintva<\/a> ellen\u0151rizheti. A <strong>SIA aktiv\u00e1l\u00e1s\u00e1hoz<\/strong> az al\u00e1bbi <strong>\u00fatmutat\u00f3<\/strong> ny\u00fajt seg\u00edts\u00e9get.\u00a0<\/p>\n<p><a href=\"https:\/\/semmelweis.hu\/human\/files\/2025\/09\/Munkavallaloi-azonosito-aktivalasa_2025_08_29-atszerkesztett.pdf\"><strong>SIA aktiv\u00e1l\u00e1sa &#8211; felhaszn\u00e1l\u00f3i \u00fatmutat\u00f3<\/strong><\/a><\/p>\n<p>&nbsp;<\/p>\n<p><strong>2) SIA aktiv\u00e1l\u00e1sa ut\u00e1ni teend\u0151k<\/strong><\/p>\n<p>A SIA aktiv\u00e1l\u00e1sa ut\u00e1ni teend\u0151kr\u0151l, az O365 k\u00f6rnyezet haszn\u00e1lat\u00e1r\u00f3l az al\u00e1bbi seg\u00e9dletben olvashat.\u00a0<\/p>\n<p><strong><a href=\"https:\/\/semmelweis.hu\/human\/files\/2025\/09\/O365_kornyezet_2025_08_29.pdf\">O365 k\u00f6rnyezet &#8211; felhaszn\u00e1l\u00f3i \u00fatmutat\u00f3<\/a><\/strong><\/p>\n<p>&nbsp;<\/p>\n<p><strong>3) Dolgoz\u00f3i VPN szolg\u00e1ltat\u00e1s be\u00e1ll\u00edt\u00e1sa<\/strong><\/p>\n<p style=\"text-align: justify\">A <strong>dolgoz\u00f3i VPN szolg\u00e1ltat\u00e1st<\/strong> minden munkat\u00e1rs ig\u00e9nybe tudja venni saj\u00e1t\u00a0<span style=\"font-size: 1rem\">(SIA) <\/span><span style=\"font-size: 1rem\">azonos\u00edt\u00f3j\u00e1val<\/span><span style=\"font-size: 1rem\">. Bizonyos felhaszn\u00e1l\u00f3i fel\u00fcletek, szolg\u00e1ltat\u00e1sok csak az egyetemi bels\u0151 h\u00e1l\u00f3zaton kereszt\u00fck \u00e9rhet\u0151k el, melyhez sz\u00fcks\u00e9ges a dolgoz\u00f3i VPN be\u00e1ll\u00edt\u00e1sa munkav\u00e1llal\u00f3ink eszk\u00f6zein. A VPN be\u00e1ll\u00edt\u00e1s\u00e1hoz az al\u00e1bbi \u00fatmutat\u00f3k adnak inform\u00e1ci\u00f3t.<\/span><\/p>\n<p><a href=\"https:\/\/semmelweis.hu\/human\/files\/2025\/09\/DolgozoiVPN_O365_Win11.pdf\"><strong>Dolgoz\u00f3i VPN be\u00e1ll\u00edt\u00e1sa (Win11) &#8211; felhaszn\u00e1l\u00f3i \u00fatmutat\u00f3<\/strong><\/a><\/p>\n<p><strong><a href=\"https:\/\/semmelweis.hu\/human\/files\/2025\/09\/DolgozoiVPNwin10_2025.pdf\">Dolgoz\u00f3i VPN be\u00e1ll\u00edt\u00e1sa (Win10) &#8211; felhaszn\u00e1l\u00f3i \u00fatmutat\u00f3<\/a><\/strong><\/p>\n<p><strong><a href=\"https:\/\/semmelweis.hu\/human\/files\/2025\/09\/DolgozoiVPN_O365_MacOS-1.pdf\">Dolgoz\u00f3i VPN be\u00e1ll\u00edt\u00e1sa (MacOS) &#8211; felhaszn\u00e1l\u00f3i \u00fatmutat\u00f3<\/a><\/strong><\/p>\n<p>&nbsp;<\/p>\n<p><strong>4) E-t\u00e1rhely haszn\u00e1lata<\/strong><\/p>\n<p style=\"text-align: justify\">A Semmelweis Egyetem valamennyi munkav\u00e1llal\u00f3ja b\u00e9rjegyz\u00e9k\u00e9t kiz\u00e1r\u00f3lag elektronikus form\u00e1ban, egy t\u00f6bbek k\u00f6z\u00f6tt erre a c\u00e9lra l\u00e9trehozott elektronikus t\u00e1rhelyen (e-t\u00e1rhelyen) kapja meg, a b\u00e9rjegyz\u00e9k nyomtatott form\u00e1ban k\u00f6zpontilag nem ker\u00fcl az egyetemi dolgoz\u00f3k r\u00e9sz\u00e9re megk\u00fcld\u00e9sre. Az e-t\u00e1rhely v\u00e9dett internetes oldalon a Semmelweis Egyetem \u00e1ltal l\u00e9trehozott szem\u00e9lyes t\u00e1rhely, amely lehet\u0151s\u00e9get ad a munkat\u00e1rsaknak a b\u00e9rjegyz\u00e9k\u00fck, valamint egy\u00e9b t\u00e1j\u00e9koztat\u00f3k megtekint\u00e9s\u00e9re \u00e9s let\u00f6lt\u00e9s\u00e9re. Minden munkat\u00e1rs r\u00e9sz\u00e9re egyedi szem\u00e9lyes t\u00e1rhely ker\u00fcl kialak\u00edt\u00e1sra, ahov\u00e1 ad\u00f3azonos\u00edt\u00f3 jele \u00e9s saj\u00e1t jelsz\u00f3 haszn\u00e1lat\u00e1val lehet <a href=\"https:\/\/etarhely.semmelweis.hu\/login\">bel\u00e9pni<\/a>. Az e-t\u00e1rhely biztons\u00e1gi okokb\u00f3l csak bels\u0151 egyetemi h\u00e1l\u00f3zatb\u00f3l \u00e9rhet\u0151 el. A Semmelweis Egyetem munkav\u00e1llal\u00f3inak b\u00e9rjegyz\u00e9ke bel\u00e9p\u00e9s\u00fckt\u0151l (de legkor\u00e1bban 2017. janu\u00e1r 1-j\u00e9t\u0151l) \u00e1ll rendelkez\u00e9sre az e-t\u00e1rhelyen.<\/p>\n<p><strong><a href=\"https:\/\/semmelweis.hu\/human\/files\/2025\/09\/e-Tarhely-2.0-Felhasznaloi-Leiras-v3.pdf\">E-t\u00e1rhely &#8211; felhaszn\u00e1l\u00f3i \u00fatmutat\u00f3<\/a><\/strong><\/p>\n<p>&nbsp;<\/p>\n<p><strong>5) SAP SuccessFactors dolgoz\u00f3i \u00f6nkiszolg\u00e1l\u00f3 fel\u00fclet\u00e9nek haszn\u00e1lata (HR port\u00e1l \u2013 szabads\u00e1gtervez\u0151)<\/strong><\/p>\n<p style=\"text-align: justify\">Az Egyetem fontos feladat\u00e1nak tekinti a HR-folyamatok min\u00e9l sz\u00e9lesebb k\u00f6r\u0171 digitaliz\u00e1ci\u00f3j\u00e1t, a pap\u00edrmentes adminisztr\u00e1ci\u00f3 ugyanis hat\u00e9konyabb, gyorsabb, \u00e1tl\u00e1that\u00f3bb \u00fcgyint\u00e9z\u00e9st \u00e9s fenntarthat\u00f3 munkak\u00f6rnyezetet biztos\u00edt, tov\u00e1bb\u00e1 lehet\u0151v\u00e9 teszi munkav\u00e1llal\u00f3i \u00f6nkiszolg\u00e1l\u00f3 funkci\u00f3k alkalmaz\u00e1s\u00e1t. Ennek jegy\u00e9ben vezett\u00fck be az Egyetemen az SAP SuccessFactors Employee Central (a tov\u00e1bbiakban: \u201eSAP-SF-EC\u201d) rendszert, melynek r\u00e9sze a szabads\u00e1gtervez\u00e9si folyamat elektronikus, \u00f6nkiszolg\u00e1l\u00f3 \u00fcgyint\u00e9z\u00e9se. A SuccessFactors rendszert <a href=\"https:\/\/semmelweis.hu\/human\/digitalis-hr\/sf\/\">ide kattintva<\/a> tudja el\u00e9rni.\u00a0<\/p>\n<p>&nbsp;<\/p>\n","protected":false},"excerpt":{"rendered":"<p>A Semmelweis Egyetem digit\u00e1lis form\u00e1ban hozz\u00e1f\u00e9rhet\u0151 rendszereinek haszn\u00e1lat\u00e1hoz minden bel\u00e9p\u0151 munkav\u00e1llal\u00f3 Semmelweis Informatikai Azonos\u00edt\u00f3t (SIA) kap, amelyet a haszn\u00e1lat megkezd\u00e9se el\u0151tt aktiv\u00e1lni sz\u00fcks\u00e9ges. Munkav\u00e1llal\u00f3ink a SIA haszn\u00e1lat\u00e1val tudj\u00e1k el\u00e9rni t\u00f6bbek k\u00f6z\u00f6tt az SAP SuccessFactors dolgoz\u00f3i \u00f6nkiszolg\u00e1l\u00f3 fel\u00fclet\u00e9t (HR port\u00e1l \u2013 szabads\u00e1gtervez\u0151) a Semmelweis Egyetem k\u00f6zponti informatikai rendszereit (informatikai hibabejelent\u0151 \u00e9s szolg\u00e1ltat\u00e1s-ig\u00e9nyl\u0151 rendszer, Mercatus web\u00e1ruh\u00e1z stb.), &hellip;<\/p>\n","protected":false},"author":101175,"featured_media":0,"parent":106493,"menu_order":3,"comment_status":"closed","ping_status":"closed","template":"","meta":{"_acf_changed":false,"footnotes":""},"categories":[],"tags":[],"class_list":["post-106515","page","type-page","status-publish","hentry"],"acf":[],"_links":{"self":[{"href":"https:\/\/semmelweis.hu\/human\/wp-json\/wp\/v2\/pages\/106515","targetHints":{"allow":["GET"]}}],"collection":[{"href":"https:\/\/semmelweis.hu\/human\/wp-json\/wp\/v2\/pages"}],"about":[{"href":"https:\/\/semmelweis.hu\/human\/wp-json\/wp\/v2\/types\/page"}],"author":[{"embeddable":true,"href":"https:\/\/semmelweis.hu\/human\/wp-json\/wp\/v2\/users\/101175"}],"replies":[{"embeddable":true,"href":"https:\/\/semmelweis.hu\/human\/wp-json\/wp\/v2\/comments?post=106515"}],"version-history":[{"count":5,"href":"https:\/\/semmelweis.hu\/human\/wp-json\/wp\/v2\/pages\/106515\/revisions"}],"predecessor-version":[{"id":106542,"href":"https:\/\/semmelweis.hu\/human\/wp-json\/wp\/v2\/pages\/106515\/revisions\/106542"}],"up":[{"embeddable":true,"href":"https:\/\/semmelweis.hu\/human\/wp-json\/wp\/v2\/pages\/106493"}],"wp:attachment":[{"href":"https:\/\/semmelweis.hu\/human\/wp-json\/wp\/v2\/media?parent=106515"}],"wp:term":[{"taxonomy":"category","embeddable":true,"href":"https:\/\/semmelweis.hu\/human\/wp-json\/wp\/v2\/categories?post=106515"},{"taxonomy":"post_tag","embeddable":true,"href":"https:\/\/semmelweis.hu\/human\/wp-json\/wp\/v2\/tags?post=106515"}],"curies":[{"name":"wp","href":"https:\/\/api.w.org\/{rel}","templated":true}]}}