{"id":106493,"date":"2025-09-01T08:32:07","date_gmt":"2025-09-01T06:32:07","guid":{"rendered":"https:\/\/semmelweis.hu\/human\/?page_id=106493"},"modified":"2025-10-18T10:16:07","modified_gmt":"2025-10-18T08:16:07","slug":"uj-belepoknek","status":"publish","type":"page","link":"https:\/\/semmelweis.hu\/human\/kozerdeku-informaciok\/uj-belepoknek\/","title":{"rendered":"\u00daj bel\u00e9p\u0151knek sz\u00f3l\u00f3 inform\u00e1ci\u00f3k"},"content":{"rendered":"<div class=\"keretes w-100\">\n<p><strong>K\u00f6sz\u00f6ntj\u00fck a Semmelweis Egyetemen!<\/strong><\/p>\n<p style=\"text-align: justify\">Int\u00e9zm\u00e9ny\u00fcnk t\u00f6bb mint 250 \u00e9ves hagyom\u00e1nyokra \u00e9p\u00fcl\u0151, ugyanakkor folyamatosan meg\u00fajul\u00f3 orvos- \u00e9s eg\u00e9szs\u00e9gtudom\u00e1nyi egyetem, ahol a kiv\u00e1l\u00f3s\u00e1g, az elhivatotts\u00e1g \u00e9s az egy\u00fcttm\u0171k\u00f6d\u00e9s nemcsak \u00e9rt\u00e9kek, hanem mindennapi m\u0171k\u00f6d\u00e9s\u00fcnk alapjai. H\u00e1rom f\u0151 tev\u00e9kenys\u00e9ge az oktat\u00e1s, a kutat\u00e1s-innov\u00e1ci\u00f3 \u00e9s a gy\u00f3gy\u00edt\u00e1s. A k\u00e9pz\u00e9s hat karon \u00e9s h\u00e1rom nyelven (magyarul, angolul, n\u00e9met\u00fcl) folyik, emellett a Semmelweis Egyetem az orsz\u00e1g legnagyobb eg\u00e9szs\u00e9g\u00fcgyi int\u00e9zm\u00e9nye, ahol a kutat\u00e1s-fejleszt\u00e9si \u00e9s innov\u00e1ci\u00f3s tev\u00e9kenys\u00e9g is kiemelked\u0151 szerepet kap.\u00a0<\/p>\n<p style=\"text-align: justify\">Egy \u00faj szervezethez val\u00f3 csatlakoz\u00e1s mindig izgalmas \u00e9s sokszor kih\u00edv\u00e1sokkal teli id\u0151szak. Az els\u0151 napokban sz\u00e1mos k\u00e9rd\u00e9s mer\u00fclhet fel: hogyan m\u0171k\u00f6dik az int\u00e9zm\u00e9ny, milyen szab\u00e1lyok vonatkoznak a munkav\u00e9gz\u00e9sre, hov\u00e1 fordulhatunk seg\u00edts\u00e9g\u00e9rt? Ezt az oldalt az\u00e9rt hoztuk l\u00e9tre, hogy t\u00e1mogassuk az \u00fajonnan \u00e9rkez\u0151 koll\u00e9g\u00e1k beilleszked\u00e9s\u00e9t, \u00e9s \u00e1tfog\u00f3 k\u00e9pet adjunk az Egyetem m\u0171k\u00f6d\u00e9s\u00e9r\u0151l.<\/p>\n<p style=\"text-align: justify\">Itt \u00f6sszegy\u0171jt\u00f6tt\u00fck mindazokat az inform\u00e1ci\u00f3kat, amelyek megk\u00f6nny\u00edtik a mindennapi munkav\u00e9gz\u00e9st: a bel\u00e9p\u00e9ssel kapcsolatos teend\u0151kt\u0151l kezdve a bels\u0151 rendszerek haszn\u00e1lat\u00e1n \u00e1t eg\u00e9szen a juttat\u00e1si lehet\u0151s\u00e9gekig. C\u00e9lunk, hogy seg\u00edts\u00e9get ny\u00fajtsunk az eligazod\u00e1sban, \u00e9s t\u00e1mogassuk az els\u0151 l\u00e9p\u00e9seket egy t\u00e1mogat\u00f3, szakmailag inspir\u00e1l\u00f3 k\u00f6rnyezetben.<\/p>\n<\/div>\n<p>&nbsp;<\/p>\n<style>\n           #page-grid .card-body > .line-clamp-box.excerpt{\n        width: inherit;\n        max-width: inherit;\n        display:flex;\n        min-height: 2.4em;\n        flex-direction: column;\n        justify-content: space-around;\n        background-color: #D6E4EA;\n        min-height: 3.4rem;\n        font-family: \"Montserrat\", sans-serif;\n    }\n\n    #page-grid a:hover .card-body > .line-clamp-box.excerpt {\n        background-color: #fff;\n        color: #313B40;\n    }\n\n    #page-grid .card-body .line-clamp-box.excerpt section{\n        max-width: inherit;\n        display: -webkit-box;\n        -webkit-line-clamp: 2;\n        -webkit-box-orient: vertical;\n        overflow: hidden;\n        text-overflow: ellipsis;\n        hyphens: auto;\n        margin: auto;\n        \n    }\n    .line-clamp-box.excerpt section, .line-clamp-box.excerpt section p{\n        font-size:0.8em;\n    }\n    \n<\/style>\n    <section id=\"page-grid\">\n        <section class=\"d-block d-md-flex title-row my-3 ml-0 ml-md-1\">\n<div class=\"section-title  mb-1 \">\n<h2>\n    Kapcsol\u00f3d\u00f3 oldalak\n<\/h2>\n<\/div>\n<\/section>\n        <div class=\"row row-cols-1 row-cols-md-2 row-cols-lg-3 no-gutters mx-0 \">    <div class =\"col  mb-2 card-wrapper\">\n        <a class=\"d-flex flex-fill card-link-warapper m-md-1\" href=\"https:\/\/semmelweis.hu\/human\/kozerdeku-informaciok\/uj-belepoknek\/uj-belepoknek-szolo-informaciok\/\">\n            <div class=\"card border border-secondary se-border flex-fill\">\n                <div class=\"row no-gutters mx-0 d-flex flex-nowrap flex-md-wrap align-items-center\">\n                    <div class =\"  col-5 col-md-12  d-none  d-md-none d-md-none  bg-image  card-image justify-content-center\">\n                        <img class='wp-post-image img-fluid landscape' src='https:\/\/semmelweis.hu\/human\/wp-content\/themes\/se18\/dist\/images\/svg\/bg-image.svg' \/>\n                    <\/div>\n                    <div class=\"card-body  col flex-column  col-md-12 p-0\">\n                        <div class=\"line-clamp-box p-3\">\n                            <h5 class=\"ml-0 ml-sm-1 mt-2 align-items-center\"  >\u00daj bel\u00e9p\u0151knek sz\u00f3l\u00f3 inform\u00e1ci\u00f3k (GYIK)<\/h5>\n                        <\/div>\n                        \n                    <\/div>\n                <\/div>\n\n            <\/div>\n        <\/a>\n    <\/div>    <div class =\"col  mb-2 card-wrapper\">\n        <a class=\"d-flex flex-fill card-link-warapper m-md-1\" href=\"https:\/\/semmelweis.hu\/human\/kozerdeku-informaciok\/uj-belepoknek\/onboarding\/\">\n            <div class=\"card border border-secondary se-border flex-fill\">\n                <div class=\"row no-gutters mx-0 d-flex flex-nowrap flex-md-wrap align-items-center\">\n                    <div class =\"  col-5 col-md-12  d-none  d-md-none d-md-none  bg-image  card-image justify-content-center\">\n                        <img class='wp-post-image img-fluid landscape' src='https:\/\/semmelweis.hu\/human\/wp-content\/themes\/se18\/dist\/images\/svg\/bg-image.svg' \/>\n                    <\/div>\n                    <div class=\"card-body  col flex-column  col-md-12 p-0\">\n                        <div class=\"line-clamp-box p-3\">\n                            <h5 class=\"ml-0 ml-sm-1 mt-2 align-items-center\"  >Onboarding nap<\/h5>\n                        <\/div>\n                        \n                    <\/div>\n                <\/div>\n\n            <\/div>\n        <\/a>\n    <\/div>    <div class =\"col  mb-2 card-wrapper\">\n        <a class=\"d-flex flex-fill card-link-warapper m-md-1\" href=\"https:\/\/semmelweis.hu\/human\/kozerdeku-informaciok\/uj-belepoknek\/informatikai-tudnivalok\/\">\n            <div class=\"card border border-secondary se-border flex-fill\">\n                <div class=\"row no-gutters mx-0 d-flex flex-nowrap flex-md-wrap align-items-center\">\n                    <div class =\"  col-5 col-md-12  d-none  d-md-none d-md-none  bg-image  card-image justify-content-center\">\n                        <img class='wp-post-image img-fluid landscape' src='https:\/\/semmelweis.hu\/human\/wp-content\/themes\/se18\/dist\/images\/svg\/bg-image.svg' \/>\n                    <\/div>\n                    <div class=\"card-body  col flex-column  col-md-12 p-0\">\n                        <div class=\"line-clamp-box p-3\">\n                            <h5 class=\"ml-0 ml-sm-1 mt-2 align-items-center\"  >Informatikai tudnival\u00f3k<\/h5>\n                        <\/div>\n                        \n                    <\/div>\n                <\/div>\n\n            <\/div>\n        <\/a>\n    <\/div>        <\/div>\n    <\/section>\n","protected":false},"excerpt":{"rendered":"<p>K\u00f6sz\u00f6ntj\u00fck a Semmelweis Egyetemen! Int\u00e9zm\u00e9ny\u00fcnk t\u00f6bb mint 250 \u00e9ves hagyom\u00e1nyokra \u00e9p\u00fcl\u0151, ugyanakkor folyamatosan meg\u00fajul\u00f3 orvos- \u00e9s eg\u00e9szs\u00e9gtudom\u00e1nyi egyetem, ahol a kiv\u00e1l\u00f3s\u00e1g, az elhivatotts\u00e1g \u00e9s az egy\u00fcttm\u0171k\u00f6d\u00e9s nemcsak \u00e9rt\u00e9kek, hanem mindennapi m\u0171k\u00f6d\u00e9s\u00fcnk alapjai. H\u00e1rom f\u0151 tev\u00e9kenys\u00e9ge az oktat\u00e1s, a kutat\u00e1s-innov\u00e1ci\u00f3 \u00e9s a gy\u00f3gy\u00edt\u00e1s. A k\u00e9pz\u00e9s hat karon \u00e9s h\u00e1rom nyelven (magyarul, angolul, n\u00e9met\u00fcl) folyik, emellett a &hellip;<\/p>\n","protected":false},"author":101175,"featured_media":0,"parent":87240,"menu_order":0,"comment_status":"closed","ping_status":"closed","template":"template-fullwidth.php","meta":{"_acf_changed":false,"footnotes":""},"categories":[],"tags":[],"class_list":["post-106493","page","type-page","status-publish","hentry"],"acf":[],"_links":{"self":[{"href":"https:\/\/semmelweis.hu\/human\/wp-json\/wp\/v2\/pages\/106493","targetHints":{"allow":["GET"]}}],"collection":[{"href":"https:\/\/semmelweis.hu\/human\/wp-json\/wp\/v2\/pages"}],"about":[{"href":"https:\/\/semmelweis.hu\/human\/wp-json\/wp\/v2\/types\/page"}],"author":[{"embeddable":true,"href":"https:\/\/semmelweis.hu\/human\/wp-json\/wp\/v2\/users\/101175"}],"replies":[{"embeddable":true,"href":"https:\/\/semmelweis.hu\/human\/wp-json\/wp\/v2\/comments?post=106493"}],"version-history":[{"count":12,"href":"https:\/\/semmelweis.hu\/human\/wp-json\/wp\/v2\/pages\/106493\/revisions"}],"predecessor-version":[{"id":108233,"href":"https:\/\/semmelweis.hu\/human\/wp-json\/wp\/v2\/pages\/106493\/revisions\/108233"}],"up":[{"embeddable":true,"href":"https:\/\/semmelweis.hu\/human\/wp-json\/wp\/v2\/pages\/87240"}],"wp:attachment":[{"href":"https:\/\/semmelweis.hu\/human\/wp-json\/wp\/v2\/media?parent=106493"}],"wp:term":[{"taxonomy":"category","embeddable":true,"href":"https:\/\/semmelweis.hu\/human\/wp-json\/wp\/v2\/categories?post=106493"},{"taxonomy":"post_tag","embeddable":true,"href":"https:\/\/semmelweis.hu\/human\/wp-json\/wp\/v2\/tags?post=106493"}],"curies":[{"name":"wp","href":"https:\/\/api.w.org\/{rel}","templated":true}]}}