{"id":105942,"date":"2025-06-11T19:40:12","date_gmt":"2025-06-11T17:40:12","guid":{"rendered":"https:\/\/semmelweis.hu\/human\/?page_id=105942"},"modified":"2025-12-09T10:44:10","modified_gmt":"2025-12-09T09:44:10","slug":"egyetemi-kituntetes","status":"publish","type":"page","link":"https:\/\/semmelweis.hu\/human\/nyomtatvanyok\/egyetemi-kituntetes\/","title":{"rendered":"Egyetemi kit\u00fcntet\u00e9s"},"content":{"rendered":"<p><span style=\"font-size: 14pt\"><strong>Let\u00f6lthet\u0151 javaslati \u0171rlapok<\/strong><\/span><\/p>\n<ul>\n<li><a href=\"https:\/\/semmelweis.hu\/human\/files\/2025\/10\/Pro-Universitate-Eletmudij-kituntetes-javaslat-2026.xlsx\">Pro Universitate \u00e9letm\u0171d\u00edj<\/a><\/li>\n<li><a href=\"https:\/\/semmelweis.hu\/human\/files\/2025\/10\/Pro-Universitate-Dij-kituntetes-javaslat-2026.xlsx\">Pro Universitate d\u00edj<\/a><\/li>\n<li><a href=\"https:\/\/semmelweis.hu\/human\/files\/2025\/10\/Pro-Universitate-erdemrend-kituntetes-javaslat-2026.xlsx\">Pro Universitate \u00e9rdemrend<\/a><\/li>\n<li><a href=\"https:\/\/semmelweis.hu\/human\/files\/2025\/10\/Kivalo-Oktato-kituntetes-javaslat-2026.xlsx\">a Semmelweis Egyetem Kiv\u00e1l\u00f3 Oktat\u00f3ja<\/a><\/li>\n<li><a href=\"https:\/\/semmelweis.hu\/human\/files\/2025\/10\/Kivalo-Dolgozo-kituntetes-javaslat-2026.xlsx\">a Semmelweis\u00a0Egyetem Kiv\u00e1l\u00f3 Dolgoz\u00f3ja<\/a><\/li>\n<li><a href=\"https:\/\/semmelweis.hu\/human\/files\/2025\/10\/Kivalo-Szakdolgozo-kituntetes-javaslat-2026.xlsx\">a Semmelweis Egyetem Kiv\u00e1l\u00f3 Szakdolgoz\u00f3ja<\/a><\/li>\n<li><a href=\"https:\/\/semmelweis.hu\/human\/files\/2025\/10\/Kivalo-Oktato-Szakdolgozo-kituntetes-javaslat-2026.xlsx\">a Semmelweis Egyetem Kiv\u00e1l\u00f3 Oktat\u00f3 Szakdolgoz\u00f3ja<\/a><\/li>\n<li><a href=\"https:\/\/semmelweis.hu\/human\/files\/2025\/10\/Kivalo-Szakkepzo-Iskolai-Oktato-kituntetes-javaslat-2026.xlsx\">a Semmelweis Egyetem Kiv\u00e1l\u00f3 Szakk\u00e9pz\u0151 Iskolai Oktat\u00f3ja<\/a><\/li>\n<li><a href=\"https:\/\/semmelweis.hu\/human\/files\/2025\/10\/Kivalo-Konduktor-kituntetes-javaslat-2026.xlsx\">a Semmelweis Egyetem Kiv\u00e1l\u00f3 Konduktora<\/a><\/li>\n<li><a href=\"https:\/\/semmelweis.hu\/human\/files\/2025\/10\/Kossuth-Zsuzsanna-emlekdij-kituntetes-javaslat-2026.xlsx\">Kossuth Zsuzsanna eml\u00e9kd\u00edj<\/a><\/li>\n<li><a href=\"https:\/\/semmelweis.hu\/human\/files\/2025\/10\/Rektori-Kancellari-elismeres-kituntetes-javaslat-2026.xlsx\">Rektori-Kancell\u00e1ri elismer\u00e9s<\/a><\/li>\n<li><a href=\"https:\/\/semmelweis.hu\/human\/files\/2025\/10\/Rektori-Dicseret-kituntetes-javaslat-2026.xlsx\">Rektori Dics\u00e9ret<\/a><\/li>\n<li><a href=\"https:\/\/semmelweis.hu\/human\/files\/2025\/10\/Kancellari-Dicseret-kituntetes-javaslat-2026.xlsx\">Kancell\u00e1ri Dics\u00e9ret<\/a><\/li>\n<li><a href=\"https:\/\/semmelweis.hu\/human\/files\/2025\/10\/Dekani-Dicseret-kituntetes-javaslat-2026.xlsx\">D\u00e9k\u00e1ni Dics\u00e9ret<\/a><\/li>\n<li><a href=\"https:\/\/semmelweis.hu\/human\/files\/2025\/10\/Kituntetesi-javaslat-reszletes-indoklasa.xlsx\">Kit\u00fcntet\u00e9si javaslat r\u00e9szletes indokl\u00e1sa<\/a><\/li>\n<li><a href=\"https:\/\/semmelweis.hu\/human\/files\/2025\/12\/Az-Egyetemi-Polgarokert-Dij-kituntetes-javaslat.xlsx\">az Egyetemi Polg\u00e1rok\u00e9rt d\u00edj<\/a><\/li>\n<\/ul>\n","protected":false},"excerpt":{"rendered":"<p>Let\u00f6lthet\u0151 javaslati \u0171rlapok<\/p>\n<p><a href=\"https:\/\/semmelweis.hu\/human\/files\/2025\/10\/Pro-Universitate-Eletmudij-kituntetes-javaslat-2026.xlsx\">Pro Universitate \u00e9letm\u0171d\u00edj<\/a><br \/>\n<a href=\"https:\/\/semmelweis.hu\/human\/files\/2025\/10\/Pro-Universitate-Dij-kituntetes-javaslat-2026.xlsx\">Pro Universitate d\u00edj<\/a><br \/>\n<a href=\"https:\/\/semmelweis.hu\/human\/files\/2025\/10\/Pro-Universitate-erdemrend-kituntetes-javaslat-2026.xlsx\">Pro Universitate \u00e9rdemrend<\/a><br \/>\n<a href=\"https:\/\/semmelweis.hu\/human\/files\/2025\/10\/Kivalo-Oktato-kituntetes-javaslat-2026.xlsx\">a Semmelweis Egyetem Kiv\u00e1l\u00f3 Oktat\u00f3ja<\/a><br \/>\n<a href=\"https:\/\/semmelweis.hu\/human\/files\/2025\/10\/Kivalo-Dolgozo-kituntetes-javaslat-2026.xlsx\">a Semmelweis\u00a0Egyetem Kiv\u00e1l\u00f3 Dolgoz\u00f3ja<\/a><br \/>\n<a href=\"https:\/\/semmelweis.hu\/human\/files\/2025\/10\/Kivalo-Szakdolgozo-kituntetes-javaslat-2026.xlsx\">a Semmelweis Egyetem Kiv\u00e1l\u00f3 Szakdolgoz\u00f3ja<\/a><br \/>\n<a href=\"https:\/\/semmelweis.hu\/human\/files\/2025\/10\/Kivalo-Oktato-Szakdolgozo-kituntetes-javaslat-2026.xlsx\">a Semmelweis Egyetem Kiv\u00e1l\u00f3 Oktat\u00f3 Szakdolgoz\u00f3ja<\/a><br \/>\n<a href=\"https:\/\/semmelweis.hu\/human\/files\/2025\/10\/Kivalo-Szakkepzo-Iskolai-Oktato-kituntetes-javaslat-2026.xlsx\">a Semmelweis Egyetem Kiv\u00e1l\u00f3 Szakk\u00e9pz\u0151 Iskolai Oktat\u00f3ja<\/a><br \/>\n<a href=\"https:\/\/semmelweis.hu\/human\/files\/2025\/10\/Kivalo-Konduktor-kituntetes-javaslat-2026.xlsx\">a Semmelweis Egyetem Kiv\u00e1l\u00f3 Konduktora<\/a><br \/>\n<a href=\"https:\/\/semmelweis.hu\/human\/files\/2025\/10\/Kossuth-Zsuzsanna-emlekdij-kituntetes-javaslat-2026.xlsx\">Kossuth Zsuzsanna eml\u00e9kd\u00edj<\/a><br \/>\n<a href=\"https:\/\/semmelweis.hu\/human\/files\/2025\/10\/Rektori-Kancellari-elismeres-kituntetes-javaslat-2026.xlsx\">Rektori-Kancell\u00e1ri elismer\u00e9s<\/a><br \/>\n<a href=\"https:\/\/semmelweis.hu\/human\/files\/2025\/10\/Rektori-Dicseret-kituntetes-javaslat-2026.xlsx\">Rektori Dics\u00e9ret<\/a><br \/>\n<a href=\"https:\/\/semmelweis.hu\/human\/files\/2025\/10\/Kancellari-Dicseret-kituntetes-javaslat-2026.xlsx\">Kancell\u00e1ri Dics\u00e9ret<\/a><br \/>\n<a href=\"https:\/\/semmelweis.hu\/human\/files\/2025\/10\/Dekani-Dicseret-kituntetes-javaslat-2026.xlsx\">D\u00e9k\u00e1ni Dics\u00e9ret<\/a><br \/>\n<a href=\"https:\/\/semmelweis.hu\/human\/files\/2025\/10\/Kituntetesi-javaslat-reszletes-indoklasa.xlsx\">Kit\u00fcntet\u00e9si javaslat r\u00e9szletes indokl\u00e1sa<\/a><br \/>\n<a href=\"https:\/\/semmelweis.hu\/human\/files\/2025\/12\/Az-Egyetemi-Polgarokert-Dij-kituntetes-javaslat.xlsx\">az Egyetemi Polg\u00e1rok\u00e9rt d\u00edj<\/a><\/p>\n","protected":false},"author":342,"featured_media":0,"parent":12,"menu_order":12,"comment_status":"closed","ping_status":"closed","template":"","meta":{"_acf_changed":false,"footnotes":""},"categories":[],"tags":[],"class_list":["post-105942","page","type-page","status-publish","hentry"],"acf":[],"_links":{"self":[{"href":"https:\/\/semmelweis.hu\/human\/wp-json\/wp\/v2\/pages\/105942","targetHints":{"allow":["GET"]}}],"collection":[{"href":"https:\/\/semmelweis.hu\/human\/wp-json\/wp\/v2\/pages"}],"about":[{"href":"https:\/\/semmelweis.hu\/human\/wp-json\/wp\/v2\/types\/page"}],"author":[{"embeddable":true,"href":"https:\/\/semmelweis.hu\/human\/wp-json\/wp\/v2\/users\/342"}],"replies":[{"embeddable":true,"href":"https:\/\/semmelweis.hu\/human\/wp-json\/wp\/v2\/comments?post=105942"}],"version-history":[{"count":7,"href":"https:\/\/semmelweis.hu\/human\/wp-json\/wp\/v2\/pages\/105942\/revisions"}],"predecessor-version":[{"id":107352,"href":"https:\/\/semmelweis.hu\/human\/wp-json\/wp\/v2\/pages\/105942\/revisions\/107352"}],"up":[{"embeddable":true,"href":"https:\/\/semmelweis.hu\/human\/wp-json\/wp\/v2\/pages\/12"}],"wp:attachment":[{"href":"https:\/\/semmelweis.hu\/human\/wp-json\/wp\/v2\/media?parent=105942"}],"wp:term":[{"taxonomy":"category","embeddable":true,"href":"https:\/\/semmelweis.hu\/human\/wp-json\/wp\/v2\/categories?post=105942"},{"taxonomy":"post_tag","embeddable":true,"href":"https:\/\/semmelweis.hu\/human\/wp-json\/wp\/v2\/tags?post=105942"}],"curies":[{"name":"wp","href":"https:\/\/api.w.org\/{rel}","templated":true}]}}