{"id":105760,"date":"2025-05-21T12:27:23","date_gmt":"2025-05-21T10:27:23","guid":{"rendered":"https:\/\/semmelweis.hu\/human\/?page_id=105760"},"modified":"2025-05-21T12:32:09","modified_gmt":"2025-05-21T10:32:09","slug":"bejelentkezes-a-celpremium-rendszerbe","status":"publish","type":"page","link":"https:\/\/semmelweis.hu\/human\/bejelentkezes-a-celpremium-rendszerbe\/","title":{"rendered":"Bejelentkez\u00e9s a c\u00e9lpr\u00e9mium rendszerbe"},"content":{"rendered":"<p style=\"text-align: center\"><a class=\"btn btn-secondary\" href=\"https:\/\/celpremiumapp.semmelweis.hu\/login\" target=\"_blank\" rel=\"noopener\">Bel\u00e9p\u00e9s<\/a><\/p>\n","protected":false},"excerpt":{"rendered":"<p><a class=\"btn btn-secondary\" href=\"https:\/\/celpremiumapp.semmelweis.hu\/login\" target=\"_blank\" rel=\"noopener\">Bel\u00e9p\u00e9s<\/a><\/p>\n","protected":false},"author":101175,"featured_media":0,"parent":0,"menu_order":0,"comment_status":"closed","ping_status":"closed","template":"template-fullwidth.php","meta":{"_acf_changed":false,"footnotes":""},"categories":[],"tags":[],"class_list":["post-105760","page","type-page","status-publish","hentry"],"acf":[],"_links":{"self":[{"href":"https:\/\/semmelweis.hu\/human\/wp-json\/wp\/v2\/pages\/105760","targetHints":{"allow":["GET"]}}],"collection":[{"href":"https:\/\/semmelweis.hu\/human\/wp-json\/wp\/v2\/pages"}],"about":[{"href":"https:\/\/semmelweis.hu\/human\/wp-json\/wp\/v2\/types\/page"}],"author":[{"embeddable":true,"href":"https:\/\/semmelweis.hu\/human\/wp-json\/wp\/v2\/users\/101175"}],"replies":[{"embeddable":true,"href":"https:\/\/semmelweis.hu\/human\/wp-json\/wp\/v2\/comments?post=105760"}],"version-history":[{"count":1,"href":"https:\/\/semmelweis.hu\/human\/wp-json\/wp\/v2\/pages\/105760\/revisions"}],"predecessor-version":[{"id":105761,"href":"https:\/\/semmelweis.hu\/human\/wp-json\/wp\/v2\/pages\/105760\/revisions\/105761"}],"wp:attachment":[{"href":"https:\/\/semmelweis.hu\/human\/wp-json\/wp\/v2\/media?parent=105760"}],"wp:term":[{"taxonomy":"category","embeddable":true,"href":"https:\/\/semmelweis.hu\/human\/wp-json\/wp\/v2\/categories?post=105760"},{"taxonomy":"post_tag","embeddable":true,"href":"https:\/\/semmelweis.hu\/human\/wp-json\/wp\/v2\/tags?post=105760"}],"curies":[{"name":"wp","href":"https:\/\/api.w.org\/{rel}","templated":true}]}}