{"id":105614,"date":"2025-05-09T08:30:06","date_gmt":"2025-05-09T06:30:06","guid":{"rendered":"https:\/\/semmelweis.hu\/human\/?page_id=105614"},"modified":"2025-05-09T08:42:31","modified_gmt":"2025-05-09T06:42:31","slug":"kiemelet-teruleti-felelosok","status":"publish","type":"page","link":"https:\/\/semmelweis.hu\/human\/kiemelet-teruleti-felelosok\/","title":{"rendered":"Kiemelt ter\u00fcleti felel\u0151s\u00f6k"},"content":{"rendered":"<p>&nbsp;<\/p>\n<table style=\"width: 86.1847%;height: 3008px\" width=\"747\">\n<thead>\n<tr>\n<td style=\"text-align: center\" width=\"331\">\n<p><strong>Felel\u0151s\u00f6k<\/strong><\/p>\n<\/td>\n<td style=\"text-align: center\" width=\"416\">\n<p><strong>Szab\u00e1lyoz\u00f3 dokumentum<\/strong><\/p>\n<\/td>\n<\/tr>\n<\/thead>\n<tbody>\n<tr>\n<td width=\"331\">\n<p>Adatgazda szakter\u00fcleti adatgazda<\/p>\n<\/td>\n<td width=\"416\">\n<p><a href=\"https:\/\/semmelweis.hu\/jogigfoig\/dokumentumtar\/szabalyzattar\/informatikai-biztonsagi-szabalyzat\/\">Inform\u00e1ci\u00f3biztons\u00e1gi Szab\u00e1lyzat<\/a><\/p>\n<\/td>\n<\/tr>\n<tr>\n<td width=\"331\">\n<p>Adatv\u00e9delmi felel\u0151s<\/p>\n<\/td>\n<td width=\"416\">\n<p><a href=\"https:\/\/semmelweis.hu\/jogigfoig\/dokumentumtar\/szabalyzattar\/adatvedelmi-szabalyzat\/\"><br \/>\nAdatv\u00e9delmi, k\u00f6zz\u00e9t\u00e9teli \u00e9s k\u00f6z\u00e9rdek\u0171 adatig\u00e9nyl\u00e9s Szab\u00e1lyzat<\/a><br \/>\nI. K\u00f6nyv: Adatv\u00e9delmi Szab\u00e1lyzat<\/p>\n<p>&nbsp;<\/p>\n<\/td>\n<\/tr>\n<tr>\n<td width=\"331\">\n<p>Allelt\u00e1r felel\u0151s<\/p>\n<\/td>\n<td width=\"416\">\n<p><a href=\"https:\/\/semmelweis.hu\/jogigfoig\/dokumentumtar\/szabalyzattar\/szamviteli-politika\/\"><br \/>\nSemmelweis Egyetem szab\u00e1lyzata a sz\u00e1mviteli politik\u00e1r\u00f3l<\/a><br \/>\nII. K\u00f6nyv: Lelt\u00e1rk\u00e9sz\u00edt\u00e9si \u00e9s Lelt\u00e1roz\u00e1si Szab\u00e1lyzat<\/p>\n<p>&nbsp;<\/p>\n<\/td>\n<\/tr>\n<tr>\n<td width=\"331\">\n<p>Bizalmas iktat\u00e1sra<br \/>\nIktat\u00e1sra jogosult szem\u00e9lyek<\/p>\n<\/td>\n<td width=\"416\">\n<p><a href=\"https:\/\/semmelweis.hu\/jogigfoig\/dokumentumtar\/szabalyzattar\/iratkezelesi-szabalyzat\/\"><br \/>\nIratkezel\u00e9si \u00e9s Elektronikus \u00dcgyint\u00e9z\u00e9si Szab\u00e1lyzat<\/a><br \/>\nI. K\u00f6nyv: Iratkezel\u00e9si Szab\u00e1lyzat<\/p>\n<p>&nbsp;<\/p>\n<\/td>\n<\/tr>\n<tr>\n<td width=\"331\">\n<p>Gy\u00f3gyszerfelel\u0151s orvos<br \/>\nklinikai, int\u00e9zeti k\u00e1b\u00edt\u00f3szerfelel\u0151s<\/p>\n<\/td>\n<td width=\"416\">\n<p><a href=\"https:\/\/semmelweis.hu\/jogigfoig\/dokumentumtar\/szabalyzattar\/gyogyszerellatasi-szabalyzat\/\">Gy\u00f3gyszerell\u00e1t\u00e1si Szab\u00e1lyzat<\/a><\/p>\n<\/td>\n<\/tr>\n<tr>\n<td width=\"331\">\n<p>Helyi informatikai felel\u0151s<\/p>\n<\/td>\n<td width=\"416\">\n<p><a href=\"https:\/\/semmelweis.hu\/jogigfoig\/dokumentumtar\/szabalyzattar\/informatikai-szabalyzat\/\"><br \/>\nInformatikai Szab\u00e1lyzat<\/a><br \/>\nI. K\u00f6nyv: Informatikai \u00dczemeltet\u00e9si \u00e9s H\u00e1l\u00f3zati Szab\u00e1lyzat<\/p>\n<p>&nbsp;<\/p>\n<\/td>\n<\/tr>\n<tr>\n<td width=\"331\">\n<p>Honlap szerkeszt\u0151, adminisztr\u00e1tor,<br \/>\nOn-line telefonk\u00f6nyv egys\u00e9gszint\u0171 szerkeszt\u0151je<\/p>\n<\/td>\n<td width=\"416\">\n<p><a href=\"https:\/\/semmelweis.hu\/jogigfoig\/dokumentumtar\/szabalyzattar\/kommunikacios-szabalyzat\/\">Semmelweis Egyetem szab\u00e1lyzata a kommunik\u00e1ci\u00f3s \u00e9s honlap fenntart\u00e1si tev\u00e9kenys\u00e9gr\u0151l<\/a><br \/>\nII. K\u00f6nyv: Honlap Szab\u00e1lyzat<\/p>\n<\/td>\n<\/tr>\n<tr>\n<td width=\"331\">\n<p>Kari adminisztr\u00e1tor<\/p>\n<p>Teremkezel\u0151<\/p>\n<\/td>\n<td width=\"416\">\n<p><a href=\"https:\/\/semmelweis.hu\/jogigfoig\/dokumentumtar\/szabalyzattar\/neptun-szabalyzat\/\">NEPTUN Szab\u00e1lyzat<\/a><\/p>\n<\/td>\n<\/tr>\n<tr>\n<td width=\"331\">\n<p>Kari koordin\u00e1tor<\/p>\n<\/td>\n<td width=\"416\">\n<p><a href=\"https:\/\/semmelweis.hu\/jogigfoig\/dokumentumtar\/szabalyzattar\/eselyegyenlosegi-szabalyzat\/\"><br \/>\nEs\u00e9lyegyenl\u0151s\u00e9gi Szab\u00e1lyzat<\/a><\/p>\n<p>&nbsp;<\/p>\n<\/td>\n<\/tr>\n<tr>\n<td width=\"331\">\n<p>Katasztr\u00f3fav\u00e9delmi felel\u0151s, megb\u00edzott<\/p>\n<\/td>\n<td width=\"416\">\n<p><a href=\"https:\/\/semmelweis.hu\/jogigfoig\/dokumentumtar\/szabalyzattar\/munkahelyi-biztonsagszervezesi-szabalyzat\/\">Semmelweis Egyetem szab\u00e1lyzata a munkahelyi biztons\u00e1gszervez\u00e9sr\u0151l<\/a><br \/>\nIV. K\u00f6nyv: Katasztr\u00f3fav\u00e9delmi \u00e9s Polg\u00e1ri v\u00e9delmi Szab\u00e1lyzat<\/p>\n<\/td>\n<\/tr>\n<tr>\n<td width=\"331\">\n<p>Klinikai higi\u00e9nikus<\/p>\n<\/td>\n<td width=\"416\">\n<p><a href=\"https:\/\/semmelweis.hu\/minoseg\/mir-dokumentacio\/aok-klinikak\/orvosszakmai-foigazgatosag\/ellatasszervezesi-igazgatosag\/korhazhigienes-osztaly\/\">Infekci\u00f3kontroll elj\u00e1r\u00e1s (SE-ME-08)<\/a><\/p>\n<p>&nbsp;<\/p>\n<\/td>\n<\/tr>\n<tr>\n<td width=\"331\">\n<p>K\u00f6rnyezetv\u00e9delmi megb\u00edzott<\/p>\n<\/td>\n<td width=\"416\">\n<p><a href=\"https:\/\/semmelweis.hu\/jogigfoig\/dokumentumtar\/szabalyzattar\/munkahelyi-biztonsagszervezesi-szabalyzat\/\"><br \/>\nSemmelweis Egyetem szab\u00e1lyzata a munkahelyi biztons\u00e1gszervez\u00e9sr\u0151l<\/a><br \/>\nIII. K\u00f6nyv: K\u00f6rnyezetv\u00e9delmi Szab\u00e1lyzat<\/p>\n<p>&nbsp;<\/p>\n<\/td>\n<\/tr>\n<tr>\n<td width=\"331\">\n<p>Munkav\u00e9delmi megb\u00edzott<\/p>\n<\/td>\n<td width=\"416\">\n<p><a href=\"https:\/\/semmelweis.hu\/jogigfoig\/dokumentumtar\/szabalyzattar\/munkahelyi-biztonsagszervezesi-szabalyzat\/\">Semmelweis Egyetem szab\u00e1lyzata a munkahelyi biztons\u00e1gszervez\u00e9sr\u0151l<\/a><br \/>\nI. K\u00f6nyv: Munkav\u00e9delmi Szab\u00e1lyzat<\/p>\n<\/td>\n<\/tr>\n<tr>\n<td width=\"331\">\n<p>M\u0171szerfelel\u0151s<\/p>\n<\/td>\n<td width=\"416\">\n<p><a href=\"https:\/\/semmelweis.hu\/jogigfoig\/dokumentumtar\/szabalyzattar\/muszergazdalkodasi-szabalyzat\/\">M\u0171szergazd\u00e1lkod\u00e1si Szab\u00e1lyzat<\/a><\/p>\n<\/td>\n<\/tr>\n<tr>\n<td width=\"331\">\n<p>Rendezv\u00e9nyszervez\u0151\/\u00fcgyint\u00e9z\u0151<\/p>\n<\/td>\n<td width=\"416\">\n<p><a href=\"https:\/\/semmelweis.hu\/jogigfoig\/dokumentumtar\/szabalyzattar\/rendezvenyszervezesi-es-rendezvenybiztositasi-szabalyzat\/\">Semmelweis Egyetem szab\u00e1lyzata a rendezv\u00e9nyszervez\u00e9sr\u0151l \u00e9s rendezv\u00e9nybiztos\u00edt\u00e1sit\u00e1sr\u00f3l<\/a><\/p>\n<\/td>\n<\/tr>\n<tr>\n<td width=\"331\">\n<p>Sug\u00e1rv\u00e9delmi megb\u00edzott<\/p>\n<\/td>\n<td width=\"416\">\n<p><a href=\"https:\/\/semmelweis.hu\/jogigfoig\/dokumentumtar\/szabalyzattar\/sugarvedelmi-szabalyzat\/\">L\u00e9tes\u00edtm\u00e9nyi sug\u00e1rv\u00e9delmi Szab\u00e1lyzat<\/a><\/p>\n<\/td>\n<\/tr>\n<tr>\n<td width=\"331\">\n<p>T\u00e1vk\u00f6zl\u00e9si kapcsolattart\u00f3<\/p>\n<\/td>\n<td width=\"416\">\n<p><a href=\"https:\/\/semmelweis.hu\/jogigfoig\/dokumentumtar\/szabalyzattar\/informatikai-szabalyzat\/\">Informatikai Szab\u00e1lyzat<\/a><br \/>\nII. k\u00f6nyv: T\u00e1vk\u00f6zl\u00e9si Szab\u00e1lyzat<\/p>\n<\/td>\n<\/tr>\n<tr>\n<td width=\"331\">\n<p>Taxi haszn\u00e1lat ellen\u0151rz\u00e9s\u00e9re jogosult szem\u00e9ly<\/p>\n<\/td>\n<td width=\"416\">\n<p><a href=\"https:\/\/semmelweis.hu\/jogigfoig\/dokumentumtar\/szabalyzattar\/szolgaltatasi-szabalyzat\/\">Szolg\u00e1ltat\u00e1si Szab\u00e1lyzat<\/a><br \/>\nII. K\u00f6nyv: Logisztikai Szab\u00e1lyzat<\/p>\n<\/td>\n<\/tr>\n<tr>\n<td width=\"331\">\n<p>TDK felel\u0151s<\/p>\n<\/td>\n<td width=\"416\">\n<p><a href=\"https:\/\/semmelweis.hu\/tdk\/altalanos-informaciok\/szervezeti-es-mukodesi-szabalyzat\/\"><br \/>\nTDK Szervezeti \u00e9s M\u0171k\u00f6d\u00e9si Szab\u00e1lyzat<\/a><\/p>\n<p>&nbsp;<\/p>\n<\/td>\n<\/tr>\n<tr>\n<td width=\"331\">\n<p>Technikai b\u00e9lyegz\u0151haszn\u00e1l\u00f3<\/p>\n<\/td>\n<td width=\"416\">\n<p><a href=\"https:\/\/semmelweis.hu\/jogigfoig\/dokumentumtar\/szabalyzattar\/egyedi-jelkepek-szabalyzat\/\">Egyedi jelk\u00e9pek szab\u00e1lyzat<\/a><\/p>\n<\/td>\n<\/tr>\n<tr>\n<td width=\"331\">\n<p>T\u0171zv\u00e9delmi megb\u00edzott<\/p>\n<\/td>\n<td width=\"416\">\n<p><a href=\"https:\/\/semmelweis.hu\/jogigfoig\/dokumentumtar\/szabalyzattar\/munkahelyi-biztonsagszervezesi-szabalyzat\/\">Semmelweis Egyetem szab\u00e1lyzata a munkahelyi biztons\u00e1gszervez\u00e9sr\u0151l<\/a><br \/>\nII. K\u00f6nyv: T\u0171zv\u00e9delmi Szab\u00e1lyzat<\/p>\n<\/td>\n<\/tr>\n<tr>\n<td width=\"331\">\n<p>Vagyonv\u00e9delmi megb\u00edzott<\/p>\n<\/td>\n<td width=\"416\">\n<p><a href=\"https:\/\/semmelweis.hu\/jogigfoig\/dokumentumtar\/szabalyzattar\/munkahelyi-biztonsagszervezesi-szabalyzat\/\"><br \/>\nSemmelweis Egyetem szab\u00e1lyzata a munkahelyi biztons\u00e1gszervez\u00e9sr\u0151l<\/a><br \/>\nV. K\u00f6nyv: Vagyonv\u00e9delmi \u00e9s Rend\u00e9szeti Szab\u00e1lyzat<\/p>\n<p>&nbsp;<\/p>\n<\/td>\n<\/tr>\n<tr>\n<td width=\"331\">\n<p>V\u00e1r\u00f3lista felel\u0151s<\/p>\n<\/td>\n<td width=\"416\">\n<p><a href=\"https:\/\/semmelweis.hu\/jogigfoig\/dokumentumtar\/szabalyzattar\/egyetemi-varolista-szabalyzat\/\"><br \/>\nEgyetemi V\u00e1r\u00f3lista Szab\u00e1lyzat<\/a><\/p>\n<p>&nbsp;<\/p>\n<\/td>\n<\/tr>\n<tr>\n<td width=\"331\">\n<p>Transzf\u00fazi\u00f3s orvos<\/p>\n<\/td>\n<td width=\"416\">\n<p><a href=\"https:\/\/www.ovsz.hu\/hu\/transzfuziologiai-szabalyzat\">Orsz\u00e1gos V\u00e9rell\u00e1t\u00f3 Szolg\u00e1lat Transzf\u00faziol\u00f3giai Szab\u00e1lyzat<\/a><\/p>\n<\/td>\n<\/tr>\n<\/tbody>\n<\/table>\n<p>&nbsp;<\/p>\n","protected":false},"excerpt":{"rendered":"<p>&nbsp; Felel\u0151s\u00f6k Szab\u00e1lyoz\u00f3 dokumentum Adatgazda szakter\u00fcleti adatgazda <a href=\"https:\/\/semmelweis.hu\/jogigfoig\/dokumentumtar\/szabalyzattar\/informatikai-biztonsagi-szabalyzat\/\">Inform\u00e1ci\u00f3biztons\u00e1gi Szab\u00e1lyzat<\/a> Adatv\u00e9delmi felel\u0151s <a href=\"https:\/\/semmelweis.hu\/jogigfoig\/dokumentumtar\/szabalyzattar\/adatvedelmi-szabalyzat\/\"> Adatv\u00e9delmi, k\u00f6zz\u00e9t\u00e9teli \u00e9s k\u00f6z\u00e9rdek\u0171 adatig\u00e9nyl\u00e9s Szab\u00e1lyzat<\/a> I. K\u00f6nyv: Adatv\u00e9delmi Szab\u00e1lyzat &nbsp; Allelt\u00e1r felel\u0151s <a href=\"https:\/\/semmelweis.hu\/jogigfoig\/dokumentumtar\/szabalyzattar\/szamviteli-politika\/\"> Semmelweis Egyetem szab\u00e1lyzata a sz\u00e1mviteli politik\u00e1r\u00f3l<\/a> II. K\u00f6nyv: Lelt\u00e1rk\u00e9sz\u00edt\u00e9si \u00e9s Lelt\u00e1roz\u00e1si Szab\u00e1lyzat &nbsp; Bizalmas iktat\u00e1sra Iktat\u00e1sra jogosult szem\u00e9lyek <a href=\"https:\/\/semmelweis.hu\/jogigfoig\/dokumentumtar\/szabalyzattar\/iratkezelesi-szabalyzat\/\"> Iratkezel\u00e9si \u00e9s Elektronikus \u00dcgyint\u00e9z\u00e9si Szab\u00e1lyzat<\/a> I. K\u00f6nyv: Iratkezel\u00e9si Szab\u00e1lyzat &hellip;<\/p>\n","protected":false},"author":101175,"featured_media":0,"parent":0,"menu_order":0,"comment_status":"closed","ping_status":"closed","template":"","meta":{"_acf_changed":false,"footnotes":""},"categories":[],"tags":[],"class_list":["post-105614","page","type-page","status-publish","hentry"],"acf":[],"_links":{"self":[{"href":"https:\/\/semmelweis.hu\/human\/wp-json\/wp\/v2\/pages\/105614","targetHints":{"allow":["GET"]}}],"collection":[{"href":"https:\/\/semmelweis.hu\/human\/wp-json\/wp\/v2\/pages"}],"about":[{"href":"https:\/\/semmelweis.hu\/human\/wp-json\/wp\/v2\/types\/page"}],"author":[{"embeddable":true,"href":"https:\/\/semmelweis.hu\/human\/wp-json\/wp\/v2\/users\/101175"}],"replies":[{"embeddable":true,"href":"https:\/\/semmelweis.hu\/human\/wp-json\/wp\/v2\/comments?post=105614"}],"version-history":[{"count":3,"href":"https:\/\/semmelweis.hu\/human\/wp-json\/wp\/v2\/pages\/105614\/revisions"}],"predecessor-version":[{"id":105619,"href":"https:\/\/semmelweis.hu\/human\/wp-json\/wp\/v2\/pages\/105614\/revisions\/105619"}],"wp:attachment":[{"href":"https:\/\/semmelweis.hu\/human\/wp-json\/wp\/v2\/media?parent=105614"}],"wp:term":[{"taxonomy":"category","embeddable":true,"href":"https:\/\/semmelweis.hu\/human\/wp-json\/wp\/v2\/categories?post=105614"},{"taxonomy":"post_tag","embeddable":true,"href":"https:\/\/semmelweis.hu\/human\/wp-json\/wp\/v2\/tags?post=105614"}],"curies":[{"name":"wp","href":"https:\/\/api.w.org\/{rel}","templated":true}]}}