{"id":103264,"date":"2024-09-16T13:59:07","date_gmt":"2024-09-16T11:59:07","guid":{"rendered":"https:\/\/semmelweis.hu\/human\/?page_id=103264"},"modified":"2026-02-25T09:35:22","modified_gmt":"2026-02-25T08:35:22","slug":"karrier","status":"publish","type":"page","link":"https:\/\/semmelweis.hu\/human\/karrier\/","title":{"rendered":"Semmelweis Egyetem mint munk\u00e1ltat\u00f3"},"content":{"rendered":"<p><iframe loading=\"lazy\" title=\"LEGYEN \u00d6N IS SEMMELWEIS POLG\u00c1R! | Innov\u00e1ci\u00f3, Kutat\u00e1s, Szak\u00e9rtelem \u2013 t\u00f6bb mint 250 \u00e9ve\" width=\"753\" height=\"424\" src=\"https:\/\/www.youtube.com\/embed\/Dl0SgBrllg8?feature=oembed\" frameborder=\"0\" allow=\"accelerometer; autoplay; clipboard-write; encrypted-media; gyroscope; picture-in-picture; web-share\" referrerpolicy=\"strict-origin-when-cross-origin\" allowfullscreen><\/iframe><\/p>\n<div class=\"fontos_div\">\n<p style=\"text-align: left\"><strong>A Semmelweis Egyetem mint munk\u00e1ltat\u00f3, sz\u00e1mos el\u0151nnyel rendelkezik:<\/strong><\/p>\n<\/div>\n<p><strong>Preszt\u00edzs \u00e9s hagyom\u00e1ny:<\/strong> T\u00f6bb mint 250 \u00e9ves m\u00faltra tekint\u00fcnk vissza, \u00e9s Magyarorsz\u00e1g egyik vezet\u0151 eg\u00e9szs\u00e9g\u00fcgyi \u00e9s tudom\u00e1nyos int\u00e9zm\u00e9nyek\u00e9nt b\u00fcszk\u00e9lkedhet\u00fcnk. Nemcsak hazai, hanem nemzetk\u00f6zi szinten is elismert int\u00e9zm\u00e9ny vagyunk, \u00edgy munkat\u00e1rsaink sz\u00e1m\u00e1ra kiemelked\u0151 lehet\u0151s\u00e9get biztos\u00edtunk, hogy r\u00e9szesei lehessenek egy rangos \u00e9s tiszteletrem\u00e9lt\u00f3 int\u00e9zm\u00e9nynek.<\/p>\n<p><strong style=\"font-size: 1rem\">Kutat\u00e1s \u00e9s innov\u00e1ci\u00f3:<\/strong><span style=\"font-size: 1rem\"> Modern kutat\u00f3k\u00f6zpontokkal \u00e9s laborat\u00f3riumokkal rendelkez\u00fcnk, amelyek ide\u00e1lis k\u00f6rnyezetet teremtenek a magas sz\u00ednvonal\u00fa tudom\u00e1nyos kutat\u00e1sokhoz \u00e9s fejleszt\u00e9sekhez. Munkat\u00e1rsainknak lehet\u0151s\u00e9get biztos\u00edtunk arra, hogy vezet\u0151 szerepet v\u00e1llaljanak k\u00fcl\u00f6nb\u00f6z\u0151 tudom\u00e1nyos projektekben, \u00e9s r\u00e9szt vegyenek az innov\u00e1ci\u00f3s folyamatokban.<\/span><\/p>\n<p><strong>Szakmai f<\/strong><strong>ejl\u0151d\u00e9s \u00e9s tov\u00e1bbk\u00e9pz\u00e9s:<\/strong> Kiemelt figyelmet ford\u00edtunk munkat\u00e1rsaink szakmai fejl\u0151d\u00e9s\u00e9re \u00e9s tov\u00e1bbk\u00e9pz\u00e9s\u00e9re. Int\u00e9zm\u00e9ny\u00fcnk sz\u00e1mos konferenci\u00e1t, workshopot \u00e9s szakmai programot k\u00edn\u00e1l, amelyek lehet\u0151s\u00e9get biztos\u00edtanak sz\u00e1mukra az ismeretek \u00e9s k\u00e9szs\u00e9gek folyamatos fejleszt\u00e9s\u00e9re, valamint a szakmai trendek k\u00f6vet\u00e9s\u00e9re.<\/p>\n<p><strong>T\u00e1mogat\u00f3 munkak\u00f6rnyezet:<\/strong> Fontosnak tartjuk munkat\u00e1rsaink j\u00f3l\u00e9t\u00e9t \u00e9s a munka-mag\u00e1n\u00e9let egyens\u00faly\u00e1t. Emellett eg\u00e9szs\u00e9gmeg\u0151rz\u00e9si programokat, sportol\u00e1si lehet\u0151s\u00e9geket \u00e9s pszichol\u00f3giai t\u00e1mogat\u00e1st ny\u00fajtunk, amelyek seg\u00edtik munkat\u00e1rsaink teljes\u00edtm\u00e9ny\u00e9t \u00e9s motiv\u00e1ci\u00f3j\u00e1t.<\/p>\n<p><strong>K\u00f6z\u00f6ss\u00e9gi \u00e9let:<\/strong> Gazdag kultur\u00e1lis \u00e9s k\u00f6z\u00f6ss\u00e9gi programokat szervez\u00fcnk, amelyek el\u0151seg\u00edtik munkat\u00e1rsaink k\u00f6z\u00f6tti kapcsolatok er\u0151s\u00edt\u00e9s\u00e9t \u00e9s a pozit\u00edv munkahelyi l\u00e9gk\u00f6r kialak\u00edt\u00e1s\u00e1t. Ezek az esem\u00e9nyek nemcsak a szakmai kapcsolatok \u00e9p\u00edt\u00e9s\u00e9ben j\u00e1tszanak fontos szerepet, hanem sz\u00f3rakoztat\u00f3 \u00e9s motiv\u00e1l\u00f3 kikapcsol\u00f3d\u00e1st is ny\u00fajtanak sz\u00e1mukra.<\/p>\n<p><strong style=\"font-size: 1rem\">Versenyk\u00e9pes juttat\u00e1si csomagok:<\/strong><span style=\"font-size: 1rem\"> Kiemelt figyelmet ford\u00edtunk arra, hogy versenyk\u00e9pes b\u00e9reket \u00e9s juttat\u00e1si csomagokat k\u00edn\u00e1ljunk munkat\u00e1rsainknak, amelyek t\u00fckr\u00f6zik \u00e9rt\u00e9k\u00fcket \u00e9s hozz\u00e1j\u00e1rulnak motiv\u00e1ci\u00f3juk fenntart\u00e1s\u00e1hoz \u00e9s n\u00f6vel\u00e9s\u00e9hez.<\/span><\/p>\n<p><strong>Munkav\u00e1llal\u00f3i l\u00e9tsz\u00e1m:<\/strong> Jelent\u0151s m\u00e9ret\u0171, t\u00f6bb mint 13.000 f\u0151s munkav\u00e1llal\u00f3i k\u00f6z\u00f6ss\u00e9ggel b\u00fcszk\u00e9lkedhet\u00fcnk, ahol soksz\u00edn\u0171 szakmai h\u00e1tt\u00e9rrel rendelkez\u0151 munkat\u00e1rsak dolgoznak egy\u00fctt a k\u00f6z\u00f6s c\u00e9lok el\u00e9r\u00e9s\u00e9ben.<\/p>\n<div class=\"keretes w-100\">\n<h6>\u00d6sszess\u00e9g\u00e9ben mi, a Semmelweis Egyetem, olyan munk\u00e1ltat\u00f3 vagyunk, ahol a hagyom\u00e1ny \u00e9s az innov\u00e1ci\u00f3 harmonikusan \u00f6tv\u00f6z\u0151dik, biztos\u00edtva munkat\u00e1rsaink sz\u00e1m\u00e1ra a kiv\u00e1l\u00f3s\u00e1got \u00e9s a szakmai fejl\u0151d\u00e9st egy inspir\u00e1l\u00f3 \u00e9s t\u00e1mogat\u00f3 k\u00f6rnyezetben.<\/h6>\n<\/div>\n<p>&nbsp;<\/p>\n","protected":false},"excerpt":{"rendered":"<p>A Semmelweis Egyetem mint munk\u00e1ltat\u00f3, sz\u00e1mos el\u0151nnyel rendelkezik: Preszt\u00edzs \u00e9s hagyom\u00e1ny: T\u00f6bb mint 250 \u00e9ves m\u00faltra tekint\u00fcnk vissza, \u00e9s Magyarorsz\u00e1g egyik vezet\u0151 eg\u00e9szs\u00e9g\u00fcgyi \u00e9s tudom\u00e1nyos int\u00e9zm\u00e9nyek\u00e9nt b\u00fcszk\u00e9lkedhet\u00fcnk. Nemcsak hazai, hanem nemzetk\u00f6zi szinten is elismert int\u00e9zm\u00e9ny vagyunk, \u00edgy munkat\u00e1rsaink sz\u00e1m\u00e1ra kiemelked\u0151 lehet\u0151s\u00e9get biztos\u00edtunk, hogy r\u00e9szesei lehessenek egy rangos \u00e9s tiszteletrem\u00e9lt\u00f3 int\u00e9zm\u00e9nynek. Kutat\u00e1s \u00e9s innov\u00e1ci\u00f3: Modern kutat\u00f3k\u00f6zpontokkal &hellip;<\/p>\n","protected":false},"author":102330,"featured_media":0,"parent":0,"menu_order":3,"comment_status":"closed","ping_status":"closed","template":"template-fullwidth.php","meta":{"_acf_changed":false,"footnotes":""},"categories":[],"tags":[],"class_list":["post-103264","page","type-page","status-publish","hentry"],"acf":[],"_links":{"self":[{"href":"https:\/\/semmelweis.hu\/human\/wp-json\/wp\/v2\/pages\/103264","targetHints":{"allow":["GET"]}}],"collection":[{"href":"https:\/\/semmelweis.hu\/human\/wp-json\/wp\/v2\/pages"}],"about":[{"href":"https:\/\/semmelweis.hu\/human\/wp-json\/wp\/v2\/types\/page"}],"author":[{"embeddable":true,"href":"https:\/\/semmelweis.hu\/human\/wp-json\/wp\/v2\/users\/102330"}],"replies":[{"embeddable":true,"href":"https:\/\/semmelweis.hu\/human\/wp-json\/wp\/v2\/comments?post=103264"}],"version-history":[{"count":10,"href":"https:\/\/semmelweis.hu\/human\/wp-json\/wp\/v2\/pages\/103264\/revisions"}],"predecessor-version":[{"id":108014,"href":"https:\/\/semmelweis.hu\/human\/wp-json\/wp\/v2\/pages\/103264\/revisions\/108014"}],"wp:attachment":[{"href":"https:\/\/semmelweis.hu\/human\/wp-json\/wp\/v2\/media?parent=103264"}],"wp:term":[{"taxonomy":"category","embeddable":true,"href":"https:\/\/semmelweis.hu\/human\/wp-json\/wp\/v2\/categories?post=103264"},{"taxonomy":"post_tag","embeddable":true,"href":"https:\/\/semmelweis.hu\/human\/wp-json\/wp\/v2\/tags?post=103264"}],"curies":[{"name":"wp","href":"https:\/\/api.w.org\/{rel}","templated":true}]}}