{"id":102873,"date":"2024-07-01T17:30:26","date_gmt":"2024-07-01T15:30:26","guid":{"rendered":"https:\/\/semmelweis.hu\/human\/?page_id=102873"},"modified":"2025-07-16T19:16:53","modified_gmt":"2025-07-16T17:16:53","slug":"hr-online-bemutatasa","status":"publish","type":"page","link":"https:\/\/semmelweis.hu\/human\/digitalis-hr\/hronline\/hr-online-bemutatasa\/","title":{"rendered":"HR Online bemutat\u00e1sa"},"content":{"rendered":"<div class=\"keretes w-100\">\n<p style=\"text-align: justify\">A <a href=\"https:\/\/hronline.semmelweis.hu\/login\" target=\"_blank\" rel=\"noopener\">HR Online rendszer<\/a> a k\u00fcl\u00f6nb\u00f6z\u0151 jogviszonyok l\u00e9trehoz\u00e1s\u00e1hoz, fenntart\u00e1s\u00e1hoz \u00e9s megsz\u00fcntet\u00e9s\u00e9hez, valamint egy\u00e9b joggyakorl\u00e1shoz folyamatt\u00e1mogat\u00e1st biztos\u00edt a f\u0151 HR-rendszer (SAP \u00e9s SAP SuccessFactors Employee Central) kieg\u00e9sz\u00edt\u00e9s\u00e9vel.<\/p>\n<p style=\"text-align: center\"><a class=\"btn btn-secondary\" href=\"https:\/\/hronline.semmelweis.hu\/login\" target=\"_blank\" rel=\"noopener\">HR Online bel\u00e9p\u00e9s\u00a0<\/a> \u00a0 <a class=\"btn btn-light\" href=\"#urlap\" target=\"_self\">Elektronikus \u0170rlapok<\/a><\/p>\n<\/div>\n<h1 style=\"text-align: justify\">A HR Online Rendszer bemutat\u00e1sa<\/h1>\n<h5 style=\"text-align: justify\">A rendszerrel lehet\u0151s\u00e9g ny\u00edlik:<\/h5>\n<ul>\n<li style=\"text-align: justify\">az \u00fcgyek kategoriz\u00e1l\u00e1s\u00e1ra,<\/li>\n<li style=\"text-align: justify\">az \u00fcgyind\u00edt\u00e1s, \u00fcgy\u00e1ll\u00e1s (st\u00e1tusz) \u00e9s \u00fcgyel\u0151zm\u00e9ny naprak\u00e9sz nyomonk\u00f6vet\u00e9s\u00e9re,<\/li>\n<li style=\"text-align: justify\">a szakmai \u00fcgyint\u00e9z\u00e9s \u00e9s koordin\u00e1ci\u00f3 t\u00e1mogat\u00e1s\u00e1ra,<\/li>\n<li style=\"text-align: justify\">az \u00fcgyint\u00e9z\u00e9shez kapcsol\u00f3d\u00f3 elektronikus dokumentumok t\u00e1rol\u00e1s\u00e1ra,<\/li>\n<li style=\"text-align: justify\">az \u00fcgyh\u00f6z kapcsol\u00f3d\u00f3 \u00fcgyint\u00e9z\u0151i \u00e9s felhaszn\u00e1l\u00f3i \u00fczenetk\u00fcld\u00e9sre.<\/li>\n<\/ul>\n<h5 style=\"text-align: justify\">A HR Online rendszer c\u00e9lja:<\/h5>\n<ul>\n<li style=\"text-align: justify\">a HR-folyamatok egyszer\u0171s\u00edt\u00e9se, \u00e1tl\u00e1that\u00f3v\u00e1 t\u00e9tele,<\/li>\n<li style=\"text-align: justify\">a pap\u00edrmentes iroda megval\u00f3s\u00edt\u00e1sa a digitaliz\u00e1ci\u00f3 \u00e1ltal,<\/li>\n<li style=\"text-align: justify\">az \u00fcgyek nyomonk\u00f6vethet\u0151s\u00e9g\u00e9nek biztos\u00edt\u00e1sa az\u00e1ltal, hogy az adott dokumentum mindig a megfelel\u0151 \u00fcgyint\u00e9z\u0151h\u00f6z ker\u00fcl, \u00e9s nem sz\u00fcks\u00e9ges \u201enyomozni\u201d, hogy ki az adott \u00fcgy felel\u0151se, ezzel id\u0151t takar\u00edtva meg,<\/li>\n<li style=\"text-align: justify\">helyettes\u00edt\u00e9s egyszer\u0171bb megold\u00e1sa annak r\u00e9v\u00e9n, hogy az egyes helyettesek l\u00e1tj\u00e1k egym\u00e1s \u00fcgyeit.<\/li>\n<\/ul>\n<h1 style=\"text-align: justify\">Felhaszn\u00e1l\u00f3i \u00fatmutat\u00f3<\/h1>\n<ul>\n<li><strong><a href=\"https:\/\/semmelweis.hu\/human\/files\/2025\/07\/HR-Online-rendszer-hasznalati-utmutatoV.1._UA_rp20250716.pdf\">Felhaszn\u00e1l\u00f3i \u00fatmutat\u00f3<\/a><\/strong><\/li>\n<\/ul>\n<p>&nbsp;<\/p>\n<p style=\"text-align: center\"><a class=\"btn btn-secondary\" href=\"https:\/\/hronline.semmelweis.hu\/login\" target=\"_blank\" rel=\"noopener\">HR Online Bel\u00e9p\u00e9s<\/a><a id=\"urlap\"><\/a><\/p>\n<h1>Elektronikus \u0171rlapok<\/h1>\n<ul style=\"list-style-type: square\">\n<li>\n<p><a href=\"https:\/\/semmelweis.hu\/human\/nyomtatvanyok\/belepeskilepes\/\">Bel\u00e9p\u00e9s\/Kil\u00e9p\u00e9s<\/a><\/p>\n<\/li>\n<li>\n<p><a href=\"https:\/\/semmelweis.hu\/human\/beren-kivuli-juttatas-bkj\/\">B\u00e9ren k\u00edv\u00fcli juttat\u00e1s (BKJ)<\/a><\/p>\n<\/li>\n<li>\n<p><a href=\"https:\/\/semmelweis.hu\/human\/nyomtatvanyok\/szabadsag\/\">Szabads\u00e1gokkal kapcsolatos dokumentumok<\/a><\/p>\n<\/li>\n<li>\n<p><a href=\"https:\/\/semmelweis.hu\/human\/nyomtatvanyok\/tavollet-es-mozgober-valtozasok-urlapok\/\">T\u00e1voll\u00e9t \u00e9s mozg\u00f3b\u00e9r v\u00e1ltoz\u00e1sok bejelent\u00e9se<\/a><\/p>\n<\/li>\n<li>\n<p><a href=\"https:\/\/semmelweis.hu\/human\/nyomtatvanyok\/munkaba-jaras-utikoltseg-elszamolas\/\">Munk\u00e1ba j\u00e1r\u00e1s \u2013 \u00fatik\u00f6lts\u00e9g elsz\u00e1mol\u00e1s<\/a><\/p>\n<\/li>\n<li>\n<p><a href=\"https:\/\/semmelweis.hu\/human\/nyomtatvanyok\/igazolas\/\">Igazol\u00e1sok kiad\u00e1sa<\/a><\/p>\n<\/li>\n<li>\n<p><a href=\"https:\/\/semmelweis.hu\/human\/nyomtatvanyok\/munkabertartozas\/\">Munkab\u00e9rtartoz\u00e1s<\/a><\/p>\n<\/li>\n<li>\n<p><a href=\"https:\/\/semmelweis.hu\/human\/nyomtatvanyok\/jovedelemkiegeszites-igenylese\/\">J\u00f6vedelemkieg\u00e9sz\u00edt\u00e9s ig\u00e9nyl\u00e9se<\/a><\/p>\n<\/li>\n<li>\n<p><a href=\"https:\/\/semmelweis.hu\/human\/nyomtatvanyok\/palyazat\/\">\u00c1ll\u00e1sp\u00e1ly\u00e1zatok ki\u00edr\u00e1sa<\/a><\/p>\n<\/li>\n<li>\n<p><a href=\"https:\/\/semmelweis.hu\/human\/nyomtatvanyok\/megbizasi-keretszerzodes-rezidenssel-ugyeleti-feladat-ellatasara\/\">Megb\u00edz\u00e1si keretszerz\u0151d\u00e9s rezidenssel \u00fcgyeleti feladat ell\u00e1t\u00e1s\u00e1ra<\/a><\/p>\n<\/li>\n<li>\n<p><a href=\"https:\/\/semmelweis.hu\/human\/nyomtatvanyok\/vagyonnyilatkozatok\/\">Vagyonnyilatkozat-t\u00e9tel<\/a><\/p>\n<\/li>\n<li>\n<p><a href=\"https:\/\/semmelweis.hu\/human\/nyomtatvanyok\/kituntetesek\/\">Egyetemi kit\u00fcntet\u00e9sek<\/a><\/p>\n<\/li>\n<li>\n<p><a href=\"https:\/\/semmelweis.hu\/human\/nyomtatvanyok\/allami-es-miniszteri-kituntetesek-javaslati-urlapjai\/\">\u00c1llami \u00e9s miniszteri kit\u00fcntet\u00e9sek<\/a><\/p>\n<\/li>\n<li>\n<p><a href=\"https:\/\/semmelweis.hu\/human\/nyomtatvanyok\/egyetem-altal-adomanyozhato-cim\/\">Egyetem \u00e1ltal adom\u00e1nyozhat\u00f3 c\u00edmek<\/a><\/p>\n<\/li>\n<li>\n<p><a href=\"https:\/\/semmelweis.hu\/human\/nyomtatvanyok\/onkentes-segitoi-szerzodes\/\">\u00d6nk\u00e9ntes seg\u00edt\u0151i szerz\u0151d\u00e9s<\/a><\/p>\n<\/li>\n<\/ul>\n","protected":false},"excerpt":{"rendered":"<p>A <a href=\"https:\/\/hronline.semmelweis.hu\/login\" target=\"_blank\" rel=\"noopener\">HR Online rendszer<\/a> a k\u00fcl\u00f6nb\u00f6z\u0151 jogviszonyok l\u00e9trehoz\u00e1s\u00e1hoz, fenntart\u00e1s\u00e1hoz \u00e9s megsz\u00fcntet\u00e9s\u00e9hez, valamint egy\u00e9b joggyakorl\u00e1shoz folyamatt\u00e1mogat\u00e1st biztos\u00edt a f\u0151 HR-rendszer (SAP \u00e9s SAP SuccessFactors Employee Central) kieg\u00e9sz\u00edt\u00e9s\u00e9vel. <a class=\"btn btn-secondary\" href=\"https:\/\/hronline.semmelweis.hu\/login\" target=\"_blank\" rel=\"noopener\">HR Online bel\u00e9p\u00e9s\u00a0<\/a> \u00a0 <a class=\"btn btn-light\" href=\"#urlap\" target=\"_self\">Elektronikus \u0170rlapok<\/a> A HR Online Rendszer bemutat\u00e1sa A rendszerrel lehet\u0151s\u00e9g ny\u00edlik: az \u00fcgyek kategoriz\u00e1l\u00e1s\u00e1ra, az \u00fcgyind\u00edt\u00e1s, \u00fcgy\u00e1ll\u00e1s (st\u00e1tusz) \u00e9s \u00fcgyel\u0151zm\u00e9ny naprak\u00e9sz nyomonk\u00f6vet\u00e9s\u00e9re, a szakmai \u00fcgyint\u00e9z\u00e9s \u00e9s koordin\u00e1ci\u00f3 t\u00e1mogat\u00e1s\u00e1ra, az \u00fcgyint\u00e9z\u00e9shez kapcsol\u00f3d\u00f3 elektronikus dokumentumok &hellip;<\/p>\n","protected":false},"author":342,"featured_media":0,"parent":96670,"menu_order":0,"comment_status":"closed","ping_status":"closed","template":"template-fullwidth.php","meta":{"_acf_changed":false,"footnotes":""},"categories":[],"tags":[],"class_list":["post-102873","page","type-page","status-publish","hentry"],"acf":[],"_links":{"self":[{"href":"https:\/\/semmelweis.hu\/human\/wp-json\/wp\/v2\/pages\/102873","targetHints":{"allow":["GET"]}}],"collection":[{"href":"https:\/\/semmelweis.hu\/human\/wp-json\/wp\/v2\/pages"}],"about":[{"href":"https:\/\/semmelweis.hu\/human\/wp-json\/wp\/v2\/types\/page"}],"author":[{"embeddable":true,"href":"https:\/\/semmelweis.hu\/human\/wp-json\/wp\/v2\/users\/342"}],"replies":[{"embeddable":true,"href":"https:\/\/semmelweis.hu\/human\/wp-json\/wp\/v2\/comments?post=102873"}],"version-history":[{"count":10,"href":"https:\/\/semmelweis.hu\/human\/wp-json\/wp\/v2\/pages\/102873\/revisions"}],"predecessor-version":[{"id":106216,"href":"https:\/\/semmelweis.hu\/human\/wp-json\/wp\/v2\/pages\/102873\/revisions\/106216"}],"up":[{"embeddable":true,"href":"https:\/\/semmelweis.hu\/human\/wp-json\/wp\/v2\/pages\/96670"}],"wp:attachment":[{"href":"https:\/\/semmelweis.hu\/human\/wp-json\/wp\/v2\/media?parent=102873"}],"wp:term":[{"taxonomy":"category","embeddable":true,"href":"https:\/\/semmelweis.hu\/human\/wp-json\/wp\/v2\/categories?post=102873"},{"taxonomy":"post_tag","embeddable":true,"href":"https:\/\/semmelweis.hu\/human\/wp-json\/wp\/v2\/tags?post=102873"}],"curies":[{"name":"wp","href":"https:\/\/api.w.org\/{rel}","templated":true}]}}