{"id":102392,"date":"2024-09-13T12:55:57","date_gmt":"2024-09-13T10:55:57","guid":{"rendered":"https:\/\/semmelweis.hu\/human\/?page_id=102392"},"modified":"2026-02-17T09:19:05","modified_gmt":"2026-02-17T08:19:05","slug":"kivalasztas-folyamata","status":"publish","type":"page","link":"https:\/\/semmelweis.hu\/human\/kivalasztas-folyamata\/","title":{"rendered":"Kiv\u00e1laszt\u00e1s folyamata"},"content":{"rendered":"<p><img loading=\"lazy\" decoding=\"async\" class=\"aligncenter size-full wp-image-107918\" src=\"https:\/\/semmelweis.hu\/human\/files\/2026\/02\/RS224504_GV5A8271-scr.jpg\" alt=\"\" width=\"1200\" height=\"800\" srcset=\"https:\/\/semmelweis.hu\/human\/files\/2026\/02\/RS224504_GV5A8271-scr.jpg 1200w, https:\/\/semmelweis.hu\/human\/files\/2026\/02\/RS224504_GV5A8271-scr-400x267.jpg 400w, https:\/\/semmelweis.hu\/human\/files\/2026\/02\/RS224504_GV5A8271-scr-1024x683.jpg 1024w, https:\/\/semmelweis.hu\/human\/files\/2026\/02\/RS224504_GV5A8271-scr-768x512.jpg 768w, https:\/\/semmelweis.hu\/human\/files\/2026\/02\/RS224504_GV5A8271-scr-753x502.jpg 753w, https:\/\/semmelweis.hu\/human\/files\/2026\/02\/RS224504_GV5A8271-scr-203x135.jpg 203w\" sizes=\"auto, (max-width: 1200px) 100vw, 1200px\" \/><\/p>\n<div class=\"keretes w-100\">\n<p>Az \u00e1ll\u00e1sp\u00e1ly\u00e1zat bek\u00fcld\u00e9se ut\u00e1n az al\u00e1bbi l\u00e9p\u00e9sek k\u00f6vetkeznek, b\u00edztos\u00edtva a p\u00e1ly\u00e1z\u00f3k sz\u00e1m\u00e1ra az \u00e1tl\u00e1that\u00f3 kiv\u00e1laszt\u00e1si folyamatot a k\u00e9pess\u00e9geik bemutat\u00e1s\u00e1ra az egyetemi elhelyezked\u00e9shez:<\/p>\n<\/div>\n<p><img loading=\"lazy\" decoding=\"async\" class=\"alignleft size-full wp-image-103985\" src=\"https:\/\/semmelweis.hu\/human\/files\/2024\/11\/kiv-1.png\" alt=\"\" width=\"545\" height=\"630\" srcset=\"https:\/\/semmelweis.hu\/human\/files\/2024\/11\/kiv-1.png 545w, https:\/\/semmelweis.hu\/human\/files\/2024\/11\/kiv-1-346x400.png 346w\" sizes=\"auto, (max-width: 545px) 100vw, 545px\" \/><\/p>\n","protected":false},"excerpt":{"rendered":"<p>Az \u00e1ll\u00e1sp\u00e1ly\u00e1zat bek\u00fcld\u00e9se ut\u00e1n az al\u00e1bbi l\u00e9p\u00e9sek k\u00f6vetkeznek, b\u00edztos\u00edtva a p\u00e1ly\u00e1z\u00f3k sz\u00e1m\u00e1ra az \u00e1tl\u00e1that\u00f3 kiv\u00e1laszt\u00e1si folyamatot a k\u00e9pess\u00e9geik bemutat\u00e1s\u00e1ra az egyetemi elhelyezked\u00e9shez:<\/p>\n","protected":false},"author":102330,"featured_media":0,"parent":0,"menu_order":1,"comment_status":"closed","ping_status":"closed","template":"template-fullwidth.php","meta":{"_acf_changed":false,"footnotes":""},"categories":[],"tags":[266],"class_list":["post-102392","page","type-page","status-publish","hentry","tag-kivalasztas-folyamata"],"acf":[],"_links":{"self":[{"href":"https:\/\/semmelweis.hu\/human\/wp-json\/wp\/v2\/pages\/102392","targetHints":{"allow":["GET"]}}],"collection":[{"href":"https:\/\/semmelweis.hu\/human\/wp-json\/wp\/v2\/pages"}],"about":[{"href":"https:\/\/semmelweis.hu\/human\/wp-json\/wp\/v2\/types\/page"}],"author":[{"embeddable":true,"href":"https:\/\/semmelweis.hu\/human\/wp-json\/wp\/v2\/users\/102330"}],"replies":[{"embeddable":true,"href":"https:\/\/semmelweis.hu\/human\/wp-json\/wp\/v2\/comments?post=102392"}],"version-history":[{"count":10,"href":"https:\/\/semmelweis.hu\/human\/wp-json\/wp\/v2\/pages\/102392\/revisions"}],"predecessor-version":[{"id":107919,"href":"https:\/\/semmelweis.hu\/human\/wp-json\/wp\/v2\/pages\/102392\/revisions\/107919"}],"wp:attachment":[{"href":"https:\/\/semmelweis.hu\/human\/wp-json\/wp\/v2\/media?parent=102392"}],"wp:term":[{"taxonomy":"category","embeddable":true,"href":"https:\/\/semmelweis.hu\/human\/wp-json\/wp\/v2\/categories?post=102392"},{"taxonomy":"post_tag","embeddable":true,"href":"https:\/\/semmelweis.hu\/human\/wp-json\/wp\/v2\/tags?post=102392"}],"curies":[{"name":"wp","href":"https:\/\/api.w.org\/{rel}","templated":true}]}}