{"id":101881,"date":"2024-03-25T19:17:33","date_gmt":"2024-03-25T18:17:33","guid":{"rendered":"https:\/\/semmelweis.hu\/human\/?page_id=101881"},"modified":"2025-12-18T11:24:26","modified_gmt":"2025-12-18T10:24:26","slug":"sap-sf-bejelentkezes","status":"publish","type":"page","link":"https:\/\/semmelweis.hu\/human\/digitalis-hr\/sf\/sap-sf-bejelentkezes\/","title":{"rendered":"SAP SuccessFactors &#8211; bejelentkez\u00e9s"},"content":{"rendered":"<p style=\"text-align: justify\">A Semmelweis Egyetemen az <strong>SAP SuccessFactors Employee Central<\/strong> (SAP-SF-EC) az al\u00e1bbi gombra kattintva ind\u00edthat\u00f3 el, ezen kereszt\u00fcl v\u00e9gezhet\u0151 el a szabads\u00e1gtervez\u00e9si folyamat elektronikus, \u00f6nkiszolg\u00e1l\u00f3 \u00fcgyint\u00e9z\u00e9se.<\/p>\n<p><a class=\"btn btn-secondary\" href=\"https:\/\/hcm55.sapsf.eu\/login?company=semmelweis\" target=\"_blank\" rel=\"noopener\">BEL\u00c9P\u00c9S<\/a><\/p>\n<p style=\"text-align: justify\">A bel\u00e9p\u00e9shez a munkav\u00e1llal\u00f3nak a Semmelweis Informatikai Azonos\u00edt\u00f3j\u00e1t (SIA) \u00e9s az ahhoz tartoz\u00f3 felhaszn\u00e1l\u00f3i jelszav\u00e1t kell megadnia. Az SAP-SF-EC egy \u00faj gener\u00e1ci\u00f3s, felh\u0151alap\u00fa alkalmaz\u00e1s, el\u00e9r\u00e9se nem ig\u00e9nyel bels\u0151 egyetemi h\u00e1l\u00f3zatr\u00f3l t\u00f6rt\u00e9n\u0151, vagy VPN-csatlakoz\u00e1st.\u00a0<\/p>\n<p style=\"text-align: justify\">A fel\u00fclet mobilalkalmaz\u00e1son kereszt\u00fcl is el\u00e9rhet\u0151, ezzel k\u00f6nny\u0171 \u00e9s gyors \u00fcgyint\u00e9z\u00e9st tesz lehet\u0151v\u00e9 a munkav\u00e1llal\u00f3 mobileszk\u00f6z\u00e9r\u0151l (okostelefon, t\u00e1blag\u00e9p). A mobilalkalmaz\u00e1st (SAP SuccessFactors Mobile) App Store-b\u00f3l vagy Google Play-b\u0151l lehet let\u00f6lteni az al\u00e1bbi linkekre kattintva:<\/p>\n<p><a href=\"https:\/\/apps.apple.com\/us\/app\/sap-successfactors-mobile\/id426562526?ls=1\"><img loading=\"lazy\" decoding=\"async\" class=\"alignnone  wp-image-101976\" src=\"https:\/\/semmelweis.hu\/human\/files\/2024\/03\/app-store-badge.png\" alt=\"\" width=\"199\" height=\"199\" srcset=\"https:\/\/semmelweis.hu\/human\/files\/2024\/03\/app-store-badge.png 256w, https:\/\/semmelweis.hu\/human\/files\/2024\/03\/app-store-badge-150x150.png 150w\" sizes=\"auto, (max-width: 199px) 100vw, 199px\" \/><\/a><a href=\"https:\/\/play.google.com\/store\/apps\/details?id=com.successfactors.successfactors&amp;feature=search_result\"><img loading=\"lazy\" decoding=\"async\" class=\"alignnone  wp-image-101974\" src=\"https:\/\/semmelweis.hu\/human\/files\/2024\/03\/google-play-badge.png\" alt=\"\" width=\"199\" height=\"199\" srcset=\"https:\/\/semmelweis.hu\/human\/files\/2024\/03\/google-play-badge.png 256w, https:\/\/semmelweis.hu\/human\/files\/2024\/03\/google-play-badge-150x150.png 150w\" sizes=\"auto, (max-width: 199px) 100vw, 199px\" \/><\/a><\/p>\n<p style=\"text-align: justify\">Miut\u00e1n let\u00f6lt\u00e9sre ker\u00fclt a mobilalkalmaz\u00e1s, az SAP-SF-EC munkav\u00e1llal\u00f3i \u00f6nkiszolg\u00e1l\u00f3 fel\u00fclet\u00e9n a dolgoz\u00f3i profilra (a jobb fels\u0151 sarokban) kattintva a &#8222;<strong>Be\u00e1ll\u00edt\u00e1sok<\/strong>&#8221; men\u00fcpontb\u00f3l a <strong>&#8222;Mobil&#8221;<\/strong> almen\u00fct kell kiv\u00e1lasztani, majd az &#8222;<strong>Aktiv\u00e1l\u00e1s kamer\u00e1val<\/strong>&#8221; gombot v\u00e1lasztani. A mobileszk\u00f6z kamer\u00e1j\u00e1val be kell olvasni a felugr\u00f3 <strong>QR-k\u00f3d<\/strong>ot. A k\u00f3d 30 m\u00e1sodpercen bel\u00fcl lej\u00e1r, de \u00faj k\u00f3d k\u00e9rhet\u0151.\u00a0<\/p>\n<p>&nbsp;<\/p>\n<p>Az SAP-SF-EC-hez kapcsol\u00f3d\u00f3 <strong>adatkezel\u00e9si t\u00e1j\u00e9koztat\u00f3<\/strong> az al\u00e1bbi linken \u00e9rhet\u0151 el:\u00a0<\/p>\n<div class=\"lead\"><a href=\"https:\/\/semmelweis.hu\/human\/kozerdeku-informaciok\/az-emberieroforras-gazdalkodasi-foigazgatosag-adatkezelese\/\">Adatv\u00e9delmi t\u00e1j\u00e9koztat\u00f3<\/a><\/div>\n<p>&nbsp;<\/p>\n","protected":false},"excerpt":{"rendered":"<p>A Semmelweis Egyetemen az SAP SuccessFactors Employee Central (SAP-SF-EC) az al\u00e1bbi gombra kattintva ind\u00edthat\u00f3 el, ezen kereszt\u00fcl v\u00e9gezhet\u0151 el a szabads\u00e1gtervez\u00e9si folyamat elektronikus, \u00f6nkiszolg\u00e1l\u00f3 \u00fcgyint\u00e9z\u00e9se. <a class=\"btn btn-secondary\" href=\"https:\/\/hcm55.sapsf.eu\/login?company=semmelweis\" target=\"_blank\" rel=\"noopener\">BEL\u00c9P\u00c9S<\/a> A bel\u00e9p\u00e9shez a munkav\u00e1llal\u00f3nak a Semmelweis Informatikai Azonos\u00edt\u00f3j\u00e1t (SIA) \u00e9s az ahhoz tartoz\u00f3 felhaszn\u00e1l\u00f3i jelszav\u00e1t kell megadnia. Az SAP-SF-EC egy \u00faj gener\u00e1ci\u00f3s, felh\u0151alap\u00fa alkalmaz\u00e1s, el\u00e9r\u00e9se nem ig\u00e9nyel bels\u0151 egyetemi h\u00e1l\u00f3zatr\u00f3l &hellip;<\/p>\n","protected":false},"author":101175,"featured_media":0,"parent":101850,"menu_order":0,"comment_status":"closed","ping_status":"closed","template":"","meta":{"_acf_changed":false,"footnotes":""},"categories":[],"tags":[],"class_list":["post-101881","page","type-page","status-publish","hentry"],"acf":[],"_links":{"self":[{"href":"https:\/\/semmelweis.hu\/human\/wp-json\/wp\/v2\/pages\/101881","targetHints":{"allow":["GET"]}}],"collection":[{"href":"https:\/\/semmelweis.hu\/human\/wp-json\/wp\/v2\/pages"}],"about":[{"href":"https:\/\/semmelweis.hu\/human\/wp-json\/wp\/v2\/types\/page"}],"author":[{"embeddable":true,"href":"https:\/\/semmelweis.hu\/human\/wp-json\/wp\/v2\/users\/101175"}],"replies":[{"embeddable":true,"href":"https:\/\/semmelweis.hu\/human\/wp-json\/wp\/v2\/comments?post=101881"}],"version-history":[{"count":11,"href":"https:\/\/semmelweis.hu\/human\/wp-json\/wp\/v2\/pages\/101881\/revisions"}],"predecessor-version":[{"id":107497,"href":"https:\/\/semmelweis.hu\/human\/wp-json\/wp\/v2\/pages\/101881\/revisions\/107497"}],"up":[{"embeddable":true,"href":"https:\/\/semmelweis.hu\/human\/wp-json\/wp\/v2\/pages\/101850"}],"wp:attachment":[{"href":"https:\/\/semmelweis.hu\/human\/wp-json\/wp\/v2\/media?parent=101881"}],"wp:term":[{"taxonomy":"category","embeddable":true,"href":"https:\/\/semmelweis.hu\/human\/wp-json\/wp\/v2\/categories?post=101881"},{"taxonomy":"post_tag","embeddable":true,"href":"https:\/\/semmelweis.hu\/human\/wp-json\/wp\/v2\/tags?post=101881"}],"curies":[{"name":"wp","href":"https:\/\/api.w.org\/{rel}","templated":true}]}}