{"id":101878,"date":"2024-03-25T19:05:41","date_gmt":"2024-03-25T18:05:41","guid":{"rendered":"https:\/\/semmelweis.hu\/human\/?page_id=101878"},"modified":"2024-06-17T13:58:28","modified_gmt":"2024-06-17T11:58:28","slug":"gyakran-ismetelt-kerdesek-2","status":"publish","type":"page","link":"https:\/\/semmelweis.hu\/human\/digitalis-hr\/sf\/gyakran-ismetelt-kerdesek-2\/","title":{"rendered":"Gyakran Ism\u00e9telt K\u00e9rd\u00e9sek (SAP SF)"},"content":{"rendered":"<p><strong>Az SAP SuccessFactors-hoz kapcsol\u00f3d\u00f3 gyakran ism\u00e9telt k\u00e9rd\u00e9sek \u00e9s v\u00e1laszok<\/strong><\/p>\n<p>(A GYIK a be\u00e9rkez\u0151 k\u00e9rd\u00e9sek alapj\u00e1n folyamatosan b\u0151v\u00fcl.)<\/p>\n            <div class=\"qae-faqs-container qae-faqs-toggle-container\">\n\t\t\t\t\t\t\t<ul class=\"qe-faqs-filters-container\">\n\t\t\t\t<li class=\"active\"><a class=\"qe-faqs-filter all-faqs\" href=\"#\" data-filter=\"*\">All<\/a><\/li>\n\t\t\t\t<li><a class=\"qe-faqs-filter\" href=\"#gyik-sap-sf\" data-filter=\".gyik-sap-sf\">Gyakran Ism\u00e9telt K\u00e9rd\u00e9sek (SAP SF)<\/a><\/li>\t\t\t<\/ul>\n\t\t\t\t\t<div id=\"qaef-102240\" class=\"qe-faq-toggle gyik-sap-sf\">\n\t\t\t<div class=\"qe-toggle-title\">\n\t\t\t\t<h4>\n\t\t\t\t\t<i class=\"fa fa-minus-circle\"><\/i> Hogy tudok bel\u00e9pni az SAP-SF-EC rendszerbe?\t\t\t\t<\/h4>\n\t\t\t<\/div>\n\t\t\t<div class=\"qe-toggle-content\">\n\t\t\t\t<p style=\"text-align: justify\">Az SAP-SF-EC munkav\u00e1llal\u00f3i \u00f6nkiszolg\u00e1l\u00f3 fel\u00fclet\u00e9re az SE HR alhonlapj\u00e1n (https:\/\/semmelweis.hu\/human\/) megtal\u00e1lhat\u00f3 linken kereszt\u00fcl lehet bel\u00e9pni.\u00a0<\/p>\n<p><a class=\"btn btn-secondary\" href=\"https:\/\/hcm55.sapsf.eu\/login?company=semmelweis\" target=\"_blank\" rel=\"noopener\">B E L \u00c9 P \u00c9 S<\/a><\/p>\n<p style=\"text-align: justify\">A bel\u00e9p\u00e9shez a munkav\u00e1llal\u00f3nak a Semmelweis Informatikai Azonos\u00edt\u00f3j\u00e1t (SIA) \u00e9s az ahhoz tartoz\u00f3 felhaszn\u00e1l\u00f3i jelszav\u00e1t kell megadnia. A SIA a munkav\u00e1llal\u00f3 egyetemi (semmelweis.hu v\u00e9gz\u0151d\u00e9s\u0171) email c\u00edme.<br \/>\nMivel az SAP-SF-EC egy \u00faj gener\u00e1ci\u00f3s, felh\u0151alap\u00fa alkalmaz\u00e1s, el\u00e9r\u00e9se nem ig\u00e9nyel bels\u0151 egyetemi h\u00e1l\u00f3zatr\u00f3l t\u00f6rt\u00e9n\u0151, vagy VPN-csatlakoz\u00e1st. A fel\u00fclet mobilalkalmaz\u00e1son kereszt\u00fcl is el\u00e9rhet\u0151, ezzel k\u00f6nny\u0171 \u00e9s gyors \u00fcgyint\u00e9z\u00e9st tesz lehet\u0151v\u00e9 a munkav\u00e1llal\u00f3 mobileszk\u00f6z\u00e9r\u0151l (okostelefon, t\u00e1blag\u00e9p). A mobilalkalmaz\u00e1st (SAP SuccessFactors Mobile) App Store-b\u00f3l vagy Google Play-b\u0151l lehet let\u00f6lteni.<\/p>\n\t\t\t<\/div>\n\t\t<\/div>\n\t\t\t\t<div id=\"qaef-102679\" class=\"qe-faq-toggle gyik-sap-sf\">\n\t\t\t<div class=\"qe-toggle-title\">\n\t\t\t\t<h4>\n\t\t\t\t\t<i class=\"fa fa-minus-circle\"><\/i> Hogy l\u00e9phetek be a szabads\u00e1gtervez\u0151be?\t\t\t\t<\/h4>\n\t\t\t<\/div>\n\t\t\t<div class=\"qe-toggle-content\">\n\t\t\t\t<p style=\"text-align: justify\">Az SAP-SF-EC munkav\u00e1llal\u00f3i \u00f6nkiszolg\u00e1l\u00f3 fel\u00fclet\u00e9nek nyit\u00f3oldal\u00e1n a Gyors m\u0171veletek k\u00f6z\u00f6tt v\u00e1lassza ki az al\u00e1bbi csemp\u00e9t \u00e9s kattintson r\u00e1:<\/p>\n<p><img decoding=\"async\" loading=\"lazy\" class=\"alignnone size-full wp-image-102680\" src=\"https:\/\/semmelweis.hu\/human\/files\/2024\/06\/szabitervezo-csempe.png\" alt=\"\" width=\"224\" height=\"142\" \/><\/p>\n<p>A fenti k\u00e9p egy minta, a link innen nem, csak a munkav\u00e1llal\u00f3i \u00f6nkiszolg\u00e1l\u00f3 fel\u00fcletr\u0151l m\u0171k\u00f6dik!<\/p>\n\t\t\t<\/div>\n\t\t<\/div>\n\t\t\t\t<div id=\"qaef-102237\" class=\"qe-faq-toggle gyik-sap-sf\">\n\t\t\t<div class=\"qe-toggle-title\">\n\t\t\t\t<h4>\n\t\t\t\t\t<i class=\"fa fa-minus-circle\"><\/i> H\u00e1ny napot kell megterveznem a szabads\u00e1gtervez\u0151 fel\u00fcleten?\t\t\t\t<\/h4>\n\t\t\t<\/div>\n\t\t\t<div class=\"qe-toggle-content\">\n\t\t\t\t<p style=\"text-align: justify\">M\u00edg az \u00e9v eleji tervez\u00e9sn\u00e9l nem volt elv\u00e1r\u00e1s az \u00e9ves szabads\u00e1gkeret id\u0151ar\u00e1nyos felhaszn\u00e1l\u00e1sa \u00e9s \u201enull\u00e1ra tervez\u00e9se\u201d, addig mostant\u00f3l m\u00e1r csak \u00fagy k\u00e9sz\u00edthet\u0151 el a szabads\u00e1gol\u00e1si terv \u00e9s ny\u00fajthat\u00f3 be j\u00f3v\u00e1hagy\u00e1sra, hogy a be nem tervezett szabads\u00e1gnapok sz\u00e1ma null\u00e1ra cs\u00f6kkent. Ezt a tervez\u00e9s sor\u00e1n a munkav\u00e1llal\u00f3 folyamatosan ellen\u0151rizni tudja.<\/p>\n\t\t\t<\/div>\n\t\t<\/div>\n\t\t\t\t<div id=\"qaef-102888\" class=\"qe-faq-toggle gyik-sap-sf\">\n\t\t\t<div class=\"qe-toggle-title\">\n\t\t\t\t<h4>\n\t\t\t\t\t<i class=\"fa fa-minus-circle\"><\/i> Mikor vehetem ki a rekre\u00e1ci\u00f3s szabadnapjaimat? Mi\u00e9rt nem l\u00e1tom a szabads\u00e1gkeretek k\u00f6z\u00f6tt?\t\t\t\t<\/h4>\n\t\t\t<\/div>\n\t\t\t<div class=\"qe-toggle-content\">\n\t\t\t\t<p>A rekre\u00e1ci\u00f3s\u00a0<span style=\"font-size: 1rem\">szabadnap<\/span><span style=\"font-size: 1rem\">\u00a0<\/span><span style=\"font-size: 1rem\">kiad\u00e1sa azt k\u00f6vet\u0151en ig\u00e9nyelhet\u0151 a munk\u00e1ltat\u00f3i jogk\u00f6r gyakorl\u00f3j\u00e1t\u00f3l, ha a munkav\u00e1llal\u00f3 teljes k\u00f6r\u0171en megtervezte az \u00e9ves szabads\u00e1g\u00e1t.\u00a0<\/span><\/p>\n\t\t\t<\/div>\n\t\t<\/div>\n\t\t            <\/div>\n\t\t\n<p>&nbsp;<\/p>\n<p>&nbsp;<\/p>\n","protected":false},"excerpt":{"rendered":"<p>A rekre\u00e1ci\u00f3s\u00a0szabadnap\u00a0kiad\u00e1sa azt k\u00f6vet\u0151en ig\u00e9nyelhet\u0151 a munk\u00e1ltat\u00f3i jogk\u00f6r gyakorl\u00f3j\u00e1t\u00f3l, ha a munkav\u00e1llal\u00f3 teljes k\u00f6r\u0171en megtervezte az \u00e9ves szabads\u00e1g\u00e1t.\u00a0<\/p>\n","protected":false},"author":101175,"featured_media":0,"parent":101850,"menu_order":0,"comment_status":"closed","ping_status":"closed","template":"","meta":{"_acf_changed":false,"footnotes":""},"categories":[],"tags":[],"class_list":["post-101878","page","type-page","status-publish","hentry"],"acf":[],"_links":{"self":[{"href":"https:\/\/semmelweis.hu\/human\/wp-json\/wp\/v2\/pages\/101878","targetHints":{"allow":["GET"]}}],"collection":[{"href":"https:\/\/semmelweis.hu\/human\/wp-json\/wp\/v2\/pages"}],"about":[{"href":"https:\/\/semmelweis.hu\/human\/wp-json\/wp\/v2\/types\/page"}],"author":[{"embeddable":true,"href":"https:\/\/semmelweis.hu\/human\/wp-json\/wp\/v2\/users\/101175"}],"replies":[{"embeddable":true,"href":"https:\/\/semmelweis.hu\/human\/wp-json\/wp\/v2\/comments?post=101878"}],"version-history":[{"count":10,"href":"https:\/\/semmelweis.hu\/human\/wp-json\/wp\/v2\/pages\/101878\/revisions"}],"predecessor-version":[{"id":102715,"href":"https:\/\/semmelweis.hu\/human\/wp-json\/wp\/v2\/pages\/101878\/revisions\/102715"}],"up":[{"embeddable":true,"href":"https:\/\/semmelweis.hu\/human\/wp-json\/wp\/v2\/pages\/101850"}],"wp:attachment":[{"href":"https:\/\/semmelweis.hu\/human\/wp-json\/wp\/v2\/media?parent=101878"}],"wp:term":[{"taxonomy":"category","embeddable":true,"href":"https:\/\/semmelweis.hu\/human\/wp-json\/wp\/v2\/categories?post=101878"},{"taxonomy":"post_tag","embeddable":true,"href":"https:\/\/semmelweis.hu\/human\/wp-json\/wp\/v2\/tags?post=101878"}],"curies":[{"name":"wp","href":"https:\/\/api.w.org\/{rel}","templated":true}]}}