{"id":101875,"date":"2024-03-25T19:03:46","date_gmt":"2024-03-25T18:03:46","guid":{"rendered":"https:\/\/semmelweis.hu\/human\/?page_id=101875"},"modified":"2024-06-17T14:00:37","modified_gmt":"2024-06-17T12:00:37","slug":"oktatasi-anyagok","status":"publish","type":"page","link":"https:\/\/semmelweis.hu\/human\/digitalis-hr\/sf\/oktatasi-anyagok\/","title":{"rendered":"Felhaszn\u00e1l\u00f3i seg\u00e9dlet a szabads\u00e1gtervez\u00e9shez"},"content":{"rendered":"<p><a href=\"https:\/\/semmelweis.hu\/human\/files\/2024\/06\/tajekoztato-elektronikus-szabadsagtervezesi-folyamat-indulasarol_20240617.pdf\">T\u00e1j\u00e9koztat\u00f3 lev\u00e9l a szabads\u00e1gtervez\u00e9shez munkav\u00e1llal\u00f3k r\u00e9sz\u00e9re (2024.06.17.)<\/a><\/p>\n<p><a href=\"https:\/\/semmelweis.hu\/human\/files\/2024\/06\/Felhasznaloi-segedlet-szabadsagtervezeshez_rp.pdf\">Felhaszn\u00e1l\u00f3i seg\u00e9dlet az SAP SuccessFactors Employee Central szabads\u00e1gtervez\u0151 fel\u00fclet\u00e9hez (2024.06.17)<\/a><\/p>\n","protected":false},"excerpt":{"rendered":"<p><a href=\"https:\/\/semmelweis.hu\/human\/files\/2024\/06\/tajekoztato-elektronikus-szabadsagtervezesi-folyamat-indulasarol_20240617.pdf\">T\u00e1j\u00e9koztat\u00f3 lev\u00e9l a szabads\u00e1gtervez\u00e9shez munkav\u00e1llal\u00f3k r\u00e9sz\u00e9re (2024.06.17.)<\/a><br \/>\n<a href=\"https:\/\/semmelweis.hu\/human\/files\/2024\/06\/Felhasznaloi-segedlet-szabadsagtervezeshez_rp.pdf\">Felhaszn\u00e1l\u00f3i seg\u00e9dlet az SAP SuccessFactors Employee Central szabads\u00e1gtervez\u0151 fel\u00fclet\u00e9hez (2024.06.17)<\/a><\/p>\n","protected":false},"author":101175,"featured_media":0,"parent":101850,"menu_order":0,"comment_status":"closed","ping_status":"closed","template":"","meta":{"_acf_changed":false,"footnotes":""},"categories":[],"tags":[],"class_list":["post-101875","page","type-page","status-publish","hentry"],"acf":[],"_links":{"self":[{"href":"https:\/\/semmelweis.hu\/human\/wp-json\/wp\/v2\/pages\/101875","targetHints":{"allow":["GET"]}}],"collection":[{"href":"https:\/\/semmelweis.hu\/human\/wp-json\/wp\/v2\/pages"}],"about":[{"href":"https:\/\/semmelweis.hu\/human\/wp-json\/wp\/v2\/types\/page"}],"author":[{"embeddable":true,"href":"https:\/\/semmelweis.hu\/human\/wp-json\/wp\/v2\/users\/101175"}],"replies":[{"embeddable":true,"href":"https:\/\/semmelweis.hu\/human\/wp-json\/wp\/v2\/comments?post=101875"}],"version-history":[{"count":8,"href":"https:\/\/semmelweis.hu\/human\/wp-json\/wp\/v2\/pages\/101875\/revisions"}],"predecessor-version":[{"id":102728,"href":"https:\/\/semmelweis.hu\/human\/wp-json\/wp\/v2\/pages\/101875\/revisions\/102728"}],"up":[{"embeddable":true,"href":"https:\/\/semmelweis.hu\/human\/wp-json\/wp\/v2\/pages\/101850"}],"wp:attachment":[{"href":"https:\/\/semmelweis.hu\/human\/wp-json\/wp\/v2\/media?parent=101875"}],"wp:term":[{"taxonomy":"category","embeddable":true,"href":"https:\/\/semmelweis.hu\/human\/wp-json\/wp\/v2\/categories?post=101875"},{"taxonomy":"post_tag","embeddable":true,"href":"https:\/\/semmelweis.hu\/human\/wp-json\/wp\/v2\/tags?post=101875"}],"curies":[{"name":"wp","href":"https:\/\/api.w.org\/{rel}","templated":true}]}}