{"id":100445,"date":"2023-11-03T12:44:09","date_gmt":"2023-11-03T11:44:09","guid":{"rendered":"https:\/\/semmelweis.hu\/human\/?page_id=100445"},"modified":"2025-12-05T12:04:55","modified_gmt":"2025-12-05T11:04:55","slug":"beren-kivuli-juttatas-bkj","status":"publish","type":"page","link":"https:\/\/semmelweis.hu\/human\/nyomtatvanyok\/beren-kivuli-juttatas-bkj\/","title":{"rendered":"B\u00e9ren k\u00edv\u00fcli juttat\u00e1s (BKJ)"},"content":{"rendered":"<p style=\"text-align: justify\">A Semmelweis Egyetem \u00e1ltal foglalkoztatottak b\u00e9ren k\u00edv\u00fcli juttat\u00e1s\u00e1r\u00f3l sz\u00f3l\u00f3 utas\u00edt\u00e1s \u00e9rtelm\u00e9ben a Semmelweis Egyetem b\u00e9ren k\u00edv\u00fcli juttat\u00e1sk\u00e9nt teljes munkaid\u0151s foglalkoztat\u00e1s eset\u00e9n havi nett\u00f3 20.000 Ft \u00f6sszeghat\u00e1rig a Sz\u00e9chenyi Pihen\u0151 K\u00e1rty\u00e1ra ny\u00fajt juttat\u00e1st. Nem teljes munkaid\u0151s foglalkoztat\u00e1s eset\u00e9n a b\u00e9ren k\u00edv\u00fcli juttat\u00e1s \u00f6sszege a munkaid\u0151nek megfelel\u0151en ar\u00e1nyos\u00edt\u00e1sra ker\u00fcl. A munkaviszony, eg\u00e9szs\u00e9g\u00fcgyi szolg\u00e1lati jogviszony l\u00e9trehoz\u00e1s\u00e1t k\u00f6vet\u0151en a b\u00e9ren k\u00edv\u00fcli juttat\u00e1s ig\u00e9nybev\u00e9tel\u00e9nek felt\u00e9tele, hogy a foglalkoztatott ezt a nyilatkozatot kit\u00f6lt\u00e9st k\u00f6vet\u0151en ell\u00e1ssa al\u00e1\u00edr\u00e1s\u00e1val \u00e9s a nyilatkozatot az Emberier\u0151forr\u00e1s-gazd\u00e1lkod\u00e1si F\u0151igazgat\u00f3s\u00e1gra eljuttassa, tov\u00e1bb\u00e1 a Sz\u00e9chenyi Pihen\u0151 K\u00e1rty\u00e1t biztos\u00edt\u00f3 p\u00e9nzforgalmi szolg\u00e1ltat\u00f3n\u00e1l a 76\/2018. (IV. 20.) Korm. rendelet szerinti korl\u00e1tozott rendeltet\u00e9s\u0171 fizet\u00e9si sz\u00e1ml\u00e1val rendelkezzen \u00e9s az itt let\u00f6lthet\u0151 nyilatkozatot kit\u00f6ltve az Emberier\u0151forr\u00e1s-gazd\u00e1lkod\u00e1si F\u0151igazgat\u00f3s\u00e1gra eljuttassa.\u00a0<\/p>\n<p><strong>Let\u00f6lthet\u0151 BKJ nyilatkozat:<\/strong><\/p>\n<p><a href=\"https:\/\/semmelweis.hu\/human\/files\/2025\/12\/Nyilatkozat-a-beren-kivuli-juttatashoz_2026_uj-belepoknek.docx\">Nyilatkozat a b\u00e9ren k\u00edv\u00fcli juttat\u00e1shoz (docx)<\/a><\/p>\n<p><strong>A Semmelweis Egyetem \u00e1ltal foglalkoztatottak b\u00e9ren k\u00edv\u00fcli juttat\u00e1s\u00e1r\u00f3l sz\u00f3l\u00f3 utas\u00edt\u00e1s az al\u00e1bbi linken:<br \/>\n<\/strong><a href=\"https:\/\/semmelweis.hu\/jogigfoig\/2022\/07\/05\/rke-3-2022-vii-05-szamu-rektori-kancellari-klinikai-kozpont-elnoki-utasitas-a-semmelweis-egyetem-altal-foglalkoztatottak-beren-kivuli-juttatasarol\/\" target=\"_blank\" rel=\"noopener noreferrer\">Tov\u00e1bb az utas\u00edt\u00e1shoz\u2192<\/a><\/p>\n","protected":false},"excerpt":{"rendered":"<p>A Semmelweis Egyetem \u00e1ltal foglalkoztatottak b\u00e9ren k\u00edv\u00fcli juttat\u00e1s\u00e1r\u00f3l sz\u00f3l\u00f3 utas\u00edt\u00e1s \u00e9rtelm\u00e9ben a Semmelweis Egyetem b\u00e9ren k\u00edv\u00fcli juttat\u00e1sk\u00e9nt teljes munkaid\u0151s foglalkoztat\u00e1s eset\u00e9n havi nett\u00f3 20.000 Ft \u00f6sszeghat\u00e1rig a Sz\u00e9chenyi Pihen\u0151 K\u00e1rty\u00e1ra ny\u00fajt juttat\u00e1st. Nem teljes munkaid\u0151s foglalkoztat\u00e1s eset\u00e9n a b\u00e9ren k\u00edv\u00fcli juttat\u00e1s \u00f6sszege a munkaid\u0151nek megfelel\u0151en ar\u00e1nyos\u00edt\u00e1sra ker\u00fcl. A munkaviszony, eg\u00e9szs\u00e9g\u00fcgyi szolg\u00e1lati jogviszony l\u00e9trehoz\u00e1s\u00e1t k\u00f6vet\u0151en a &hellip;<\/p>\n","protected":false},"author":101175,"featured_media":0,"parent":12,"menu_order":2,"comment_status":"closed","ping_status":"closed","template":"","meta":{"_acf_changed":false,"footnotes":""},"categories":[],"tags":[],"class_list":["post-100445","page","type-page","status-publish","hentry"],"acf":[],"_links":{"self":[{"href":"https:\/\/semmelweis.hu\/human\/wp-json\/wp\/v2\/pages\/100445","targetHints":{"allow":["GET"]}}],"collection":[{"href":"https:\/\/semmelweis.hu\/human\/wp-json\/wp\/v2\/pages"}],"about":[{"href":"https:\/\/semmelweis.hu\/human\/wp-json\/wp\/v2\/types\/page"}],"author":[{"embeddable":true,"href":"https:\/\/semmelweis.hu\/human\/wp-json\/wp\/v2\/users\/101175"}],"replies":[{"embeddable":true,"href":"https:\/\/semmelweis.hu\/human\/wp-json\/wp\/v2\/comments?post=100445"}],"version-history":[{"count":10,"href":"https:\/\/semmelweis.hu\/human\/wp-json\/wp\/v2\/pages\/100445\/revisions"}],"predecessor-version":[{"id":107330,"href":"https:\/\/semmelweis.hu\/human\/wp-json\/wp\/v2\/pages\/100445\/revisions\/107330"}],"up":[{"embeddable":true,"href":"https:\/\/semmelweis.hu\/human\/wp-json\/wp\/v2\/pages\/12"}],"wp:attachment":[{"href":"https:\/\/semmelweis.hu\/human\/wp-json\/wp\/v2\/media?parent=100445"}],"wp:term":[{"taxonomy":"category","embeddable":true,"href":"https:\/\/semmelweis.hu\/human\/wp-json\/wp\/v2\/categories?post=100445"},{"taxonomy":"post_tag","embeddable":true,"href":"https:\/\/semmelweis.hu\/human\/wp-json\/wp\/v2\/tags?post=100445"}],"curies":[{"name":"wp","href":"https:\/\/api.w.org\/{rel}","templated":true}]}}