{"id":88,"date":"2020-07-03T09:57:15","date_gmt":"2020-07-03T07:57:15","guid":{"rendered":"https:\/\/semmelweis.hu\/hta\/?page_id=88"},"modified":"2020-08-14T13:32:08","modified_gmt":"2020-08-14T11:32:08","slug":"oktatas","status":"publish","type":"page","link":"https:\/\/semmelweis.hu\/hta\/oktatas\/","title":{"rendered":"Oktat\u00e1s"},"content":{"rendered":"<p style=\"text-align: justify\">A K\u00f6zpont munkat\u00e1rsai 2021-t\u0151l magyar \u00e9s angol nyelven oktatnak a gradu\u00e1lis k\u00e9pz\u00e9sen bel\u00fcl a Semmelweis Egyetem Gy\u00f3gyszertudom\u00e1nyi Kar\u00e1n, a posztgradu\u00e1lis k\u00e9pz\u00e9s pedig az Eg\u00e9szs\u00e9g\u00fcgyi Technol\u00f3gia \u00c9rt\u00e9kel\u00e9s Doktori Program keretein bel\u00fcl zajlik. A K\u00f6zpont oktat\u00e1st v\u00e9gz\u0151 munkat\u00e1rsai minden \u00e9vben t\u00e9li vagy ny\u00e1ri egyetem jelleggel tartj\u00e1k meg a doktori tanfolyamokat, amelyek a Semmelweis Egyetem minden hallgat\u00f3ja \u00e1ltal ingyenesen l\u00e1togathat\u00f3ak a l\u00e9tsz\u00e1mkorl\u00e1tig (30 f\u0151).<\/p>\n<p style=\"text-align: justify\">\u00a0<\/p>\n<p style=\"text-align: justify\">\u00a0<\/p>\n","protected":false},"excerpt":{"rendered":"<p>A K\u00f6zpont munkat\u00e1rsai 2021-t\u0151l magyar \u00e9s angol nyelven oktatnak a gradu\u00e1lis k\u00e9pz\u00e9sen bel\u00fcl a Semmelweis Egyetem Gy\u00f3gyszertudom\u00e1nyi Kar\u00e1n, a posztgradu\u00e1lis k\u00e9pz\u00e9s pedig az Eg\u00e9szs\u00e9g\u00fcgyi Technol\u00f3gia \u00c9rt\u00e9kel\u00e9s Doktori Program keretein bel\u00fcl zajlik. A K\u00f6zpont oktat\u00e1st v\u00e9gz\u0151 munkat\u00e1rsai minden \u00e9vben t\u00e9li vagy ny\u00e1ri egyetem jelleggel tartj\u00e1k meg a doktori tanfolyamokat, amelyek a Semmelweis Egyetem minden hallgat\u00f3ja \u00e1ltal &hellip;<\/p>\n","protected":false},"author":101744,"featured_media":0,"parent":0,"menu_order":2,"comment_status":"closed","ping_status":"closed","template":"","meta":{"_acf_changed":false,"footnotes":""},"categories":[],"tags":[],"class_list":["post-88","page","type-page","status-publish","hentry"],"acf":[],"_links":{"self":[{"href":"https:\/\/semmelweis.hu\/hta\/wp-json\/wp\/v2\/pages\/88","targetHints":{"allow":["GET"]}}],"collection":[{"href":"https:\/\/semmelweis.hu\/hta\/wp-json\/wp\/v2\/pages"}],"about":[{"href":"https:\/\/semmelweis.hu\/hta\/wp-json\/wp\/v2\/types\/page"}],"author":[{"embeddable":true,"href":"https:\/\/semmelweis.hu\/hta\/wp-json\/wp\/v2\/users\/101744"}],"replies":[{"embeddable":true,"href":"https:\/\/semmelweis.hu\/hta\/wp-json\/wp\/v2\/comments?post=88"}],"version-history":[{"count":10,"href":"https:\/\/semmelweis.hu\/hta\/wp-json\/wp\/v2\/pages\/88\/revisions"}],"predecessor-version":[{"id":140,"href":"https:\/\/semmelweis.hu\/hta\/wp-json\/wp\/v2\/pages\/88\/revisions\/140"}],"wp:attachment":[{"href":"https:\/\/semmelweis.hu\/hta\/wp-json\/wp\/v2\/media?parent=88"}],"wp:term":[{"taxonomy":"category","embeddable":true,"href":"https:\/\/semmelweis.hu\/hta\/wp-json\/wp\/v2\/categories?post=88"},{"taxonomy":"post_tag","embeddable":true,"href":"https:\/\/semmelweis.hu\/hta\/wp-json\/wp\/v2\/tags?post=88"}],"curies":[{"name":"wp","href":"https:\/\/api.w.org\/{rel}","templated":true}]}}