{"id":823,"date":"2022-02-03T10:22:56","date_gmt":"2022-02-03T09:22:56","guid":{"rendered":"https:\/\/semmelweis.hu\/hta\/?page_id=823"},"modified":"2025-11-19T15:14:53","modified_gmt":"2025-11-19T14:14:53","slug":"phd-students-research-topics","status":"publish","type":"page","link":"https:\/\/semmelweis.hu\/hta\/en\/education\/postgraduate\/phd-students-research-topics\/","title":{"rendered":"PhD Students&#8217; research topics"},"content":{"rendered":"<table dir=\"ltr\" style=\"width: 101.492%;height: 376px\" border=\"1\" cellspacing=\"0\" cellpadding=\"0\">\n<colgroup>\n<col width=\"152\" \/>\n<col width=\"191\" \/><\/colgroup>\n<tbody>\n<tr style=\"height: 24px\">\n<td style=\"width: 27.3883%;height: 24px\" data-sheets-value=\"{&quot;1&quot;:2,&quot;2&quot;:&quot;PhD hallgat\u00f3 neve&quot;}\"><strong>Name of PhD students:<\/strong><\/td>\n<td style=\"width: 188.053%;height: 24px\" data-sheets-value=\"{&quot;1&quot;:2,&quot;2&quot;:&quot;PhD t\u00e9ma magyarul&quot;}\"><strong>PhD Research topics:<\/strong><\/td>\n<\/tr>\n<tr style=\"height: 24px\">\n<td style=\"width: 27.3883%;height: 24px\">Dalma Erd\u0151si\u00a0<\/td>\n<td style=\"width: 188.053%;height: 24px\">\n<div>\n<div>\n<div>Applicability of Real-world Data in Improving Medication Adherence<\/div>\n<div><strong>Supervisors:<\/strong> Andr\u00e1s Inotai and Tam\u00e1s \u00c1gh<\/div>\n<\/div>\n<\/div>\n<\/td>\n<\/tr>\n<tr style=\"height: 24px\">\n<td style=\"width: 27.3883%;height: 24px\">Manna T\u00f3th\u00a0<\/td>\n<td style=\"width: 188.053%;height: 24px\">\n<p><span data-sheets-value=\"{&quot;1&quot;:2,&quot;2&quot;:&quot;Health technology assessment of non-pharmaceutical technologies at the early-phase of development&quot;}\" data-sheets-userformat=\"{&quot;2&quot;:769,&quot;3&quot;:{&quot;1&quot;:0},&quot;11&quot;:4,&quot;12&quot;:0}\">Health technology assessment of non-pharmaceutical technologies at the early-phase of development<\/span><\/p>\n<p><strong>Supervisors:<\/strong> Zolt\u00e1n Kal\u00f3 and Bal\u00e1zs Nagy<\/p>\n<\/td>\n<\/tr>\n<tr style=\"height: 24px\">\n<td style=\"width: 27.3883%;height: 24px\" data-sheets-value=\"{&quot;1&quot;:2,&quot;2&quot;:&quot;M\u00e9sz\u00e1ros \u00c1gota&quot;}\">\u00c1gota M\u00e9sz\u00e1ros<\/td>\n<td style=\"width: 188.053%;height: 24px\" data-sheets-value=\"{&quot;1&quot;:2,&quot;2&quot;:&quot;\u00c9lelmiszer ad\u00f3k \u00e9s \u00e1rt\u00e1mogat\u00e1sok eg\u00e9szs\u00e9ggazdas\u00e1gtani elemz\u00e9se&quot;}\">\n<p><span data-sheets-value=\"{&quot;1&quot;:2,&quot;2&quot;:&quot;Evaluation of strategies to improve public health cancernscreening programs based on the example of breast cancer screening&quot;}\" data-sheets-userformat=\"{&quot;2&quot;:961,&quot;3&quot;:{&quot;1&quot;:0},&quot;9&quot;:0,&quot;10&quot;:0,&quot;11&quot;:4,&quot;12&quot;:0}\">Health economic assessment of health-related food taxes and subsidies<\/span><\/p>\n<p><strong>Supervisor:<\/strong> Zolt\u00e1n Vok\u00f3<\/p>\n<\/td>\n<\/tr>\n<tr style=\"height: 48px\">\n<td style=\"width: 27.3883%;height: 48px\" data-sheets-value=\"{&quot;1&quot;:2,&quot;2&quot;:&quot;Tittmann Judit&quot;}\">Judit Tittmann<\/td>\n<td style=\"width: 188.053%;height: 48px\" data-sheets-value=\"{&quot;1&quot;:2,&quot;2&quot;:&quot;N\u00e9peg\u00e9szs\u00e9g\u00fcgyi daganatsz\u0171r\u00e9s fejleszt\u00e9si lehet\u0151s\u00e9geinek vizsg\u00e1lata az eml\u0151sz\u0171r\u00e9s p\u00e9ld\u00e1j\u00e1n kereszt\u00fcl&quot;}\">\n<p><span data-sheets-value=\"{&quot;1&quot;:2,&quot;2&quot;:&quot;Evaluation of strategies to improve public health cancernscreening programs based on the example of breast cancer screening&quot;}\" data-sheets-userformat=\"{&quot;2&quot;:961,&quot;3&quot;:{&quot;1&quot;:0},&quot;9&quot;:0,&quot;10&quot;:0,&quot;11&quot;:4,&quot;12&quot;:0}\">Evaluation of strategies to improve public health cancer<br \/>screening programs based on the example of breast cancer screening\u00a0<\/span><\/p>\n<p><strong>Supervisor:<\/strong> Zolt\u00e1n Vok\u00f3<\/p>\n<\/td>\n<\/tr>\n<tr style=\"height: 40px\">\n<td style=\"width: 27.3883%;height: 40px\">Krist\u00f3f Gy\u00f6ngy\u00f6si<\/td>\n<td style=\"width: 188.053%;height: 40px\">\n<p>Promoting the broader applicability and further research of off-patent drugs through health policy measures<\/p>\n<p><strong>Supervisor:<\/strong> Andr\u00e1s Inotai<\/p>\n<\/td>\n<\/tr>\n<tr style=\"height: 24px\">\n<td style=\"width: 27.3883%;height: 24px\">Attila Imre<\/td>\n<td style=\"width: 188.053%;height: 24px\">\n<p><span data-sheets-value=\"{&quot;1&quot;:2,&quot;2&quot;:&quot;Evaluation of strategies to improve public health cancernscreening programs based on the example of breast cancer screening&quot;}\" data-sheets-userformat=\"{&quot;2&quot;:961,&quot;3&quot;:{&quot;1&quot;:0},&quot;9&quot;:0,&quot;10&quot;:0,&quot;11&quot;:4,&quot;12&quot;:0}\"> Early Health Technology Assessment of Advanced Digital Health Technologies<\/span><\/p>\n<p><strong>Supervisor: <\/strong>Bal\u00e1zs Nagy<\/p>\n<\/td>\n<\/tr>\n<tr style=\"height: 24px\">\n<td style=\"width: 27.3883%;height: 24px\">R\u00e9ka Zsuzsa Pozs\u00e1r<\/td>\n<td style=\"width: 188.053%;height: 24px\">\n<p><span data-sheets-value=\"{&quot;1&quot;:2,&quot;2&quot;:&quot;Evaluation of strategies to improve public health cancernscreening programs based on the example of breast cancer screening&quot;}\" data-sheets-userformat=\"{&quot;2&quot;:961,&quot;3&quot;:{&quot;1&quot;:0},&quot;9&quot;:0,&quot;10&quot;:0,&quot;11&quot;:4,&quot;12&quot;:0}\"> Consideration of patient reported outcomes in the evaluation and implementation of novel health technologies<\/span><\/p>\n<p><strong>Supervisor:<\/strong> Tam\u00e1s \u00c1gh<\/p>\n<\/td>\n<\/tr>\n<tr style=\"height: 24px\">\n<td style=\"width: 27.3883%;height: 24px\">Nguyen Thanh Tu<\/td>\n<td style=\"width: 188.053%;height: 24px\">\n<p>Health economic evaluation for oncological treatment<\/p>\n<p><strong>Supervisor: <\/strong>Bal\u00e1zs Nagy<\/p>\n<\/td>\n<\/tr>\n<tr style=\"height: 24px\">\n<td style=\"width: 27.3883%;height: 24px\">Judit Somogyi<\/td>\n<td style=\"width: 188.053%;height: 24px\">\n<p>Exploring the harmonized usability of Real World Data from different sources in epidemiological research on chronic diseases<\/p>\n<p><strong>Supervisor:<\/strong>\u00a0 Zolt\u00e1n Vok\u00f3<\/p>\n<\/td>\n<\/tr>\n<tr>\n<td style=\"width: 27.3883%\"><span class=\"TextRun SCXP15868260 BCX0\" lang=\"EN-GB\" xml:lang=\"EN-GB\" data-usefontface=\"false\" data-contrast=\"none\"><span class=\"NormalTextRun SCXP15868260 BCX0\">Said Wani Al-<\/span><\/span><span class=\"TextRun SCXP15868260 BCX0\" lang=\"EN-GB\" xml:lang=\"EN-GB\" data-usefontface=\"false\" data-contrast=\"none\"><span class=\"NormalTextRun SCXP15868260 BCX0\">Rashdi<\/span><\/span><\/td>\n<td style=\"width: 188.053%\">\n<p><span class=\"LineBox SCXP34530999 BCX0\"><span class=\"TextRun SCXP34530999 BCX0\" lang=\"EN-US\" xml:lang=\"EN-US\" data-usefontface=\"false\" data-contrast=\"none\"><span class=\"NormalTextRun SCXP34530999 BCX0\">Implementation of Health Technology <\/span><\/span><\/span><span class=\"LineBox SCXP34530999 BCX0\"><span class=\"TextRun SCXP34530999 BCX0\" lang=\"EN-US\" xml:lang=\"EN-US\" data-usefontface=\"false\" data-contrast=\"none\"><span class=\"NormalTextRun SCXP34530999 BCX0\">Assessment (HTA) in Oman<\/span><\/span><\/span><\/p>\n<p><strong><span class=\"TextRun SCXP124289115 BCX0\" lang=\"EN-US\" xml:lang=\"EN-US\" data-scheme-color=\"@E3D496,5,\" data-usefontface=\"false\" data-contrast=\"none\"><span class=\"NormalTextRun SCXP124289115 BCX0\">Supervisor<\/span><\/span><\/strong><span class=\"TextRun SCXP124289115 BCX0\" lang=\"EN-US\" xml:lang=\"EN-US\" data-usefontface=\"false\" data-contrast=\"none\"><span class=\"NormalTextRun SCXP124289115 BCX0\"><strong>:<\/strong> <\/span><\/span><span class=\"TextRun SCXP124289115 BCX0\" lang=\"EN-US\" xml:lang=\"EN-US\" data-scheme-color=\"@E3D496,5,\" data-usefontface=\"false\" data-contrast=\"none\"><span class=\"NormalTextRun SCXP124289115 BCX0\">Zolt\u00e1n <\/span><\/span><span class=\"TextRun SCXP124289115 BCX0\" lang=\"EN-US\" xml:lang=\"EN-US\" data-scheme-color=\"@E3D496,5,\" data-usefontface=\"false\" data-contrast=\"none\"><span class=\"NormalTextRun SCXP124289115 BCX0\">Kal\u00f3<\/span><\/span><\/p>\n<\/td>\n<\/tr>\n<tr>\n<td style=\"width: 27.3883%\"><span class=\"TextRun SCXP15868260 BCX0\" lang=\"EN-GB\" xml:lang=\"EN-GB\" data-usefontface=\"false\" data-contrast=\"none\"><span class=\"NormalTextRun SCXP15868260 BCX0\"><span class=\"TextRun SCXP213299373 BCX0\" lang=\"EN-US\" xml:lang=\"EN-US\" data-usefontface=\"false\" data-contrast=\"none\"><span class=\"NormalTextRun SCXP213299373 BCX0\"> Yelena <\/span><\/span><span class=\"TextRun SpellingErrorZoomed SCXP213299373 BCX0\" lang=\"EN-US\" xml:lang=\"EN-US\" data-usefontface=\"false\" data-contrast=\"none\"><span class=\"SCXP213299373 BCX0\">Khegay<\/span><\/span><\/span><\/span><\/td>\n<td style=\"width: 188.053%\">\n<p>Payment models for Digital Health Technologies<\/p>\n<p><strong>Supervisor: <\/strong><span class=\"TextRun SCXP77697915 BCX0\" lang=\"EN-US\" xml:lang=\"EN-US\" data-usefontface=\"false\" data-contrast=\"none\"><span class=\"NormalTextRun SCXP77697915 BCX0\">Zolt\u00e1n <\/span><\/span><span class=\"TextRun SCXP77697915 BCX0\" lang=\"EN-US\" xml:lang=\"EN-US\" data-usefontface=\"false\" data-contrast=\"none\"><span class=\"NormalTextRun SCXP77697915 BCX0\">Kal\u00f3<\/span><\/span><\/p>\n<\/td>\n<\/tr>\n<tr>\n<td style=\"width: 27.3883%\">\n<p><span style=\"font-size: 12pt\">Nguyen Thao Thi Phuong<\/span><\/p>\n<p><span class=\"TextRun SCXP15868260 BCX0\" lang=\"EN-GB\" xml:lang=\"EN-GB\" data-usefontface=\"false\" data-contrast=\"none\"><span class=\"NormalTextRun SCXP15868260 BCX0\"><span class=\"TextRun SCXP213299373 BCX0\" lang=\"EN-US\" xml:lang=\"EN-US\" data-usefontface=\"false\" data-contrast=\"none\"><span class=\"NormalTextRun SCXP213299373 BCX0\"><br \/><\/span><\/span><\/span><\/span><\/td>\n<td style=\"width: 188.053%\">\n<p>Health technology assessment for oncology therapies<\/p>\n<p><strong>Supervisors<\/strong>: Zolt\u00e1n Vok\u00f3 and Bal\u00e1zs Nagy<\/p>\n<\/td>\n<\/tr>\n<\/tbody>\n<\/table>\n","protected":false},"excerpt":{"rendered":"<p>Name of PhD students: PhD Research topics: Dalma Erd\u0151si\u00a0 Applicability of Real-world Data in Improving Medication Adherence Supervisors: Andr\u00e1s Inotai and Tam\u00e1s \u00c1gh Manna T\u00f3th\u00a0 Health technology assessment of non-pharmaceutical technologies at the early-phase of development Supervisors: Zolt\u00e1n Kal\u00f3 and Bal\u00e1zs Nagy \u00c1gota M\u00e9sz\u00e1ros Health economic assessment of health-related food taxes and subsidies Supervisor: Zolt\u00e1n &hellip;<\/p>\n","protected":false},"author":101744,"featured_media":0,"parent":601,"menu_order":3,"comment_status":"closed","ping_status":"closed","template":"","meta":{"_acf_changed":false,"footnotes":""},"categories":[],"tags":[],"class_list":["post-823","page","type-page","status-publish","hentry"],"acf":[],"_links":{"self":[{"href":"https:\/\/semmelweis.hu\/hta\/wp-json\/wp\/v2\/pages\/823","targetHints":{"allow":["GET"]}}],"collection":[{"href":"https:\/\/semmelweis.hu\/hta\/wp-json\/wp\/v2\/pages"}],"about":[{"href":"https:\/\/semmelweis.hu\/hta\/wp-json\/wp\/v2\/types\/page"}],"author":[{"embeddable":true,"href":"https:\/\/semmelweis.hu\/hta\/wp-json\/wp\/v2\/users\/101744"}],"replies":[{"embeddable":true,"href":"https:\/\/semmelweis.hu\/hta\/wp-json\/wp\/v2\/comments?post=823"}],"version-history":[{"count":12,"href":"https:\/\/semmelweis.hu\/hta\/wp-json\/wp\/v2\/pages\/823\/revisions"}],"predecessor-version":[{"id":1852,"href":"https:\/\/semmelweis.hu\/hta\/wp-json\/wp\/v2\/pages\/823\/revisions\/1852"}],"up":[{"embeddable":true,"href":"https:\/\/semmelweis.hu\/hta\/wp-json\/wp\/v2\/pages\/601"}],"wp:attachment":[{"href":"https:\/\/semmelweis.hu\/hta\/wp-json\/wp\/v2\/media?parent=823"}],"wp:term":[{"taxonomy":"category","embeddable":true,"href":"https:\/\/semmelweis.hu\/hta\/wp-json\/wp\/v2\/categories?post=823"},{"taxonomy":"post_tag","embeddable":true,"href":"https:\/\/semmelweis.hu\/hta\/wp-json\/wp\/v2\/tags?post=823"}],"curies":[{"name":"wp","href":"https:\/\/api.w.org\/{rel}","templated":true}]}}