{"id":819,"date":"2022-02-03T10:09:21","date_gmt":"2022-02-03T09:09:21","guid":{"rendered":"https:\/\/semmelweis.hu\/hta\/?page_id=819"},"modified":"2025-11-19T15:16:13","modified_gmt":"2025-11-19T14:16:13","slug":"phd-hallgatok-kutatasi-temai","status":"publish","type":"page","link":"https:\/\/semmelweis.hu\/hta\/oktatas\/phd-kepzes\/phd-hallgatok-kutatasi-temai\/","title":{"rendered":"PhD Hallgat\u00f3k kutat\u00e1si t\u00e9m\u00e1i"},"content":{"rendered":"<table dir=\"ltr\" style=\"width: 102.608%;height: 884px\" border=\"1\" cellspacing=\"0\" cellpadding=\"0\">\n<colgroup>\n<col width=\"152\" \/>\n<col width=\"191\" \/><\/colgroup>\n<tbody>\n<tr style=\"height: 47px\">\n<td style=\"height: 47px;width: 21.0596%\" data-sheets-value=\"{&quot;1&quot;:2,&quot;2&quot;:&quot;PhD hallgat\u00f3 neve&quot;}\"><strong>PhD hallgat\u00f3 neve:<\/strong><\/td>\n<td style=\"height: 47px;width: 127.815%\" data-sheets-value=\"{&quot;1&quot;:2,&quot;2&quot;:&quot;PhD t\u00e9ma magyarul&quot;}\"><strong>PhD t\u00e9ma:<\/strong><\/td>\n<\/tr>\n<tr style=\"height: 94px\">\n<td style=\"height: 94px;width: 21.0596%\">Erd\u0151si Dalma\u00a0<\/td>\n<td style=\"height: 94px;width: 127.815%\">\n<div>Val\u00f3s \u00e9letbeli adatok alkalmazhat\u00f3s\u00e1ga a gy\u00f3gyszeres ter\u00e1piah\u0171s\u00e9g jav\u00edt\u00e1s\u00e1ban<\/div>\n<div><strong>T\u00e9mavezet\u0151k:<\/strong><br \/>Inotai Andr\u00e1s \u00e9s \u00c1gh Tam\u00e1s<\/div>\n<div>\u00a0<\/div>\n<\/td>\n<\/tr>\n<tr style=\"height: 94px\">\n<td style=\"height: 94px;width: 21.0596%\">T\u00f3th Manna<\/td>\n<td style=\"height: 94px;width: 127.815%\">\n<div>\n<div>Nem-gy\u00f3gyszeres eg\u00e9szs\u00e9g\u00fcgyi technol\u00f3gi\u00e1k eg\u00e9szs\u00e9g-gazdas\u00e1gtani \u00e9rt\u00e9kel\u00e9se a fejleszt\u00e9s korai szakaszaiban<\/div>\n<div><b style=\"font-family: inherit;font-size: inherit\">T\u00e9mavezet\u0151k:<\/b><\/div>\n<\/div>\n<div>\n<p>Kal\u00f3 Zolt\u00e1n \u00e9s Nagy Bal\u00e1zs<\/p>\n<\/div>\n<\/td>\n<\/tr>\n<tr style=\"height: 94px\">\n<td style=\"height: 94px;width: 21.0596%\" data-sheets-value=\"{&quot;1&quot;:2,&quot;2&quot;:&quot;M\u00e9sz\u00e1ros \u00c1gota&quot;}\">M\u00e9sz\u00e1ros \u00c1gota<\/td>\n<td style=\"height: 94px;width: 127.815%\" data-sheets-value=\"{&quot;1&quot;:2,&quot;2&quot;:&quot;\u00c9lelmiszer ad\u00f3k \u00e9s \u00e1rt\u00e1mogat\u00e1sok eg\u00e9szs\u00e9ggazdas\u00e1gtani elemz\u00e9se&quot;}\">\n<p>\u00c9lelmiszer ad\u00f3k \u00e9s \u00e1rt\u00e1mogat\u00e1sok eg\u00e9szs\u00e9ggazdas\u00e1gtani elemz\u00e9se<\/p>\n<p><b>T\u00e9mavezet\u0151<\/b>: Vok\u00f3 Zolt\u00e1n<\/p>\n<\/td>\n<\/tr>\n<tr style=\"height: 94px\">\n<td style=\"height: 94px;width: 21.0596%\" data-sheets-value=\"{&quot;1&quot;:2,&quot;2&quot;:&quot;Tittmann Judit&quot;}\">Tittmann Judit<\/td>\n<td style=\"height: 94px;width: 127.815%\" data-sheets-value=\"{&quot;1&quot;:2,&quot;2&quot;:&quot;N\u00e9peg\u00e9szs\u00e9g\u00fcgyi daganatsz\u0171r\u00e9s fejleszt\u00e9si lehet\u0151s\u00e9geinek vizsg\u00e1lata az eml\u0151sz\u0171r\u00e9s p\u00e9ld\u00e1j\u00e1n kereszt\u00fcl&quot;}\">\n<p>N\u00e9peg\u00e9szs\u00e9g\u00fcgyi daganatsz\u0171r\u00e9s fejleszt\u00e9si lehet\u0151s\u00e9geinek vizsg\u00e1lata az eml\u0151sz\u0171r\u00e9s p\u00e9ld\u00e1j\u00e1n kereszt\u00fcl<\/p>\n<p><b>T\u00e9mavezet\u0151<\/b>: Vok\u00f3 Zolt\u00e1n<\/p>\n<\/td>\n<\/tr>\n<tr style=\"height: 45px\">\n<td style=\"height: 45px;width: 21.0596%\">Gy\u00f6ngy\u00f6si Krist\u00f3f<\/td>\n<td style=\"height: 45px;width: 127.815%\">\n<p>A szabadalomvesztett gy\u00f3gyszerek sz\u00e9lesebb k\u00f6r\u0171 alkalmazhat\u00f3s\u00e1g\u00e1nak \u00e9s tov\u00e1bbi kutat\u00e1s\u00e1nak el\u0151seg\u00edt\u00e9se eg\u00e9szs\u00e9gpolitikai eszk\u00f6z\u00f6kkel<\/p>\n<p><strong>T\u00e9mavezet\u0151:<\/strong> Inotai Andr\u00e1s<\/p>\n<\/td>\n<\/tr>\n<tr style=\"height: 45px\">\n<td style=\"height: 45px;width: 21.0596%\">Imre Attila<\/td>\n<td style=\"height: 45px;width: 127.815%\">\n<p>A korai eg\u00e9szs\u00e9g\u00fcgyi technol\u00f3gia\u00e9rt\u00e9kel\u00e9s fejlett digit\u00e1lis eg\u00e9szs\u00e9g\u00fcgyi technol\u00f3gi\u00e1k eset\u00e9ben<\/p>\n<p><strong>T\u00e9mavezet\u0151<\/strong>: Nagy Bal\u00e1zs<\/p>\n<\/td>\n<\/tr>\n<tr style=\"height: 45px\">\n<td style=\"height: 45px;width: 21.0596%\">Pozs\u00e1r R\u00e9ka Zsuzsa<\/td>\n<td style=\"height: 45px;width: 127.815%\">\n<p>Betegbesz\u00e1mol\u00f3n alapul\u00f3 adatok figyelembev\u00e9tele \u00faj eg\u00e9szs\u00e9g\u00fcgyi technol\u00f3gi\u00e1k \u00e9rt\u00e9kel\u00e9se \u00e9s bevezet\u00e9se sor\u00e1n<\/p>\n<p><strong>T\u00e9mavezet\u0151:<\/strong> \u00c1gh Tam\u00e1s<\/p>\n<\/td>\n<\/tr>\n<tr>\n<td style=\"width: 21.0596%\">Nguyen Thanh Tu<\/td>\n<td style=\"width: 127.815%\">\n<p>Onkol\u00f3giai kezel\u00e9s eg\u00e9szs\u00e9ggazdas\u00e1gi \u00e9rt\u00e9kel\u00e9se<\/p>\n<p><strong>T\u00e9mavezet\u0151<\/strong>: Nagy Bal\u00e1zs<\/p>\n<\/td>\n<\/tr>\n<tr>\n<td style=\"width: 21.0596%\">Somogyi Judit<\/td>\n<td style=\"width: 127.815%\">\n<p>K\u00fcl\u00f6nb\u00f6z\u0151 forr\u00e1sb\u00f3l sz\u00e1rmaz\u00f3 val\u00f3 \u00e9letbeli adatok harmoniz\u00e1lt felhaszn\u00e1lhat\u00f3s\u00e1g\u00e1nak vizsg\u00e1lata kr\u00f3nikus betegs\u00e9geket \u00e9rint\u0151 epidemiol\u00f3giai kutat\u00e1sokban<\/p>\n<p><strong>T\u00e9mavezet\u0151: <\/strong>Vok\u00f3 Zolt\u00e1n<\/p>\n<\/td>\n<\/tr>\n<tr>\n<td style=\"width: 21.0596%\"><span class=\"TextRun SCXP15868260 BCX0\" lang=\"EN-GB\" xml:lang=\"EN-GB\" data-usefontface=\"false\" data-contrast=\"none\"><span class=\"NormalTextRun SCXP15868260 BCX0\">Said Wani Al-<\/span><\/span><span class=\"TextRun SCXP15868260 BCX0\" lang=\"EN-GB\" xml:lang=\"EN-GB\" data-usefontface=\"false\" data-contrast=\"none\"><span class=\"NormalTextRun SCXP15868260 BCX0\">Rashdi<\/span><\/span><\/td>\n<td style=\"width: 127.815%\">\n<p>Eg\u00e9szs\u00e9g\u00fcgyi technol\u00f3gia\u00e9rt\u00e9kel\u00e9s bevezet\u00e9se Om\u00e1nban<\/p>\n<p><strong>T\u00e9mavezet\u0151:<\/strong> Kal\u00f3 Zolt\u00e1n<\/p>\n<\/td>\n<\/tr>\n<tr>\n<td style=\"width: 21.0596%\"><span class=\"TextRun SCXP15868260 BCX0\" lang=\"EN-GB\" xml:lang=\"EN-GB\" data-usefontface=\"false\" data-contrast=\"none\"><span class=\"NormalTextRun SCXP15868260 BCX0\"><span class=\"TextRun SCXP213299373 BCX0\" lang=\"EN-US\" xml:lang=\"EN-US\" data-usefontface=\"false\" data-contrast=\"none\"><span class=\"NormalTextRun SCXP213299373 BCX0\">Yelena\u00a0<\/span><\/span><span class=\"TextRun SpellingErrorZoomed SCXP213299373 BCX0\" lang=\"EN-US\" xml:lang=\"EN-US\" data-usefontface=\"false\" data-contrast=\"none\"><span class=\"SCXP213299373 BCX0\">Khegay<\/span><\/span><\/span><\/span><\/td>\n<td style=\"width: 127.815%\">\n<p>A digit\u00e1lis eg\u00e9szs\u00e9g\u00fcgyi technol\u00f3gi\u00e1k fizet\u00e9si modelljei<\/p>\n<p><strong>T\u00e9mavezet\u0151:<\/strong> Kal\u00f3 Zolt\u00e1n<\/p>\n<\/td>\n<\/tr>\n<tr>\n<td style=\"width: 21.0596%\">\n<p>&nbsp;<\/p>\n<p style=\"text-align: left\">Nguyen Thao Thi Phuong<\/p>\n<p><span class=\"TextRun SCXP15868260 BCX0\" lang=\"EN-GB\" xml:lang=\"EN-GB\" data-usefontface=\"false\" data-contrast=\"none\"><span class=\"NormalTextRun SCXP15868260 BCX0\"><span class=\"TextRun SCXP213299373 BCX0\" lang=\"EN-US\" xml:lang=\"EN-US\" data-usefontface=\"false\" data-contrast=\"none\"><span class=\"NormalTextRun SCXP213299373 BCX0\"><br \/><\/span><\/span><\/span><\/span><\/td>\n<td style=\"width: 127.815%\">\n<p>Onkol\u00f3giai kezel\u00e9s eg\u00e9szs\u00e9g\u00fcgyi technol\u00f3gia\u00e9rt\u00e9kel\u00e9se<\/p>\n<p><strong>T\u00e9mavezet\u0151k:<\/strong> Vok\u00f3 Zolt\u00e1n \u00e9s Nagy Bal\u00e1zs<\/p>\n<\/td>\n<\/tr>\n<\/tbody>\n<\/table>\n","protected":false},"excerpt":{"rendered":"<p>PhD hallgat\u00f3 neve: PhD t\u00e9ma: Erd\u0151si Dalma\u00a0 Val\u00f3s \u00e9letbeli adatok alkalmazhat\u00f3s\u00e1ga a gy\u00f3gyszeres ter\u00e1piah\u0171s\u00e9g jav\u00edt\u00e1s\u00e1ban T\u00e9mavezet\u0151k:Inotai Andr\u00e1s \u00e9s \u00c1gh Tam\u00e1s \u00a0 T\u00f3th Manna Nem-gy\u00f3gyszeres eg\u00e9szs\u00e9g\u00fcgyi technol\u00f3gi\u00e1k eg\u00e9szs\u00e9g-gazdas\u00e1gtani \u00e9rt\u00e9kel\u00e9se a fejleszt\u00e9s korai szakaszaiban T\u00e9mavezet\u0151k: Kal\u00f3 Zolt\u00e1n \u00e9s Nagy Bal\u00e1zs M\u00e9sz\u00e1ros \u00c1gota \u00c9lelmiszer ad\u00f3k \u00e9s \u00e1rt\u00e1mogat\u00e1sok eg\u00e9szs\u00e9ggazdas\u00e1gtani elemz\u00e9se T\u00e9mavezet\u0151: Vok\u00f3 Zolt\u00e1n Tittmann Judit N\u00e9peg\u00e9szs\u00e9g\u00fcgyi daganatsz\u0171r\u00e9s fejleszt\u00e9si lehet\u0151s\u00e9geinek &hellip;<\/p>\n","protected":false},"author":101744,"featured_media":0,"parent":133,"menu_order":3,"comment_status":"closed","ping_status":"closed","template":"","meta":{"_acf_changed":false,"footnotes":""},"categories":[],"tags":[],"class_list":["post-819","page","type-page","status-publish","hentry"],"acf":[],"_links":{"self":[{"href":"https:\/\/semmelweis.hu\/hta\/wp-json\/wp\/v2\/pages\/819","targetHints":{"allow":["GET"]}}],"collection":[{"href":"https:\/\/semmelweis.hu\/hta\/wp-json\/wp\/v2\/pages"}],"about":[{"href":"https:\/\/semmelweis.hu\/hta\/wp-json\/wp\/v2\/types\/page"}],"author":[{"embeddable":true,"href":"https:\/\/semmelweis.hu\/hta\/wp-json\/wp\/v2\/users\/101744"}],"replies":[{"embeddable":true,"href":"https:\/\/semmelweis.hu\/hta\/wp-json\/wp\/v2\/comments?post=819"}],"version-history":[{"count":13,"href":"https:\/\/semmelweis.hu\/hta\/wp-json\/wp\/v2\/pages\/819\/revisions"}],"predecessor-version":[{"id":1853,"href":"https:\/\/semmelweis.hu\/hta\/wp-json\/wp\/v2\/pages\/819\/revisions\/1853"}],"up":[{"embeddable":true,"href":"https:\/\/semmelweis.hu\/hta\/wp-json\/wp\/v2\/pages\/133"}],"wp:attachment":[{"href":"https:\/\/semmelweis.hu\/hta\/wp-json\/wp\/v2\/media?parent=819"}],"wp:term":[{"taxonomy":"category","embeddable":true,"href":"https:\/\/semmelweis.hu\/hta\/wp-json\/wp\/v2\/categories?post=819"},{"taxonomy":"post_tag","embeddable":true,"href":"https:\/\/semmelweis.hu\/hta\/wp-json\/wp\/v2\/tags?post=819"}],"curies":[{"name":"wp","href":"https:\/\/api.w.org\/{rel}","templated":true}]}}