{"id":813,"date":"2022-02-03T09:57:26","date_gmt":"2022-02-03T08:57:26","guid":{"rendered":"https:\/\/semmelweis.hu\/hta\/?page_id=813"},"modified":"2025-11-19T15:19:32","modified_gmt":"2025-11-19T14:19:32","slug":"research-topics-for-phd","status":"publish","type":"page","link":"https:\/\/semmelweis.hu\/hta\/en\/education\/postgraduate\/research-topics-for-phd\/","title":{"rendered":"Research topics for PhD"},"content":{"rendered":"<div class=\"w-100 keretes\"><strong>Research topics for PhD:<\/strong><\/div>\n<table style=\"width: 100%;height: 541px\">\n<tbody>\n<tr style=\"height: 33px\">\n<td style=\"width: 31.0307%;height: 33px\"><strong><em>\u00a0 \u00a0Topic supervisor: \u00a0<\/em><\/strong><\/td>\n<td style=\"width: 68.8596%;height: 33px\"><strong><em>Research field:<\/em><\/strong><\/td>\n<\/tr>\n<tr style=\"height: 53px\">\n<td style=\"width: 31.0307%;text-align: center;height: 53px\">\n<p>Zolt\u00e1n Vok\u00f3<\/p>\n<\/td>\n<td style=\"width: 68.8596%;height: 53px\">\n<ul>\n<li>Health economics of public health interventions<\/li>\n<\/ul>\n<\/td>\n<\/tr>\n<tr style=\"height: 173px\">\n<td style=\"width: 31.0307%;text-align: center;height: 173px\">Zolt\u00e1n Kal\u00f3<\/td>\n<td style=\"width: 68.8596%;height: 173px\">\n<ul>\n<li>Supporting health care R&amp;D decisions by early-phase technology assessment<\/li>\n<li>Economic principles of health care research and development from the macro-level perspective<\/li>\n<li>HTA implementation roadmap in lower-income countries<\/li>\n<\/ul>\n<\/td>\n<\/tr>\n<tr style=\"height: 63px\">\n<td style=\"width: 31.0307%;text-align: center;height: 63px\">\u00a0 Andr\u00e1s Inotai<\/td>\n<td style=\"width: 68.8596%;height: 63px\">\n<ul>\n<li>Evidence-based pharmaceutical policy decisions<\/li>\n<\/ul>\n<\/td>\n<\/tr>\n<tr style=\"height: 53px\">\n<td style=\"width: 31.0307%;text-align: center;height: 53px\">\u00a0 Bal\u00e1zs Nagy<\/td>\n<td style=\"width: 68.8596%;height: 53px\">\n<ul>\n<li>Health economic evaluation of health programs and technologies<\/li>\n<\/ul>\n<\/td>\n<\/tr>\n<tr style=\"height: 53px\">\n<td style=\"width: 31.0307%;text-align: center;height: 53px\">\u00a0Tam\u00e1s \u00c1gh\u00a0<\/td>\n<td style=\"width: 68.8596%;height: 53px\">\n<ul>\n<li>Health-economics aspects of medication adherence<\/li>\n<\/ul>\n<\/td>\n<\/tr>\n<tr style=\"height: 113px\">\n<td style=\"width: 31.0307%;text-align: center;height: 113px\">\u00a0J\u00e1nos Gy\u00f6rgy Pitter<\/td>\n<td style=\"width: 68.8596%;height: 113px\">\n<ul>\n<li>Health technology assessment of patient management models<\/li>\n<li>Applicability of health technology assessment methods to evaluate food safety risk management interventions<\/li>\n<\/ul>\n<\/td>\n<\/tr>\n<\/tbody>\n<\/table>\n","protected":false},"excerpt":{"rendered":"<p>Research topics for PhD: \u00a0 \u00a0Topic supervisor: \u00a0 Research field: Zolt\u00e1n Vok\u00f3 Health economics of public health interventions Zolt\u00e1n Kal\u00f3 Supporting health care R&amp;D decisions by early-phase technology assessment Economic principles of health care research and development from the macro-level perspective HTA implementation roadmap in lower-income countries \u00a0 Andr\u00e1s Inotai Evidence-based pharmaceutical policy decisions \u00a0 &hellip;<\/p>\n","protected":false},"author":101744,"featured_media":0,"parent":601,"menu_order":3,"comment_status":"closed","ping_status":"closed","template":"","meta":{"_acf_changed":false,"footnotes":""},"categories":[],"tags":[],"class_list":["post-813","page","type-page","status-publish","hentry"],"acf":[],"_links":{"self":[{"href":"https:\/\/semmelweis.hu\/hta\/wp-json\/wp\/v2\/pages\/813","targetHints":{"allow":["GET"]}}],"collection":[{"href":"https:\/\/semmelweis.hu\/hta\/wp-json\/wp\/v2\/pages"}],"about":[{"href":"https:\/\/semmelweis.hu\/hta\/wp-json\/wp\/v2\/types\/page"}],"author":[{"embeddable":true,"href":"https:\/\/semmelweis.hu\/hta\/wp-json\/wp\/v2\/users\/101744"}],"replies":[{"embeddable":true,"href":"https:\/\/semmelweis.hu\/hta\/wp-json\/wp\/v2\/comments?post=813"}],"version-history":[{"count":7,"href":"https:\/\/semmelweis.hu\/hta\/wp-json\/wp\/v2\/pages\/813\/revisions"}],"predecessor-version":[{"id":1855,"href":"https:\/\/semmelweis.hu\/hta\/wp-json\/wp\/v2\/pages\/813\/revisions\/1855"}],"up":[{"embeddable":true,"href":"https:\/\/semmelweis.hu\/hta\/wp-json\/wp\/v2\/pages\/601"}],"wp:attachment":[{"href":"https:\/\/semmelweis.hu\/hta\/wp-json\/wp\/v2\/media?parent=813"}],"wp:term":[{"taxonomy":"category","embeddable":true,"href":"https:\/\/semmelweis.hu\/hta\/wp-json\/wp\/v2\/categories?post=813"},{"taxonomy":"post_tag","embeddable":true,"href":"https:\/\/semmelweis.hu\/hta\/wp-json\/wp\/v2\/tags?post=813"}],"curies":[{"name":"wp","href":"https:\/\/api.w.org\/{rel}","templated":true}]}}