{"id":809,"date":"2022-02-03T09:53:59","date_gmt":"2022-02-03T08:53:59","guid":{"rendered":"https:\/\/semmelweis.hu\/hta\/?page_id=809"},"modified":"2025-11-19T15:17:40","modified_gmt":"2025-11-19T14:17:40","slug":"phd-kutatasi-temak","status":"publish","type":"page","link":"https:\/\/semmelweis.hu\/hta\/oktatas\/phd-kepzes\/phd-kutatasi-temak\/","title":{"rendered":"PhD kutat\u00e1si t\u00e9m\u00e1k"},"content":{"rendered":"<div>\u00a0<\/div>\n<div class=\"w-100 keretes\"><strong>PhD kutat\u00e1si t\u00e9m\u00e1k:<\/strong><\/div>\n<p>&nbsp;<\/p>\n<table style=\"width: 100%\">\n<tbody>\n<tr>\n<td style=\"width: 20.1754%\"><strong>T\u00e9mavezet\u0151k:\u00a0<\/strong><\/td>\n<td style=\"width: 79.8246%\">\u00a0<strong>Kutat\u00e1si t\u00e9m\u00e1k:<\/strong><\/td>\n<\/tr>\n<tr>\n<td style=\"width: 20.1754%\"><strong>Vok\u00f3 Zolt\u00e1n<\/strong><\/td>\n<td style=\"width: 79.8246%\">\n<ul>\n<li>N\u00e9peg\u00e9szs\u00e9g\u00fcgyi beavatkoz\u00e1sok eg\u00e9szs\u00e9g-gazdas\u00e1gtana<\/li>\n<\/ul>\n<p style=\"padding-left: 40px\"><em>Health economics of public health interventions<\/em><\/p>\n<\/td>\n<\/tr>\n<tr>\n<td style=\"width: 20.1754%\">\n<p><strong>Kal\u00f3 Zolt\u00e1n<\/strong><\/p>\n<\/td>\n<td style=\"width: 79.8246%\">\n<ul>\n<li>Eg\u00e9szs\u00e9g\u00fcgyi kutat\u00e1s-fejleszt\u00e9si d\u00f6nt\u00e9sek t\u00e1mogat\u00e1sa a korai f\u00e1zis\u00fa technol\u00f3gia \u00e9rt\u00e9kel\u00e9s eszk\u00f6zt\u00e1r\u00e1val<\/li>\n<\/ul>\n<p style=\"padding-left: 40px\"><em>Supporting health care R&amp;D decisions by early phase technology assessment<\/em><\/p>\n<ul>\n<li>Eg\u00e9szs\u00e9gipari kutat\u00e1s-fejleszt\u00e9s m\u0171k\u00f6d\u00e9s\u00e9nek gazdas\u00e1gi megalapozotts\u00e1ga makroszint\u0171 k\u00f6zel\u00edt\u00e9sben<\/li>\n<\/ul>\n<p style=\"padding-left: 40px\"><em>Economic principles of health care research and development from the macro level perspective<\/em><\/p>\n<ul>\n<li>Az eg\u00e9szs\u00e9g\u00fcgyi technol\u00f3gia \u00e9rt\u00e9kel\u00e9s rendszer\u00e9nek ki\u00e9p\u00edt\u00e9se alacsonyabb j\u00f6vedelm\u0171 orsz\u00e1gokban<\/li>\n<\/ul>\n<p style=\"padding-left: 40px\"><em style=\"font-family: inherit;font-size: inherit\">HTA implementation roadmap in lower income countries<\/em><\/p>\n<\/td>\n<\/tr>\n<tr>\n<td style=\"width: 20.1754%\"><strong>Inotai Andr\u00e1s<\/strong><\/td>\n<td style=\"width: 79.8246%\">\n<ul>\n<li>Gy\u00f3gyszerpolitikai d\u00f6nt\u00e9sek tudom\u00e1nyos megalapozotts\u00e1ga<\/li>\n<\/ul>\n<p style=\"padding-left: 40px\"><em>Evidence based pharmaceutical policy decisions<\/em><\/p>\n<\/td>\n<\/tr>\n<tr>\n<td style=\"width: 20.1754%\"><strong>Nagy Bal\u00e1zs<\/strong><\/td>\n<td style=\"width: 79.8246%\">\n<ul>\n<li>Eg\u00e9szs\u00e9g\u00fcgyi technol\u00f3gi\u00e1k \u00e9s programok eg\u00e9szs\u00e9g-gazdas\u00e1gtani \u00e9rt\u00e9kel\u00e9se<\/li>\n<\/ul>\n<p style=\"padding-left: 40px\"><em>Health economic evaluation of health programs and technologies<\/em><\/p>\n<\/td>\n<\/tr>\n<tr>\n<td style=\"width: 20.1754%\"><strong>\u00c1gh Tam\u00e1s<\/strong><\/td>\n<td style=\"width: 79.8246%\">\n<ul>\n<li>A gy\u00f3gyszeres ter\u00e1piah\u0171s\u00e9g eg\u00e9szs\u00e9g-gazdas\u00e1gtani vonatkoz\u00e1sai<\/li>\n<\/ul>\n<p style=\"padding-left: 40px\"><em>Health-economics aspects of medication adherence<\/em><\/p>\n<\/td>\n<\/tr>\n<tr>\n<td style=\"width: 20.1754%\"><strong>Pitter J\u00e1nos Gy\u00f6rgy<\/strong><\/td>\n<td style=\"width: 79.8246%\">\n<ul>\n<li>Beteg\u00fat szervez\u00e9si modellek eg\u00e9szs\u00e9g\u00fcgyi technol\u00f3gia \u00e9rt\u00e9kel\u00e9se<\/li>\n<\/ul>\n<p style=\"padding-left: 40px\"><em>Health technology assessment of patient management models<\/em><\/p>\n<ul>\n<li>Eg\u00e9szs\u00e9g\u00fcgyi technol\u00f3gia \u00e9rt\u00e9kel\u00e9s m\u00f3dszertan\u00e1nak alkalmaz\u00e1si lehet\u0151s\u00e9gei az \u00e9lelmiszer-eg\u00e9szs\u00e9g\u00fcgyi kock\u00e1zat menedzsment ter\u00fclet\u00e9n<\/li>\n<\/ul>\n<p style=\"padding-left: 40px\"><em>Applicability of health technology assessment methods to evaluate food safety risk management interventions<\/em><\/p>\n<\/td>\n<\/tr>\n<\/tbody>\n<\/table>\n<p style=\"padding-left: 40px\">\u00a0<\/p>\n","protected":false},"excerpt":{"rendered":"<p>\u00a0 PhD kutat\u00e1si t\u00e9m\u00e1k: &nbsp; T\u00e9mavezet\u0151k:\u00a0 \u00a0Kutat\u00e1si t\u00e9m\u00e1k: Vok\u00f3 Zolt\u00e1n N\u00e9peg\u00e9szs\u00e9g\u00fcgyi beavatkoz\u00e1sok eg\u00e9szs\u00e9g-gazdas\u00e1gtana Health economics of public health interventions Kal\u00f3 Zolt\u00e1n Eg\u00e9szs\u00e9g\u00fcgyi kutat\u00e1s-fejleszt\u00e9si d\u00f6nt\u00e9sek t\u00e1mogat\u00e1sa a korai f\u00e1zis\u00fa technol\u00f3gia \u00e9rt\u00e9kel\u00e9s eszk\u00f6zt\u00e1r\u00e1val Supporting health care R&amp;D decisions by early phase technology assessment Eg\u00e9szs\u00e9gipari kutat\u00e1s-fejleszt\u00e9s m\u0171k\u00f6d\u00e9s\u00e9nek gazdas\u00e1gi megalapozotts\u00e1ga makroszint\u0171 k\u00f6zel\u00edt\u00e9sben Economic principles of health care research and &hellip;<\/p>\n","protected":false},"author":101744,"featured_media":0,"parent":133,"menu_order":3,"comment_status":"closed","ping_status":"closed","template":"","meta":{"_acf_changed":false,"footnotes":""},"categories":[],"tags":[],"class_list":["post-809","page","type-page","status-publish","hentry"],"acf":[],"_links":{"self":[{"href":"https:\/\/semmelweis.hu\/hta\/wp-json\/wp\/v2\/pages\/809","targetHints":{"allow":["GET"]}}],"collection":[{"href":"https:\/\/semmelweis.hu\/hta\/wp-json\/wp\/v2\/pages"}],"about":[{"href":"https:\/\/semmelweis.hu\/hta\/wp-json\/wp\/v2\/types\/page"}],"author":[{"embeddable":true,"href":"https:\/\/semmelweis.hu\/hta\/wp-json\/wp\/v2\/users\/101744"}],"replies":[{"embeddable":true,"href":"https:\/\/semmelweis.hu\/hta\/wp-json\/wp\/v2\/comments?post=809"}],"version-history":[{"count":5,"href":"https:\/\/semmelweis.hu\/hta\/wp-json\/wp\/v2\/pages\/809\/revisions"}],"predecessor-version":[{"id":1854,"href":"https:\/\/semmelweis.hu\/hta\/wp-json\/wp\/v2\/pages\/809\/revisions\/1854"}],"up":[{"embeddable":true,"href":"https:\/\/semmelweis.hu\/hta\/wp-json\/wp\/v2\/pages\/133"}],"wp:attachment":[{"href":"https:\/\/semmelweis.hu\/hta\/wp-json\/wp\/v2\/media?parent=809"}],"wp:term":[{"taxonomy":"category","embeddable":true,"href":"https:\/\/semmelweis.hu\/hta\/wp-json\/wp\/v2\/categories?post=809"},{"taxonomy":"post_tag","embeddable":true,"href":"https:\/\/semmelweis.hu\/hta\/wp-json\/wp\/v2\/tags?post=809"}],"curies":[{"name":"wp","href":"https:\/\/api.w.org\/{rel}","templated":true}]}}