{"id":8,"date":"2020-05-12T12:18:17","date_gmt":"2020-05-12T10:18:17","guid":{"rendered":"https:\/\/semmelweis.hu\/hta\/?page_id=8"},"modified":"2024-11-25T14:26:36","modified_gmt":"2024-11-25T13:26:36","slug":"kapcsolat","status":"publish","type":"page","link":"https:\/\/semmelweis.hu\/hta\/kapcsolat\/","title":{"rendered":"Kapcsolat"},"content":{"rendered":"<p style=\"text-align: center\"><span style=\"font-size: 18pt\"><strong>Eg\u00e9szs\u00e9g\u00fcgyi Technol\u00f3gia\u00e9rt\u00e9kel\u0151 \u00e9s Elemz\u00e9si K\u00f6zpont<\/strong><\/span><\/p>\n<p style=\"text-align: center\"><strong>C\u00edm:<\/strong> 1091 Budapest, \u00dcll\u0151i \u00fat 25.<br \/>City Corner Irodah\u00e1z &#8211; IV. emelet 415.<\/p>\n<p style=\"text-align: center\"><strong>Telefon:<\/strong> +36-20-670-1878<br \/><em>Munkanapokon 08-16 k\u00f6z\u00f6tt h\u00edvhat\u00f3<\/em><\/p>\n<p style=\"text-align: center\"><strong>E-mail c\u00edm:<\/strong> hta@semmelweis.hu<\/p>\n\n<!-- iframe plugin v.4.9 wordpress.org\/plugins\/iframe\/ -->\n<iframe loading=\"lazy\" src=\"https:\/\/www.google.com\/maps\/embed?pb=!1m18!1m12!1m3!1d2696.1351494441983!2d19.06408931562637!3d47.48728047917696!2m3!1f0!2f0!3f0!3m2!1i1024!2i768!4f13.1!3m3!1m2!1s0x4741dc59f18cc997%3A0xcbd7d2844b0399ee!2zQnVkYXBlc3QsIMOcbGzFkWkgw7p0IDI1LCAxMDkx!5e0!3m2!1shu!2shu!4v1589278672550!5m2!1shu!2shu\" width=\"100%\" height=\"450\" scrolling=\"yes\" class=\"iframe-class\" frameborder=\"0\"><\/iframe>\n\n","protected":false},"excerpt":{"rendered":"<p>Eg\u00e9szs\u00e9g\u00fcgyi Technol\u00f3gia\u00e9rt\u00e9kel\u0151 \u00e9s Elemz\u00e9si K\u00f6zpont<br \/>\nC\u00edm: 1091 Budapest, \u00dcll\u0151i \u00fat 25.City Corner Irodah\u00e1z &#8211; IV. emelet 415.<br \/>\nTelefon: +36-20-670-1878Munkanapokon 08-16 k\u00f6z\u00f6tt h\u00edvhat\u00f3<br \/>\nE-mail c\u00edm: hta@semmelweis.hu<\/p>\n","protected":false},"author":12,"featured_media":0,"parent":0,"menu_order":8,"comment_status":"closed","ping_status":"closed","template":"template-fullwidth.php","meta":{"_acf_changed":false,"footnotes":""},"categories":[],"tags":[],"class_list":["post-8","page","type-page","status-publish","hentry"],"acf":[],"_links":{"self":[{"href":"https:\/\/semmelweis.hu\/hta\/wp-json\/wp\/v2\/pages\/8","targetHints":{"allow":["GET"]}}],"collection":[{"href":"https:\/\/semmelweis.hu\/hta\/wp-json\/wp\/v2\/pages"}],"about":[{"href":"https:\/\/semmelweis.hu\/hta\/wp-json\/wp\/v2\/types\/page"}],"author":[{"embeddable":true,"href":"https:\/\/semmelweis.hu\/hta\/wp-json\/wp\/v2\/users\/12"}],"replies":[{"embeddable":true,"href":"https:\/\/semmelweis.hu\/hta\/wp-json\/wp\/v2\/comments?post=8"}],"version-history":[{"count":11,"href":"https:\/\/semmelweis.hu\/hta\/wp-json\/wp\/v2\/pages\/8\/revisions"}],"predecessor-version":[{"id":1407,"href":"https:\/\/semmelweis.hu\/hta\/wp-json\/wp\/v2\/pages\/8\/revisions\/1407"}],"wp:attachment":[{"href":"https:\/\/semmelweis.hu\/hta\/wp-json\/wp\/v2\/media?parent=8"}],"wp:term":[{"taxonomy":"category","embeddable":true,"href":"https:\/\/semmelweis.hu\/hta\/wp-json\/wp\/v2\/categories?post=8"},{"taxonomy":"post_tag","embeddable":true,"href":"https:\/\/semmelweis.hu\/hta\/wp-json\/wp\/v2\/tags?post=8"}],"curies":[{"name":"wp","href":"https:\/\/api.w.org\/{rel}","templated":true}]}}