{"id":5,"date":"2020-05-12T12:15:56","date_gmt":"2020-05-12T10:15:56","guid":{"rendered":"https:\/\/semmelweis.hu\/hta\/?page_id=5"},"modified":"2025-06-19T10:34:35","modified_gmt":"2025-06-19T08:34:35","slug":"a-kozpontrol","status":"publish","type":"page","link":"https:\/\/semmelweis.hu\/hta\/a-kozpontrol\/","title":{"rendered":"A K\u00f6zpontr\u00f3l"},"content":{"rendered":"<p style=\"text-align: justify\">A Semmelweis Egyetem Eg\u00e9szs\u00e9g\u00fcgyi Technol\u00f3gia\u00e9rt\u00e9kel\u0151 \u00e9s Elemz\u00e9si K\u00f6zpontja (ET\u00c9K) 2019-ben j\u00f6tt l\u00e9tre azzal a c\u00e9llal, hogy az eg\u00e9szs\u00e9g\u00fcgyi technol\u00f3gia\u00e9rt\u00e9kel\u00e9s, eg\u00e9szs\u00e9g-gazdas\u00e1gtan, eg\u00e9szs\u00e9gpolitika \u00e9s epidemiol\u00f3gia tudom\u00e1ny\u00e1gak ter\u00fclet\u00e9n elemz\u00e9si \u00e9s m\u00f3dszertani kutat\u00e1sokat v\u00e9gezzen, tov\u00e1bb\u00e1 hogy a Semmelweis Egyetem szervezeti egys\u00e9gei sz\u00e1m\u00e1ra szakmai t\u00e1mogat\u00f3 \u00e9s konzult\u00e1ci\u00f3s tev\u00e9kenys\u00e9get biztos\u00edtson.<\/p>\n<p style=\"text-align: justify\">K\u00f6zpontunk egyetemi k\u00e9pz\u00e9st is folytat, k\u00fcl\u00f6n\u00f6sen az eg\u00e9szs\u00e9g\u00fcgyi technol\u00f3gia\u00e9rt\u00e9kel\u00e9s elm\u00e9leti \u00e9s gyakorlati m\u00f3dszertani ismereteinek oktat\u00e1s\u00e1val, mind gradu\u00e1lis \u00e9s posztgradu\u00e1lis szinten.<\/p>\n<div class=\"fontos_div\">\n<p style=\"text-align: justify\">A K\u00f6zpont kutat\u00f3i tev\u00e9kenys\u00e9g\u00e9vel azt seg\u00edti el\u0151, hogy <strong>az egyetemi felfedez\u0151 kutat\u00e1sok eredm\u00e9nyek\u00e9ppen l\u00e9trej\u00f6v\u0151 innovat\u00edv megold\u00e1sok a gyakorlati betegell\u00e1t\u00e1sban is sz\u00e9lesk\u00f6rben el\u00e9rhet\u0151v\u00e9 v\u00e1lhassanak<\/strong>, Magyarorsz\u00e1gon \u00e9s nemzetk\u00f6zi szinten is.<\/p>\n<\/div>\n<p style=\"text-align: justify\">A gradu\u00e1lis k\u00e9pz\u00e9s c\u00e9lja az alapvet\u0151 ismeretek min\u00e9l \u00e9rthet\u0151bb \u00e1tad\u00e1sa, bevezet\u00e9s a szakter\u00fclet kutat\u00e1si k\u00e9rd\u00e9seibe \u00e9s m\u00f3dszertan\u00e1ba.\u00a0A posztgradu\u00e1lis programok az elm\u00e9ly\u00fclt kutat\u00e1shoz sz\u00fcks\u00e9ges elm\u00e9leti \u00e9s m\u00f3dszertani ismereteket k\u00f6zvet\u00edtik.<\/p>\n<h4 style=\"text-align: justify\"><strong>Melyek az eg\u00e9szs\u00e9g\u00fcgyi technol\u00f3gi\u00e1k?<\/strong><\/h4>\n<p style=\"text-align: justify\">Eg\u00e9szs\u00e9g\u00fcgyi technol\u00f3gia fogalma alatt \u00e9rtend\u0151 az eg\u00e9szs\u00e9g meg\u0151rz\u00e9s\u00e9re, helyre\u00e1ll\u00edt\u00e1s\u00e1ra, illetve az eg\u00e9szs\u00e9gi \u00e1llapot diagnosztiz\u00e1l\u00e1s\u00e1ra ir\u00e1nyul\u00f3 tev\u00e9kenys\u00e9gek valamint ezek kapcs\u00e1n felhaszn\u00e1lt eszk\u00f6z\u00f6k, anyagok, m\u00f3dszerek \u00f6sszess\u00e9ge. Egyszer\u0171bben; minden olyan elj\u00e1r\u00e1s, anyag vagy eszk\u00f6z, amit a megel\u0151z\u00e9s \u00e9s gy\u00f3gy\u00edt\u00e1s sor\u00e1n haszn\u00e1l fel az eg\u00e9szs\u00e9g\u00fcgyi ell\u00e1t\u00f3.\u00a0\u00a0 <br \/>Ide tartoznak<\/p>\n<ul style=\"list-style-type: square\">\n<li>az eg\u00e9szs\u00e9g\u00fcgyi ell\u00e1t\u00e1sban haszn\u00e1latos gy\u00f3gyszerek,<\/li>\n<li>a diagnosztikus, ter\u00e1pi\u00e1s, rehabilit\u00e1ci\u00f3s elj\u00e1r\u00e1sok \u00e9s elj\u00e1r\u00e1ssorozatok,<\/li>\n<li>a megel\u0151z\u00e9si \u00e9s eg\u00e9szs\u00e9g-fejleszt\u00e9si tev\u00e9kenys\u00e9gek,<\/li>\n<li>az orvostechnikai eszk\u00f6z\u00f6k.<\/li>\n<\/ul>\n<h4><strong>Mib\u0151l \u00e1ll az eg\u00e9szs\u00e9g\u00fcgyi technol\u00f3gia\u00e9rt\u00e9kel\u00e9s?<\/strong><\/h4>\n<p style=\"text-align: justify\">Az eg\u00e9szs\u00e9g\u00fcgyi technol\u00f3gi\u00e1k k\u00fcl\u00f6nb\u00f6z\u0151 aspektusokb\u00f3l (klinikai, gazdas\u00e1gi, szervezeti, etikai) t\u00f6rt\u00e9n\u0151 \u00e9rt\u00e9kel\u00e9se az eg\u00e9szs\u00e9gpolitikai d\u00f6nt\u00e9shozatal t\u00e1mogat\u00e1s\u00e1ra, orsz\u00e1gos k\u00f6zfinansz\u00edroz\u00e1si vagy k\u00f3rh\u00e1zi beruh\u00e1z\u00e1si szinteken egyar\u00e1nt.<\/p>\n<p style=\"text-align: justify\">A technol\u00f3gia-\u00e9rt\u00e9kel\u00e9s alapvet\u0151en azt elemzi, hogy az adott technol\u00f3gia milyen k\u00f6lts\u00e9g mellett milyen eg\u00e9szs\u00e9g-nyeres\u00e9get hoz (\u00e9lettartam hosszabbod\u00e1s, \u00e9letmin\u0151s\u00e9g javul\u00e1s, stb); illetve, hogy az adott probl\u00e9ma kezel\u00e9s\u00e9re rendelkez\u00e9sre \u00e1ll\u00f3 egy\u00e9b technol\u00f3gi\u00e1khoz k\u00e9pest milyen az \u00faj technol\u00f3gia hat\u00e1soss\u00e1ga \u00e9s k\u00f6lts\u00e9g-hat\u00e9konys\u00e1ga. M\u00e1s defin\u00edci\u00f3 szerint: az eg\u00e9szs\u00e9g\u00fcgyi technol\u00f3gia\u00e9rt\u00e9kel\u00e9s c\u00e9lja az eg\u00e9szs\u00e9g\u00fcgyi k\u00f6zpolitika form\u00e1l\u00f3inak t\u00e1j\u00e9koztat\u00e1sa egy adott elj\u00e1r\u00e1s klinikai (hat\u00e1soss\u00e1g, eredm\u00e9nyess\u00e9g), gazdas\u00e1gi \u00e9s gyakran szoci\u00e1lis\/etikai vonatkoz\u00e1s\u00e1r\u00f3l az optim\u00e1lis forr\u00e1sallok\u00e1ci\u00f3 el\u0151seg\u00edt\u00e9se \u00e9rdek\u00e9ben.<\/p>\n","protected":false},"excerpt":{"rendered":"<p>Az Eg\u00e9szs\u00e9g\u00fcgyi Technol\u00f3gia\u00e9rt\u00e9kel\u0151 \u00e9s Elemz\u00e9si K\u00f6zpont olyan oktat\u00e1si-kutat\u00e1si szervezeti egys\u00e9g, amely szakmai t\u00e1mogat\u00f3 tev\u00e9kenys\u00e9get is biztos\u00edt az Egyetem egy\u00e9b szervezeti egys\u00e9gei r\u00e9sz\u00e9re. Ennek keret\u00e9ben eg\u00e9szs\u00e9g\u00fcgyi technol\u00f3gia \u00e9rt\u00e9kel\u00e9st v\u00e9gez \u00e9s ehhez kapcsol\u00f3d\u00f3an koordin\u00e1ci\u00f3s \u00e9s oktat\u00e1si feladatokat l\u00e1t el.<\/p>\n","protected":false},"author":12,"featured_media":1622,"parent":0,"menu_order":0,"comment_status":"closed","ping_status":"closed","template":"template-fullwidth.php","meta":{"_acf_changed":false,"footnotes":""},"categories":[],"tags":[],"class_list":["post-5","page","type-page","status-publish","has-post-thumbnail","hentry"],"acf":[],"_links":{"self":[{"href":"https:\/\/semmelweis.hu\/hta\/wp-json\/wp\/v2\/pages\/5","targetHints":{"allow":["GET"]}}],"collection":[{"href":"https:\/\/semmelweis.hu\/hta\/wp-json\/wp\/v2\/pages"}],"about":[{"href":"https:\/\/semmelweis.hu\/hta\/wp-json\/wp\/v2\/types\/page"}],"author":[{"embeddable":true,"href":"https:\/\/semmelweis.hu\/hta\/wp-json\/wp\/v2\/users\/12"}],"replies":[{"embeddable":true,"href":"https:\/\/semmelweis.hu\/hta\/wp-json\/wp\/v2\/comments?post=5"}],"version-history":[{"count":10,"href":"https:\/\/semmelweis.hu\/hta\/wp-json\/wp\/v2\/pages\/5\/revisions"}],"predecessor-version":[{"id":1641,"href":"https:\/\/semmelweis.hu\/hta\/wp-json\/wp\/v2\/pages\/5\/revisions\/1641"}],"wp:featuredmedia":[{"embeddable":true,"href":"https:\/\/semmelweis.hu\/hta\/wp-json\/wp\/v2\/media\/1622"}],"wp:attachment":[{"href":"https:\/\/semmelweis.hu\/hta\/wp-json\/wp\/v2\/media?parent=5"}],"wp:term":[{"taxonomy":"category","embeddable":true,"href":"https:\/\/semmelweis.hu\/hta\/wp-json\/wp\/v2\/categories?post=5"},{"taxonomy":"post_tag","embeddable":true,"href":"https:\/\/semmelweis.hu\/hta\/wp-json\/wp\/v2\/tags?post=5"}],"curies":[{"name":"wp","href":"https:\/\/api.w.org\/{rel}","templated":true}]}}