{"id":248,"date":"2020-10-05T11:45:53","date_gmt":"2020-10-05T09:45:53","guid":{"rendered":"https:\/\/semmelweis.hu\/hta\/?page_id=248"},"modified":"2025-11-14T12:20:30","modified_gmt":"2025-11-14T11:20:30","slug":"publication-lists","status":"publish","type":"page","link":"https:\/\/semmelweis.hu\/hta\/en\/research\/publication-lists\/","title":{"rendered":"Publication Lists"},"content":{"rendered":"<table style=\"border-collapse: collapse;width: 100.696%;height: 465px\">\n<tbody>\n<tr style=\"height: 29px\">\n<td style=\"width: 50%;height: 29px\">Prof. Dr. Zolt\u00e1n Vok\u00f3<\/td>\n<td style=\"width: 50%;height: 29px\"><a href=\"https:\/\/m2.mtmt.hu\/api\/publication?cond=authors;in;10000181&amp;cond=category.mtid;eq;1&amp;labelLang=hun\">Publication list<\/a><\/td>\n<\/tr>\n<tr style=\"height: 29px\">\n<td style=\"width: 50%;height: 29px\">Prof. Dr. Zolt\u00e1n Kal\u00f3\u00a0<\/td>\n<td style=\"width: 50%;height: 29px\"><a href=\"https:\/\/m2.mtmt.hu\/api\/publication?cond=authors;in;10020938&amp;cond=category.mtid;eq;1&amp;labelLang=hun\">Publication list<\/a><\/td>\n<\/tr>\n<tr style=\"height: 29px\">\n<td style=\"width: 50%;height: 29px\">Dr. Bal\u00e1zs Nagy\u00a0<\/td>\n<td style=\"width: 50%;height: 29px\"><a href=\"https:\/\/m2.mtmt.hu\/api\/publication?cond=authors;in;10020933&amp;cond=category.mtid;eq;1&amp;labelLang=hun\">Publication list<\/a><\/td>\n<\/tr>\n<tr style=\"height: 29px\">\n<td style=\"width: 50%;height: 29px\">Dr. Andr\u00e1s Inotai\u00a0<\/td>\n<td style=\"width: 50%;height: 29px\"><a href=\"https:\/\/m2.mtmt.hu\/api\/publication?cond=authors;in;10026556&amp;cond=category.mtid;eq;1&amp;labelLang=hun\">Publication list<\/a><\/td>\n<\/tr>\n<tr style=\"height: 33px\">\n<td style=\"width: 50%;height: 33px\">Dr. Bal\u00e1zs Babarczy\u00a0<\/td>\n<td style=\"width: 50%;height: 33px\"><a href=\"https:\/\/m2.mtmt.hu\/api\/publication?cond=authors;eq;10071073&amp;cond=core;eq;true&amp;sort=publishedYear,desc&amp;sort=firstAuthor\">Publication list<\/a><\/td>\n<\/tr>\n<tr style=\"height: 30px\">\n<td style=\"width: 50%;height: 30px\">Dalma Erd\u0151si\u00a0<\/td>\n<td style=\"width: 50%;height: 30px\"><a href=\"https:\/\/m2.mtmt.hu\/api\/publication?cond=authors;eq;10075268&amp;cond=core;eq;true&amp;sort=publishedYear,desc&amp;sort=firstAuthor\">Publication list<\/a><\/td>\n<\/tr>\n<tr style=\"height: 30px\">\n<td style=\"width: 50%;height: 30px\">Manna Odette T\u00f3th\u00a0<\/td>\n<td style=\"width: 50%;height: 30px\"><a href=\"https:\/\/m2.mtmt.hu\/api\/publication?cond=authors;eq;10075200&amp;cond=core;eq;true&amp;sort=publishedYear,desc&amp;sort=firstAuthor\">Publication list<\/a><\/td>\n<\/tr>\n<tr style=\"height: 29px\">\n<td style=\"width: 50%;height: 29px\">Dr. \u00c1gota M\u00e9sz\u00e1ros<\/td>\n<td style=\"width: 50%;height: 29px\"><a href=\"https:\/\/m2.mtmt.hu\/api\/publication?cond=authors;eq;10074356&amp;cond=core;eq;true&amp;sort=publishedYear,desc&amp;sort=firstAuthor\">Publication list<\/a><\/td>\n<\/tr>\n<tr style=\"height: 29px\">\n<td style=\"width: 50%;height: 29px\">Dr. Judit Tittmann\u00a0<\/td>\n<td style=\"width: 50%;height: 29px\"><a href=\"https:\/\/m2.mtmt.hu\/api\/publication?cond=authors;eq;10084089&amp;cond=core;eq;true&amp;sort=publishedYear,desc&amp;sort=firstAuthor\">Publication list<\/a><\/td>\n<\/tr>\n<tr style=\"height: 29px\">\n<td style=\"width: 50%;height: 29px\">Dr. Krist\u00f3f Gy\u00f6ngy\u00f6si\u00a0<\/td>\n<td style=\"width: 50%;height: 29px\"><a href=\"https:\/\/m2.mtmt.hu\/api\/publication?cond=authors;eq;10090214&amp;cond=core;eq;true&amp;sort=publishedYear,desc&amp;sort=firstAuthor\">Publication list<\/a><\/td>\n<\/tr>\n<tr style=\"height: 29px\">\n<td style=\"width: 50%;height: 29px\">Dr. Attila Imre\u00a0<\/td>\n<td style=\"width: 50%;height: 29px\"><a href=\"https:\/\/m2.mtmt.hu\/api\/publication?cond=authors;eq;10090367&amp;cond=core;eq;true&amp;sort=publishedYear,desc&amp;sort=firstAuthor\">Publication list<\/a><\/td>\n<\/tr>\n<tr>\n<td style=\"width: 50%\">Al Rashdi Said Wani Said<\/td>\n<td style=\"width: 50%\"><a href=\"https:\/\/m2.mtmt.hu\/api\/publication?cond=authors;eq;10094211&amp;cond=core;eq;true&amp;sort=publishedYear,desc&amp;sort=firstAuthor\">Publication list<\/a><\/td>\n<\/tr>\n<tr style=\"height: 29px\">\n<td style=\"width: 50%;height: 29px\">Zsuzsa R\u00e9ka Pozs\u00e1r\u00a0<\/td>\n<td style=\"width: 50%;height: 29px\"><a href=\"https:\/\/m2.mtmt.hu\/api\/publication?cond=authors;eq;10093486&amp;cond=core;eq;true&amp;sort=publishedYear,desc&amp;sort=firstAuthor\">Publication list<\/a><\/td>\n<\/tr>\n<tr style=\"height: 26px\">\n<td style=\"width: 50%;height: 26px\">Nguyen Thanh Tu<\/td>\n<td style=\"width: 50%;height: 26px\"><a href=\"https:\/\/m2.mtmt.hu\/api\/publication?cond=authors;eq;10094495&amp;cond=core;eq;true&amp;sort=publishedYear,desc&amp;sort=firstAuthor\">Publication list<\/a><\/td>\n<\/tr>\n<tr style=\"height: 33px\">\n<td style=\"width: 50%;height: 33px\">Nguyen Thi Phuong Thao<\/td>\n<td style=\"width: 50%;height: 33px\"><a href=\"https:\/\/m2.mtmt.hu\/api\/publication?cond=authors;eq;10100472&amp;cond=core;eq;true&amp;sort=publishedYear,desc&amp;sort=firstAuthor\">Publication list<\/a><\/td>\n<\/tr>\n<\/tbody>\n<\/table>\n","protected":false},"excerpt":{"rendered":"<p>Prof. Dr. Zolt\u00e1n Vok\u00f3 <a href=\"https:\/\/m2.mtmt.hu\/api\/publication?cond=authors;in;10000181&amp;cond=category.mtid;eq;1&amp;labelLang=hun\">Publication list<\/a> Prof. Dr. Zolt\u00e1n Kal\u00f3\u00a0 <a href=\"https:\/\/m2.mtmt.hu\/api\/publication?cond=authors;in;10020938&amp;cond=category.mtid;eq;1&amp;labelLang=hun\">Publication list<\/a> Dr. Bal\u00e1zs Nagy\u00a0 <a href=\"https:\/\/m2.mtmt.hu\/api\/publication?cond=authors;in;10020933&amp;cond=category.mtid;eq;1&amp;labelLang=hun\">Publication list<\/a> Dr. Andr\u00e1s Inotai\u00a0 <a href=\"https:\/\/m2.mtmt.hu\/api\/publication?cond=authors;in;10026556&amp;cond=category.mtid;eq;1&amp;labelLang=hun\">Publication list<\/a> Dr. Bal\u00e1zs Babarczy\u00a0 <a href=\"https:\/\/m2.mtmt.hu\/api\/publication?cond=authors;eq;10071073&amp;cond=core;eq;true&amp;sort=publishedYear,desc&amp;sort=firstAuthor\">Publication list<\/a> Dalma Erd\u0151si\u00a0 <a href=\"https:\/\/m2.mtmt.hu\/api\/publication?cond=authors;eq;10075268&amp;cond=core;eq;true&amp;sort=publishedYear,desc&amp;sort=firstAuthor\">Publication list<\/a> Manna Odette T\u00f3th\u00a0 <a href=\"https:\/\/m2.mtmt.hu\/api\/publication?cond=authors;eq;10075200&amp;cond=core;eq;true&amp;sort=publishedYear,desc&amp;sort=firstAuthor\">Publication list<\/a> Dr. \u00c1gota M\u00e9sz\u00e1ros <a href=\"https:\/\/m2.mtmt.hu\/api\/publication?cond=authors;eq;10074356&amp;cond=core;eq;true&amp;sort=publishedYear,desc&amp;sort=firstAuthor\">Publication list<\/a> Dr. Judit Tittmann\u00a0 <a href=\"https:\/\/m2.mtmt.hu\/api\/publication?cond=authors;eq;10084089&amp;cond=core;eq;true&amp;sort=publishedYear,desc&amp;sort=firstAuthor\">Publication list<\/a> Dr. Krist\u00f3f Gy\u00f6ngy\u00f6si\u00a0 <a href=\"https:\/\/m2.mtmt.hu\/api\/publication?cond=authors;eq;10090214&amp;cond=core;eq;true&amp;sort=publishedYear,desc&amp;sort=firstAuthor\">Publication list<\/a> Dr. Attila Imre\u00a0 <a href=\"https:\/\/m2.mtmt.hu\/api\/publication?cond=authors;eq;10090367&amp;cond=core;eq;true&amp;sort=publishedYear,desc&amp;sort=firstAuthor\">Publication list<\/a> Al Rashdi Said Wani Said <a href=\"https:\/\/m2.mtmt.hu\/api\/publication?cond=authors;eq;10094211&amp;cond=core;eq;true&amp;sort=publishedYear,desc&amp;sort=firstAuthor\">Publication list<\/a> Zsuzsa R\u00e9ka Pozs\u00e1r\u00a0 <a href=\"https:\/\/m2.mtmt.hu\/api\/publication?cond=authors;eq;10093486&amp;cond=core;eq;true&amp;sort=publishedYear,desc&amp;sort=firstAuthor\">Publication list<\/a> Nguyen Thanh Tu <a href=\"https:\/\/m2.mtmt.hu\/api\/publication?cond=authors;eq;10094495&amp;cond=core;eq;true&amp;sort=publishedYear,desc&amp;sort=firstAuthor\">Publication list<\/a> Nguyen Thi Phuong Thao &hellip;<\/p>\n","protected":false},"author":101744,"featured_media":0,"parent":618,"menu_order":2,"comment_status":"closed","ping_status":"closed","template":"","meta":{"_acf_changed":false,"footnotes":""},"categories":[],"tags":[],"class_list":["post-248","page","type-page","status-publish","hentry"],"acf":[],"_links":{"self":[{"href":"https:\/\/semmelweis.hu\/hta\/wp-json\/wp\/v2\/pages\/248","targetHints":{"allow":["GET"]}}],"collection":[{"href":"https:\/\/semmelweis.hu\/hta\/wp-json\/wp\/v2\/pages"}],"about":[{"href":"https:\/\/semmelweis.hu\/hta\/wp-json\/wp\/v2\/types\/page"}],"author":[{"embeddable":true,"href":"https:\/\/semmelweis.hu\/hta\/wp-json\/wp\/v2\/users\/101744"}],"replies":[{"embeddable":true,"href":"https:\/\/semmelweis.hu\/hta\/wp-json\/wp\/v2\/comments?post=248"}],"version-history":[{"count":8,"href":"https:\/\/semmelweis.hu\/hta\/wp-json\/wp\/v2\/pages\/248\/revisions"}],"predecessor-version":[{"id":1774,"href":"https:\/\/semmelweis.hu\/hta\/wp-json\/wp\/v2\/pages\/248\/revisions\/1774"}],"up":[{"embeddable":true,"href":"https:\/\/semmelweis.hu\/hta\/wp-json\/wp\/v2\/pages\/618"}],"wp:attachment":[{"href":"https:\/\/semmelweis.hu\/hta\/wp-json\/wp\/v2\/media?parent=248"}],"wp:term":[{"taxonomy":"category","embeddable":true,"href":"https:\/\/semmelweis.hu\/hta\/wp-json\/wp\/v2\/categories?post=248"},{"taxonomy":"post_tag","embeddable":true,"href":"https:\/\/semmelweis.hu\/hta\/wp-json\/wp\/v2\/tags?post=248"}],"curies":[{"name":"wp","href":"https:\/\/api.w.org\/{rel}","templated":true}]}}