{"id":226,"date":"2020-10-05T09:52:21","date_gmt":"2020-10-05T07:52:21","guid":{"rendered":"https:\/\/semmelweis.hu\/hta\/?page_id=226"},"modified":"2024-11-25T14:25:33","modified_gmt":"2024-11-25T13:25:33","slug":"226-2","status":"publish","type":"page","link":"https:\/\/semmelweis.hu\/hta\/en\/226-2\/","title":{"rendered":"Contact"},"content":{"rendered":"<h5 id=\"site-title\" style=\"text-align: center\"><a class=\"long-title\" href=\"https:\/\/semmelweis.hu\/hta\/en\/\" rel=\"home\"><span style=\"color: #000000\">Center for Health Technology Assessment<\/span><\/a><\/h5>\n<p style=\"text-align: center\"><strong><span class=\"text-uppercase\">Address:<\/span><\/strong>1091 Budapest, \u00dcll\u0151i \u00fat 25. 4th floor, Room 415.<\/p>\n<p style=\"text-align: center\"><strong><span class=\"text-uppercase\">PHONE :<\/span><\/strong>+36-20-670-1878 on weekdays from 08:00 a.m. to 04.00 p.m.<\/p>\n<p style=\"text-align: center\"><strong><span class=\"text-uppercase\">E-MAIL: <\/span><\/strong>hta@semmelweis.hu<\/p>\n\n<!-- iframe plugin v.4.9 wordpress.org\/plugins\/iframe\/ -->\n<iframe loading=\"lazy\" src=\"https:\/\/www.google.com\/maps\/embed?pb=!1m18!1m12!1m3!1d2696.1351494441983!2d19.06408931562637!3d47.48728047917696!2m3!1f0!2f0!3f0!3m2!1i1024!2i768!4f13.1!3m3!1m2!1s0x4741dc59f18cc997%3A0xcbd7d2844b0399ee!2zQnVkYXBlc3QsIMOcbGzFkWkgw7p0IDI1LCAxMDkx!5e0!3m2!1shu!2shu!4v1589278672550!5m2!1shu!2shu\" width=\"100%\" height=\"450\" scrolling=\"yes\" class=\"iframe-class\" frameborder=\"0\"><\/iframe>\n\n","protected":false},"excerpt":{"rendered":"<p><a class=\"long-title\" href=\"https:\/\/semmelweis.hu\/hta\/en\/\" rel=\"home\">Center for Health Technology Assessment<\/a><br \/>\nAddress:1091 Budapest, \u00dcll\u0151i \u00fat 25. 4th floor, Room 415.<br \/>\nPHONE :+36-20-670-1878 on weekdays from 08:00 a.m. to 04.00 p.m.<br \/>\nE-MAIL: hta@semmelweis.hu<\/p>\n","protected":false},"author":101744,"featured_media":0,"parent":0,"menu_order":8,"comment_status":"closed","ping_status":"closed","template":"template-fullwidth.php","meta":{"_acf_changed":false,"footnotes":""},"categories":[],"tags":[],"class_list":["post-226","page","type-page","status-publish","hentry"],"acf":[],"_links":{"self":[{"href":"https:\/\/semmelweis.hu\/hta\/wp-json\/wp\/v2\/pages\/226","targetHints":{"allow":["GET"]}}],"collection":[{"href":"https:\/\/semmelweis.hu\/hta\/wp-json\/wp\/v2\/pages"}],"about":[{"href":"https:\/\/semmelweis.hu\/hta\/wp-json\/wp\/v2\/types\/page"}],"author":[{"embeddable":true,"href":"https:\/\/semmelweis.hu\/hta\/wp-json\/wp\/v2\/users\/101744"}],"replies":[{"embeddable":true,"href":"https:\/\/semmelweis.hu\/hta\/wp-json\/wp\/v2\/comments?post=226"}],"version-history":[{"count":9,"href":"https:\/\/semmelweis.hu\/hta\/wp-json\/wp\/v2\/pages\/226\/revisions"}],"predecessor-version":[{"id":1406,"href":"https:\/\/semmelweis.hu\/hta\/wp-json\/wp\/v2\/pages\/226\/revisions\/1406"}],"wp:attachment":[{"href":"https:\/\/semmelweis.hu\/hta\/wp-json\/wp\/v2\/media?parent=226"}],"wp:term":[{"taxonomy":"category","embeddable":true,"href":"https:\/\/semmelweis.hu\/hta\/wp-json\/wp\/v2\/categories?post=226"},{"taxonomy":"post_tag","embeddable":true,"href":"https:\/\/semmelweis.hu\/hta\/wp-json\/wp\/v2\/tags?post=226"}],"curies":[{"name":"wp","href":"https:\/\/api.w.org\/{rel}","templated":true}]}}