{"id":209,"date":"2020-10-01T11:39:08","date_gmt":"2020-10-01T09:39:08","guid":{"rendered":"https:\/\/semmelweis.hu\/hta\/?page_id=209"},"modified":"2026-01-22T09:15:57","modified_gmt":"2026-01-22T08:15:57","slug":"academic-registrars","status":"publish","type":"page","link":"https:\/\/semmelweis.hu\/hta\/en\/education\/academic-registrars\/","title":{"rendered":"Academic Registrars"},"content":{"rendered":"<table width=\"887\">\n<tbody>\n<tr>\n<td width=\"443\">\n<p>Pharmacoeconomics course:<\/p>\n<\/td>\n<td width=\"444\">\n<p><strong>Andr\u00e1s Inotai<\/strong><\/p>\n<\/td>\n<\/tr>\n<tr>\n<td width=\"443\">\n<p>Questions regarding the PhD courses:<\/p>\n<\/td>\n<td width=\"444\">\n<p><strong>Bal\u00e1zs Nagy<\/strong><\/p>\n<\/td>\n<\/tr>\n<tr>\n<td width=\"443\">\n<p>Management of educational affairs:<\/p>\n<\/td>\n<td width=\"444\">\n<p><strong>D\u00f3ra Cec\u00edlia Czintula<\/strong><\/p>\n<p><strong>Be\u00e1ta Galaczi<\/strong><\/p>\n<\/td>\n<\/tr>\n<tr>\n<td width=\"443\">\n<p>PhD student affairs:<\/p>\n<\/td>\n<td width=\"444\">\n<p><strong>Krist\u00f3f Gy\u00f6ngy\u00f6si<\/strong><\/p>\n<\/td>\n<\/tr>\n<\/tbody>\n<\/table>\n","protected":false},"excerpt":{"rendered":"<p>Pharmacoeconomics course:<\/p>\n<p>Andr\u00e1s Inotai<\/p>\n<p>Questions regarding the PhD courses:<\/p>\n<p>Bal\u00e1zs Nagy<\/p>\n<p>Management of educational affairs:<\/p>\n<p>D\u00f3ra Cec\u00edlia Czintula<br \/>\nBe\u00e1ta Galaczi<\/p>\n<p>PhD student affairs:<\/p>\n<p>Krist\u00f3f Gy\u00f6ngy\u00f6si<\/p>\n","protected":false},"author":101744,"featured_media":0,"parent":626,"menu_order":4,"comment_status":"closed","ping_status":"closed","template":"","meta":{"_acf_changed":false,"footnotes":""},"categories":[],"tags":[],"class_list":["post-209","page","type-page","status-publish","hentry"],"acf":[],"_links":{"self":[{"href":"https:\/\/semmelweis.hu\/hta\/wp-json\/wp\/v2\/pages\/209","targetHints":{"allow":["GET"]}}],"collection":[{"href":"https:\/\/semmelweis.hu\/hta\/wp-json\/wp\/v2\/pages"}],"about":[{"href":"https:\/\/semmelweis.hu\/hta\/wp-json\/wp\/v2\/types\/page"}],"author":[{"embeddable":true,"href":"https:\/\/semmelweis.hu\/hta\/wp-json\/wp\/v2\/users\/101744"}],"replies":[{"embeddable":true,"href":"https:\/\/semmelweis.hu\/hta\/wp-json\/wp\/v2\/comments?post=209"}],"version-history":[{"count":5,"href":"https:\/\/semmelweis.hu\/hta\/wp-json\/wp\/v2\/pages\/209\/revisions"}],"predecessor-version":[{"id":1909,"href":"https:\/\/semmelweis.hu\/hta\/wp-json\/wp\/v2\/pages\/209\/revisions\/1909"}],"up":[{"embeddable":true,"href":"https:\/\/semmelweis.hu\/hta\/wp-json\/wp\/v2\/pages\/626"}],"wp:attachment":[{"href":"https:\/\/semmelweis.hu\/hta\/wp-json\/wp\/v2\/media?parent=209"}],"wp:term":[{"taxonomy":"category","embeddable":true,"href":"https:\/\/semmelweis.hu\/hta\/wp-json\/wp\/v2\/categories?post=209"},{"taxonomy":"post_tag","embeddable":true,"href":"https:\/\/semmelweis.hu\/hta\/wp-json\/wp\/v2\/tags?post=209"}],"curies":[{"name":"wp","href":"https:\/\/api.w.org\/{rel}","templated":true}]}}