{"id":1910,"date":"2026-01-22T09:23:42","date_gmt":"2026-01-22T08:23:42","guid":{"rendered":"https:\/\/semmelweis.hu\/hta\/?page_id=1910"},"modified":"2026-01-22T09:42:41","modified_gmt":"2026-01-22T08:42:41","slug":"health-economic-aspects-of-pharmaceutical-rd-decisions","status":"publish","type":"page","link":"https:\/\/semmelweis.hu\/hta\/en\/education\/postgraduate\/health-economic-aspects-of-pharmaceutical-rd-decisions\/","title":{"rendered":"Health economic aspects of pharmaceutical R&amp;D decisions"},"content":{"rendered":"<p>&nbsp;<\/p>\n<p>Course director: Prof. Dr. Zolt\u00e1n Kal\u00f3 <img loading=\"lazy\" decoding=\"async\" class=\" wp-image-1617 alignright\" src=\"https:\/\/semmelweis.hu\/hta\/files\/2025\/06\/RS216966_GV5A9097-scr-267x400.jpg\" alt=\"\" width=\"167\" height=\"251\" srcset=\"https:\/\/semmelweis.hu\/hta\/files\/2025\/06\/RS216966_GV5A9097-scr-267x400.jpg 267w, https:\/\/semmelweis.hu\/hta\/files\/2025\/06\/RS216966_GV5A9097-scr.jpg 600w\" sizes=\"auto, (max-width: 167px) 100vw, 167px\" \/><\/p>\n<p>4-day course in pharmaceutical research and development (2 credits)<\/p>\n<p>Each day consists of 6 x 45-minute classes<\/p>\n<table style=\"width: 89.8365%\">\n<tbody>\n<tr>\n<td style=\"width: 6.6262%\" rowspan=\"2\" width=\"54\">\n<p>Day 1<\/p>\n<\/td>\n<td style=\"width: 72.0447%\" width=\"450\">\n<p>Pharmaceutical R&amp;D trends<\/p>\n<\/td>\n<td style=\"width: 61.5016%\" width=\"120\">\n<p>Zolt\u00e1n Kal\u00f3<\/p>\n<\/td>\n<\/tr>\n<tr>\n<td style=\"width: 72.0447%\" width=\"450\">\n<p>Economic modelling of investigational health technologies (case study)<\/p>\n<\/td>\n<td style=\"width: 61.5016%\" width=\"120\">\n<p>Bal\u00e1zs Nagy<\/p>\n<\/td>\n<\/tr>\n<tr>\n<td style=\"width: 8.6262%\" rowspan=\"3\" width=\"54\">\n<p>Day 2<\/p>\n<\/td>\n<td style=\"width: 72.0447%\" width=\"450\">\n<p>Principles of pharmaceutical pricing<\/p>\n<\/td>\n<td style=\"width: 61.5016%\" rowspan=\"3\" width=\"120\">\n<p>Zolt\u00e1n Kal\u00f3<\/p>\n<\/td>\n<\/tr>\n<tr>\n<td style=\"width: 72.0447%\" width=\"450\">\n<p>Strategic pricing of investigational health technologies<\/p>\n<\/td>\n<\/tr>\n<tr>\n<td style=\"width: 72.0447%\" width=\"450\">\n<p>Strategic pricing in multiple indications (case study)<\/p>\n<\/td>\n<\/tr>\n<tr>\n<td style=\"width: 8.6262%\" rowspan=\"2\" width=\"54\">\n<p>Day 3<\/p>\n<\/td>\n<td style=\"width: 72.0447%\" width=\"450\">\n<p>Importance of return on investment calculations in R&amp;D decisions<\/p>\n<\/td>\n<td style=\"width: 61.5016%\" rowspan=\"2\" width=\"120\">\n<p>Zolt\u00e1n Kal\u00f3<\/p>\n<\/td>\n<\/tr>\n<tr>\n<td style=\"width: 72.0447%\" width=\"450\">\n<p>Net present value calculation (case study)<\/p>\n<\/td>\n<\/tr>\n<tr>\n<td style=\"width: 8.6262%\" rowspan=\"2\" width=\"54\">\n<p>Day 4<\/p>\n<\/td>\n<td style=\"width: 72.0447%\" width=\"450\">\n<p>Early phase assessment of non-pharmaceutical technologies<\/p>\n<\/td>\n<td style=\"width: 61.5016%\" width=\"120\">\n<p>Zolt\u00e1n Kal\u00f3<\/p>\n<\/td>\n<\/tr>\n<tr>\n<td style=\"width: 72.0447%\" width=\"450\">\n<p>Fundraising for investigational health technologies<\/p>\n<\/td>\n<td style=\"width: 61.5016%\" width=\"120\">\n<p>Bertalan J\u00e1szk\u00fati<\/p>\n<\/td>\n<\/tr>\n<\/tbody>\n<\/table>\n<p><em>Technical requirements: participants should bring their own computer<\/em><\/p>\n<p>The Center plans to organise the course in January 2028. More detailed information is expected in November 2027.<\/p>\n<p>&nbsp;<\/p>\n<div class=\"keretes w-100\" style=\"text-align: center\"><strong>Archive:<\/strong><\/div>\n<p style=\"text-align: center\">Early Phase Health Technology Assessment COURSE<\/p>\n<p style=\"text-align: center\">organised by the<br \/><span style=\"color: #000080\">Center for Health Technology Assessment,<\/span><br \/>SEMMELWEIS UNIVERSITY, Budapest<br \/>COURSE DATE: 13 \u2013 16 January 2026, 9 AM-4 PM<br \/><span style=\"color: #ff0000\">Health economic aspects of pharmaceutical R&amp;D decisions<\/span><\/p>\n<div><img loading=\"lazy\" decoding=\"async\" class=\"wp-image-1218 aligncenter\" src=\"https:\/\/semmelweis.hu\/hta\/files\/2023\/11\/Kep1-400x155.jpg\" alt=\"\" width=\"738\" height=\"286\" srcset=\"https:\/\/semmelweis.hu\/hta\/files\/2023\/11\/Kep1-400x155.jpg 400w, https:\/\/semmelweis.hu\/hta\/files\/2023\/11\/Kep1-1024x396.jpg 1024w, https:\/\/semmelweis.hu\/hta\/files\/2023\/11\/Kep1-768x297.jpg 768w, https:\/\/semmelweis.hu\/hta\/files\/2023\/11\/Kep1-753x291.jpg 753w, https:\/\/semmelweis.hu\/hta\/files\/2023\/11\/Kep1.jpg 1438w\" sizes=\"auto, (max-width: 738px) 100vw, 738px\" \/><\/div>\n<p>&nbsp;<\/p>\n<p><strong>For Whom?<\/strong><\/p>\n<p>For representatives of health care innovators, investors and payers, HTA agencies, academic researchers and market access specialists of the health care industry or who are involved or interested in-, or influenced by decisions in pharmaceutical research and development.<\/p>\n<p><strong>Brief description<\/strong><\/p>\n<p>Early phase assessment of investigational medical technologies requires special skills in health technology assessment, economic modeling, and market research. Innovators or funders should explore policy relevant value propositions, realistic pricing assumptions and market potential before moving ahead or investing in a development program. The course &#8211; in addition to providing insights into theory &#8211; will mainly be based on case studies. Participants will construct economic models to judge the value-based price of investigational medical technologies, and evaluate their expected net present value to support indication selection and go, no-go decisions.<\/p>\n<p style=\"text-align: justify\">\u00a0<\/p>\n<p><strong>Lecturers:\u00a0<\/strong><\/p>\n<p><img loading=\"lazy\" decoding=\"async\" class=\"alignnone  wp-image-1412\" src=\"https:\/\/semmelweis.hu\/hta\/files\/2024\/11\/Kep1.jpg\" alt=\"\" width=\"173\" height=\"252\" \/> <img loading=\"lazy\" decoding=\"async\" class=\"alignnone  wp-image-267\" src=\"https:\/\/semmelweis.hu\/hta\/files\/2020\/10\/Nagy-Bal\u00e1zs-scaled-e1602503861361-348x400.jpg\" alt=\"\" width=\"223\" height=\"257\" srcset=\"https:\/\/semmelweis.hu\/hta\/files\/2020\/10\/Nagy-Bal\u00e1zs-scaled-e1602503861361-348x400.jpg 348w, https:\/\/semmelweis.hu\/hta\/files\/2020\/10\/Nagy-Bal\u00e1zs-scaled-e1602503861361-891x1024.jpg 891w, https:\/\/semmelweis.hu\/hta\/files\/2020\/10\/Nagy-Bal\u00e1zs-scaled-e1602503861361-768x883.jpg 768w, https:\/\/semmelweis.hu\/hta\/files\/2020\/10\/Nagy-Bal\u00e1zs-scaled-e1602503861361-1336x1536.jpg 1336w, https:\/\/semmelweis.hu\/hta\/files\/2020\/10\/Nagy-Bal\u00e1zs-scaled-e1602503861361-753x866.jpg 753w, https:\/\/semmelweis.hu\/hta\/files\/2020\/10\/Nagy-Bal\u00e1zs-scaled-e1602503861361.jpg 1536w\" sizes=\"auto, (max-width: 223px) 100vw, 223px\" \/> <img loading=\"lazy\" decoding=\"async\" class=\"alignnone  wp-image-1819\" src=\"https:\/\/semmelweis.hu\/hta\/files\/2025\/11\/Bertalan-Jaszkuti-kep-317x400.png\" alt=\"\" width=\"204\" height=\"258\" srcset=\"https:\/\/semmelweis.hu\/hta\/files\/2025\/11\/Bertalan-Jaszkuti-kep-317x400.png 317w, https:\/\/semmelweis.hu\/hta\/files\/2025\/11\/Bertalan-Jaszkuti-kep-768x968.png 768w, https:\/\/semmelweis.hu\/hta\/files\/2025\/11\/Bertalan-Jaszkuti-kep-753x949.png 753w, https:\/\/semmelweis.hu\/hta\/files\/2025\/11\/Bertalan-Jaszkuti-kep.png 792w\" sizes=\"auto, (max-width: 204px) 100vw, 204px\" \/><\/p>\n<p>\u00a0 \u00a0 \u00a0Prof. Dr. Zolt\u00e1n Kal\u00f3\u00a0 \u00a0 \u00a0 Assoc. Prof. Bal\u00e1zs Nagy\u00a0 \u00a0 \u00a0 \u00a0 \u00a0 Bertalan J\u00e1szk\u00fati \u00a0<\/p>\n<p>&nbsp;<\/p>\n<p>For more information, please download our detailed brochures from here:<\/p>\n<p><a href=\"https:\/\/semmelweis.hu\/hta\/files\/2025\/12\/Health-Economics_Pharmaceutical-RD-Flyer_Jan_2026.pdf\">Health Economics_Pharmaceutical RD Flyer_Jan_2026<\/a><\/p>\n<p><strong>Language:<\/strong> English only<br \/><strong>Timing:<\/strong> Courses start at 9 AM, end at 4 PM<br \/><strong>Skill requirements:<\/strong> Basic knowledge of statistics and\/or pharmaceutical R&amp;D, familiarity with MS Excel.<br \/><strong>Equipment requirements:<\/strong> own laptop, MS Excel<\/p>\n<div class=\"keretes w-100\"><strong style=\"font-size: 1rem\">Registration<\/strong><\/div>\n<div class=\"w-100\">\n<p><span style=\"color: #ff0000\"><strong><span style=\"color: #000000\">Please note:<\/span>\u00a0participation is free of charge\u00a0<\/strong>for faculty members and PhD students.<\/span><\/p>\n<p>In order to register for our winter courses:\u00a0<\/p>\n<\/div>\n<ul>\n<li>download our application form: (available from November 2027)<\/li>\n<li>fill out the form,\u00a0<\/li>\n<li>send the completed form in a .pdf format to <b><a href=\"mailto:hta@semmelweis.hu\">hta@semmelweis.hu <\/a><\/b>via email.<\/li>\n<\/ul>\n<p style=\"text-align: justify\"><span style=\"color: #800000\"><strong>Important: <\/strong><\/span>After sending your registration form by email, please wait for receiving your invoice first. Only after you received your invoice transfer the registration fee.<\/p>\n<p>Thank you!<\/p>\n<p>&nbsp;<\/p>\n","protected":false},"excerpt":{"rendered":"<p>&nbsp; Course director: Prof. Dr. Zolt\u00e1n Kal\u00f3 4-day course in pharmaceutical research and development (2 credits) Each day consists of 6 x 45-minute classes Day 1 Pharmaceutical R&amp;D trends Zolt\u00e1n Kal\u00f3 Economic modelling of investigational health technologies (case study) Bal\u00e1zs Nagy Day 2 Principles of pharmaceutical pricing Zolt\u00e1n Kal\u00f3 Strategic pricing of investigational health technologies &hellip;<\/p>\n","protected":false},"author":101744,"featured_media":0,"parent":601,"menu_order":2,"comment_status":"closed","ping_status":"closed","template":"","meta":{"_acf_changed":false,"footnotes":""},"categories":[],"tags":[],"class_list":["post-1910","page","type-page","status-publish","hentry"],"acf":[],"_links":{"self":[{"href":"https:\/\/semmelweis.hu\/hta\/wp-json\/wp\/v2\/pages\/1910","targetHints":{"allow":["GET"]}}],"collection":[{"href":"https:\/\/semmelweis.hu\/hta\/wp-json\/wp\/v2\/pages"}],"about":[{"href":"https:\/\/semmelweis.hu\/hta\/wp-json\/wp\/v2\/types\/page"}],"author":[{"embeddable":true,"href":"https:\/\/semmelweis.hu\/hta\/wp-json\/wp\/v2\/users\/101744"}],"replies":[{"embeddable":true,"href":"https:\/\/semmelweis.hu\/hta\/wp-json\/wp\/v2\/comments?post=1910"}],"version-history":[{"count":2,"href":"https:\/\/semmelweis.hu\/hta\/wp-json\/wp\/v2\/pages\/1910\/revisions"}],"predecessor-version":[{"id":1923,"href":"https:\/\/semmelweis.hu\/hta\/wp-json\/wp\/v2\/pages\/1910\/revisions\/1923"}],"up":[{"embeddable":true,"href":"https:\/\/semmelweis.hu\/hta\/wp-json\/wp\/v2\/pages\/601"}],"wp:attachment":[{"href":"https:\/\/semmelweis.hu\/hta\/wp-json\/wp\/v2\/media?parent=1910"}],"wp:term":[{"taxonomy":"category","embeddable":true,"href":"https:\/\/semmelweis.hu\/hta\/wp-json\/wp\/v2\/categories?post=1910"},{"taxonomy":"post_tag","embeddable":true,"href":"https:\/\/semmelweis.hu\/hta\/wp-json\/wp\/v2\/tags?post=1910"}],"curies":[{"name":"wp","href":"https:\/\/api.w.org\/{rel}","templated":true}]}}